{"id":5210,"date":"2023-06-30T11:24:00","date_gmt":"2023-06-30T09:24:00","guid":{"rendered":"https:\/\/szkolenia-udt.pl\/?page_id=5210"},"modified":"2023-06-30T11:28:52","modified_gmt":"2023-06-30T09:28:52","slug":"reparatur-von-hebezeugen-und-winden","status":"publish","type":"page","link":"https:\/\/szkolenia-udt.pl\/de\/naprawa-wciagnikow-i-wciagarek\/","title":{"rendered":"Reparatur von Hebezeugen und Winden"},"content":{"rendered":"<h2 class=\"wp-block-heading\">Profitieren Sie von unserem Reparaturservice f\u00fcr Hebezeuge und Winden<\/h2>\n\n\n\n<p><strong>Hebezeuge und Winden<\/strong> geh\u00f6ren zu den am h\u00e4ufigsten verwendeten Ger\u00e4ten im Baugewerbe und in der Industrie. Sie werden auch in der Schwerindustrie, im Transportwesen und in der Logistik eingesetzt. Es ist von entscheidender Bedeutung, dass sie stets einwandfrei funktionieren, denn dies wirkt sich auf die Qualit\u00e4t und die Geschwindigkeit der Arbeit sowie auf die Sicherheit der Arbeiter und der umstehenden Personen aus.&nbsp;<\/p>\n\n\n<div class=\"wp-block-image\">\n<figure class=\"alignleft size-large is-resized\"><a href=\"https:\/\/szkolenia-udt.pl\/wp-content\/uploads\/2023\/05\/screen_2x-2023-05-19T131929.271.jpg\"><img loading=\"lazy\" decoding=\"async\" src=\"https:\/\/szkolenia-udt.pl\/wp-content\/uploads\/2023\/05\/screen_2x-2023-05-19T131929.271-1024x683.jpg\" alt=\"Hebezeuge und Winden\" class=\"wp-image-5212\" width=\"512\" height=\"342\" srcset=\"https:\/\/szkolenia-udt.pl\/wp-content\/uploads\/2023\/05\/screen_2x-2023-05-19T131929.271-1024x683.jpg 1024w, https:\/\/szkolenia-udt.pl\/wp-content\/uploads\/2023\/05\/screen_2x-2023-05-19T131929.271-300x200.jpg 300w, https:\/\/szkolenia-udt.pl\/wp-content\/uploads\/2023\/05\/screen_2x-2023-05-19T131929.271-768x512.jpg 768w, https:\/\/szkolenia-udt.pl\/wp-content\/uploads\/2023\/05\/screen_2x-2023-05-19T131929.271-1536x1024.jpg 1536w, https:\/\/szkolenia-udt.pl\/wp-content\/uploads\/2023\/05\/screen_2x-2023-05-19T131929.271-18x12.jpg 18w, https:\/\/szkolenia-udt.pl\/wp-content\/uploads\/2023\/05\/screen_2x-2023-05-19T131929.271.jpg 1600w\" sizes=\"auto, (max-width: 512px) 100vw, 512px\" \/><\/a><\/figure>\n<\/div>\n\n\n<h2 class=\"wp-block-heading\">Welche Fehler gibt es bei Hebezeugen und Winden?&nbsp;<\/h2>\n\n\n\n<p>Ausf\u00e4lle k\u00f6nnen durch eine Vielzahl von Faktoren verursacht werden. Neben der Abnutzung der Gegenst\u00e4nde kann auch menschliches Versagen die Ursache f\u00fcr Ausf\u00e4lle sein. Der h\u00e4ufigste Fehler ist die unsachgem\u00e4\u00dfe Verwendung von Maschinen.&nbsp;<\/p>\n\n\n\n<h2 class=\"wp-block-heading\">Beispiele f\u00fcr Ausf\u00e4lle von Hebezeugen und Winden&nbsp;<\/h2>\n\n\n\n<div class=\"wp-block-group is-horizontal is-content-justification-center is-layout-flex wp-container-core-group-is-layout-ddb39544 wp-block-group-is-layout-flex\">\n<figure class=\"wp-block-table is-style-regular\"><table><tbody><tr><td><strong>Beispiel eines Misserfolgs<\/strong>&nbsp;<\/td><td><strong>Diskussion \u00fcber das Scheitern<\/strong>&nbsp;<\/td><\/tr><tr><td>Motorschaden&nbsp;<\/td><td>Die wahrscheinliche Ursache ist dann ein defektes Relais. Um es zu reparieren, m\u00fcssen Sie die Abdeckung des Schaltkastens abnehmen, um an das Relais zu gelangen. Pr\u00fcfen Sie dann, ob die Dr\u00e4hte richtig angeschlossen sind, d. h. ob sie sich nicht ber\u00fchren oder lose sind. Reagiert das Relais immer noch nicht auf Strom, nachdem Sie sichergestellt haben, dass alle Dr\u00e4hte korrekt angeschlossen sind, sollten Sie das Relais durch ein neues ersetzen. Auch eine unsachgem\u00e4\u00dfe Installation des Motors kann die Ursache f\u00fcr einen Motorausfall sein.  Wenn er falsch zusammengeschraubt wurde, kann dies zu einer hohen Reibung f\u00fchren, die eine \u00dcberhitzung des Motors zur Folge haben kann. In diesem Fall sollte er durch einen neuen ersetzt werden. Ein Motorausfall kann auch durch eine durchgebrannte Motorwicklung verursacht werden. In diesem Fall schrauben Sie die Motorabdeckung ab und ziehen den Rotor heraus. Wenn Sie den charakteristischen Geruch von verbrannten Wicklungen riechen k\u00f6nnen und Anzeichen von verbrannten Stator- oder Rotorwicklungen zu erkennen sind, muss der gesamte Motor ausgetauscht werden.&nbsp;<\/td><\/tr><tr><td>Unf\u00e4higkeit des Hebezeugs\/der Winde zu kuppeln&nbsp;<\/td><td>Die beiden h\u00e4ufigsten Ursachen sind ein kurzgeschlossenes Reed-Relais und ein defekter Funkfernbedienungsempf\u00e4nger. Im ersten Fall muss zun\u00e4chst die Stromzufuhr so schnell wie m\u00f6glich \u00fcber die in der Stromversorgungsanlage der Steigklemme erforderliche Spirale abgeschaltet werden, und dann muss das Relais\/Sch\u00fctz durch ein neues ersetzt werden. Ist die Unf\u00e4higkeit, die Maschine zu starten, hingegen auf einen defekten Funkfernbedienungsempf\u00e4nger zur\u00fcckzuf\u00fchren, besteht die Reparatur im Austausch der gesamten Funkfernbedienung (Sender mit Empf\u00e4nger).&nbsp;<\/td><\/tr><tr><td>Unangemessene Leistung oder Geschwindigkeit&nbsp;<\/td><td>Zu den wahrscheinlichen Ursachen f\u00fcr diesen Zustand z\u00e4hlen vor allem: eine schwache Batterie, eine besch\u00e4digte Erdung der Oberleitung, eine verbrannte Stator- oder Rotorwicklung, ein besch\u00e4digter B\u00fcrstenstab, eine unsachgem\u00e4\u00dfe Motormontage. Was die Reparaturen in diesem Bereich betrifft, so muss, wenn der Grund f\u00fcr den Ausfall eine besch\u00e4digte Erdung der Oberleitung ist, zun\u00e4chst gepr\u00fcft werden, ob das Erdungskabel der Oberleitung zu locker ist oder ob es verrostet oder verheddert ist. Es ist auch ratsam, den Zustand der Erdungsschraube zu \u00fcberpr\u00fcfen, die zum Motorstator f\u00fchrt. Defekte Teile sollten durch neue ersetzt werden. Wenn die Steigklemme \u00fcberlastet ist, kommt es h\u00e4ufig zu einer \u00dcberhitzung der Dr\u00e4hte im Inneren des Motors und zum Verbrennen der Elektroisolierung der Dr\u00e4hte. Man kann sogar den charakteristischen Geruch von verbrannten Wicklungen riechen. Der gesamte Motor ist dann zum Austausch geeignet. Wenn Sie dagegen beim \u00d6ffnen der Motorabdeckung nicht den charakteristischen Geruch verbrannter Wicklungen wahrnehmen, kann dies auf einen defekten B\u00fcrstenstab oder abgenutzte Kohleb\u00fcrsten hinweisen. In diesem Fall m\u00fcssen die B\u00fcrsten oder der gesamte B\u00fcrstenhalter einschlie\u00dflich der B\u00fcrsten durch neue B\u00fcrsten ersetzt werden.&nbsp;<\/td><\/tr><tr><td>Keine rotierende Trommel bei laufendem Motor&nbsp;<\/td><td>Dies kann z. B. die Folge sein von: Bremsversagen, besch\u00e4digter Antriebsachse, ausgekuppeltem oder besch\u00e4digtem Getriebe, verbogenem Trommelflansch. F\u00e4llt die Bremse bei der \u00dcberpr\u00fcfung des Maschinenzustandes mit ihren Bauteilen von selbst heraus, bedeutet dies, dass sie durch einen starken Seilruck besch\u00e4digt wurde. Die gesamte Bremse muss dann durch eine neue ersetzt werden. Wenn die Achse besch\u00e4digt ist, muss sie ebenfalls durch ein neues Bauteil ersetzt werden. Ist die Ursache des Defekts ein besch\u00e4digtes Getriebe, wird zun\u00e4chst der Getriebedeckel abgeschraubt, alle Stufen entfernt und gepr\u00fcft, ob sich die Planeten in den Stufen frei drehen. Der n\u00e4chste Schritt besteht darin, den Zustand der Verzahnung zu pr\u00fcfen - auf den Planeten und auf dem Zahnkranz. Wenn die Planetenr\u00e4der festsitzen oder die Z\u00e4hne besch\u00e4digt sind, muss das gesamte Getriebe durch ein neues ersetzt werden.&nbsp;<\/td><\/tr><\/tbody><\/table><\/figure>\n<\/div>\n\n\n\n<p>Im Falle eines m\u00f6glichen Ausfalls von Hebezeugen und Winden ist es sehr wichtig, diese ordnungsgem\u00e4\u00df zu reparieren. Dazu ist es wichtig, die Hilfe von qualifizierten Fachleuten in Anspruch zu nehmen.&nbsp;<\/p>\n\n\n\n<h2 class=\"wp-block-heading\">Nutzen Sie unseren Service&nbsp;<\/h2>\n\n\n\n<p>Ganz gleich, ob Sie einen Vor-Ort-Service bevorzugen oder Ihre Ger\u00e4te zur Reparatur an einen anderen Ort bringen m\u00f6chten, wir k\u00f6nnen Ihnen eine auf Ihre Bed\u00fcrfnisse zugeschnittene L\u00f6sung anbieten.&nbsp;&nbsp;<\/p>\n\n\n<div class=\"wp-block-image\">\n<figure class=\"alignleft size-large is-resized\"><a href=\"https:\/\/szkolenia-udt.pl\/wp-content\/uploads\/2023\/05\/screen_2x-2023-05-19T131915.987.jpg\"><img loading=\"lazy\" decoding=\"async\" src=\"https:\/\/szkolenia-udt.pl\/wp-content\/uploads\/2023\/05\/screen_2x-2023-05-19T131915.987-1024x683.jpg\" alt=\"Besch\u00e4digte Antriebsachse\" class=\"wp-image-5213\" width=\"512\" height=\"342\" srcset=\"https:\/\/szkolenia-udt.pl\/wp-content\/uploads\/2023\/05\/screen_2x-2023-05-19T131915.987-1024x683.jpg 1024w, https:\/\/szkolenia-udt.pl\/wp-content\/uploads\/2023\/05\/screen_2x-2023-05-19T131915.987-300x200.jpg 300w, https:\/\/szkolenia-udt.pl\/wp-content\/uploads\/2023\/05\/screen_2x-2023-05-19T131915.987-768x512.jpg 768w, https:\/\/szkolenia-udt.pl\/wp-content\/uploads\/2023\/05\/screen_2x-2023-05-19T131915.987-1536x1024.jpg 1536w, https:\/\/szkolenia-udt.pl\/wp-content\/uploads\/2023\/05\/screen_2x-2023-05-19T131915.987-18x12.jpg 18w, https:\/\/szkolenia-udt.pl\/wp-content\/uploads\/2023\/05\/screen_2x-2023-05-19T131915.987.jpg 1600w\" sizes=\"auto, (max-width: 512px) 100vw, 512px\" \/><\/a><\/figure>\n<\/div>\n\n\n<p>Wir sind erfahren in der Wartung von manuellen, pneumatischen, hydraulischen und elektrisch betriebenen Hebezeugen, Kr\u00e4nen und Winden. Wir k\u00f6nnen Reparaturen an der Ausr\u00fcstung vor Ort durchf\u00fchren, um die Ausfallzeiten zu minimieren.&nbsp;&nbsp;<\/p>\n\n\n\n<p>In F\u00e4llen, in denen eine Reparatur vor Ort nicht m\u00f6glich ist, k\u00f6nnen wir die notwendigen Arbeiten in unseren Werkst\u00e4tten durchf\u00fchren. In solchen F\u00e4llen k\u00f6nnen wir Ihnen gerne Ersatzger\u00e4te zur Verf\u00fcgung stellen, um Probleme im Produktionsprozess zu minimieren.&nbsp;&nbsp;<\/p>\n\n\n\n<p>Wir bieten Ihnen die Dienste unserer Techniker an, die \u00fcber die notwendigen Kenntnisse der technischen \u00dcberwachung verf\u00fcgen und Sie immer gut beraten werden.&nbsp;<\/p>","protected":false},"excerpt":{"rendered":"<p>Zach\u0119camy do skorzystania z naszych us\u0142ug naprawczych wci\u0105gnik\u00f3w i wci\u0105garek Wci\u0105gniki i wci\u0105garki to jedne z najcz\u0119\u015bciej u\u017cywanych urz\u0105dze\u0144 w bran\u017cy budowlanej i przemy\u015ble. Wykorzystywane s\u0105 tak\u017ce w przemy\u015ble ci\u0119\u017ckim, transporcie i logistyce. Istotne jest, aby zawsze prawid\u0142owo funkcjonowa\u0142y, bowiem wp\u0142ywa to na jako\u015b\u0107 i szybko\u015b\u0107 wykonywania pracy oraz na bezpiecze\u0144stwo pracownik\u00f3w i os\u00f3b postronnych.&nbsp; [&hellip;]<\/p>\n","protected":false},"author":10,"featured_media":5214,"parent":0,"menu_order":0,"comment_status":"closed","ping_status":"closed","template":"","meta":{"footnotes":""},"class_list":["post-5210","page","type-page","status-publish","has-post-thumbnail","hentry"],"aioseo_notices":[],"_links":{"self":[{"href":"https:\/\/szkolenia-udt.pl\/de\/wp-json\/wp\/v2\/pages\/5210","targetHints":{"allow":["GET"]}}],"collection":[{"href":"https:\/\/szkolenia-udt.pl\/de\/wp-json\/wp\/v2\/pages"}],"about":[{"href":"https:\/\/szkolenia-udt.pl\/de\/wp-json\/wp\/v2\/types\/page"}],"author":[{"embeddable":true,"href":"https:\/\/szkolenia-udt.pl\/de\/wp-json\/wp\/v2\/users\/10"}],"replies":[{"embeddable":true,"href":"https:\/\/szkolenia-udt.pl\/de\/wp-json\/wp\/v2\/comments?post=5210"}],"version-history":[{"count":6,"href":"https:\/\/szkolenia-udt.pl\/de\/wp-json\/wp\/v2\/pages\/5210\/revisions"}],"predecessor-version":[{"id":5269,"href":"https:\/\/szkolenia-udt.pl\/de\/wp-json\/wp\/v2\/pages\/5210\/revisions\/5269"}],"wp:featuredmedia":[{"embeddable":true,"href":"https:\/\/szkolenia-udt.pl\/de\/wp-json\/wp\/v2\/media\/5214"}],"wp:attachment":[{"href":"https:\/\/szkolenia-udt.pl\/de\/wp-json\/wp\/v2\/media?parent=5210"}],"curies":[{"name":"wp","href":"https:\/\/api.w.org\/{rel}","templated":true}]}}