{"id":53,"date":"2014-10-07T16:25:40","date_gmt":"2014-10-07T16:25:40","guid":{"rendered":"http:\/\/szkolenia-udt.pl\/?page_id=53"},"modified":"2021-06-27T22:16:24","modified_gmt":"2021-06-27T22:16:24","slug":"mobile-aufzuge","status":"publish","type":"page","link":"https:\/\/szkolenia-udt.pl\/de\/dzwignice\/podnosniki-podesty-ruchome\/","title":{"rendered":"Aufz\u00fcge - mobile Plattformen"},"content":{"rendered":"<div style=\"float: left; padding-right: 10px;\"><div id=\"metaslider-id-1219\" style=\"max-width: 300px;\" class=\"ml-slider-3-107-0 metaslider metaslider-flex metaslider-1219 ml-slider ms-theme-default nav-hidden\" role=\"region\" aria-label=\"Mobile Plattformen 3\" data-height=\"225\" data-width=\"300\">\n    <div id=\"metaslider_container_1219\">\n        <div id=\"metaslider_1219\">\n            <ul class='slides'>\n                <li style=\"display: block; width: 100%;\" class=\"slide-1218 ms-image\" aria-roledescription=\"slide\" data-date=\"2014-11-18 10:21:09\" data-filename=\"78XE_001a.jpg\" data-slide-type=\"image\"><img loading=\"lazy\" decoding=\"async\" src=\"https:\/\/szkolenia-udt.pl\/wp-content\/uploads\/2014\/11\/78XE_001a.jpg\" height=\"225\" width=\"300\" alt=\"Aufz\u00fcge\" class=\"slider-1219 slide-1218 msDefaultImage\" \/><\/li>\n                <li style=\"display: none; width: 100%;\" class=\"slide-1217 ms-image\" aria-roledescription=\"slide\" data-date=\"2014-11-18 10:21:08\" data-filename=\"78SEC_006a.jpg\" data-slide-type=\"image\"><img loading=\"lazy\" decoding=\"async\" src=\"https:\/\/szkolenia-udt.pl\/wp-content\/uploads\/2014\/11\/78SEC_006a.jpg\" height=\"225\" width=\"300\" alt=\"Udt-Ausbildung\" class=\"slider-1219 slide-1217 msDefaultImage\" \/><\/li>\n                <li style=\"display: none; width: 100%;\" class=\"slide-1216 ms-image\" aria-roledescription=\"slide\" data-date=\"2014-11-18 10:21:07\" data-filename=\"78SEC_004a.jpg\" data-slide-type=\"image\"><img loading=\"lazy\" decoding=\"async\" src=\"https:\/\/szkolenia-udt.pl\/wp-content\/uploads\/2014\/11\/78SEC_004a.jpg\" height=\"225\" width=\"300\" alt=\"warschau udt-kurse\" class=\"slider-1219 slide-1216 msDefaultImage\" \/><\/li>\n                <li style=\"display: none; width: 100%;\" class=\"slide-1215 ms-image\" aria-roledescription=\"slide\" data-date=\"2014-11-18 10:21:06\" data-filename=\"60V_026a.jpg\" data-slide-type=\"image\"><img loading=\"lazy\" decoding=\"async\" src=\"https:\/\/szkolenia-udt.pl\/wp-content\/uploads\/2014\/11\/60V_026a.jpg\" height=\"225\" width=\"300\" alt=\"udt-Ausbildungszentrum\" class=\"slider-1219 slide-1215 msDefaultImage\" \/><\/li>\n                <li style=\"display: none; width: 100%;\" class=\"slide-1214 ms-image\" aria-roledescription=\"slide\" data-date=\"2014-11-18 10:21:04\" data-filename=\"60V_007a.jpg\" data-slide-type=\"image\"><img loading=\"lazy\" decoding=\"async\" src=\"https:\/\/szkolenia-udt.pl\/wp-content\/uploads\/2014\/11\/60V_007a.jpg\" height=\"225\" width=\"300\" alt=\"\" class=\"slider-1219 slide-1214 msDefaultImage\" \/><\/li>\n            <\/ul>\n        <\/div>\n        \n    <\/div>\n<\/div><\/div>\n<div class=\"wyjustuj\">\n<p>Fahrtreppen sind Ger\u00e4te, die zu den Hebezeugen geh\u00f6ren und f\u00fcr den Transport von Lasten - Materialien, Waren oder Personen - in der H\u00f6he bestimmt sind. Sie werden vor allem bei Montage- und Bauarbeiten auf Baustellen und bei Arbeiten im Freien eingesetzt. Plattformen bestehen aus einer Plattform oder Gondel, die von Schranken umschlossen ist und an Gest\u00e4nge montiert oder mit Hebeb\u00f6cken angehoben wird. Sie sind diesel-, elektrisch oder batteriebetrieben. Es wird zwischen selbstfahrenden und station\u00e4ren Plattformen unterschieden.<\/p>\n<p><strong>Nach der Klassifizierung des Technischen \u00dcberwachungsvereins gibt es folgende Kategorien f\u00fcr mobile Plattformen:<\/strong><\/p>\n<ul>\n<li>II P - h\u00e4ngende, station\u00e4re und Masten<\/li>\n<li>I P - Scherenhebeb\u00fchnen, mobile Korbhebeb\u00fchnen, fahrzeuggebundene mobile Arbeitsb\u00fchnen<\/li>\n<\/ul>\n<p>Unter den beliebtesten Arbeitsb\u00fchnentypen unterscheiden wir zwischen Hubarbeitsb\u00fchnen und Scherenb\u00fchnen.<\/p>\n<p>Eine Scherenhebeb\u00fchne besteht aus gekreuzten Armen, daher der Name, sowie einer Plattform, auf der die Lasten platziert werden, und einem Sockel. Am h\u00e4ufigsten werden Scherenb\u00fchnen im Materialtransport eingesetzt, z. B. beim Anheben von Fahrzeugen, Baumaterialien oder Personen auf eine bestimmte H\u00f6he f\u00fcr Montage-, Bau- und Ausbauarbeiten. Diese Ger\u00e4te verf\u00fcgen \u00fcber unterschiedliche Parameter - Abmessungen, maximale Hubkapazit\u00e4t, Hubh\u00f6he -, so dass sie individuell an die Art der ausgef\u00fchrten Arbeiten angepasst werden k\u00f6nnen.<\/p>\n<p>Eine Hubarbeitsb\u00fchne ist ein haupts\u00e4chlich auf einem Anh\u00e4nger montiertes oder selbstfahrendes Ger\u00e4t, das mit R\u00e4dern ausgestattet ist (die f\u00fcr Arbeiten auf schwierigem Untergrund auch gel\u00e4ndeg\u00e4ngig sein k\u00f6nnen). Diese Ger\u00e4te werden haupts\u00e4chlich f\u00fcr Arbeiten im Freien bei Montage-, Bau-, Ausbau- oder Dekorationsarbeiten eingesetzt. Die Aufzugsgondel ist an einem Arm angebracht, der an verschiedenen Seiten manipuliert und bis zu einem bestimmten Ma\u00df ausgefahren werden kann.<\/p>\n<div style=\"float: left; padding-right: 10px;\"><div id=\"metaslider-id-615\" style=\"max-width: 300px;\" class=\"ml-slider-3-107-0 metaslider metaslider-flex metaslider-615 ml-slider ms-theme-default nav-hidden nav-hidden\" role=\"region\" aria-label=\"Mobile Plattformen3\" data-height=\"225\" data-width=\"300\">\n    <div id=\"metaslider_container_615\">\n        <div id=\"metaslider_615\">\n            <ul class='slides'>\n                <li style=\"display: block; width: 100%;\" class=\"slide-617 ms-image\" aria-roledescription=\"slide\" data-date=\"2014-10-12 07:16:02\" data-filename=\"kursy-podest-ruchome.jpg\" data-slide-type=\"image\"><img loading=\"lazy\" decoding=\"async\" src=\"https:\/\/szkolenia-udt.pl\/wp-content\/uploads\/2014\/10\/kursy-podest-ruchome.jpg\" height=\"225\" width=\"300\" alt=\"Schulungszentrum f\u00fcr Bediener\" class=\"slider-615 slide-617 msDefaultImage\" \/><\/li>\n                <li style=\"display: none; width: 100%;\" class=\"slide-619 ms-image\" aria-roledescription=\"slide\" data-date=\"2014-10-12 07:16:04\" data-filename=\"Podest-ruchomy-masztowy.jpg\" data-slide-type=\"image\"><img loading=\"lazy\" decoding=\"async\" src=\"https:\/\/szkolenia-udt.pl\/wp-content\/uploads\/2014\/10\/Podest-ruchomy-masztowy.jpg\" height=\"225\" width=\"300\" alt=\"Kurs \u00fcber mobile Plattformen\" class=\"slider-615 slide-619 msDefaultImage\" \/><\/li>\n                <li style=\"display: none; width: 100%;\" class=\"slide-618 ms-image\" aria-roledescription=\"slide\" data-date=\"2014-10-12 07:16:03\" data-filename=\"podest-stacjonarny-IIP1.jpg\" data-slide-type=\"image\"><img loading=\"lazy\" decoding=\"async\" src=\"https:\/\/szkolenia-udt.pl\/wp-content\/uploads\/2014\/10\/podest-stacjonarny-IIP1.jpg\" height=\"225\" width=\"300\" alt=\"Scherenplattformen\" class=\"slider-615 slide-618 msDefaultImage\" \/><\/li>\n                <li style=\"display: none; width: 100%;\" class=\"slide-620 ms-image\" aria-roledescription=\"slide\" data-date=\"2014-10-12 07:16:04\" data-filename=\"Podesty-masztowe.jpg\" data-slide-type=\"image\"><img loading=\"lazy\" decoding=\"async\" src=\"https:\/\/szkolenia-udt.pl\/wp-content\/uploads\/2014\/10\/Podesty-masztowe.jpg\" height=\"225\" width=\"300\" alt=\"\" class=\"slider-615 slide-620 msDefaultImage\" \/><\/li>\n                <li style=\"display: none; width: 100%;\" class=\"slide-621 ms-image\" aria-roledescription=\"slide\" data-date=\"2014-10-12 07:16:05\" data-filename=\"Szkolenia-OSO.jpg\" data-slide-type=\"image\"><img loading=\"lazy\" decoding=\"async\" src=\"https:\/\/szkolenia-udt.pl\/wp-content\/uploads\/2014\/10\/Szkolenia-OSO.jpg\" height=\"225\" width=\"300\" alt=\"Mobile Plattformen. UDT-Genehmigungen\" class=\"slider-615 slide-621 msDefaultImage\" \/><\/li>\n            <\/ul>\n        <\/div>\n        \n    <\/div>\n<\/div><\/div>\n<p>Um mobile Plattformen zu betreiben, m\u00fcssen Sie von der UDT zertifiziert sein; diese Ger\u00e4te unterliegen der technischen \u00dcberwachung. Um die Zertifikate zu erhalten, m\u00fcssen Sie Folgendes abgeschlossen haben <a href=\"https:\/\/szkolenia-udt.pl\/de\/kursy\/podesty-ruchome\/\">Kurs f\u00fcr mobile Plattformen<\/a>und anschlie\u00dfend eine Pr\u00fcfung vor der Technischen Pr\u00fcfungskommission ablegen.<\/p>\n<p><a href=\"https:\/\/szkolenia-udt.pl\/de\/kontakt\/\">Sie sind herzlich eingeladen<\/a> f\u00fcr Kurse in unserem <a href=\"https:\/\/szkolenia-udt.pl\/de\/o-firmie\/\">Schulungszentrum f\u00fcr Bediener<\/a> Wir bieten Kurse f\u00fcr Scheren- und Korbb\u00fchnen sowie f\u00fcr andere Arten von Hebeb\u00fchnen an, damit Sie lernen, wie man sie richtig und sicher bedient. Der Unterricht findet in den St\u00e4dten Warschau, Krakau, Bielsko-Bia\u0142a und Katowice statt, sowohl in offener Form (offen f\u00fcr alle) als auch f\u00fcr geschlossene Gruppen. <a href=\"https:\/\/szkolenia-udt.pl\/de\/oferta\/\">Preis<\/a> h\u00e4ngt von der Anzahl der Teilnehmer an den Kursen ab.<\/p>\n<\/div>","protected":false},"excerpt":{"rendered":"<p>Podesty ruchome to urz\u0105dzenia zaliczane do kategorii urz\u0105dze\u0144 d\u017awigowych, kt\u00f3re s\u0105 przeznaczone do transportowanie \u0142adunk\u00f3w \u2013 materia\u0142\u00f3w, towar\u00f3w lub os\u00f3b na wysoko\u015b\u0107. S\u0105 one wykorzystywane przede wszystkim w pracach monta\u017cowych oraz pracach budowlanych na terenie zak\u0142ad\u00f3w pracy oraz w pracach na zewn\u0105trz. Podesty zbudowane s\u0105 z platformy lub z gondoli ogrodzonych barierkami, kt\u00f3re zamontowane s\u0105 [&hellip;]<\/p>\n","protected":false},"author":3,"featured_media":0,"parent":69,"menu_order":0,"comment_status":"closed","ping_status":"closed","template":"","meta":{"footnotes":""},"class_list":["post-53","page","type-page","status-publish","hentry"],"aioseo_notices":[],"_links":{"self":[{"href":"https:\/\/szkolenia-udt.pl\/de\/wp-json\/wp\/v2\/pages\/53","targetHints":{"allow":["GET"]}}],"collection":[{"href":"https:\/\/szkolenia-udt.pl\/de\/wp-json\/wp\/v2\/pages"}],"about":[{"href":"https:\/\/szkolenia-udt.pl\/de\/wp-json\/wp\/v2\/types\/page"}],"author":[{"embeddable":true,"href":"https:\/\/szkolenia-udt.pl\/de\/wp-json\/wp\/v2\/users\/3"}],"replies":[{"embeddable":true,"href":"https:\/\/szkolenia-udt.pl\/de\/wp-json\/wp\/v2\/comments?post=53"}],"version-history":[{"count":9,"href":"https:\/\/szkolenia-udt.pl\/de\/wp-json\/wp\/v2\/pages\/53\/revisions"}],"predecessor-version":[{"id":2233,"href":"https:\/\/szkolenia-udt.pl\/de\/wp-json\/wp\/v2\/pages\/53\/revisions\/2233"}],"up":[{"embeddable":true,"href":"https:\/\/szkolenia-udt.pl\/de\/wp-json\/wp\/v2\/pages\/69"}],"wp:attachment":[{"href":"https:\/\/szkolenia-udt.pl\/de\/wp-json\/wp\/v2\/media?parent=53"}],"curies":[{"name":"wp","href":"https:\/\/api.w.org\/{rel}","templated":true}]}}