{"id":5314,"date":"2023-12-11T00:49:06","date_gmt":"2023-12-10T23:49:06","guid":{"rendered":"https:\/\/szkolenia-udt.pl\/?page_id=5314"},"modified":"2023-12-11T12:10:46","modified_gmt":"2023-12-11T11:10:46","slug":"globale-windkraftorganisation","status":"publish","type":"page","link":"https:\/\/szkolenia-udt.pl\/de\/kursy\/global-wind-organisation\/","title":{"rendered":"Globale Windkraftorganisation (GWO)\u00a0"},"content":{"rendered":"<p>GWO-Zertifizierungen f\u00fcr die Arbeit in Windkraftanlagen unerl\u00e4sslich &nbsp;<br>Die Global Wind Organisation (GWO) ist ein internationales Gremium, das von f\u00fchrenden Unternehmen der Windenergiebranche gegr\u00fcndet wurde. Ihr Ziel ist die Standardisierung von Wissen, F\u00e4higkeiten und potenziellen Gesundheits- und Sicherheitsrisiken f\u00fcr Arbeitnehmer in dieser Branche. Im Rahmen der GWO-Aktivit\u00e4ten wurden allgemeing\u00fcltige Sicherheitsrichtlinien und Ausbildungsstandards f\u00fcr den Windenergiebereich geschaffen.&nbsp;<\/p>\n\n\n\n<h2 class=\"wp-block-heading\">GWO-Ausbildungsstandards&nbsp;<\/h2>\n\n\n\n<p>Bei den GWO-Schulungsstandards handelt es sich um umfassende Kurse zur Sensibilisierung und Minimierung der Risiken im Zusammenhang mit den Sicherheitsgefahren im Windenergiesektor. Die Kurse erm\u00f6glichen es den Teilnehmern, die f\u00fcr die Arbeit in diesem Bereich der Branche erforderlichen Kenntnisse und F\u00e4higkeiten zu erwerben.&nbsp;<\/p>\n\n\n\n<p>Die neuesten Versionen aller Ausbildungsstandards sind auf der offiziellen GWO-Website verf\u00fcgbar. Der Inhalt wird regelm\u00e4\u00dfig von verschiedenen Aussch\u00fcssen, wie dem Ausbildungsausschuss und dem Pr\u00fcfungs- und Compliance-Ausschuss, \u00fcberpr\u00fcft und aktualisiert.&nbsp;<\/p>\n\n\n\n<h2 class=\"wp-block-heading\">Entstehung von Organisationen und Ausbildung&nbsp;<\/h2>\n\n\n\n<p>2009 initiierten f\u00fchrende Windturbinenhersteller und -betreiber die Gr\u00fcndung der Global Wind Organisation (GWO), einer Organisation zur Regulierung und Standardisierung von Arbeitspraktiken auf Windturbinen. Die Veranstaltung war ein wichtiger Schritt im Rahmen der Entwicklung gr\u00fcner Energie und f\u00fchrte Standards ein, um die Sicherheit der im Windenergiesektor t\u00e4tigen Arbeitnehmer zu gew\u00e4hrleisten. Das Hauptziel der GWO ist die Minimierung von Arbeitsunf\u00e4llen und Verletzungen in der Windindustrie.&nbsp;<\/p>\n\n\n\n<h2 class=\"wp-block-heading\">Grundlegendes Sicherheitstraining&nbsp;<\/h2>\n\n\n\n<p>Im Jahr 2012 hat die Global Wind Organisation den ersten Schulungsstandard f\u00fcr Arbeitnehmer in der Windbranche herausgegeben, das sogenannte Basic Safety Training (BST). Die Zertifizierung nach diesem Standard gibt Unternehmen die Gewissheit, dass ein Mitarbeiter \u00fcber die erforderlichen Kenntnisse und F\u00e4higkeiten verf\u00fcgt, um sicher in der N\u00e4he von Windkraftanlagen zu arbeiten.&nbsp;<\/p>\n\n\n\n<p>Das GWO Basic Safety Training Onshore ist f\u00fcr alle, die an Onshore-Windkraftanlagen arbeiten, obligatorisch und besteht aus vier Modulen:&nbsp;<\/p>\n\n\n\n<ul class=\"wp-block-list\">\n<li>Arbeiten in luftiger H\u00f6he (WAH),&nbsp;<\/li>\n\n\n\n<li>Feuerwahrnehmung (FAW),&nbsp;<\/li>\n\n\n\n<li>Erste Hilfe (FA),&nbsp;<\/li>\n\n\n\n<li>Manuelle Handhabung (MH).&nbsp;<\/li>\n<\/ul>\n\n\n\n<p>GWO Basic Safety Training <a href=\"https:\/\/szkolenia-udt.pl\/de\/kursy\/onshore-i-offshore\/\">Offshore<\/a> ist f\u00fcr alle, die an Offshore-Windkraftanlagen arbeiten, obligatorisch und besteht aus f\u00fcnf Modulen:&nbsp;<\/p>\n\n\n\n<ul class=\"wp-block-list\">\n<li>Arbeiten in luftiger H\u00f6he (WAH),&nbsp;<\/li>\n\n\n\n<li>Feuerwahrnehmung (FAW),&nbsp;<\/li>\n\n\n\n<li>Erste Hilfe (FA),&nbsp;<\/li>\n\n\n\n<li>Manuelle Handhabung (MH),&nbsp;<\/li>\n\n\n\n<li>\u00dcberleben auf See.&nbsp;<\/li>\n<\/ul>\n\n\n\n<p>Die Teilnahme an den oben genannten Kursen garantiert eine umfassende Vorbereitung auf die beruflichen Aufgaben. W\u00e4hrend der Ausbildung erwirbt der Teilnehmer die notwendigen F\u00e4higkeiten, um auf Notf\u00e4lle und unvorhersehbare Situationen wirksam reagieren zu k\u00f6nnen. Das Schulungsprogramm umfasst folgende Themen: Erste Hilfe, Umgang mit manueller Handhabung, Umgang mit m\u00f6glichen Br\u00e4nden in Turbinen, Beachtung von Sicherheitsregeln bei Arbeiten in gro\u00dfer H\u00f6he und maritime \u00dcberlebenstechniken.&nbsp;<\/p>\n\n\n\n<h2 class=\"wp-block-heading\">Technische Grundausbildung&nbsp;<\/h2>\n\n\n\n<p>Im Jahr 2017 wurde ein weiterer wichtiger Standard, die GWO Basic Technical Training (BTT), ver\u00f6ffentlicht. Der Kurs ist der n\u00e4chste Schritt bei der Qualifizierung von Windenergiearbeitern in Bezug auf technisches Wissen, Bau und Betrieb von Windenergieanlagen. Der umfassende GWO Full Basic Technical Training (BTT)-Kurs umfasst drei Schl\u00fcsselmodule sowie ein Installationspaket (mit zwei Modulen: Mechanik und Installation). Mit dem Abschluss der Full BTT-Ausbildung k\u00f6nnen Sie sich f\u00fcr Jobs in der Windenergiebranche sowohl an Land als auch auf See bewerben. Die drei Hauptmodule der GWO-BTT-Ausbildung:&nbsp;<\/p>\n\n\n\n<ul class=\"wp-block-list\">\n<li>Mechanisch,&nbsp;<\/li>\n\n\n\n<li>Elektrisch,&nbsp;<\/li>\n\n\n\n<li>Hydraulisch (Hydraulisch).&nbsp;<\/li>\n<\/ul>\n\n\n\n<h2 class=\"wp-block-heading\">GWO-Schulungspaket&nbsp;<\/h2>\n\n\n\n<p>Die GWO bietet derzeit 11 verschiedene Ausbildungsstandards an, die in einer Vielzahl von modularen Varianten aufgebaut sind. Die Standards decken das gesamte Spektrum der Prozesse ab, die mit dem Bau und der anschlie\u00dfenden Wartung von Windenergieanlagen verbunden sind - von der Bedienung von Windkraftanlagen \u00fcber die Reparatur von Rotorbl\u00e4ttern bis hin zum einfachen Betrieb von Windenergieanlagen. Jedes Modul innerhalb dieser 11 Standards ist eine separate Schulungseinheit, die den Teilnehmern die Flexibilit\u00e4t bietet, sich an die betrieblichen Anforderungen anzupassen.&nbsp;<\/p>\n\n\n\n<h2 class=\"wp-block-heading\">Organisationen der Zivilgesellschaft mit GWO-Akkreditierung f\u00fcr Schulungen&nbsp;<\/h2>\n\n\n\n<p><a href=\"https:\/\/szkolenia-udt.pl\/de\/o-firmie\/\">CSO-Schulungszentrum<\/a> bietet Schulungsprogramme der Global Wind Organisation (GWO) an, die f\u00fcr diejenigen, die an Windkraftanlagen arbeiten wollen, unerl\u00e4sslich sind. Nach den Richtlinien der GWO k\u00f6nnen diese Schulungen nur von akkreditierten Schulungszentren angeboten werden. Um den einzelnen Technikern und Schulungsanbietern Zugang zu den neuesten Informationen \u00fcber Schulungsinhalte zu verschaffen, gibt es eine internationale GWO WINDA-Plattform, die online unter folgender Adresse verf\u00fcgbar ist: <a href=\"https:\/\/winda.globalwindsafety.org\/\" target=\"_blank\" rel=\"noopener nofollow\" title=\"\">https:\/\/winda.globalwindsafety.org<\/a>.&nbsp;<\/p>\n\n\n\n<p>GWO-Zertifizierungen werden von Arbeitgebern auf der ganzen Welt gesch\u00e4tzt, da sie best\u00e4tigen, dass ein Mitarbeiter qualifiziert ist und \u00fcber Kenntnisse zur Gew\u00e4hrleistung der Sicherheit am Arbeitsplatz verf\u00fcgt.&nbsp;<\/p>\n\n\n\n<h2 class=\"wp-block-heading\">GWO WINDA - internationales Registrierungssystem&nbsp;&nbsp;<\/h2>\n\n\n\n<p>WINDA ist eine von der GWO geschaffene weltweite Datenbank f\u00fcr Ausbildungsunterlagen, um die Zertifizierung von Ausbildungsanbietern und Auszubildenden, die eine von der GWO zertifizierte Ausbildung absolvieren, zu \u00fcberpr\u00fcfen. Jeder GWO-Auszubildende muss ein pers\u00f6nliches Konto im WINDA-System erstellen. Nach der Registrierung \u00fcbermittelt er oder sie seine oder ihre WINDA-ID an den Schulungsanbieter, um die Informationen \u00fcber die absolvierte Schulung im System zu vervollst\u00e4ndigen. Nach Abschluss des Kurses wird das Pr\u00fcfungsergebnis in die WINDA-Datenbank hochgeladen. Auf diese Weise kann ein Mitarbeiter, Vorgesetzter oder ein Unternehmen, das eine Person einstellen m\u00f6chte, \u00fcber deren individuelle WINDA-ID nach dieser Person suchen und sehen, welche g\u00fcltigen GWO-Zertifikate diese Person besitzt. Die im Rahmen der Sicherheitsgrundausbildung GWO erworbenen Zertifikate sind 24 Monate lang g\u00fcltig. Um die G\u00fcltigkeit aufrechtzuerhalten, muss der Teilnehmer innerhalb von zwei Monaten vor Ablauf der G\u00fcltigkeit des Zertifikats an einer Fortbildung in dem entsprechenden Modul teilnehmen. Eine Auffrischung der Kenntnisse ist durch den Besuch des GWO BST Refresher Kurses m\u00f6glich. Wird dieser Prozess vernachl\u00e4ssigt, wird das Zertifikat ung\u00fcltig und der Teilnehmer muss das gesamte Schulungsverfahren neu beginnen.&nbsp;<\/p>\n\n\n\n<h2 class=\"wp-block-heading\">GWO-Kurse - Ort des Unterrichts&nbsp;<\/h2>\n\n\n\n<p><a href=\"https:\/\/szkolenia-udt.pl\/de\/kursy\/\">Unsere Ausbildung<\/a> Sie finden an verschiedenen Orten statt, unter anderem in Warschau und unseren regionalen Niederlassungen in ganz Polen. Wir bieten auch die M\u00f6glichkeit, Schulungen in den R\u00e4umlichkeiten des Kunden durchzuf\u00fchren, indem wir zu einem f\u00fcr den Kunden geeigneten Ort reisen.&nbsp;<\/p>\n\n\n\n<p>Einzelheiten zu den offenen Kursen finden Sie auf unserer Website. Wenn Sie an einer geschlossenen Schulung interessiert sind, bitten wir Sie, sich mit unserem Zentrum in Verbindung zu setzen, damit wir Ihnen ein individuelles, auf Ihre Bed\u00fcrfnisse zugeschnittenes Angebot erstellen k\u00f6nnen.&nbsp;<\/p>\n\n\n\n<p>Wenn Sie Fragen zu unseren Kursen haben, wenden Sie sich bitte an <a href=\"https:\/\/szkolenia-udt.pl\/de\/kontakt\/\">Telefon- oder E-Mail-Kontakt<\/a>. Unser Team ist bereit, alle Fragen zu beantworten und alle Zweifel zu beseitigen. Sie sind auch herzlich eingeladen, unser Zentrum zu besuchen, wo wir Ihnen gerne unser Angebot vorstellen und einen Kostenvoranschlag f\u00fcr Interessenten erstellen.&nbsp;<br>&nbsp;<\/p>","protected":false},"excerpt":{"rendered":"<p>Certyfikaty GWO niezb\u0119dne dla os\u00f3b pracuj\u0105cych w \u015brodowisku turbin wiatrowych &nbsp;Global Wind Organisation (GWO) jest mi\u0119dzynarodow\u0105 instytucj\u0105, utworzon\u0105 przez czo\u0142owe firmy z sektora energii wiatrowej. Jej celem jest standaryzacja wiedzy, umiej\u0119tno\u015bci oraz potencjalnych zagro\u017ce\u0144 dla zdrowia i bezpiecze\u0144stwa pracownik\u00f3w w tej bran\u017cy. W ramach dzia\u0142alno\u015bci GWO stworzono powszechne wytyczne dotycz\u0105ce bezpiecze\u0144stwa oraz standardy szkole\u0144, maj\u0105ce [&hellip;]<\/p>\n","protected":false},"author":3,"featured_media":5318,"parent":22,"menu_order":0,"comment_status":"closed","ping_status":"closed","template":"template-podkategorie.php","meta":{"footnotes":""},"class_list":["post-5314","page","type-page","status-publish","has-post-thumbnail","hentry"],"aioseo_notices":[],"_links":{"self":[{"href":"https:\/\/szkolenia-udt.pl\/de\/wp-json\/wp\/v2\/pages\/5314","targetHints":{"allow":["GET"]}}],"collection":[{"href":"https:\/\/szkolenia-udt.pl\/de\/wp-json\/wp\/v2\/pages"}],"about":[{"href":"https:\/\/szkolenia-udt.pl\/de\/wp-json\/wp\/v2\/types\/page"}],"author":[{"embeddable":true,"href":"https:\/\/szkolenia-udt.pl\/de\/wp-json\/wp\/v2\/users\/3"}],"replies":[{"embeddable":true,"href":"https:\/\/szkolenia-udt.pl\/de\/wp-json\/wp\/v2\/comments?post=5314"}],"version-history":[{"count":2,"href":"https:\/\/szkolenia-udt.pl\/de\/wp-json\/wp\/v2\/pages\/5314\/revisions"}],"predecessor-version":[{"id":5319,"href":"https:\/\/szkolenia-udt.pl\/de\/wp-json\/wp\/v2\/pages\/5314\/revisions\/5319"}],"up":[{"embeddable":true,"href":"https:\/\/szkolenia-udt.pl\/de\/wp-json\/wp\/v2\/pages\/22"}],"wp:featuredmedia":[{"embeddable":true,"href":"https:\/\/szkolenia-udt.pl\/de\/wp-json\/wp\/v2\/media\/5318"}],"wp:attachment":[{"href":"https:\/\/szkolenia-udt.pl\/de\/wp-json\/wp\/v2\/media?parent=5314"}],"curies":[{"name":"wp","href":"https:\/\/api.w.org\/{rel}","templated":true}]}}