{"id":5321,"date":"2023-12-11T01:07:56","date_gmt":"2023-12-11T00:07:56","guid":{"rendered":"https:\/\/szkolenia-udt.pl\/?page_id=5321"},"modified":"2023-12-11T01:08:26","modified_gmt":"2023-12-11T00:08:26","slug":"zertifizierte-kurse-fur-die-windindustrie-gwo","status":"publish","type":"page","link":"https:\/\/szkolenia-udt.pl\/de\/kursy\/global-wind-organisation\/certyfikowane-kursy-dla-branzy-wiatrowej-gwo\/","title":{"rendered":"GWO-zertifizierte Kurse f\u00fcr die Windindustrie\u00a0"},"content":{"rendered":"<h2 class=\"wp-block-heading\">GWO-Ausbildungsstandards\u00a0<\/h2>\n\n\n<div class=\"wp-block-image\">\n<figure class=\"alignleft size-medium\"><a href=\"https:\/\/szkolenia-udt.pl\/wp-content\/uploads\/2023\/12\/screen_2x-1.jpg\"><img loading=\"lazy\" decoding=\"async\" width=\"300\" height=\"194\" src=\"https:\/\/szkolenia-udt.pl\/wp-content\/uploads\/2023\/12\/screen_2x-1-300x194.jpg\" alt=\"\" class=\"wp-image-5322\" srcset=\"https:\/\/szkolenia-udt.pl\/wp-content\/uploads\/2023\/12\/screen_2x-1-300x194.jpg 300w, https:\/\/szkolenia-udt.pl\/wp-content\/uploads\/2023\/12\/screen_2x-1-1024x661.jpg 1024w, https:\/\/szkolenia-udt.pl\/wp-content\/uploads\/2023\/12\/screen_2x-1-768x496.jpg 768w, https:\/\/szkolenia-udt.pl\/wp-content\/uploads\/2023\/12\/screen_2x-1-1536x992.jpg 1536w, https:\/\/szkolenia-udt.pl\/wp-content\/uploads\/2023\/12\/screen_2x-1-18x12.jpg 18w, https:\/\/szkolenia-udt.pl\/wp-content\/uploads\/2023\/12\/screen_2x-1.jpg 1600w\" sizes=\"auto, (max-width: 300px) 100vw, 300px\" \/><\/a><\/figure>\n<\/div>\n\n\n<p>Die GWO-Organisation wurde von f\u00fchrenden Unternehmen gegr\u00fcndet, die zusammen fast 90% des weltweiten Windenergiesektors kontrollieren. Zu diesen Giganten geh\u00f6ren:\u00a0<\/p>\n\n\n\n<ul class=\"wp-block-list\">\n<li>Siemens Gamesa,&nbsp;&nbsp;<\/li>\n\n\n\n<li>Vestas,&nbsp;&nbsp;<\/li>\n\n\n\n<li>GE,&nbsp;<\/li>\n\n\n\n<li>Innogy.&nbsp;&nbsp;<\/li>\n<\/ul>\n\n\n\n<p>Ziel der Organisation ist es, Ausbildungsstandards zu entwickeln, die potenzielle Gefahren, die mit der Arbeit in diesem Bereich der Windenergie verbunden sind, effektiv identifizieren. Dank der standardisierten Normen der GWO ist das Sicherheitsniveau bei der Arbeit und auf den Baustellen sehr hoch. Die von der GWO ausgestellten Zertifikate werden von Arbeitgebern auf der ganzen Welt zunehmend anerkannt und bieten eine Garantie f\u00fcr Schutz und Sicherheit am Arbeitsplatz.&nbsp;<\/p>\n\n\n\n<h2 class=\"wp-block-heading\">GWO Basic Safety Training\u00a0<\/h2>\n\n\n\n<p>Das GWO Basic Safety Training (BST) ist ein obligatorischer Kurs f\u00fcr alle, die in der Windenergiebranche arbeiten. Je nachdem, wo Sie arbeiten, k\u00f6nnen Sie zwischen zwei Schulungsoptionen w\u00e4hlen.\u00a0<\/p>\n\n\n\n<p>Das GWO Basic Safety Training Onshore richtet sich an alle, die an Onshore-Windkraftanlagen arbeiten und besteht aus vier Modulen:&nbsp;<\/p>\n\n\n\n<ul class=\"wp-block-list\">\n<li>Arbeiten in luftiger H\u00f6he (WAH),&nbsp;<\/li>\n\n\n\n<li>Feuerwahrnehmung (FAW),&nbsp;<\/li>\n\n\n\n<li>Erste Hilfe (FA),&nbsp;<\/li>\n\n\n\n<li>Manuelle Handhabung (MH).&nbsp;<\/li>\n<\/ul>\n\n\n\n<p>GWO Basic Safety Training <a href=\"https:\/\/szkolenia-udt.pl\/de\/kursy\/onshore-i-offshore\/\">Offshore<\/a> ist f\u00fcr die Arbeit an Offshore-Windkraftanlagen konzipiert und besteht aus f\u00fcnf Modulen:&nbsp;<\/p>\n\n\n\n<ul class=\"wp-block-list\">\n<li>Arbeiten in luftiger H\u00f6he (WAH),&nbsp;<\/li>\n\n\n\n<li>Feuerwahrnehmung (FAW),&nbsp;<\/li>\n\n\n\n<li>Erste Hilfe (FA),&nbsp;<\/li>\n\n\n\n<li>Manuelle Handhabung (MH),&nbsp;<\/li>\n\n\n\n<li>\u00dcberleben auf See.&nbsp;<\/li>\n<\/ul>\n\n\n\n<p>Die Teilnahme an den oben genannten Kursen garantiert eine umfassende Vorbereitung auf die beruflichen Aufgaben. W\u00e4hrend der Ausbildung erwirbt der Teilnehmer die notwendigen F\u00e4higkeiten, um auf Notf\u00e4lle und unvorhersehbare Situationen wirksam zu reagieren. Das Schulungsprogramm umfasst:&nbsp;<\/p>\n\n\n\n<ul class=\"wp-block-list\">\n<li>Erste Hilfe leisten,&nbsp;&nbsp;<\/li>\n\n\n\n<li>Handhabung manueller Transportarbeiten,&nbsp;&nbsp;<\/li>\n\n\n\n<li>Umgang mit m\u00f6glichen Br\u00e4nden in Turbinen,&nbsp;&nbsp;<\/li>\n\n\n\n<li>bei Arbeiten in gro\u00dfer H\u00f6he die Sicherheitsvorschriften zu beachten,&nbsp;<\/li>\n\n\n\n<li>\u00dcberlebenstechniken auf See.&nbsp;<\/li>\n<\/ul>\n\n\n\n<p>Die GWO BST-Zertifikate sind 2 Jahre lang g\u00fcltig. Nach Ablauf dieser Frist empfiehlt es sich, Ihr Wissen mit dem GWO BST Refresher-Kurs (Auffrischungsschulung) zu erg\u00e4nzen.&nbsp;<\/p>\n\n\n\n<h2 class=\"wp-block-heading\">GWO See\u00fcberlebenskurs\u00a0<\/h2>\n\n\n\n<p>Zur Vertiefung Ihrer Kenntnisse empfehlen wir die Teilnahme am Sea-Survival-Training. Dieses Modul folgt den neuesten GWO Basic Safety Training Standards. Die Ausbildung besteht aus einem praktischen und einem theoretischen Teil. Es beinhaltet das Erlernen einzelner Rettungstechniken, das Erkennen verschiedener Alarme und das Erkennen der Symptome von Unterk\u00fchlung und der Gefahr des sekund\u00e4ren Ertrinkens. Im praktischen Teil der Ausbildung, der in einem warmen Schwimmbecken stattfindet, haben die Teilnehmer die M\u00f6glichkeit, den \u00dcbergang von einem Crew Transfer Vessel (CTV) zu einer Rettungsleiter zu simulieren.\u00a0<\/p>\n\n\n\n<h2 class=\"wp-block-heading\">GWO Basic Technical Training Kurs&nbsp;<\/h2>\n\n\n\n<p>Das GWO Basic Technical Training (BTT) richtet sich an Personen, die keinen technischen Hintergrund haben oder ihr vorhandenes Wissen im Zusammenhang mit der Arbeit im Bereich der Windenergieanlagen strukturieren wollen.&nbsp;<\/p>\n\n\n\n<p>Techniker, die mit dem Bau, der Installation und der Wartung von Windenergieanlagen befasst sind, m\u00fcssen \u00fcber grundlegende technische Kenntnisse verf\u00fcgen, die sie in der BTT-Schulung erwerben. Ziel der Schulung ist es, die Teilnehmer mit den Besonderheiten der Arbeit in einer Windkraftanlage und den Verantwortlichkeiten der Technikerposition vertraut zu machen. Im Mittelpunkt des Kurses stehen die Sicherheitsprinzipien bei elektrischen, mechanischen und Installationsarbeiten sowie die F\u00e4higkeit, hydraulische Elektrowerkzeuge zu bedienen.&nbsp;<\/p>\n\n\n\n<p>Der umfassende BTT-Kurs (Full Basic Technical Training) von GWO umfasst drei Schl\u00fcsselmodule: Elektrik, Hydraulik und Mechanik sowie ein Installationspaket, das zwei Module umfasst: Mechanik und Installation. Der Abschluss des BTT-Kurses gibt Ihnen die M\u00f6glichkeit, sich f\u00fcr Stellen in der Windenergiebranche sowohl an Land als auch auf See zu bewerben.&nbsp;<\/p>\n\n\n\n<p>Es sei darauf hingewiesen, dass einige Unternehmen zus\u00e4tzliche Zertifizierungen oder die Erf\u00fcllung interner Kompetenzstandards verlangen k\u00f6nnen.&nbsp;&nbsp;<\/p>\n\n\n\n<h2 class=\"wp-block-heading\">GWO-Kurse - Ort des Unterrichts&nbsp;<\/h2>\n\n\n\n<p><a href=\"https:\/\/szkolenia-udt.pl\/de\/kursy\/\">Unsere Ausbildung<\/a> Sie finden an verschiedenen Orten statt, unter anderem in Warschau und unseren regionalen Niederlassungen in ganz Polen. Wir bieten auch die M\u00f6glichkeit, Schulungen in den R\u00e4umlichkeiten des Kunden durchzuf\u00fchren, indem wir zu einem f\u00fcr den Kunden geeigneten Ort reisen.&nbsp;<\/p>\n\n\n\n<p>Einzelheiten zu den offenen Kursen finden Sie auf unserer Website. Wenn Sie an einer geschlossenen Schulung interessiert sind, bitten wir Sie, sich mit unserem Zentrum in Verbindung zu setzen, damit wir Ihnen ein individuelles, auf Ihre Bed\u00fcrfnisse zugeschnittenes Angebot erstellen k\u00f6nnen.&nbsp;<\/p>\n\n\n\n<p>Wenn Sie Fragen zu unseren Kursen haben, wenden Sie sich bitte an <a href=\"https:\/\/szkolenia-udt.pl\/de\/kontakt\/\">Telefon- oder E-Mail-Kontakt<\/a>. Unser Team ist bereit, alle Fragen zu beantworten und alle Zweifel zu beseitigen. Sie sind auch herzlich eingeladen, unser Zentrum zu besuchen, wo wir Ihnen gerne unser Angebot vorstellen und einen Kostenvoranschlag f\u00fcr Interessenten erstellen.&nbsp;<\/p>\n\n\n\n<p>Sie sind herzlich eingeladen zu <a href=\"https:\/\/szkolenia-udt.pl\/de\/o-firmie\/\">Schulungszentrum f\u00fcr Bediener<\/a> CSOs f\u00fcr Global WInd Organisation (GWO) Kurse in Warschau und im ganzen Land.&nbsp;<\/p>","protected":false},"excerpt":{"rendered":"<p>Normy szkoleniowe GWO\u00a0 Organizacja GWO zosta\u0142a za\u0142o\u017cona przez czo\u0142owe firmy, kt\u00f3re razem kontroluj\u0105 niemal 90% globalnego sektora energetyki wiatrowej. Do tych potentat\u00f3w nale\u017c\u0105:\u00a0 Celem organizacji jest opracowywanie standard\u00f3w szkoleniowych, kt\u00f3re skutecznie identyfikuj\u0105 potencjalne zagro\u017cenia zwi\u0105zane z prac\u0105 w tym obszarze energetyki wiatrowej. Dzi\u0119ki ujednoliconym normom zapewnianym przez GWO poziom bezpiecze\u0144stwa podczas wykonywania obowi\u0105zk\u00f3w zawodowych oraz [&hellip;]<\/p>\n","protected":false},"author":3,"featured_media":5322,"parent":5314,"menu_order":0,"comment_status":"closed","ping_status":"closed","template":"","meta":{"footnotes":""},"class_list":["post-5321","page","type-page","status-publish","has-post-thumbnail","hentry"],"aioseo_notices":[],"_links":{"self":[{"href":"https:\/\/szkolenia-udt.pl\/de\/wp-json\/wp\/v2\/pages\/5321","targetHints":{"allow":["GET"]}}],"collection":[{"href":"https:\/\/szkolenia-udt.pl\/de\/wp-json\/wp\/v2\/pages"}],"about":[{"href":"https:\/\/szkolenia-udt.pl\/de\/wp-json\/wp\/v2\/types\/page"}],"author":[{"embeddable":true,"href":"https:\/\/szkolenia-udt.pl\/de\/wp-json\/wp\/v2\/users\/3"}],"replies":[{"embeddable":true,"href":"https:\/\/szkolenia-udt.pl\/de\/wp-json\/wp\/v2\/comments?post=5321"}],"version-history":[{"count":1,"href":"https:\/\/szkolenia-udt.pl\/de\/wp-json\/wp\/v2\/pages\/5321\/revisions"}],"predecessor-version":[{"id":5323,"href":"https:\/\/szkolenia-udt.pl\/de\/wp-json\/wp\/v2\/pages\/5321\/revisions\/5323"}],"up":[{"embeddable":true,"href":"https:\/\/szkolenia-udt.pl\/de\/wp-json\/wp\/v2\/pages\/5314"}],"wp:featuredmedia":[{"embeddable":true,"href":"https:\/\/szkolenia-udt.pl\/de\/wp-json\/wp\/v2\/media\/5322"}],"wp:attachment":[{"href":"https:\/\/szkolenia-udt.pl\/de\/wp-json\/wp\/v2\/media?parent=5321"}],"curies":[{"name":"wp","href":"https:\/\/api.w.org\/{rel}","templated":true}]}}