{"id":5327,"date":"2023-12-11T11:16:31","date_gmt":"2023-12-11T10:16:31","guid":{"rendered":"https:\/\/szkolenia-udt.pl\/?page_id=5327"},"modified":"2025-06-06T00:31:07","modified_gmt":"2025-06-05T22:31:07","slug":"fortgeschrittener-rettungskurs-kunstkurs","status":"publish","type":"page","link":"https:\/\/szkolenia-udt.pl\/de\/kursy\/global-wind-organisation\/kurs-avanced-rescue-training-art\/","title":{"rendered":"Avanced Rescue Training (ART) Kurs\u00a0"},"content":{"rendered":"<h2 class=\"wp-block-heading\">Fortgeschrittener Evakuierungs-Rettungskurs - f\u00fcr Personen, die in Windkraftanlagen arbeiten <\/h2>\n\n\n<div class=\"wp-block-image\">\n<figure class=\"alignleft size-medium\"><a href=\"https:\/\/szkolenia-udt.pl\/wp-content\/uploads\/2025\/06\/d6ebddca-83b1-48b1-94ce-8bde44f7a6cb.png\"><img decoding=\"async\" src=\"https:\/\/szkolenia-udt.pl\/wp-content\/uploads\/2025\/06\/d6ebddca-83b1-48b1-94ce-8bde44f7a6cb-200x300.png\" alt=\"\" class=\"wp-image-5718\"\/><\/a><\/figure>\n<\/div>\n\n\n<p>Das CSO Operator Training Centre l\u00e4dt Sie herzlich zum Kurs Avanced Rescue Training (ART) - Advanced Evacuation Rescue ein.&nbsp;&nbsp;<\/p>\n\n\n\n<p>Unser Avanced Rescue Training richtet sich an alle, die an den Verfahren zur Rettung von Windkraftanlagen interessiert sind. Das Trainingsprogramm umfasst Rettungsma\u00dfnahmen an Turbinenkomponenten wie dem Blattinneren, der Gondel, dem Rotor, dem Keller, dem Turm und der Nabe. In dem Kurs werden Rettungsmethoden und -techniken sowie Ausr\u00fcstungen verwendet, die \u00fcber das hinausgehen, was im Abschnitt Arbeiten in der H\u00f6he behandelt wird. Die Ausbildung gilt sowohl f\u00fcr die Rettung von Teams als auch f\u00fcr die Rettung von Einzelpersonen.\u00a0<\/p>\n\n\n\n<p>Wir bieten eine Ausbildung nach den GWO-Standards an, die ein hohes Lernniveau garantiert. Die Kursteilnehmer werden in der Lage sein, die erworbenen theoretischen und praktischen Kenntnisse bei einer effektiven Evakuierung unter Anwendung von Rettungstechniken in einer Notsituation anzuwenden, wobei die h\u00f6chsten Sicherheitsstandards gem\u00e4\u00df den GWO-Richtlinien f\u00fcr das Advanced Rescue Training eingehalten werden.&nbsp;<\/p>\n\n\n\n<p>In unserem Zentrum legen wir gro\u00dfen Wert auf die M\u00f6glichkeit, unter der Aufsicht von Fachleuten in diesem Bereich Kompetenzen und Kenntnisse zu erwerben. Unser Zentrum bietet ART-Kurse im ganzen Land an, sowohl in unserem Hauptsitz in Warschau als auch in den Au\u00dfenstellen, sowohl in Form von offenen als auch geschlossenen Kursen. Wenn Sie sich f\u00fcr die Teilnahme an unserem Advanced Evacuation Rescue Training entscheiden, k\u00f6nnen Sie mit attraktiven finanziellen Konditionen rechnen.&nbsp;<\/p>\n\n\n\n<h2 class=\"wp-block-heading\">ART-Kurs - Hauptziel&nbsp;<\/h2>\n\n\n\n<p>Die Schulung soll den Teilnehmern theoretische Kenntnisse und praktische F\u00e4higkeiten in Bezug auf fortgeschrittene Evakuierungstechniken und Rettungsma\u00dfnahmen in der Umgebung von Windkraftanlagen vermitteln.&nbsp;&nbsp;<\/p>\n\n\n\n<h2 class=\"wp-block-heading\">ART Kurs - Programm&nbsp;<\/h2>\n\n\n\n<p>Der Kurs ART - Advanced Evacuation Rescue ist ein umfassendes Programm mit theoretischem und praktischem Unterricht, bei dem die Teilnehmer Kenntnisse \u00fcber verschiedene Evakuierungsverfahren erwerben, die an die Merkmale des Evakuierungsortes und die Anzahl der beteiligten Personen angepasst sind.&nbsp;&nbsp;<\/p>\n\n\n<div class=\"wp-block-image\">\n<figure class=\"alignleft size-medium\"><a href=\"https:\/\/szkolenia-udt.pl\/wp-content\/uploads\/2023\/12\/s2-17.jpg\"><img loading=\"lazy\" decoding=\"async\" width=\"300\" height=\"200\" src=\"https:\/\/szkolenia-udt.pl\/wp-content\/uploads\/2023\/12\/s2-17-300x200.jpg\" alt=\"\" class=\"wp-image-5329\" srcset=\"https:\/\/szkolenia-udt.pl\/wp-content\/uploads\/2023\/12\/s2-17-300x200.jpg 300w, https:\/\/szkolenia-udt.pl\/wp-content\/uploads\/2023\/12\/s2-17-1024x683.jpg 1024w, https:\/\/szkolenia-udt.pl\/wp-content\/uploads\/2023\/12\/s2-17-768x512.jpg 768w, https:\/\/szkolenia-udt.pl\/wp-content\/uploads\/2023\/12\/s2-17-1536x1024.jpg 1536w, https:\/\/szkolenia-udt.pl\/wp-content\/uploads\/2023\/12\/s2-17-18x12.jpg 18w, https:\/\/szkolenia-udt.pl\/wp-content\/uploads\/2023\/12\/s2-17.jpg 1600w\" sizes=\"auto, (max-width: 300px) 100vw, 300px\" \/><\/a><\/figure>\n<\/div>\n\n\n<p>Die verschiedenen Teile der Schulung wurden sorgf\u00e4ltig vorbereitet, damit die Teilnehmer in der Lage sind, sowohl Gruppen- als auch Einzelevakuierungen zu bew\u00e4ltigen. Realistische praktische \u00dcbungsszenarien werden mit hochwertiger Evakuierungsausr\u00fcstung durchgef\u00fchrt, die derzeit in Notfallsituationen im Bereich von Windkraftanlagen eingesetzt wird.&nbsp;&nbsp;<\/p>\n\n\n\n<p>Der Kurs besteht aus vier Modulen:&nbsp;<\/p>\n\n\n\n<h2 class=\"wp-block-heading\">ART - Rettung von Gondeln, T\u00fcrmen und Kellern (NTBR)&nbsp;<\/h2>\n\n\n\n<p>Das Modul umfasst die folgenden Themen:&nbsp;<\/p>\n\n\n\n<ul class=\"wp-block-list\">\n<li>Verfahren f\u00fcr die Evakuierung verletzter Personen aus Teilen der Windenergieanlage, wie der Gondel, dem Turm oder dem Keller,&nbsp;<\/li>\n\n\n\n<li>Rettungsstrategien, die die Festlegung einer geeigneten Handhabungsmethode und die Anwendung der richtigen Technik und Spezialausr\u00fcstung durch entsprechend geschultes Personal umfassen,&nbsp;&nbsp;<\/li>\n\n\n\n<li>Simulationen und praktische \u00dcbungen bei Rettungseins\u00e4tzen,&nbsp;<\/li>\n\n\n\n<li>Rechtsvorschriften im Zusammenhang mit fortgeschrittenen Rettungsma\u00dfnahmen.&nbsp;<\/li>\n<\/ul>\n\n\n\n<h2 class=\"wp-block-heading\">ART-H Nabe, Spinner und Innenblattrettung (HSIBR)&nbsp;<\/h2>\n\n\n\n<p>Das Modul umfasst die folgenden Themen:&nbsp;<\/p>\n\n\n\n<ul class=\"wp-block-list\">\n<li>Verfahren f\u00fcr die Evakuierung verletzter Personen aus Teilen der Windenergieanlage, wie der Nabe, dem Rotor oder dem Blattinneren,&nbsp;<\/li>\n\n\n\n<li>Rettungsstrategien, die die Festlegung einer geeigneten Handhabungsmethode und die Anwendung der richtigen Technik und Spezialausr\u00fcstung durch entsprechend geschultes Personal umfassen,&nbsp;&nbsp;<\/li>\n\n\n\n<li>Auswahl der strukturellen und zugelassenen Verankerungspunkte,&nbsp;<\/li>\n\n\n\n<li>Simulationen und praktische \u00dcbungen bei Rettungseins\u00e4tzen,&nbsp;<\/li>\n\n\n\n<li>Rechtsvorschriften im Zusammenhang mit fortgeschrittenen Rettungsma\u00dfnahmen.&nbsp;<\/li>\n<\/ul>\n\n\n\n<h2 class=\"wp-block-heading\">SAT-N Einzelrettungsger\u00e4t - Gondel-, Turm- und Kellerrettung (SR:NTBR)&nbsp;<\/h2>\n\n\n\n<p>Das Modul umfasst die folgenden Themen:&nbsp;<\/p>\n\n\n\n<ul class=\"wp-block-list\">\n<li>die Auswahl einer geeigneten Rettungsmethode und Interventionstechnik, die Verwendung zertifizierter Ausr\u00fcstung und die wirksame Leitung der Rettungsaktion am Einsatzort durch den allein handelnden Retter - eine Vielzahl von Rettungsszenarien,&nbsp;<\/li>\n\n\n\n<li>Anwendung geeigneter Rettungsmethoden und -techniken w\u00e4hrend des Auf- und Abstiegs des Retters allein vom Turm der Windkraftanlage,&nbsp;&nbsp;<\/li>\n\n\n\n<li>Unterst\u00fctzung des Retters durch eine Trage oder ein orthop\u00e4disches Brett, einschlie\u00dflich des manuellen Man\u00f6vrierens und des Einsatzes eines mechanischen Rettungssystems zum Absenken und Anheben,&nbsp;<\/li>\n\n\n\n<li>die korrekte Verwendung der speziellen Rettungsausr\u00fcstung.&nbsp;<\/li>\n<\/ul>\n\n\n\n<h2 class=\"wp-block-heading\">SAT-H Einzelrettungsger\u00e4t: Nabe, Spinner und Innenblattrettung (SR:HSIBR)&nbsp;&nbsp;<\/h2>\n\n\n\n<p>Das Modul umfasst die folgenden Themen:&nbsp;<\/p>\n\n\n\n<ul class=\"wp-block-list\">\n<li>die Auswahl einer geeigneten Rettungsmethode und Interventionstechnik, die Verwendung zertifizierter Ausr\u00fcstung und die wirksame Leitung der Rettungsaktion am Einsatzort durch den allein handelnden Retter - eine Vielzahl von Rettungsszenarien,&nbsp;<\/li>\n\n\n\n<li>Anwendung geeigneter Rettungsmethoden und -techniken w\u00e4hrend des Auf- und Abstiegs des Retters allein von der Windturbinenstruktur,&nbsp;<\/li>\n\n\n\n<li>Unterst\u00fctzung des zu Rettenden durch eine Trage oder ein orthop\u00e4disches Brett, einschlie\u00dflich des manuellen Man\u00f6vrierens und der Verwendung eines mechanischen Rettungssystems zum Absenken und Anheben (einschlie\u00dflich Flaschenzugvorrichtungen).&nbsp;<\/li>\n<\/ul>\n\n\n\n<p>Nach Abschluss des Advanced Rescue Training haben die Absolventen unter anderem folgende Kenntnisse erworben:&nbsp;<\/p>\n\n\n\n<ul class=\"wp-block-list\">\n<li>Analyse und Entwicklung von Rettungsstrategien, einschlie\u00dflich der richtigen Wahl von Methoden, Techniken, zertifizierter Ausr\u00fcstung und geeignetem Personal - f\u00fcr eine Vielzahl von Rettungsszenarien,&nbsp;<\/li>\n\n\n\n<li>die korrekte Einsch\u00e4tzung der Situation und die Entwicklung von Evakuierungsstrategien w\u00e4hrend der Rettungsma\u00dfnahmen, einschlie\u00dflich der Vorbereitung optimaler Evakuierungswege f\u00fcr die betroffenen Personen, sowohl au\u00dferhalb als auch innerhalb des Windkraftturms,&nbsp;<\/li>\n\n\n\n<li>Auswahl geeigneter Anschlagpunkte, die den Zertifizierungskriterien und den strukturellen Anforderungen in verschiedenen Rettungsszenarien entsprechen,&nbsp;<\/li>\n\n\n\n<li>Verst\u00e4ndnis und praktische Anwendung von Begriffen wie Auftriebswinkel, Winkelfaktor und Ablenkung, die bei Rettungseins\u00e4tzen wichtig sind,&nbsp;<\/li>\n\n\n\n<li>Wirksame Reaktion auf allgemeine Gefahren im Zusammenhang mit gef\u00e4hrlichen Energiequellen und solchen, die in engen R\u00e4umen innerhalb einer Windturbine bei Rettungseins\u00e4tzen auftreten,&nbsp;<\/li>\n\n\n\n<li>Praktische Anwendung verschiedener Rettungsmethoden und -techniken bei Eins\u00e4tzen, bei denen es um das Absenken von Windturbinennaben, Drehtellern und Rotorbl\u00e4ttern geht, unter Verwendung von Rettungstragen, orthop\u00e4dischen Brettern, manuellen Absenk-\/Hebesystemen und anderen speziellen Rettungsger\u00e4ten (Flaschenzugsystemen),&nbsp;<\/li>\n\n\n\n<li>das korrekte Anlegen von Auffanggurten und anderen pers\u00f6nlichen Schutzausr\u00fcstungen wie Helmen oder Schutzbrillen bei Opfern im Inneren des Windkraftturms,&nbsp;<\/li>\n\n\n\n<li>den sicheren Transport von Verletzten auf Tragen und orthop\u00e4dischen Brettern in aufrechter oder horizontaler Position und die \u00dcberwachung des Zustands des Verletzten,&nbsp;<\/li>\n<\/ul>\n\n\n\n<ul class=\"wp-block-list\">\n<li>effektive Kommunikation in potenziell stressigen Rettungssituationen, sowohl als Leiter des Rettungsteams als auch als Mitglied des Rettungsteams.&nbsp;<\/li>\n<\/ul>\n\n\n\n<h2 class=\"wp-block-heading\">ART-Kurs - Zertifizierung&nbsp;&nbsp;<\/h2>\n\n\n\n<p>Das CSO Operator Training Centre ist von DNV und GWO akkreditiert.&nbsp;<\/p>\n\n\n\n<p>Unser Advanced Rescue Training wird in \u00dcbereinstimmung mit dem aktuellen GWO Basic Safety Training Standard durchgef\u00fchrt.&nbsp;&nbsp;<\/p>\n\n\n\n<p>Nach Abschluss des Kurses erhalten die Teilnehmer eine Bescheinigung \u00fcber den Abschluss. Das Zertifikat ist eine offizielle Bescheinigung, dass der Teilnehmer die erforderlichen Kenntnisse in der Rettung und Evakuierung bei fortgeschrittenen Rettungseins\u00e4tzen erworben hat.&nbsp;<\/p>\n\n\n\n<p>Die G\u00fcltigkeit des Zertifikats betr\u00e4gt 24 Monate. Wir empfehlen den Teilnehmern, ihre Ausbildung vor Ablauf dieser Frist aufzufrischen, um ihre Qualifikationen und Kenntnisse auf dem neuesten Stand zu halten.&nbsp;<\/p>\n\n\n\n<h2 class=\"wp-block-heading\">ART-Kurs - Voraussetzungen f\u00fcr die Teilnahme&nbsp;<\/h2>\n\n\n\n<p>Um an einer Schulung zum Thema H\u00f6henarbeit teilnehmen zu k\u00f6nnen, m\u00fcssen bestimmte Voraussetzungen erf\u00fcllt werden:&nbsp;<\/p>\n\n\n\n<ul class=\"wp-block-list\">\n<li>Mindestalter 18 Jahre,&nbsp;<\/li>\n\n\n\n<li>mindestens einen Sekundarschulabschluss,&nbsp;<\/li>\n\n\n\n<li>eine aktuelle Bescheinigung eines Arbeitsmediziners, aus der hervorgeht, dass keine gesundheitlichen Einw\u00e4nde gegen die Arbeit in einer H\u00f6he von mehr als drei Metern bestehen,&nbsp;<\/li>\n\n\n\n<li>Sozialversicherung oder Unfallversicherung gezahlt,&nbsp;<\/li>\n\n\n\n<li>die eine WINDA-ID-Nummer haben,&nbsp;<\/li>\n\n\n\n<li>einen ordnungsgem\u00e4\u00df ausgef\u00fcllten medizinischen Fragebogen,&nbsp;<\/li>\n\n\n\n<li>geeignete Arbeitskleidung und Schuhe sowie Handschuhe,&nbsp;<\/li>\n\n\n\n<li>bezahlte Ausbildungsgeb\u00fchr,&nbsp;<\/li>\n\n\n\n<li>ein g\u00fcltiges Ausweisdokument, wie z. B. einen Personalausweis,&nbsp;<\/li>\n\n\n\n<li>Bescheinigungen \u00fcber den Abschluss von Schulungen in den Bereichen H\u00f6henarbeit, Erste Hilfe und manuelle Handhabung.&nbsp;<\/li>\n<\/ul>\n\n\n\n<p>Die H\u00f6chstzahl der Teilnehmer pro Gruppe betr\u00e4gt 10-12.&nbsp;&nbsp;&nbsp;&nbsp;<\/p>\n\n\n\n<h2 class=\"wp-block-heading\">ART-Kurs - Kosten &nbsp;<\/h2>\n\n\n\n<p>Die Geb\u00fchr f\u00fcr Advanced Rescue Training wird individuell festgelegt. Sie richtet sich nach der Anzahl der Teilnehmer am Kurs. F\u00fcr gr\u00f6\u00dfere Gruppen gibt es attraktive Rabatte.&nbsp;<\/p>\n\n\n\n<h2 class=\"wp-block-heading\">ART-Kurs - Veranstaltungsort&nbsp;<\/h2>\n\n\n\n<p>Unsere Schulungskurse finden an verschiedenen Orten statt, unter anderem in Warschau und in unseren regionalen Niederlassungen in ganz Polen. Wir bieten auch die M\u00f6glichkeit, Schulungen in den R\u00e4umlichkeiten des Kunden durchzuf\u00fchren, indem wir zu einem f\u00fcr den Kunden geeigneten Ort reisen.&nbsp;<\/p>\n\n\n\n<p>Einzelheiten zu den offenen Kursen finden Sie auf unserer Website. Wenn Sie an einer geschlossenen Schulung interessiert sind, bitten wir Sie, sich mit unserem Zentrum in Verbindung zu setzen, damit wir Ihnen ein individuelles, auf Ihre Bed\u00fcrfnisse zugeschnittenes Angebot erstellen k\u00f6nnen.&nbsp;<\/p>\n\n\n\n<p>Wenn Sie Fragen zu unseren Kursen haben, bitten wir Sie, uns telefonisch oder per E-Mail zu kontaktieren. Unser Team ist bereit, alle Ihre Fragen zu beantworten und alle Zweifel auszur\u00e4umen. Sie sind auch herzlich eingeladen, unser Zentrum zu besuchen, wo wir Ihnen gerne unser Angebot vorstellen und einen Kostenvoranschlag f\u00fcr Interessenten erstellen.&nbsp;<\/p>\n\n\n\n<p>Wir laden Sie herzlich zum OSO Operators' Training Centre f\u00fcr Advanced Rescue Training (ART) - Advanced Evacuation Rescue Kurse in Warschau und im ganzen Land ein.&nbsp;<\/p>","protected":false},"excerpt":{"rendered":"<p>Kurs Zaawansowane ratownictwo ewakuacyjne \u2013 dla os\u00f3b pracuj\u0105cych w \u015brodowisku turbin wiatrowych O\u015brodek Szkolenia Operator\u00f3w OSO serdecznie zaprasza na kurs Avanced Rescue Training (ART) \u2013 Zaawansowane ratownictwo ewakuacyjne.&nbsp;&nbsp; Nasze szkolenie Avanced Rescue Training skierowane jest do os\u00f3b zainteresowanych poznaniem procedur u\u017cywanych podczas dzia\u0142a\u0144 ratowniczych w turbinach wiatrowych. Program szkolenia obejmuje akcje ratownicze w taki elementach [&hellip;]<\/p>\n","protected":false},"author":3,"featured_media":5720,"parent":5314,"menu_order":0,"comment_status":"closed","ping_status":"closed","template":"","meta":{"footnotes":""},"class_list":["post-5327","page","type-page","status-publish","has-post-thumbnail","hentry"],"aioseo_notices":[],"_links":{"self":[{"href":"https:\/\/szkolenia-udt.pl\/de\/wp-json\/wp\/v2\/pages\/5327","targetHints":{"allow":["GET"]}}],"collection":[{"href":"https:\/\/szkolenia-udt.pl\/de\/wp-json\/wp\/v2\/pages"}],"about":[{"href":"https:\/\/szkolenia-udt.pl\/de\/wp-json\/wp\/v2\/types\/page"}],"author":[{"embeddable":true,"href":"https:\/\/szkolenia-udt.pl\/de\/wp-json\/wp\/v2\/users\/3"}],"replies":[{"embeddable":true,"href":"https:\/\/szkolenia-udt.pl\/de\/wp-json\/wp\/v2\/comments?post=5327"}],"version-history":[{"count":2,"href":"https:\/\/szkolenia-udt.pl\/de\/wp-json\/wp\/v2\/pages\/5327\/revisions"}],"predecessor-version":[{"id":5719,"href":"https:\/\/szkolenia-udt.pl\/de\/wp-json\/wp\/v2\/pages\/5327\/revisions\/5719"}],"up":[{"embeddable":true,"href":"https:\/\/szkolenia-udt.pl\/de\/wp-json\/wp\/v2\/pages\/5314"}],"wp:featuredmedia":[{"embeddable":true,"href":"https:\/\/szkolenia-udt.pl\/de\/wp-json\/wp\/v2\/media\/5720"}],"wp:attachment":[{"href":"https:\/\/szkolenia-udt.pl\/de\/wp-json\/wp\/v2\/media?parent=5327"}],"curies":[{"name":"wp","href":"https:\/\/api.w.org\/{rel}","templated":true}]}}