{"id":5331,"date":"2023-12-11T11:20:19","date_gmt":"2023-12-11T10:20:19","guid":{"rendered":"https:\/\/szkolenia-udt.pl\/?page_id=5331"},"modified":"2023-12-11T11:20:20","modified_gmt":"2023-12-11T10:20:20","slug":"sicherheitsgrundlehrgang-bst","status":"publish","type":"page","link":"https:\/\/szkolenia-udt.pl\/de\/kursy\/global-wind-organisation\/kurs-basic-safety-training-bst\/","title":{"rendered":"Grundlegende Sicherheitsschulung (BST)\u00a0"},"content":{"rendered":"<h2 class=\"wp-block-heading\">Grundlegendes Sicherheitstraining - f\u00fcr Personen, die in der Umgebung von Windkraftanlagen arbeiten<\/h2>\n\n\n<div class=\"wp-block-image\">\n<figure class=\"alignleft size-medium\"><a href=\"https:\/\/szkolenia-udt.pl\/wp-content\/uploads\/2023\/12\/screen_2x-22.jpg\"><img loading=\"lazy\" decoding=\"async\" width=\"300\" height=\"200\" src=\"https:\/\/szkolenia-udt.pl\/wp-content\/uploads\/2023\/12\/screen_2x-22-300x200.jpg\" alt=\"\" class=\"wp-image-5332\" srcset=\"https:\/\/szkolenia-udt.pl\/wp-content\/uploads\/2023\/12\/screen_2x-22-300x200.jpg 300w, https:\/\/szkolenia-udt.pl\/wp-content\/uploads\/2023\/12\/screen_2x-22-1024x683.jpg 1024w, https:\/\/szkolenia-udt.pl\/wp-content\/uploads\/2023\/12\/screen_2x-22-768x512.jpg 768w, https:\/\/szkolenia-udt.pl\/wp-content\/uploads\/2023\/12\/screen_2x-22-1536x1024.jpg 1536w, https:\/\/szkolenia-udt.pl\/wp-content\/uploads\/2023\/12\/screen_2x-22-18x12.jpg 18w, https:\/\/szkolenia-udt.pl\/wp-content\/uploads\/2023\/12\/screen_2x-22.jpg 1600w\" sizes=\"auto, (max-width: 300px) 100vw, 300px\" \/><\/a><\/figure>\n<\/div>\n\n\n<p>Die Sicherheitsgrundausbildung ist die Grundausbildung f\u00fcr alle, die an Windkraftanlagen an Land oder auf See arbeiten oder dies planen. Es handelt sich um ein umfassendes Schulungsprogramm, das die notwendigen F\u00e4higkeiten und Kenntnisse f\u00fcr die Sicherheit bei der Arbeit an Windkraftanlagen vermittelt.\u00a0\u00a0<\/p>\n\n\n\n<h2 class=\"wp-block-heading\">BST-Norm\u00a0<\/h2>\n\n\n\n<p>Der BST-Standard definiert klar drei Schl\u00fcsselkriterien f\u00fcr die Bewertung eines Teilnehmers w\u00e4hrend einer Pr\u00fcfung:\u00a0\u00a0<\/p>\n\n\n\n<ul class=\"wp-block-list\">\n<li>Wissen,&nbsp;&nbsp;<\/li>\n\n\n\n<li>F\u00e4higkeiten,&nbsp;<\/li>\n\n\n\n<li>Kapazit\u00e4ten.&nbsp;<\/li>\n<\/ul>\n\n\n\n<p>Diese Elemente sind in drei Kompetenzstufen unterteilt: Grundkenntnisse, mittlere und fortgeschrittene Kenntnisse. Diese Niveaus werden auch w\u00e4hrend der Pr\u00fcfung bewertet, so dass die Arbeitgeber die F\u00e4higkeiten eines Mitarbeiters bestimmen und ihn der entsprechenden Stelle zuordnen k\u00f6nnen.&nbsp;<\/p>\n\n\n\n<ul class=\"wp-block-list\">\n<li>Grundstufe - der Lernende ist in der Lage, das erworbene Wissen in der Art und Weise zu wiederholen, wie es ihm vermittelt wurde. Er\/sie ist in der Lage, Handlungen nach Anweisungen zu wiederholen und nach einfachen, grundlegenden Regeln zu handeln.&nbsp;<\/li>\n\n\n\n<li>Mittleres Niveau - der Teilnehmer ist in der Lage, seine Handlungen zu erkl\u00e4ren, die richtige Ausr\u00fcstung f\u00fcr die Arbeit auszuw\u00e4hlen, selbst\u00e4ndig und proaktiv zu handeln.&nbsp;<\/li>\n\n\n\n<li>Fortgeschrittene Stufe - der Teilnehmer versteht den Arbeitsprozess gr\u00fcndlich, kann Risiken einsch\u00e4tzen, passt sich an ver\u00e4nderte Arbeitsbedingungen an und ist bereit, Verantwortung f\u00fcr Kollegen zu \u00fcbernehmen.&nbsp;<\/li>\n<\/ul>\n\n\n\n<p>Die BST-Norm legt genau fest, in welchen Bereichen der Teilnehmer Kenntnisse erwerben muss und wie viel Zeit er mindestens ben\u00f6tigt, um jeden Bereich vollst\u00e4ndig zu beherrschen.&nbsp;<\/p>\n\n\n\n<p>Global Wind Organisation Basic Safety Training vermittelt den Teilnehmern die F\u00e4higkeit, sich selbst und andere in der Windindustrie T\u00e4tige zu unterst\u00fctzen und zu betreuen. Der Abschluss der Schulung vermittelt umfassende Kenntnisse und F\u00e4higkeiten in Bezug auf Erste Hilfe und Evakuierung in lebensbedrohlichen Situationen, Arbeiten in der H\u00f6he, manuelle Handhabung, Brandschutz oder \u00dcberleben auf hoher See.&nbsp;<\/p>\n\n\n\n<p>Die GWO-Sicherheitsgrundausbildung ist in sechs Module unterteilt:&nbsp;<\/p>\n\n\n\n<ul class=\"wp-block-list\">\n<li>Erste Hilfe (FA)&nbsp;<\/li>\n<\/ul>\n\n\n\n<p>Das Ziel des Moduls <a href=\"https:\/\/szkolenia-udt.pl\/de\/kursy\/bhp-ppoz\/przychodzimy-z-pomoca\/\">Erste Hilfe<\/a> ist es, die Teilnehmer durch theoretische und praktische Schulungen darauf vorzubereiten, lebensbedrohliche Situationen zu erkennen. Die Teilnehmer erwerben die F\u00e4higkeit, die Anzeichen und Symptome potenziell gef\u00e4hrlicher Situationen zu erkennen, die in der Umgebung von Windkraftanlagen auftreten k\u00f6nnen. Die Absolventen des Kurses sind in der Lage, sichere und wirksame Erste Hilfe zu leisten, die darauf abzielt, Leben zu retten und weitere Verletzungen zu minimieren, bis die verletzte Person in eine h\u00f6here medizinische Versorgungsstufe gebracht wird.&nbsp;&nbsp;<\/p>\n\n\n\n<ul class=\"wp-block-list\">\n<li>Manuelle Handhabung (MH)&nbsp;<\/li>\n<\/ul>\n\n\n\n<p>Ziel des Moduls \"Manuelle Handhabung\" ist es, das Risiko von Muskel-Skelett-Verletzungen f\u00fcr Techniker, die in der Windindustrie arbeiten, zu verringern und die Teilnehmer in die Lage zu versetzen, Aufgaben im Bereich von Windkraftanlagen so sicher wie m\u00f6glich auszuf\u00fchren.&nbsp;<\/p>\n\n\n\n<ul class=\"wp-block-list\">\n<li>Bewusstsein f\u00fcr Feuer (FAW)&nbsp;<\/li>\n<\/ul>\n\n\n\n<p>Ziel des Moduls Brandschutz ist es, die Teilnehmer in der Brandverh\u00fctung zu schulen, sie in die Lage zu versetzen, eine Brandsituation richtig einzusch\u00e4tzen, den Evakuierungsprozess f\u00fcr Mitarbeiter zu steuern und eine sichere Evakuierung im Falle eines unkontrollierten Brandes zu gew\u00e4hrleisten. Wenn ein Vorfall als sicher eingestuft wird, sollten die Schulungsteilnehmer in der Lage sein, den Entstehungsbrand mit einer grundlegenden Feuerl\u00f6schausr\u00fcstung wirksam zu l\u00f6schen.&nbsp;<\/p>\n\n\n\n<ul class=\"wp-block-list\">\n<li>Arbeiten in luftiger H\u00f6he (WAH)&nbsp;<\/li>\n<\/ul>\n\n\n\n<p>Ziel des Moduls Arbeiten in der H\u00f6he ist es, den Teilnehmern die praktischen und theoretischen F\u00e4higkeiten zu vermitteln, um grundlegende pers\u00f6nliche Schutzausr\u00fcstungen zu verwenden, sicher in der H\u00f6he zu arbeiten und grundlegende Rettungsma\u00dfnahmen in der H\u00f6he im Bereich der Windkraftanlagen durchzuf\u00fchren.&nbsp;<\/p>\n\n\n\n<ul class=\"wp-block-list\">\n<li>Arbeiten in der H\u00f6he (WAH) und manuelle Handhabung (MH) - Paket&nbsp;<\/li>\n<\/ul>\n\n\n\n<p>Ziel dieses Schulungsmoduls ist es, den Teilnehmern die praktischen und theoretischen F\u00e4higkeiten zu vermitteln, um grundlegende pers\u00f6nliche Schutzausr\u00fcstungen zu verwenden, sicher in der H\u00f6he zu arbeiten und grundlegende Rettungsma\u00dfnahmen in der H\u00f6he im Bereich der Windkraftanlagen durchzuf\u00fchren. Dieses Modul zielt auch darauf ab, die richtigen Gewohnheiten bei der manuellen Handhabung und ergonomische Grunds\u00e4tze zu f\u00f6rdern und die Teilnehmer in die Lage zu versetzen, manuelle Handhabungsaufgaben sicher durchzuf\u00fchren.&nbsp;<\/p>\n\n\n\n<p>Dieses Paket kombiniert die Lektionen und Elemente des BST-Moduls <a href=\"https:\/\/szkolenia-udt.pl\/de\/kursy\/prace-wysokosciowe\/kurs-na-szelki-budowlane\/\">Arbeiten in der H\u00f6he<\/a> und das BST-Modul Manuelle Handhabung. Die geplante Dauer f\u00fcr das kombinierte Modul betr\u00e4gt zwei Tage. Das Paket umfasst die Inhalte beider Einzelmodule, und die Teilnehmer des kombinierten Kurses erhalten die Schulungsunterlagen f\u00fcr H\u00f6henarbeiten und die Unterlagen f\u00fcr die manuelle Handhabung separat.&nbsp;<\/p>\n\n\n\n<ul class=\"wp-block-list\">\n<li>\u00dcberleben auf See (SS)&nbsp;<\/li>\n<\/ul>\n\n\n\n<p>Ziel des Moduls \"\u00dcberleben auf See\" ist es, die Teilnehmer auf ein sicheres und verantwortungsbewusstes Handeln w\u00e4hrend des Betriebs von Offshore-Windenergieanlagen vorzubereiten. Ein umfassendes theoretisches und praktisches Training wird die Teilnehmer mit den notwendigen F\u00e4higkeiten ausstatten, um sowohl im t\u00e4glichen Betrieb als auch in Notfallsituationen angemessen handeln zu k\u00f6nnen - von der K\u00fcste bis zum Installationsschiff (oder der Windkraftanlage).&nbsp;&nbsp;<\/p>\n\n\n\n<h2 class=\"wp-block-heading\">Aktualisierung der Ausbildung&nbsp;&nbsp;<\/h2>\n\n\n\n<p>Neben der Einhaltung der aktuellen Gesetzgebung und Rechtsnormen muss der Schulungsanbieter regelm\u00e4\u00dfig sicherstellen, dass die Schulungsunterlagen aktuell sind und den branchenspezifischen Richtlinien entsprechen. F\u00fcr die Offshore-Windindustrie gilt dies f\u00fcr die G+ Richtlinien: Arbeiten in der H\u00f6he in der <a href=\"https:\/\/szkolenia-udt.pl\/de\/kursy\/onshore-i-offshore\/\">Offshore<\/a> Windindustrie und sicheres Management von kleinen Serviceschiffen, die in der Offshore-Windindustrie eingesetzt werden.&nbsp;&nbsp;&nbsp;<\/p>","protected":false},"excerpt":{"rendered":"<p>Podstawowe szkolenie w zakresie bezpiecze\u0144stwa \u2013 dla os\u00f3b pracuj\u0105cych w \u015brodowisku turbin wiatrowych Basic Safety Training to fundamentalne szkolenie dla os\u00f3b pracuj\u0105cych lub planuj\u0105cych podj\u0105\u0107 prac\u0119 przy turbinach wiatrowych na l\u0105dzie, lub morzu. Jest to kompleksowy program szkoleniowy, kt\u00f3ry ma na celu zapewnienie niezb\u0119dnych umiej\u0119tno\u015bci i wiedzy dotycz\u0105cej bezpiecze\u0144stwa w pracy w sektorze turbin wiatrowych.\u00a0\u00a0 [&hellip;]<\/p>\n","protected":false},"author":3,"featured_media":5332,"parent":5314,"menu_order":0,"comment_status":"closed","ping_status":"closed","template":"","meta":{"footnotes":""},"class_list":["post-5331","page","type-page","status-publish","has-post-thumbnail","hentry"],"aioseo_notices":[],"_links":{"self":[{"href":"https:\/\/szkolenia-udt.pl\/de\/wp-json\/wp\/v2\/pages\/5331","targetHints":{"allow":["GET"]}}],"collection":[{"href":"https:\/\/szkolenia-udt.pl\/de\/wp-json\/wp\/v2\/pages"}],"about":[{"href":"https:\/\/szkolenia-udt.pl\/de\/wp-json\/wp\/v2\/types\/page"}],"author":[{"embeddable":true,"href":"https:\/\/szkolenia-udt.pl\/de\/wp-json\/wp\/v2\/users\/3"}],"replies":[{"embeddable":true,"href":"https:\/\/szkolenia-udt.pl\/de\/wp-json\/wp\/v2\/comments?post=5331"}],"version-history":[{"count":1,"href":"https:\/\/szkolenia-udt.pl\/de\/wp-json\/wp\/v2\/pages\/5331\/revisions"}],"predecessor-version":[{"id":5333,"href":"https:\/\/szkolenia-udt.pl\/de\/wp-json\/wp\/v2\/pages\/5331\/revisions\/5333"}],"up":[{"embeddable":true,"href":"https:\/\/szkolenia-udt.pl\/de\/wp-json\/wp\/v2\/pages\/5314"}],"wp:featuredmedia":[{"embeddable":true,"href":"https:\/\/szkolenia-udt.pl\/de\/wp-json\/wp\/v2\/media\/5332"}],"wp:attachment":[{"href":"https:\/\/szkolenia-udt.pl\/de\/wp-json\/wp\/v2\/media?parent=5331"}],"curies":[{"name":"wp","href":"https:\/\/api.w.org\/{rel}","templated":true}]}}