{"id":5334,"date":"2023-12-11T11:25:28","date_gmt":"2023-12-11T10:25:28","guid":{"rendered":"https:\/\/szkolenia-udt.pl\/?page_id=5334"},"modified":"2023-12-11T11:25:29","modified_gmt":"2023-12-11T10:25:29","slug":"technischer-grundlehrgang-btt-mechanisch","status":"publish","type":"page","link":"https:\/\/szkolenia-udt.pl\/de\/kursy\/global-wind-organisation\/kurs-basic-technical-training-btt-mechanical\/","title":{"rendered":"Technische Grundausbildung (BTT) - Mechanik\u00a0"},"content":{"rendered":"<h2 class=\"wp-block-heading\">Mechanisches technisches Grundausbildungsmodul - f\u00fcr Personen, die in der Umgebung von Windkraftanlagen arbeiten\u00a0<\/h2>\n\n\n<div class=\"wp-block-image\">\n<figure class=\"alignleft size-medium\"><a href=\"https:\/\/szkolenia-udt.pl\/wp-content\/uploads\/2023\/12\/s2-18.jpg\"><img loading=\"lazy\" decoding=\"async\" width=\"300\" height=\"200\" src=\"https:\/\/szkolenia-udt.pl\/wp-content\/uploads\/2023\/12\/s2-18-300x200.jpg\" alt=\"\" class=\"wp-image-5335\" srcset=\"https:\/\/szkolenia-udt.pl\/wp-content\/uploads\/2023\/12\/s2-18-300x200.jpg 300w, https:\/\/szkolenia-udt.pl\/wp-content\/uploads\/2023\/12\/s2-18-1024x683.jpg 1024w, https:\/\/szkolenia-udt.pl\/wp-content\/uploads\/2023\/12\/s2-18-768x512.jpg 768w, https:\/\/szkolenia-udt.pl\/wp-content\/uploads\/2023\/12\/s2-18-1536x1024.jpg 1536w, https:\/\/szkolenia-udt.pl\/wp-content\/uploads\/2023\/12\/s2-18-18x12.jpg 18w, https:\/\/szkolenia-udt.pl\/wp-content\/uploads\/2023\/12\/s2-18.jpg 1600w\" sizes=\"auto, (max-width: 300px) 100vw, 300px\" \/><\/a><\/figure>\n<\/div>\n\n\n<p><a href=\"https:\/\/szkolenia-udt.pl\/de\/o-firmie\/\">Schulungszentrum f\u00fcr OSO-Bediener<\/a> l\u00e4dt Sie herzlich zu dem Kurs Technische Grundausbildung (BTT) - Mechanik ein.\u00a0\u00a0<\/p>\n\n\n\n<p>Der Kurs BTT - Mechanik richtet sich an Personen, die sich die notwendigen mechanischen Kenntnisse aneignen m\u00f6chten, um als Techniker f\u00fcr Windkraftanlagen zu arbeiten. Durch die Teilnahme an diesem Kurs erwerben Sie das Wissen und die praktischen F\u00e4higkeiten, die f\u00fcr die sichere Durchf\u00fchrung grundlegender mechanischer Aufgaben im Bereich der Windkraftanlagen erforderlich sind.&nbsp;<\/p>\n\n\n\n<p>Unser Hauptziel ist es, die Mitarbeiter darauf vorzubereiten, ihre Aufgaben in einer Windturbinenumgebung ordnungsgem\u00e4\u00df auszuf\u00fchren. Die Kursteilnehmer erlernen sichere Arbeitsverfahren und lernen unter der Anleitung erfahrener Techniker, grundlegende mechanische Aufgaben auszuf\u00fchren.&nbsp;<\/p>\n\n\n\n<p>In unserem Zentrum legen wir gro\u00dfen Wert auf die M\u00f6glichkeit, Kompetenz und Wissen unter der Aufsicht von Fachleuten zu erwerben. Unser Zentrum bietet BTT-Mechanik-Kurse im ganzen Land an, sowohl in unserem Hauptsitz in Warschau als auch in den Au\u00dfenstellen, sowohl in Form von offenen als auch geschlossenen Kursen. Wenn Sie sich f\u00fcr die Teilnahme an unserer H\u00f6henarbeiterschulung entscheiden, k\u00f6nnen Sie mit attraktiven finanziellen Bedingungen rechnen.&nbsp;<\/p>\n\n\n\n<h2 class=\"wp-block-heading\">BTT Mechanical Kurs - Hauptziel\u00a0<\/h2>\n\n\n\n<p>Ziel der Schulung ist es, den Teilnehmern das theoretische Wissen und die praktischen Fertigkeiten zu vermitteln, die sie ben\u00f6tigen, um mechanische Aufgaben im Bereich der Windenergieanlagen effektiv durchzuf\u00fchren.\u00a0<\/p>\n\n\n\n<h2 class=\"wp-block-heading\">BTT Mechanik Kurs - Programm&nbsp;<\/h2>\n\n\n\n<p>Das Modul BTT - Mechanical (Basic Technical Training - Mechanical) wurde in \u00dcbereinstimmung mit den Anforderungen des T\u00dcV und der aktuellen Gesetzgebung entwickelt. Unsere Priorit\u00e4t ist es, die wichtigsten Informationen f\u00fcr die sichere Durchf\u00fchrung mechanischer Arbeiten an Windkraftanlagen zu vermitteln. W\u00e4hrend des theoretischen und praktischen Teils erwerben die Teilnehmer Kenntnisse \u00fcber die wesentlichen Komponenten mechanischer Systeme, pers\u00f6nliche Schutzausr\u00fcstungen und lernen potenzielle Gefahren kennen, w\u00e4hrend sie die f\u00fcr die Arbeit in diesem Umfeld erforderlichen manuellen F\u00e4higkeiten entwickeln.&nbsp;<\/p>\n\n\n<div class=\"wp-block-image\">\n<figure class=\"alignright size-medium\"><a href=\"https:\/\/szkolenia-udt.pl\/wp-content\/uploads\/2023\/12\/screen_2x-23.jpg\"><img loading=\"lazy\" decoding=\"async\" width=\"300\" height=\"200\" src=\"https:\/\/szkolenia-udt.pl\/wp-content\/uploads\/2023\/12\/screen_2x-23-300x200.jpg\" alt=\"\" class=\"wp-image-5336\" srcset=\"https:\/\/szkolenia-udt.pl\/wp-content\/uploads\/2023\/12\/screen_2x-23-300x200.jpg 300w, https:\/\/szkolenia-udt.pl\/wp-content\/uploads\/2023\/12\/screen_2x-23-1024x683.jpg 1024w, https:\/\/szkolenia-udt.pl\/wp-content\/uploads\/2023\/12\/screen_2x-23-768x512.jpg 768w, https:\/\/szkolenia-udt.pl\/wp-content\/uploads\/2023\/12\/screen_2x-23-1536x1024.jpg 1536w, https:\/\/szkolenia-udt.pl\/wp-content\/uploads\/2023\/12\/screen_2x-23-18x12.jpg 18w, https:\/\/szkolenia-udt.pl\/wp-content\/uploads\/2023\/12\/screen_2x-23.jpg 1600w\" sizes=\"auto, (max-width: 300px) 100vw, 300px\" \/><\/a><\/figure>\n<\/div>\n\n\n<p>Das mechanische Modul ist ein aus drei Modulen bestehender Teil eines umfassenden technischen Grundausbildungskurses. Die Auszubildenden k\u00f6nnen die Module in beliebiger Reihenfolge absolvieren. Die Schulung wird unter der Aufsicht eines erfahrenen Technikers durchgef\u00fchrt. In dem Kurs werden sichere Arbeitsverfahren und geeignete pers\u00f6nliche Schutzausr\u00fcstung (PSA) gem\u00e4\u00df den GWO-Normen verwendet.&nbsp;&nbsp;<\/p>\n\n\n\n<p>Das Ausbildungsprogramm umfasst:&nbsp;<\/p>\n\n\n\n<ul class=\"wp-block-list\">\n<li>Verst\u00e4ndnis der wesentlichen Komponenten mechanischer Systeme und der Grundprinzipien des Betriebs von Windkraftanlagen,&nbsp;<\/li>\n\n\n\n<li>die potenziellen Gefahren und Risiken im Zusammenhang mit Arbeiten an mechanischen Systemen zu erkennen,&nbsp;<\/li>\n\n\n\n<li>Erlernen der Grunds\u00e4tze von Schwei\u00df- und Schraubverbindungen, einschlie\u00dflich der Durchf\u00fchrung von Pr\u00fcfungen an diesen Verbindungsarten,&nbsp;<\/li>\n\n\n\n<li>praktische Fertigkeiten im Umgang mit Handwerkzeugen zum Anziehen und Messen,&nbsp;<\/li>\n\n\n\n<li>korrekte Verwendung von hydraulischen Drehmoment- und Spannwerkzeugen,&nbsp;<\/li>\n\n\n\n<li>Erlernen der Funktionsweise der Bremsanlage und des Getriebes sowie deren \u00dcberpr\u00fcfung,&nbsp;<\/li>\n\n\n\n<li>Erlernen der Funktionen des Azimutsystems, des K\u00fchlsystems, des Schmiersystems und deren Steuerung,&nbsp;<\/li>\n\n\n\n<li>Verst\u00e4ndnis der Funktion des Ablenksystems.&nbsp;<\/li>\n<\/ul>\n\n\n\n<h2 class=\"wp-block-heading\">BTT Kurs Mechanik - Zertifizierung&nbsp;&nbsp;<\/h2>\n\n\n\n<p>Das CSO Operator Training Centre ist von DNV und GWO akkreditiert.&nbsp;<\/p>\n\n\n\n<p>Unsere BTT - Mechanik-Schulung wird nach dem aktuellen GWO-Standard durchgef\u00fchrt.&nbsp;<\/p>\n\n\n\n<p>Nach Abschluss des Kurses erhalten die Teilnehmer ein GWO BTT-Mechanik-Modul-Zertifikat, das ihre Qualifikation in grundlegenden mechanischen Aufgaben in einer Windturbinenumgebung best\u00e4tigt. Das Zertifikat ist die offizielle Bescheinigung \u00fcber den Abschluss der Schulung und best\u00e4tigt die erworbenen F\u00e4higkeiten.&nbsp;<\/p>\n\n\n\n<h2 class=\"wp-block-heading\">Zertifikat.\u00a0\u00a0<\/h2>\n\n\n\n<p>BTT Kurs Mechanik - Zugangsvoraussetzungen&nbsp;<br>Um an einer Schulung zum Thema H\u00f6henarbeit teilnehmen zu k\u00f6nnen, m\u00fcssen bestimmte Voraussetzungen erf\u00fcllt werden:&nbsp;<\/p>\n\n\n\n<ul class=\"wp-block-list\">\n<li>Mindestalter 18 Jahre,&nbsp;<\/li>\n\n\n\n<li>mindestens einen Sekundarschulabschluss,&nbsp;<\/li>\n\n\n\n<li>eine aktuelle Bescheinigung eines Arbeitsmediziners, aus der hervorgeht, dass keine gesundheitlichen Einw\u00e4nde gegen die Arbeit in einer H\u00f6he von mehr als drei Metern bestehen,&nbsp;<\/li>\n\n\n\n<li>Sozialversicherung oder Unfallversicherung gezahlt,&nbsp;<\/li>\n\n\n\n<li>die eine WINDA-ID-Nummer haben,&nbsp;<\/li>\n\n\n\n<li>einen ordnungsgem\u00e4\u00df ausgef\u00fcllten medizinischen Fragebogen,&nbsp;<\/li>\n\n\n\n<li>geeignete Arbeitskleidung und Schuhe sowie Handschuhe,&nbsp;<\/li>\n\n\n\n<li>bezahlte Ausbildungsgeb\u00fchr,&nbsp;<\/li>\n\n\n\n<li>ein g\u00fcltiges Ausweisdokument, wie z. B. einen Personalausweis,&nbsp;<\/li>\n\n\n\n<li>Die Gewichtsobergrenze f\u00fcr einen Auszubildenden liegt bei 135 kg.&nbsp;<\/li>\n<\/ul>\n\n\n\n<h2 class=\"wp-block-heading\">BTT Kurs Mechanik - Kosten \u00a0<\/h2>\n\n\n\n<p>Die Geb\u00fchr f\u00fcr BTT - Mechanical Training wird individuell festgelegt. Sie richtet sich nach der Anzahl der Kursteilnehmer. F\u00fcr gr\u00f6\u00dfere Gruppen werden attraktive Rabatte gew\u00e4hrt.\u00a0<\/p>\n\n\n\n<p>BTT Kurs Mechanik - Veranstaltungsort&nbsp;<\/p>\n\n\n\n<p><a href=\"https:\/\/szkolenia-udt.pl\/de\/kursy\/\">Unsere Ausbildung<\/a> Sie finden an verschiedenen Orten statt, unter anderem in Warschau und unseren regionalen Niederlassungen in ganz Polen. Wir bieten auch die M\u00f6glichkeit, Schulungen in den R\u00e4umlichkeiten des Kunden durchzuf\u00fchren, indem wir zu einem f\u00fcr den Kunden geeigneten Ort reisen.&nbsp;<\/p>\n\n\n\n<p>Einzelheiten zu den offenen Kursen finden Sie auf unserer Website. Wenn Sie an einer geschlossenen Schulung interessiert sind, bitten wir Sie, sich mit unserem Zentrum in Verbindung zu setzen, damit wir Ihnen ein individuelles, auf Ihre Bed\u00fcrfnisse zugeschnittenes Angebot erstellen k\u00f6nnen.&nbsp;<\/p>\n\n\n\n<p>Wenn Sie Fragen zu unseren Kursen haben, wenden Sie sich bitte an <a href=\"https:\/\/szkolenia-udt.pl\/de\/kontakt\/\">Telefon- oder E-Mail-Kontakt<\/a>. Unser Team ist bereit, alle Fragen zu beantworten und alle Zweifel zu beseitigen. Sie sind auch herzlich eingeladen, unser Zentrum zu besuchen, wo wir Ihnen gerne unser Angebot vorstellen und einen Kostenvoranschlag f\u00fcr Interessenten erstellen.&nbsp;<\/p>\n\n\n\n<p>Sie sind herzlich zum OSO Operators' Training Centre f\u00fcr die technische Grundausbildung (BTT) - mechanische Kurse in Warschau und im ganzen Land eingeladen.&nbsp;<\/p>","protected":false},"excerpt":{"rendered":"<p>Modu\u0142 mechaniczny Podstawowego Szkolenia Technicznego \u2013 dla os\u00f3b pracuj\u0105cych w \u015brodowisku turbin wiatrowych\u00a0 O\u015brodek Szkolenia Operator\u00f3w OSO serdecznie zaprasza na kurs Basic Technical Training (BTT) \u2013 Mechanical, czyli Podstawowe Szkolenie Techniczne \u2013 modu\u0142 mechaniczny.\u00a0\u00a0 Szkolenie BTT \u2013 Mechanical zosta\u0142o stworzone z my\u015bl\u0105 o osobach pragn\u0105cych zdoby\u0107 niezb\u0119dne umiej\u0119tno\u015bci mechaniczne niezb\u0119dne do pracy na stanowisku technik [&hellip;]<\/p>\n","protected":false},"author":3,"featured_media":5335,"parent":5314,"menu_order":0,"comment_status":"closed","ping_status":"closed","template":"","meta":{"footnotes":""},"class_list":["post-5334","page","type-page","status-publish","has-post-thumbnail","hentry"],"aioseo_notices":[],"_links":{"self":[{"href":"https:\/\/szkolenia-udt.pl\/de\/wp-json\/wp\/v2\/pages\/5334","targetHints":{"allow":["GET"]}}],"collection":[{"href":"https:\/\/szkolenia-udt.pl\/de\/wp-json\/wp\/v2\/pages"}],"about":[{"href":"https:\/\/szkolenia-udt.pl\/de\/wp-json\/wp\/v2\/types\/page"}],"author":[{"embeddable":true,"href":"https:\/\/szkolenia-udt.pl\/de\/wp-json\/wp\/v2\/users\/3"}],"replies":[{"embeddable":true,"href":"https:\/\/szkolenia-udt.pl\/de\/wp-json\/wp\/v2\/comments?post=5334"}],"version-history":[{"count":2,"href":"https:\/\/szkolenia-udt.pl\/de\/wp-json\/wp\/v2\/pages\/5334\/revisions"}],"predecessor-version":[{"id":5338,"href":"https:\/\/szkolenia-udt.pl\/de\/wp-json\/wp\/v2\/pages\/5334\/revisions\/5338"}],"up":[{"embeddable":true,"href":"https:\/\/szkolenia-udt.pl\/de\/wp-json\/wp\/v2\/pages\/5314"}],"wp:featuredmedia":[{"embeddable":true,"href":"https:\/\/szkolenia-udt.pl\/de\/wp-json\/wp\/v2\/media\/5335"}],"wp:attachment":[{"href":"https:\/\/szkolenia-udt.pl\/de\/wp-json\/wp\/v2\/media?parent=5334"}],"curies":[{"name":"wp","href":"https:\/\/api.w.org\/{rel}","templated":true}]}}