{"id":5339,"date":"2023-12-11T12:00:55","date_gmt":"2023-12-11T11:00:55","guid":{"rendered":"https:\/\/szkolenia-udt.pl\/?page_id=5339"},"modified":"2023-12-11T12:04:35","modified_gmt":"2023-12-11T11:04:35","slug":"feuerwahrnehmung-faw-kurs","status":"publish","type":"page","link":"https:\/\/szkolenia-udt.pl\/de\/kursy\/global-wind-organisation\/kurs-fire-awareness-faw\/","title":{"rendered":"Kurs zur Sensibilisierung f\u00fcr Feuer (FAW)\u00a0"},"content":{"rendered":"<h2 class=\"wp-block-heading\">Brandschutzkurs - f\u00fcr Personen, die in Windkraftanlagen arbeiten&nbsp;<\/h2>\n\n\n\n<p><a href=\"https:\/\/szkolenia-udt.pl\/de\/o-firmie\/\">Schulungszentrum f\u00fcr OSO-Bediener<\/a> l\u00e4dt Sie herzlich zum Lehrgang Fire Awareness (FAW) - Brandschutz ein.&nbsp;&nbsp;<\/p>\n\n\n<div class=\"wp-block-image\">\n<figure class=\"alignright size-medium\"><a href=\"https:\/\/szkolenia-udt.pl\/wp-content\/uploads\/2023\/12\/screen_2x-24.jpg\"><img loading=\"lazy\" decoding=\"async\" width=\"300\" height=\"200\" src=\"https:\/\/szkolenia-udt.pl\/wp-content\/uploads\/2023\/12\/screen_2x-24-300x200.jpg\" alt=\"\" class=\"wp-image-5340\" srcset=\"https:\/\/szkolenia-udt.pl\/wp-content\/uploads\/2023\/12\/screen_2x-24-300x200.jpg 300w, https:\/\/szkolenia-udt.pl\/wp-content\/uploads\/2023\/12\/screen_2x-24-1024x683.jpg 1024w, https:\/\/szkolenia-udt.pl\/wp-content\/uploads\/2023\/12\/screen_2x-24-768x512.jpg 768w, https:\/\/szkolenia-udt.pl\/wp-content\/uploads\/2023\/12\/screen_2x-24-1536x1024.jpg 1536w, https:\/\/szkolenia-udt.pl\/wp-content\/uploads\/2023\/12\/screen_2x-24-18x12.jpg 18w, https:\/\/szkolenia-udt.pl\/wp-content\/uploads\/2023\/12\/screen_2x-24.jpg 1600w\" sizes=\"auto, (max-width: 300px) 100vw, 300px\" \/><\/a><\/figure>\n<\/div>\n\n\n<p><a href=\"https:\/\/szkolenia-udt.pl\/de\/oferta\/\">Unser Angebot<\/a> Der Kurs richtet sich an alle, die sich f\u00fcr die Grundprinzipien des Brandschutzes interessieren. Wir wollen Ihnen das n\u00f6tige Wissen zur Pr\u00e4vention und zum Verhalten bei einem Brandausbruch sowie die F\u00e4higkeiten zum richtigen Umgang mit Feuerl\u00f6schger\u00e4ten vermitteln.&nbsp;<\/p>\n\n\n\n<p>Wir richten uns bei unseren Kursen nach den GWO-Standards und garantieren so ein hohes Ausbildungsniveau. Sowohl die theoretischen als auch die praktischen Kenntnisse, die w\u00e4hrend des Kurses erworben werden, versetzen Sie in die Lage, im Falle eines Brandnotfalls im Bereich der Windenergieanlagen unter Einhaltung aller Sicherheitsstandards und in \u00dcbereinstimmung mit den FAW-Richtlinien effektiv zu reagieren.&nbsp;&nbsp;<\/p>\n\n\n\n<p>In unserem Zentrum legen wir gro\u00dfen Wert auf die M\u00f6glichkeit, Kompetenz und Wissen unter der Aufsicht von Experten in diesem Bereich zu erwerben. Unser Zentrum bietet FAW-Kurse im ganzen Land an, sowohl in unserer Zentrale in Warschau als auch in den Au\u00dfenstellen, sowohl in Form von offenen als auch geschlossenen Kursen. Wenn Sie sich f\u00fcr die Teilnahme an einem Brandschutzlehrgang entscheiden, k\u00f6nnen Sie mit attraktiven finanziellen Bedingungen rechnen.&nbsp;<\/p>\n\n\n\n<h2 class=\"wp-block-heading\">FAW-Kurs - Hauptziel\u00a0<\/h2>\n\n\n\n<p>Das Hauptziel des Kurses besteht darin, die Teilnehmer mit den grundlegenden Prinzipien des Brandschutzes vertraut zu machen und ihnen die F\u00e4higkeiten zu vermitteln, auf Brandgefahrensituationen zu reagieren. W\u00e4hrend des Kurses erwerben die Teilnehmer Kenntnisse \u00fcber die aktuelle Gesetzgebung im Bereich des Brandschutzes und die praktischen F\u00e4higkeiten, die erforderlich sind, um den Grad der Brandgefahr richtig einzusch\u00e4tzen. Die Kursteilnehmer lernen auch, wie sie einen Brand mit den grundlegenden L\u00f6schmitteln wirksam und sicher l\u00f6schen k\u00f6nnen.\u00a0<\/p>\n\n\n\n<h2 class=\"wp-block-heading\">FAW Kurs - Programm&nbsp;<\/h2>\n\n\n<div class=\"wp-block-image\">\n<figure class=\"alignleft size-medium\"><a href=\"https:\/\/szkolenia-udt.pl\/wp-content\/uploads\/2023\/12\/s2-19.jpg\"><img loading=\"lazy\" decoding=\"async\" width=\"300\" height=\"201\" src=\"https:\/\/szkolenia-udt.pl\/wp-content\/uploads\/2023\/12\/s2-19-300x201.jpg\" alt=\"\" class=\"wp-image-5342\" srcset=\"https:\/\/szkolenia-udt.pl\/wp-content\/uploads\/2023\/12\/s2-19-300x201.jpg 300w, https:\/\/szkolenia-udt.pl\/wp-content\/uploads\/2023\/12\/s2-19-1024x687.jpg 1024w, https:\/\/szkolenia-udt.pl\/wp-content\/uploads\/2023\/12\/s2-19-768x515.jpg 768w, https:\/\/szkolenia-udt.pl\/wp-content\/uploads\/2023\/12\/s2-19-1536x1030.jpg 1536w, https:\/\/szkolenia-udt.pl\/wp-content\/uploads\/2023\/12\/s2-19-18x12.jpg 18w, https:\/\/szkolenia-udt.pl\/wp-content\/uploads\/2023\/12\/s2-19.jpg 1600w\" sizes=\"auto, (max-width: 300px) 100vw, 300px\" \/><\/a><\/figure>\n<\/div>\n\n\n<p>Der Lehrgang FAW - Brandschutz GWO wurde nach den Anforderungen des T\u00dcV und der aktuellen Gesetzgebung entwickelt. Das Kursprogramm deckt ein breites Themenspektrum ab, das von rechtlichen Aspekten \u00fcber den Umgang mit Brandf\u00e4llen auf Windenergieanlagen bis hin zu praktischen \u00dcbungen anhand von realistischen Szenarien reicht.&nbsp;<\/p>\n\n\n\n<p>Nach Abschluss der Brandschutzschulung werden die Absolventen unter anderem folgende Kenntnisse erworben haben&nbsp;<\/p>\n\n\n\n<ul class=\"wp-block-list\">\n<li>Ermittlung der Ursachen von Br\u00e4nden in Windkraftanlagen und der damit verbundenen Risiken,&nbsp;<\/li>\n\n\n\n<li>fr\u00fchzeitiges Erkennen von Anzeichen eines Brandes im Turbinenbereich,&nbsp;<\/li>\n\n\n\n<li>Erstellung individueller Notfallpl\u00e4ne f\u00fcr Windkraftanlagen, die Strategien zur Branderkennung und detaillierte Evakuierungsverfahren enthalten.&nbsp;<\/li>\n\n\n\n<li>Ma\u00dfnahmen, um die Ausbreitung des Feuers zu verhindern und den Verlauf des Feuers zu beschreiben.&nbsp;<\/li>\n\n\n\n<li>die wirksame Durchf\u00fchrung von Brandbek\u00e4mpfungsma\u00dfnahmen an Windenergieanlagen unter Ber\u00fccksichtigung des sachgerechten Einsatzes von Basisl\u00f6schmitteln,&nbsp;<\/li>\n\n\n\n<li>F\u00e4higkeit zur Erstellung von Notfallpl\u00e4nen f\u00fcr Windkraftanlagen unter Ber\u00fccksichtigung von Brandmelde- und Evakuierungsverfahren.&nbsp;<\/li>\n<\/ul>\n\n\n\n<h2 class=\"wp-block-heading\">FAW-Kurs - Zertifizierung&nbsp;&nbsp;<\/h2>\n\n\n\n<p>Das CSO Operator Training Centre ist von DNV und GWO akkreditiert.&nbsp;&nbsp;<\/p>\n\n\n\n<p>Unsere Schulungen zum Thema Brandschutz entsprechen dem aktuellen GWO-Standard f\u00fcr grundlegende Sicherheitsschulungen.&nbsp;<\/p>\n\n\n\n<p>Nach Abschluss des Kurses erhalten die Teilnehmer ein Zertifikat, das ihnen best\u00e4tigt, dass sie die Ausbildung abgeschlossen und die erforderlichen Qualifikationen und F\u00e4higkeiten im Bereich des Brandschutzes erworben haben. Damit sind die Teilnehmer darauf vorbereitet, nicht nur in der Windenergiebranche, sondern auch in anderen brandgef\u00e4hrdeten Umgebungen sicher zu arbeiten.&nbsp;&nbsp;<\/p>\n\n\n\n<p>Die G\u00fcltigkeit des Zertifikats betr\u00e4gt 24 Monate. Wir empfehlen den Teilnehmern, ihre Ausbildung vor Ablauf dieser Frist aufzufrischen, um ihre Qualifikationen und Kenntnisse auf dem neuesten Stand zu halten.&nbsp;<\/p>\n\n\n\n<h2 class=\"wp-block-heading\">FAW-Kurs - Zugangsvoraussetzungen\u00a0<\/h2>\n\n\n\n<p>Um an einer Schulung zum Thema H\u00f6henarbeit teilnehmen zu k\u00f6nnen, m\u00fcssen bestimmte Voraussetzungen erf\u00fcllt werden:\u00a0<\/p>\n\n\n\n<ul class=\"wp-block-list\">\n<li>Mindestalter 18 Jahre,&nbsp;<\/li>\n\n\n\n<li>mindestens einen Sekundarschulabschluss,&nbsp;<\/li>\n\n\n\n<li>eine aktuelle Bescheinigung eines Arbeitsmediziners, aus der hervorgeht, dass keine gesundheitlichen Einw\u00e4nde gegen die Arbeit in einer H\u00f6he von mehr als drei Metern bestehen,&nbsp;<\/li>\n\n\n\n<li>Sozialversicherung oder Unfallversicherung gezahlt,&nbsp;<\/li>\n\n\n\n<li>die eine WINDA-ID-Nummer haben,&nbsp;<\/li>\n\n\n\n<li>einen ordnungsgem\u00e4\u00df ausgef\u00fcllten medizinischen Fragebogen,&nbsp;<\/li>\n\n\n\n<li>geeignete Arbeitskleidung und Schuhe sowie Handschuhe,&nbsp;<\/li>\n\n\n\n<li>bezahlte Ausbildungsgeb\u00fchr,&nbsp;<\/li>\n\n\n\n<li>ein g\u00fcltiges Ausweisdokument, wie z. B. einen Personalausweis.&nbsp;<\/li>\n<\/ul>\n\n\n\n<p>Die H\u00f6chstzahl der Teilnehmer pro Gruppe betr\u00e4gt 10-12.&nbsp;&nbsp;<\/p>\n\n\n\n<h2 class=\"wp-block-heading\">FAW-Kurs - Kosten \u00a0<\/h2>\n\n\n\n<p>Die Geb\u00fchr f\u00fcr die Brandschutzschulung wird individuell festgelegt. Sie richtet sich nach der Anzahl der Kursteilnehmer. F\u00fcr gr\u00f6\u00dfere Gruppen werden attraktive Rabatte gew\u00e4hrt.\u00a0<\/p>\n\n\n\n<h2 class=\"wp-block-heading\">FAW-Kurs - Veranstaltungsort&nbsp;<\/h2>\n\n\n\n<p><a href=\"https:\/\/szkolenia-udt.pl\/de\/kursy\/\">Unsere Ausbildung<\/a> Sie finden an verschiedenen Orten statt, unter anderem in Warschau und unseren regionalen Niederlassungen in ganz Polen. Wir bieten auch die M\u00f6glichkeit, Schulungen in den R\u00e4umlichkeiten des Kunden durchzuf\u00fchren, indem wir zu einem f\u00fcr den Kunden geeigneten Ort reisen.&nbsp;<\/p>\n\n\n\n<p>Einzelheiten zu den offenen Kursen finden Sie auf unserer Website. Wenn Sie an einer geschlossenen Schulung interessiert sind, bitten wir Sie, sich mit unserem Zentrum in Verbindung zu setzen, damit wir Ihnen ein individuelles, auf Ihre Bed\u00fcrfnisse zugeschnittenes Angebot erstellen k\u00f6nnen.&nbsp;<\/p>\n\n\n\n<p>Wenn Sie Fragen zu unseren Kursen haben, wenden Sie sich bitte an <a href=\"https:\/\/szkolenia-udt.pl\/de\/kontakt\/\">Telefon- oder E-Mail-Kontakt<\/a>. Unser Team ist bereit, alle Fragen zu beantworten und alle Zweifel zu beseitigen. Sie sind auch herzlich eingeladen, unser Zentrum zu besuchen, wo wir Ihnen gerne unser Angebot vorstellen und einen Kostenvoranschlag f\u00fcr Interessenten erstellen.&nbsp;<\/p>\n\n\n\n<p>Sie sind herzlich eingeladen zu den Kursen des OSO Operator Training Centre for Fire Awareness (FAW) - Brandschutz in Warschau und im ganzen Land.&nbsp;<\/p>","protected":false},"excerpt":{"rendered":"<p>Kurs Ochrona przeciwpo\u017carowa \u2013 dla os\u00f3b pracuj\u0105cych w \u015brodowisku turbin wiatrowych&nbsp; O\u015brodek Szkolenia Operator\u00f3w OSO serdecznie zaprasza na kurs Fire Awareness (FAW) \u2013 Ochrona przeciwpo\u017carowa.&nbsp;&nbsp; Nasza oferta kursu skierowana jest do wszystkich zainteresowanych podstawowymi zasadami bezpiecze\u0144stwa przeciwpo\u017carowego. Chcemy Pa\u0144stwu przekaza\u0107 niezb\u0119dn\u0105 wiedz\u0119 dotycz\u0105c\u0105 prewencji oraz sposob\u00f3w post\u0119powania w przypadku wybuchu po\u017caru, a tak\u017ce umiej\u0119tno\u015bci w\u0142a\u015bciwego [&hellip;]<\/p>\n","protected":false},"author":3,"featured_media":5342,"parent":5314,"menu_order":0,"comment_status":"closed","ping_status":"closed","template":"","meta":{"footnotes":""},"class_list":["post-5339","page","type-page","status-publish","has-post-thumbnail","hentry"],"aioseo_notices":[],"_links":{"self":[{"href":"https:\/\/szkolenia-udt.pl\/de\/wp-json\/wp\/v2\/pages\/5339","targetHints":{"allow":["GET"]}}],"collection":[{"href":"https:\/\/szkolenia-udt.pl\/de\/wp-json\/wp\/v2\/pages"}],"about":[{"href":"https:\/\/szkolenia-udt.pl\/de\/wp-json\/wp\/v2\/types\/page"}],"author":[{"embeddable":true,"href":"https:\/\/szkolenia-udt.pl\/de\/wp-json\/wp\/v2\/users\/3"}],"replies":[{"embeddable":true,"href":"https:\/\/szkolenia-udt.pl\/de\/wp-json\/wp\/v2\/comments?post=5339"}],"version-history":[{"count":2,"href":"https:\/\/szkolenia-udt.pl\/de\/wp-json\/wp\/v2\/pages\/5339\/revisions"}],"predecessor-version":[{"id":5343,"href":"https:\/\/szkolenia-udt.pl\/de\/wp-json\/wp\/v2\/pages\/5339\/revisions\/5343"}],"up":[{"embeddable":true,"href":"https:\/\/szkolenia-udt.pl\/de\/wp-json\/wp\/v2\/pages\/5314"}],"wp:featuredmedia":[{"embeddable":true,"href":"https:\/\/szkolenia-udt.pl\/de\/wp-json\/wp\/v2\/media\/5342"}],"wp:attachment":[{"href":"https:\/\/szkolenia-udt.pl\/de\/wp-json\/wp\/v2\/media?parent=5339"}],"curies":[{"name":"wp","href":"https:\/\/api.w.org\/{rel}","templated":true}]}}