{"id":5344,"date":"2023-12-11T12:10:05","date_gmt":"2023-12-11T11:10:05","guid":{"rendered":"https:\/\/szkolenia-udt.pl\/?page_id=5344"},"modified":"2023-12-11T12:10:19","modified_gmt":"2023-12-11T11:10:19","slug":"erste-hilfe-kurs-fa","status":"publish","type":"page","link":"https:\/\/szkolenia-udt.pl\/de\/kursy\/global-wind-organisation\/kurs-first-aid-fa\/","title":{"rendered":"Erste-Hilfe-Kurs (FA)\u00a0"},"content":{"rendered":"<h2 class=\"wp-block-heading\">Erste-Hilfe-Kurs - f\u00fcr Personen, die in der Umgebung von Windkraftanlagen arbeiten\u00a0<\/h2>\n\n\n<div class=\"wp-block-image\">\n<figure class=\"alignleft size-medium\"><a href=\"https:\/\/szkolenia-udt.pl\/wp-content\/uploads\/2023\/12\/s2-20.jpg\"><img loading=\"lazy\" decoding=\"async\" width=\"300\" height=\"200\" src=\"https:\/\/szkolenia-udt.pl\/wp-content\/uploads\/2023\/12\/s2-20-300x200.jpg\" alt=\"\" class=\"wp-image-5345\" srcset=\"https:\/\/szkolenia-udt.pl\/wp-content\/uploads\/2023\/12\/s2-20-300x200.jpg 300w, https:\/\/szkolenia-udt.pl\/wp-content\/uploads\/2023\/12\/s2-20-1024x683.jpg 1024w, https:\/\/szkolenia-udt.pl\/wp-content\/uploads\/2023\/12\/s2-20-768x512.jpg 768w, https:\/\/szkolenia-udt.pl\/wp-content\/uploads\/2023\/12\/s2-20-1536x1024.jpg 1536w, https:\/\/szkolenia-udt.pl\/wp-content\/uploads\/2023\/12\/s2-20-18x12.jpg 18w, https:\/\/szkolenia-udt.pl\/wp-content\/uploads\/2023\/12\/s2-20.jpg 1600w\" sizes=\"auto, (max-width: 300px) 100vw, 300px\" \/><\/a><\/figure>\n<\/div>\n\n\n<p><a href=\"https:\/\/szkolenia-udt.pl\/de\/o-firmie\/\">Schulungszentrum f\u00fcr OSO-Bediener<\/a> l\u00e4dt Sie herzlich zum Erste-Hilfe-Kurs (FA) ein - <a href=\"https:\/\/szkolenia-udt.pl\/de\/kursy\/bhp-ppoz\/przychodzimy-z-pomoca\/\">Erste Hilfe<\/a>.\u00a0\u00a0<\/p>\n\n\n\n<p>Unser Hauptziel ist es, die Kursteilnehmer umfassend (theoretisch und praktisch) in sicherer und effektiver Erster Hilfe auszubilden, mit besonderem Augenmerk auf die Bed\u00fcrfnisse der Arbeit in einer Windkraftanlage.&nbsp;<\/p>\n\n\n\n<p>Wir halten uns vollst\u00e4ndig an die GWO-Standards, was ein hohes Niveau der Ausbildung garantiert. Nach Abschluss unseres Kurses verf\u00fcgen Sie sowohl \u00fcber das theoretische Wissen als auch \u00fcber die praktischen F\u00e4higkeiten, die Sie in die Lage versetzen, in der Umgebung von Windkraftanlagen effektiv Erste Hilfe zu leisten, und zwar in voller \u00dcbereinstimmung mit den Erste-Hilfe-Richtlinien der GWO.&nbsp;<\/p>\n\n\n\n<p>In unserem Zentrum legen wir gro\u00dfen Wert auf die M\u00f6glichkeit, unter der Aufsicht von Fachleuten in diesem Bereich Kompetenzen und Kenntnisse zu erwerben. Unser Zentrum bietet FA-Kurse im ganzen Land an, sowohl in unserem Hauptsitz in Warschau als auch in den Au\u00dfenstellen, sowohl in Form von offenen als auch geschlossenen Kursen. Wenn Sie sich f\u00fcr die Teilnahme an einem Work at Heights-Training entscheiden, k\u00f6nnen Sie mit attraktiven finanziellen Konditionen rechnen.&nbsp;<\/p>\n\n\n\n<h2 class=\"wp-block-heading\">FA-Kurs - Hauptziel\u00a0<\/h2>\n\n\n<div class=\"wp-block-image\">\n<figure class=\"alignright size-medium\"><a href=\"https:\/\/szkolenia-udt.pl\/wp-content\/uploads\/2023\/12\/s2-22.jpg\"><img loading=\"lazy\" decoding=\"async\" width=\"300\" height=\"200\" src=\"https:\/\/szkolenia-udt.pl\/wp-content\/uploads\/2023\/12\/s2-22-300x200.jpg\" alt=\"\" class=\"wp-image-5346\" srcset=\"https:\/\/szkolenia-udt.pl\/wp-content\/uploads\/2023\/12\/s2-22-300x200.jpg 300w, https:\/\/szkolenia-udt.pl\/wp-content\/uploads\/2023\/12\/s2-22-1024x683.jpg 1024w, https:\/\/szkolenia-udt.pl\/wp-content\/uploads\/2023\/12\/s2-22-768x512.jpg 768w, https:\/\/szkolenia-udt.pl\/wp-content\/uploads\/2023\/12\/s2-22-1536x1024.jpg 1536w, https:\/\/szkolenia-udt.pl\/wp-content\/uploads\/2023\/12\/s2-22-18x12.jpg 18w, https:\/\/szkolenia-udt.pl\/wp-content\/uploads\/2023\/12\/s2-22.jpg 1600w\" sizes=\"auto, (max-width: 300px) 100vw, 300px\" \/><\/a><\/figure>\n<\/div>\n\n\n<p>Die Schulung soll den Teilnehmern die notwendigen F\u00e4higkeiten vermitteln, um bei Notf\u00e4llen auf \u00d6lplattformen und in Windparks medizinische Hilfe leisten zu k\u00f6nnen.\u00a0<\/p>\n\n\n\n<p>Nach Abschluss des Erste-Hilfe-Kurses sollten die Teilnehmer in der Lage sein, in lebens- und gesundheitsbedrohlichen Situationen wirksam zu reagieren. Sie sind in der Lage, Erste Hilfe zu leisten und verantwortungsvoll mit medizinischer Spezialausr\u00fcstung und Erste-Hilfe-Material umzugehen.&nbsp;<\/p>\n\n\n\n<h2 class=\"wp-block-heading\">FA-Lehrgang - Programm\u00a0<\/h2>\n\n\n\n<p>Der FA - Erste-Hilfe-Kurs ist ein integraler Bestandteil des Basic Safety Training Programms. Die Schulung erm\u00f6glicht es den Teilnehmern, die rechtlichen Aspekte der Ersten Hilfe kennenzulernen. Die Kursteilnehmer erwerben Kenntnisse \u00fcber die Grundlagen der menschlichen Anatomie, der Ersten Hilfe, der Bedienung eines AED-Defibrillators und der Unfallabl\u00e4ufe. Es besteht die M\u00f6glichkeit, die erworbenen Kenntnisse bei realistischen Ereignissimulationen in die Praxis umzusetzen.\u00a0<\/p>\n\n\n\n<p>Nach Abschluss der Schulung verf\u00fcgen die Teilnehmer \u00fcber die erforderlichen Kompetenzen f\u00fcr Arbeiten in der H\u00f6he. Das Schulungsprogramm bietet Technikern, die an Windkraftanlagen arbeiten, ein H\u00f6chstma\u00df an Sicherheit, was wichtig ist, wenn Windkraftanlagen in Gebieten stehen, die von Rettungsdiensten weit entfernt sind.&nbsp;<\/p>\n\n\n\n<p>W\u00e4hrend der Erste-Hilfe-Ausbildung erwerben die Teilnehmer die erforderlichen Kenntnisse und F\u00e4higkeiten:&nbsp;<\/p>\n\n\n\n<ul class=\"wp-block-list\">\n<li>sichere Erste Hilfe unter Ber\u00fccksichtigung der \u00f6rtlichen Gesetzgebung, der Leitlinien des Europ\u00e4ischen Rates f\u00fcr Wiederbelebung und der American Heart Association,&nbsp;<\/li>\n\n\n\n<li>Symptome zu erkennen und angemessen auf schwere Verletzungen oder pl\u00f6tzliche Erkrankungen zu reagieren,&nbsp;<\/li>\n\n\n\n<li>einen Zeitplan f\u00fcr Notfallma\u00dfnahmen in Bezug auf das Gebiet der Windkraftanlage,&nbsp;<\/li>\n\n\n\n<li>die korrekte Verwendung der Erste-Hilfe-Ausr\u00fcstung gem\u00e4\u00df dem C-A-B-C-D-E-Grunduntersuchungsprotokoll,&nbsp;<\/li>\n\n\n\n<li>den effektiven Einsatz eines automatischen externen Defibrillators (AED),&nbsp;<\/li>\n\n\n\n<li>die Behandlung von Knochenbr\u00fcchen, Kopfverletzungen oder Vergiftungen,&nbsp;<\/li>\n\n\n\n<li>Erste Hilfe bei Schnittwunden, Verbrennungen, Stromschlag, Schock oder Hitzschlag,&nbsp;<\/li>\n\n\n\n<li>weitere Untersuchungen im Rahmen der Ersten Hilfe durchzuf\u00fchren,&nbsp;<\/li>\n\n\n\n<li>den richtigen Umgang mit Erste-Hilfe-Ausr\u00fcstung (szenariobasierte Erfahrung),&nbsp;<\/li>\n\n\n\n<li>Erste Hilfe f\u00fcr Menschen mit chronischen Krankheiten leisten,&nbsp;<\/li>\n\n\n\n<li>Umgang mit medizinischen Ger\u00e4ten wie Tragen, orthop\u00e4dischen Kragen und orthop\u00e4dischen Manschetten.&nbsp;<\/li>\n<\/ul>\n\n\n\n<h2 class=\"wp-block-heading\">FA-Lehrgang - Zertifizierung&nbsp;&nbsp;<\/h2>\n\n\n\n<p>Das CSO Operator Training Centre ist von DNV und GWO akkreditiert.&nbsp;<\/p>\n\n\n\n<p>Unsere Erste-Hilfe-Schulungen werden nach dem aktuellen GWO-Standard f\u00fcr grundlegende Sicherheitsschulungen durchgef\u00fchrt.&nbsp;&nbsp;<\/p>\n\n\n\n<p>Nach Abschluss des Kurses erhalten die Teilnehmer eine Bescheinigung \u00fcber die Teilnahme. Das Zertifikat ist eine offizielle Bescheinigung, dass der Teilnehmer die erforderlichen Erste-Hilfe-Kenntnisse erworben hat und in der Lage ist, in lebensbedrohlichen Situationen zu reagieren.&nbsp;<\/p>\n\n\n\n<p>Die G\u00fcltigkeit des Zertifikats betr\u00e4gt 24 Monate. Wir empfehlen den Teilnehmern, ihre Ausbildung vor Ablauf dieser Frist aufzufrischen, um ihre Qualifikationen und Kenntnisse auf dem neuesten Stand zu halten.&nbsp;<\/p>\n\n\n\n<h2 class=\"wp-block-heading\">FA-Kurs - Zugangsvoraussetzungen\u00a0<\/h2>\n\n\n\n<p>Um an einer Schulung zum Thema H\u00f6henarbeit teilnehmen zu k\u00f6nnen, m\u00fcssen bestimmte Voraussetzungen erf\u00fcllt werden:\u00a0<\/p>\n\n\n\n<ul class=\"wp-block-list\">\n<li>Mindestalter 18 Jahre,&nbsp;<\/li>\n\n\n\n<li>mindestens einen Sekundarschulabschluss,&nbsp;<\/li>\n\n\n\n<li>eine aktuelle Bescheinigung eines Arbeitsmediziners, aus der hervorgeht, dass keine gesundheitlichen Einw\u00e4nde gegen die Arbeit in einer H\u00f6he von mehr als drei Metern bestehen,&nbsp;<\/li>\n\n\n\n<li>Sozialversicherung oder Unfallversicherung gezahlt,&nbsp;<\/li>\n\n\n\n<li>die eine WINDA-ID-Nummer haben,&nbsp;<\/li>\n\n\n\n<li>einen ordnungsgem\u00e4\u00df ausgef\u00fcllten medizinischen Fragebogen,&nbsp;<\/li>\n\n\n\n<li>bezahlte Ausbildungsgeb\u00fchr,&nbsp;<\/li>\n\n\n\n<li>ein g\u00fcltiges Ausweisdokument, wie z. B. einen Personalausweis.&nbsp;<\/li>\n<\/ul>\n\n\n\n<p>Die H\u00f6chstzahl der Teilnehmer pro Gruppe betr\u00e4gt 10-12.&nbsp;&nbsp;&nbsp;<\/p>\n\n\n\n<h2 class=\"wp-block-heading\">FA-Kurs - Kosten \u00a0<\/h2>\n\n\n\n<p>Die Geb\u00fchr f\u00fcr Erste-Hilfe-Kurse wird individuell festgelegt. Sie richtet sich nach der Anzahl der Kursteilnehmer. F\u00fcr gr\u00f6\u00dfere Gruppen werden attraktive Rabatte gew\u00e4hrt.\u00a0<\/p>\n\n\n\n<h2 class=\"wp-block-heading\">FA-Kurs - Veranstaltungsort&nbsp;<\/h2>\n\n\n\n<p><a href=\"https:\/\/szkolenia-udt.pl\/de\/kursy\/\">Unsere Ausbildung<\/a> Sie finden an verschiedenen Orten statt, unter anderem in Warschau und unseren regionalen Niederlassungen in ganz Polen. Wir bieten auch die M\u00f6glichkeit, Schulungen in den R\u00e4umlichkeiten des Kunden durchzuf\u00fchren, indem wir zu einem f\u00fcr den Kunden geeigneten Ort reisen.&nbsp;<\/p>\n\n\n\n<p>Einzelheiten zu den offenen Kursen finden Sie auf unserer Website. Wenn Sie an einer geschlossenen Schulung interessiert sind, bitten wir Sie, sich mit unserem Zentrum in Verbindung zu setzen, damit wir Ihnen ein individuelles, auf Ihre Bed\u00fcrfnisse zugeschnittenes Angebot erstellen k\u00f6nnen.&nbsp;<\/p>\n\n\n\n<p>Wenn Sie Fragen zu unseren Kursen haben, wenden Sie sich bitte an <a href=\"https:\/\/szkolenia-udt.pl\/de\/kontakt\/\">Telefon- oder E-Mail-Kontakt<\/a>. Unser Team ist bereit, alle Fragen zu beantworten und alle Zweifel zu beseitigen. Sie sind auch herzlich eingeladen, unser Zentrum zu besuchen, wo wir Ihnen gerne unser Angebot vorstellen und einen Kostenvoranschlag f\u00fcr Interessenten erstellen.&nbsp;<\/p>\n\n\n\n<p>Wir laden Sie herzlich zum OSO Operator Training Centre for First Aid (FA) - Erste-Hilfe-Kurse in Warschau und im ganzen Land ein.&nbsp;<\/p>","protected":false},"excerpt":{"rendered":"<p>Kurs Pierwszej pomocy \u2013 dla os\u00f3b pracuj\u0105cych w \u015brodowisku turbin wiatrowych\u00a0 O\u015brodek Szkolenia Operator\u00f3w OSO serdecznie zaprasza na kurs First Aid (FA) \u2013 Pierwsza pomoc.\u00a0\u00a0 Naszym g\u0142\u00f3wnym celem jest kompleksowe (w spos\u00f3b teoretyczny i praktyczny) przeszkolenie uczestnik\u00f3w kursu w zakresie udzielania bezpiecznej i skutecznej pierwszej pomocy, ze szczeg\u00f3lnym uwzgl\u0119dnieniem potrzeb zwi\u0105zanych z prac\u0105 w \u015brodowisku [&hellip;]<\/p>\n","protected":false},"author":3,"featured_media":5345,"parent":5314,"menu_order":0,"comment_status":"closed","ping_status":"closed","template":"","meta":{"footnotes":""},"class_list":["post-5344","page","type-page","status-publish","has-post-thumbnail","hentry"],"aioseo_notices":[],"_links":{"self":[{"href":"https:\/\/szkolenia-udt.pl\/de\/wp-json\/wp\/v2\/pages\/5344","targetHints":{"allow":["GET"]}}],"collection":[{"href":"https:\/\/szkolenia-udt.pl\/de\/wp-json\/wp\/v2\/pages"}],"about":[{"href":"https:\/\/szkolenia-udt.pl\/de\/wp-json\/wp\/v2\/types\/page"}],"author":[{"embeddable":true,"href":"https:\/\/szkolenia-udt.pl\/de\/wp-json\/wp\/v2\/users\/3"}],"replies":[{"embeddable":true,"href":"https:\/\/szkolenia-udt.pl\/de\/wp-json\/wp\/v2\/comments?post=5344"}],"version-history":[{"count":1,"href":"https:\/\/szkolenia-udt.pl\/de\/wp-json\/wp\/v2\/pages\/5344\/revisions"}],"predecessor-version":[{"id":5347,"href":"https:\/\/szkolenia-udt.pl\/de\/wp-json\/wp\/v2\/pages\/5344\/revisions\/5347"}],"up":[{"embeddable":true,"href":"https:\/\/szkolenia-udt.pl\/de\/wp-json\/wp\/v2\/pages\/5314"}],"wp:featuredmedia":[{"embeddable":true,"href":"https:\/\/szkolenia-udt.pl\/de\/wp-json\/wp\/v2\/media\/5345"}],"wp:attachment":[{"href":"https:\/\/szkolenia-udt.pl\/de\/wp-json\/wp\/v2\/media?parent=5344"}],"curies":[{"name":"wp","href":"https:\/\/api.w.org\/{rel}","templated":true}]}}