{"id":5348,"date":"2023-12-11T12:17:56","date_gmt":"2023-12-11T11:17:56","guid":{"rendered":"https:\/\/szkolenia-udt.pl\/?page_id=5348"},"modified":"2023-12-11T12:17:57","modified_gmt":"2023-12-11T11:17:57","slug":"manuelle-handhabung-mh-kurs","status":"publish","type":"page","link":"https:\/\/szkolenia-udt.pl\/de\/kursy\/global-wind-organisation\/kurs-manual-handling-mh\/","title":{"rendered":"Kurs \u00fcber manuelle Handhabung (MH)\u00a0"},"content":{"rendered":"<h2 class=\"wp-block-heading\">Kurs \u00fcber manuelle Handhabung - f\u00fcr Personen, die in einer Windkraftanlage arbeiten \u00a0<\/h2>\n\n\n<div class=\"wp-block-image\">\n<figure class=\"alignright size-medium\"><a href=\"https:\/\/szkolenia-udt.pl\/wp-content\/uploads\/2023\/12\/s2-21.jpg\"><img loading=\"lazy\" decoding=\"async\" width=\"300\" height=\"193\" src=\"https:\/\/szkolenia-udt.pl\/wp-content\/uploads\/2023\/12\/s2-21-300x193.jpg\" alt=\"\" class=\"wp-image-5349\" srcset=\"https:\/\/szkolenia-udt.pl\/wp-content\/uploads\/2023\/12\/s2-21-300x193.jpg 300w, https:\/\/szkolenia-udt.pl\/wp-content\/uploads\/2023\/12\/s2-21-1024x657.jpg 1024w, https:\/\/szkolenia-udt.pl\/wp-content\/uploads\/2023\/12\/s2-21-768x493.jpg 768w, https:\/\/szkolenia-udt.pl\/wp-content\/uploads\/2023\/12\/s2-21-1536x986.jpg 1536w, https:\/\/szkolenia-udt.pl\/wp-content\/uploads\/2023\/12\/s2-21-18x12.jpg 18w, https:\/\/szkolenia-udt.pl\/wp-content\/uploads\/2023\/12\/s2-21.jpg 1600w\" sizes=\"auto, (max-width: 300px) 100vw, 300px\" \/><\/a><\/figure>\n<\/div>\n\n\n<p><a href=\"https:\/\/szkolenia-udt.pl\/de\/o-firmie\/\">Schulungszentrum f\u00fcr OSO-Bediener<\/a> l\u00e4dt Sie herzlich zu dem Kurs Manuelle Handhabung (MH) ein.\u00a0\u00a0<\/p>\n\n\n\n<p>Unsere Schulung zur manuellen Handhabung soll sicherstellen, dass die Teilnehmer ein Bewusstsein f\u00fcr die potenziellen Gefahren bei ihrer Arbeit entwickeln und die Folgen m\u00f6glicher Fehler bei Transportvorg\u00e4ngen kennen lernen. Au\u00dferdem m\u00f6chten wir wirksame Methoden zur Minimierung von Risiken am Arbeitsplatz vermitteln. Dieser Kurs ist \u00e4u\u00dferst n\u00fctzlich f\u00fcr alle, die mit dem Bau, dem Betrieb oder der Wartung von Windkraftanlagen zu tun haben.&nbsp;&nbsp;<\/p>\n\n\n\n<p>Wir bieten Schulungen nach GWO-Standards an, die ein hohes Lernniveau garantieren. Die Schulungsteilnehmer werden in der Lage sein, die erworbenen theoretischen und praktischen Kenntnisse zu nutzen, um Techniken zur Unterst\u00fctzung der manuellen Handhabung effektiv anzuwenden und die Ausr\u00fcstung im Bereich der Windenergieanlagen ordnungsgem\u00e4\u00df zu bedienen, wobei die h\u00f6chsten Sicherheitsstandards gem\u00e4\u00df den Richtlinien zur manuellen Handhabung eingehalten werden.&nbsp;<\/p>\n\n\n\n<p>In unserem Zentrum legen wir gro\u00dfen Wert auf die M\u00f6glichkeit, Kompetenz und Wissen unter der Aufsicht von Experten in diesem Bereich zu erwerben. Unser Zentrum bietet MH-Kurse im ganzen Land an, sowohl in unserem Hauptsitz in Warschau als auch in den Au\u00dfenstellen, sowohl in Form von offenen als auch geschlossenen Kursen. Wenn Sie sich f\u00fcr die Teilnahme an einem Work at Heights-Training entscheiden, k\u00f6nnen Sie mit attraktiven finanziellen Bedingungen rechnen.&nbsp;<\/p>\n\n\n\n<h2 class=\"wp-block-heading\">MH-Kurs - Hauptziel\u00a0<\/h2>\n\n\n\n<p>Die Schulung soll die Teilnehmer auf die k\u00f6rperliche Arbeit auf einer Baustelle oder bei der Wartung von Windkraftanlagen vorbereiten. Der Schwerpunkt des Schulungsprogramms liegt auf der Er\u00f6rterung der Grunds\u00e4tze des richtigen Hebens und Handlings von Lasten unterschiedlichen Gewichts und unterschiedlicher Gr\u00f6\u00dfe. Der Kurs macht die Teilnehmer auch mit Techniken zur Evakuierung verletzter Personen aus gef\u00e4hrdeten Bereichen rund um Windkraftanlagen vertraut.\u00a0<\/p>\n\n\n\n<h2 class=\"wp-block-heading\">MH-Kurs - Programm\u00a0<\/h2>\n\n\n\n<p>Die Schulung MH - Manuelle Handhabung ist ein umfassendes Programm, das sowohl theoretischen als auch praktischen Unterricht umfasst. Sein Hauptziel ist es, die Teilnehmer mit Techniken f\u00fcr die sichere und korrekte manuelle Handhabung von Lasten im Umfeld von Windkraftanlagen gem\u00e4\u00df den GWO-Richtlinien vertraut zu machen.\u00a0<\/p>\n\n\n\n<p>Nach Abschluss dieses Kurses zur manuellen Handhabung hat der Teilnehmer Kenntnisse in den folgenden Bereichen erworben:&nbsp;<\/p>\n\n\n\n<ul class=\"wp-block-list\">\n<li>eine bewusste Herangehensweise an die Erf\u00fcllung der beruflichen Pflichten unter Ber\u00fccksichtigung von Sicherheitsaspekten, Angemessenheit und Einhaltung der \u00f6rtlichen Rechtsvorschriften,&nbsp;<\/li>\n\n\n\n<li>die korrekte Identifizierung potenzieller arbeitsbedingter Gefahren, die sich negativ auf das Muskel-Skelett-System auswirken k\u00f6nnen,&nbsp;<\/li>\n\n\n\n<li>die Anwendung sicherer Praktiken und Techniken bei der manuellen Handhabung von Gegenst\u00e4nden, einschlie\u00dflich der richtigen Handhabung der erforderlichen Ausr\u00fcstung,&nbsp;<\/li>\n\n\n\n<li>Erkennen von Anzeichen und Symptomen, die sich aus der falschen Anwendung von manuellen Handhabungstechniken ergeben,&nbsp;<\/li>\n\n\n\n<li>Entwicklung der F\u00e4higkeit, Probleme bei der manuellen Handhabung in der spezifischen Umgebung von Windkraftanlagen zu l\u00f6sen,&nbsp;<\/li>\n\n\n\n<li>Anwendung wirksamer Techniken zur Risikominimierung bei der Durchf\u00fchrung manueller T\u00e4tigkeiten,&nbsp;<\/li>\n\n\n\n<li>praktische \u00dcbungen auf der Grundlage verschiedener Szenarien,&nbsp;<\/li>\n\n\n\n<li>Er\u00f6rterung von Rechtsfragen im Zusammenhang mit der manuellen Handhabung,&nbsp;<\/li>\n\n\n\n<li>die Grundlagen der Anatomie, die f\u00fcr die ordnungsgem\u00e4\u00dfe Durchf\u00fchrung von Lastenhandhabungsaufgaben unerl\u00e4sslich sind.&nbsp;<\/li>\n<\/ul>\n\n\n\n<h2 class=\"wp-block-heading\">MH-Kurs - Zertifizierung&nbsp;&nbsp;<\/h2>\n\n\n\n<p>Das CSO Operator Training Centre ist von DNV und GWO akkreditiert.&nbsp;<\/p>\n\n\n\n<p>Unsere Schulungen zur manuellen Handhabung werden nach dem aktuellen GWO-Standard f\u00fcr grundlegende Sicherheitsschulungen durchgef\u00fchrt.&nbsp;&nbsp;<\/p>\n\n\n\n<p>Nach Abschluss des Kurses erhalten die Teilnehmer ein Zertifikat, das best\u00e4tigt, dass sie die Schulung absolviert und Qualifikationen und F\u00e4higkeiten im Bereich der manuellen Handhabung erworben haben. Mit den erworbenen Kenntnissen ist der Teilnehmer ausreichend vorbereitet, um in der Windenergiebranche sowie in anderen Umgebungen, in denen ein Verletzungsrisiko im Zusammenhang mit manuellen T\u00e4tigkeiten besteht, sicher zu arbeiten.&nbsp;&nbsp;<\/p>\n\n\n\n<p>Die G\u00fcltigkeit des Zertifikats betr\u00e4gt 24 Monate. Wir empfehlen den Teilnehmern, ihre Ausbildung vor Ablauf dieser Frist aufzufrischen, um ihre Qualifikationen und Kenntnisse auf dem neuesten Stand zu halten.&nbsp;<\/p>\n\n\n\n<h2 class=\"wp-block-heading\">MH-Kurs - Voraussetzungen f\u00fcr die Teilnahme\u00a0<\/h2>\n\n\n\n<p>Um an einer Schulung zum Thema H\u00f6henarbeit teilnehmen zu k\u00f6nnen, m\u00fcssen bestimmte Voraussetzungen erf\u00fcllt werden:\u00a0<\/p>\n\n\n\n<ul class=\"wp-block-list\">\n<li>Mindestalter 18 Jahre,&nbsp;<\/li>\n\n\n\n<li>mindestens einen Sekundarschulabschluss,&nbsp;<\/li>\n\n\n\n<li>eine aktuelle Bescheinigung eines Arbeitsmediziners, aus der hervorgeht, dass keine gesundheitlichen Einw\u00e4nde gegen die Arbeit in einer H\u00f6he von mehr als drei Metern bestehen,&nbsp;<\/li>\n\n\n\n<li>Sozialversicherung oder Unfallversicherung gezahlt,&nbsp;<\/li>\n\n\n\n<li>die eine WINDA-ID-Nummer haben,&nbsp;<\/li>\n\n\n\n<li>einen ordnungsgem\u00e4\u00df ausgef\u00fcllten medizinischen Fragebogen,&nbsp;<\/li>\n\n\n\n<li>geeignete Arbeitskleidung und Schuhe sowie Handschuhe,&nbsp;<\/li>\n\n\n\n<li>bezahlte Ausbildungsgeb\u00fchr,&nbsp;<\/li>\n\n\n\n<li>ein g\u00fcltiges Ausweisdokument, wie z. B. einen Personalausweis.&nbsp;<\/li>\n<\/ul>\n\n\n\n<p>Die H\u00f6chstzahl der Teilnehmer pro Gruppe betr\u00e4gt 10-12.&nbsp;&nbsp;&nbsp;<\/p>\n\n\n\n<h2 class=\"wp-block-heading\">MH-Kurs - Kosten \u00a0<\/h2>\n\n\n\n<p>Die Geb\u00fchr f\u00fcr Schulungen zur manuellen Handhabung wird individuell festgelegt. Sie richtet sich nach der Anzahl der Kursteilnehmer. F\u00fcr gr\u00f6\u00dfere Gruppen gibt es attraktive Rabatte.\u00a0<\/p>\n\n\n\n<h2 class=\"wp-block-heading\">MH-Kurs - Veranstaltungsort&nbsp;<\/h2>\n\n\n\n<p><a href=\"https:\/\/szkolenia-udt.pl\/de\/kursy\/\">Unsere Ausbildung<\/a> Sie finden an verschiedenen Orten statt, unter anderem in Warschau und unseren regionalen Niederlassungen in ganz Polen. Wir bieten auch die M\u00f6glichkeit, Schulungen in den R\u00e4umlichkeiten des Kunden durchzuf\u00fchren, indem wir zu einem f\u00fcr den Kunden geeigneten Ort reisen.&nbsp;<\/p>\n\n\n\n<p>Einzelheiten zu den offenen Kursen finden Sie auf unserer Website. Wenn Sie an einer geschlossenen Schulung interessiert sind, bitten wir Sie, sich mit unserem Zentrum in Verbindung zu setzen, damit wir Ihnen ein individuelles, auf Ihre Bed\u00fcrfnisse zugeschnittenes Angebot erstellen k\u00f6nnen.&nbsp;<\/p>\n\n\n\n<p>Wenn Sie Fragen zu unseren Kursen haben, wenden Sie sich bitte an <a href=\"https:\/\/szkolenia-udt.pl\/de\/kontakt\/\">Telefon- oder E-Mail-Kontakt<\/a>. Unser Team ist bereit, alle Fragen zu beantworten und alle Zweifel zu beseitigen. Sie sind auch herzlich eingeladen, unser Zentrum zu besuchen, wo wir Ihnen gerne unser Angebot vorstellen und einen Kostenvoranschlag f\u00fcr Interessenten erstellen.&nbsp;<\/p>\n\n\n\n<p>Sie sind herzlich eingeladen, das OSO Operator Training Centre f\u00fcr Kurse zur manuellen Handhabung (MH) in Warschau und im ganzen Land zu besuchen.&nbsp;<\/p>","protected":false},"excerpt":{"rendered":"<p>Kurs Przenoszenie r\u0119czne \u2013 dla os\u00f3b pracuj\u0105cych w \u015brodowisku turbin wiatrowych \u00a0 O\u015brodek Szkolenia Operator\u00f3w OSO serdecznie zaprasza na kurs Manual Handling (MH) \u2013 Przenoszenie r\u0119czne.\u00a0\u00a0 Nasze szkolenie Manual Handling organizowane jest z my\u015bl\u0105 o tym, aby uczestnicy zdobyli \u015bwiadomo\u015b\u0107 potencjalnych zagro\u017ce\u0144 zwi\u0105zanych z wykonywaniem pracy oraz poznali konsekwencje ewentualnych b\u0142\u0119d\u00f3w podczas operacji transportowych. Pragniemy [&hellip;]<\/p>\n","protected":false},"author":3,"featured_media":5349,"parent":5314,"menu_order":0,"comment_status":"closed","ping_status":"closed","template":"","meta":{"footnotes":""},"class_list":["post-5348","page","type-page","status-publish","has-post-thumbnail","hentry"],"aioseo_notices":[],"_links":{"self":[{"href":"https:\/\/szkolenia-udt.pl\/de\/wp-json\/wp\/v2\/pages\/5348","targetHints":{"allow":["GET"]}}],"collection":[{"href":"https:\/\/szkolenia-udt.pl\/de\/wp-json\/wp\/v2\/pages"}],"about":[{"href":"https:\/\/szkolenia-udt.pl\/de\/wp-json\/wp\/v2\/types\/page"}],"author":[{"embeddable":true,"href":"https:\/\/szkolenia-udt.pl\/de\/wp-json\/wp\/v2\/users\/3"}],"replies":[{"embeddable":true,"href":"https:\/\/szkolenia-udt.pl\/de\/wp-json\/wp\/v2\/comments?post=5348"}],"version-history":[{"count":1,"href":"https:\/\/szkolenia-udt.pl\/de\/wp-json\/wp\/v2\/pages\/5348\/revisions"}],"predecessor-version":[{"id":5350,"href":"https:\/\/szkolenia-udt.pl\/de\/wp-json\/wp\/v2\/pages\/5348\/revisions\/5350"}],"up":[{"embeddable":true,"href":"https:\/\/szkolenia-udt.pl\/de\/wp-json\/wp\/v2\/pages\/5314"}],"wp:featuredmedia":[{"embeddable":true,"href":"https:\/\/szkolenia-udt.pl\/de\/wp-json\/wp\/v2\/media\/5349"}],"wp:attachment":[{"href":"https:\/\/szkolenia-udt.pl\/de\/wp-json\/wp\/v2\/media?parent=5348"}],"curies":[{"name":"wp","href":"https:\/\/api.w.org\/{rel}","templated":true}]}}