{"id":5351,"date":"2023-12-11T12:22:02","date_gmt":"2023-12-11T11:22:02","guid":{"rendered":"https:\/\/szkolenia-udt.pl\/?page_id=5351"},"modified":"2023-12-11T12:22:43","modified_gmt":"2023-12-11T11:22:43","slug":"seeuberlebenskurs-ss","status":"publish","type":"page","link":"https:\/\/szkolenia-udt.pl\/de\/kursy\/global-wind-organisation\/kurs-sea-survival-ss\/","title":{"rendered":"Kurs f\u00fcr das \u00dcberleben auf See (SS)\u00a0"},"content":{"rendered":"<h2 class=\"wp-block-heading\">Kurs \"\u00dcberleben auf See\" - f\u00fcr Personen, die in Offshore-Windparks arbeiten &nbsp;<\/h2>\n\n\n<div class=\"wp-block-image\">\n<figure class=\"alignleft size-medium\"><a href=\"https:\/\/szkolenia-udt.pl\/wp-content\/uploads\/2023\/12\/s2-23.jpg\"><img loading=\"lazy\" decoding=\"async\" width=\"300\" height=\"200\" src=\"https:\/\/szkolenia-udt.pl\/wp-content\/uploads\/2023\/12\/s2-23-300x200.jpg\" alt=\"\" class=\"wp-image-5353\" srcset=\"https:\/\/szkolenia-udt.pl\/wp-content\/uploads\/2023\/12\/s2-23-300x200.jpg 300w, https:\/\/szkolenia-udt.pl\/wp-content\/uploads\/2023\/12\/s2-23-1024x683.jpg 1024w, https:\/\/szkolenia-udt.pl\/wp-content\/uploads\/2023\/12\/s2-23-768x512.jpg 768w, https:\/\/szkolenia-udt.pl\/wp-content\/uploads\/2023\/12\/s2-23-1536x1024.jpg 1536w, https:\/\/szkolenia-udt.pl\/wp-content\/uploads\/2023\/12\/s2-23-18x12.jpg 18w, https:\/\/szkolenia-udt.pl\/wp-content\/uploads\/2023\/12\/s2-23.jpg 1600w\" sizes=\"auto, (max-width: 300px) 100vw, 300px\" \/><\/a><\/figure>\n<\/div>\n\n\n<p><a href=\"https:\/\/szkolenia-udt.pl\/de\/o-firmie\/\">Schulungszentrum f\u00fcr OSO-Bediener<\/a> l\u00e4dt Sie herzlich zum Sea Survival (SS)-Kurs ein.&nbsp;&nbsp;<\/p>\n\n\n\n<p>Unser Sea Survival Training konzentriert sich auf Sicherheit und angemessenes Verhalten im offenen Wasser, von der K\u00fcste bis zur Windkraftanlage auf See (<a href=\"https:\/\/szkolenia-udt.pl\/de\/kursy\/onshore-i-offshore\/\">Offshore<\/a>). Am Ende des Kurses werden die Teilnehmer \u00fcber die erforderlichen Kenntnisse und F\u00e4higkeiten verf\u00fcgen, um in jeder Phase des Offshore-Betriebs - vom Landbereich bis zur Offshore-Installation oder Windenergieanlage (WEA) - wirksam zu handeln und Pr\u00e4ventivma\u00dfnahmen zu ergreifen.&nbsp;<\/p>\n\n\n\n<p>Wir bieten eine Ausbildung nach den GWO-Standards an, die ein hohes Lernniveau garantiert. Die Kursteilnehmer werden in der Lage sein, die erworbenen theoretischen und praktischen Kenntnisse zu nutzen, um au\u00dferhalb des Landbereichs effektiv zu arbeiten, wobei stets die h\u00f6chsten Sicherheitsstandards gem\u00e4\u00df den GWO-Richtlinien f\u00fcr Sea Survival eingehalten werden.&nbsp;<\/p>\n\n\n\n<p>In unserem Zentrum legen wir gro\u00dfen Wert auf die M\u00f6glichkeit, unter der Aufsicht von Experten in diesem Bereich Kompetenzen und Kenntnisse zu erwerben. Unser Zentrum bietet Sea-Survival-Kurse im ganzen Land an, sowohl in unserem Hauptsitz in Warschau als auch in den Au\u00dfenstellen, sowohl in Form von offenen als auch geschlossenen Kursen. Wenn Sie sich f\u00fcr die Teilnahme an einem Sea-Survival-Kurs entscheiden, k\u00f6nnen Sie mit attraktiven finanziellen Bedingungen rechnen.&nbsp;<\/p>\n\n\n\n<p>F\u00fcr weitere Informationen zu den Kursorten bitten wir Sie, uns telefonisch oder per E-Mail zu kontaktieren.&nbsp;<\/p>\n\n\n\n<h2 class=\"wp-block-heading\">Sea Survival Kurs - Hauptziel&nbsp;<\/h2>\n\n\n\n<p>Der Kurs soll den Teilnehmern das n\u00f6tige Wissen vermitteln, um die vielen wichtigen Fragen zu verstehen, die mit der Arbeit im Bereich der Offshore-Windparks verbunden sind. Ziel des Kurses ist es, die richtigen Verhaltensweisen sowohl f\u00fcr typische Alltagssituationen als auch f\u00fcr Notf\u00e4lle im Zusammenhang mit der Offshore-Windenergie zu entwickeln. Durch die Verbindung von Theorie und Praxis bietet das Trainingsprogramm eine umfassende Vorbereitung auf die Bew\u00e4ltigung und das \u00dcberleben auf hoher See.&nbsp;<\/p>\n\n\n\n<h2 class=\"wp-block-heading\">See\u00fcberlebenskurs - Programm&nbsp;<\/h2>\n\n\n<div class=\"wp-block-image\">\n<figure class=\"alignright size-medium\"><a href=\"https:\/\/szkolenia-udt.pl\/wp-content\/uploads\/2023\/12\/screen_2x-25.jpg\"><img loading=\"lazy\" decoding=\"async\" width=\"300\" height=\"200\" src=\"https:\/\/szkolenia-udt.pl\/wp-content\/uploads\/2023\/12\/screen_2x-25-300x200.jpg\" alt=\"\" class=\"wp-image-5352\" srcset=\"https:\/\/szkolenia-udt.pl\/wp-content\/uploads\/2023\/12\/screen_2x-25-300x200.jpg 300w, https:\/\/szkolenia-udt.pl\/wp-content\/uploads\/2023\/12\/screen_2x-25-1024x683.jpg 1024w, https:\/\/szkolenia-udt.pl\/wp-content\/uploads\/2023\/12\/screen_2x-25-768x512.jpg 768w, https:\/\/szkolenia-udt.pl\/wp-content\/uploads\/2023\/12\/screen_2x-25-1536x1024.jpg 1536w, https:\/\/szkolenia-udt.pl\/wp-content\/uploads\/2023\/12\/screen_2x-25-18x12.jpg 18w, https:\/\/szkolenia-udt.pl\/wp-content\/uploads\/2023\/12\/screen_2x-25.jpg 1600w\" sizes=\"auto, (max-width: 300px) 100vw, 300px\" \/><\/a><\/figure>\n<\/div>\n\n\n<p>Der GWO Sea Survival Kurs befasst sich haupts\u00e4chlich mit praktischen Aktivit\u00e4ten in einer aquatischen Umgebung, um die Teilnehmer auf den Umgang mit dem offenen Meer vorzubereiten. Schwimmkenntnisse sind nicht erforderlich, aber sie erm\u00f6glichen die effektive Beherrschung von Man\u00f6vern in dieser Art von Umgebung. Das Schulungsprogramm umfasst auch rechtliche Fragen im Zusammenhang mit der Arbeit auf See und eine Einf\u00fchrung in Konzepte wie MOB, PLB, SAR und GDMSS.&nbsp;&nbsp;<\/p>\n\n\n\n<p>Der Kurs konzentriert sich auf Gefahren, die f\u00fcr die Meeresumwelt spezifisch sind, wie Temperaturschock, Unterk\u00fchlung und \u00dcberschwemmungsgefahr. Die Teilnehmer erlernen die sichere Evakuierung in Notfallsituationen und das richtige Verhalten beim Wechsel zwischen einer Turbine und einem Transportschiff (FTV). Im Rahmen des Programms lernen sie auch, wie sie sich selbst und andere retten k\u00f6nnen und wie sie im Notfall richtig Hilfe anfordern.&nbsp;<\/p>\n\n\n\n<p>Nach Abschluss des Sea-Survival-Kurses verf\u00fcgen die Teilnehmer \u00fcber Kenntnisse in folgenden Bereichen&nbsp;<\/p>\n\n\n\n<ul class=\"wp-block-list\">\n<li>Raumorganisation und geltende Vorschriften in Offshore-Windparks, so dass die Studierenden ihre Rolle, Aufgaben und Regeln in diesem Umfeld kennen,&nbsp;<\/li>\n\n\n\n<li>die Bedeutung einer angemessenen Kleidung und eines angemessenen Verhaltens in der N\u00e4he von Offshore-Windparks zu verstehen,&nbsp;<\/li>\n\n\n\n<li>die Symptome eines Hitzeschocks, einer Unterk\u00fchlung und der Gefahr des Ertrinkens im Meer zu erkennen und wirksam darauf zu reagieren,&nbsp;<\/li>\n\n\n\n<li>die angemessene und sichere Verwendung der pers\u00f6nlichen \u00dcberlebensausr\u00fcstung (LSA) und der pers\u00f6nlichen Schutzausr\u00fcstung (PSA), einschlie\u00dflich eines umfassenden Verst\u00e4ndnisses ihrer Funktionen und Grenzen,&nbsp;<\/li>\n\n\n\n<li>Global Maritime Distress and Safety Systems (GMDSS) Kommunikations- und Alarmsystem sowie Such- und Rettungsverfahren (SAR),&nbsp;<\/li>\n\n\n\n<li>Bew\u00e4ltigung von Notsituationen auf See,&nbsp;<\/li>\n\n\n\n<li>die mit der Bef\u00f6rderung verbundenen Gefahren und Risiken zu erkennen und entsprechend den Verfahren und der Ausr\u00fcstung der LSA sowie der vor Ort verf\u00fcgbaren PSA wirksame Pr\u00e4ventivma\u00dfnahmen anzuwenden,&nbsp;<\/li>\n\n\n\n<li>sicheres Verhalten auf Anlagen, Schiffen und Windkraftanlagen unter verschiedenen Bedingungen, einschlie\u00dflich Notfall- und Evakuierungssituationen,&nbsp;<\/li>\n\n\n\n<li>um sich mit der Ausr\u00fcstung sicher zwischen Kai und Schiff sowie zwischen Schiff und Windkraftanlage zu bewegen,&nbsp;<\/li>\n<\/ul>\n\n\n\n<p>In unserem Kurs lernen Sie auch, wie Sie in Mann-\u00fcber-Bord-Situationen (MOB) Hilfe leisten k\u00f6nnen.&nbsp;<\/p>\n\n\n\n<h2 class=\"wp-block-heading\">See\u00fcberlebenskurs - Zertifizierung&nbsp;&nbsp;<\/h2>\n\n\n\n<p>Das CSO Operator Training Centre ist von DNV und GWO akkreditiert.&nbsp;<\/p>\n\n\n\n<p>Unser Sea Survival Training wird nach dem aktuellen GWO Basic Safety Training Standard durchgef\u00fchrt.&nbsp;&nbsp;<\/p>\n\n\n\n<p>Am Ende des Kurses erhalten die Teilnehmer ein Zertifikat, das ihnen best\u00e4tigt, dass sie die Qualifikationen und F\u00e4higkeiten erworben haben, um im Bereich der Offshore-Windparks zu arbeiten. Das Zertifikat dient als offizielle Bescheinigung \u00fcber den Abschluss des Trainingskurses und best\u00e4tigt die Bereitschaft, sicher auf See zu arbeiten.&nbsp;<\/p>\n\n\n\n<p>Die G\u00fcltigkeit des Zertifikats betr\u00e4gt 24 Monate. Wir empfehlen den Teilnehmern, ihre Ausbildung vor Ablauf dieser Frist aufzufrischen, um ihre Qualifikationen und Kenntnisse auf dem neuesten Stand zu halten.&nbsp;<\/p>\n\n\n\n<h2 class=\"wp-block-heading\">Sea Survival Kurs - Zugangsvoraussetzungen&nbsp;<\/h2>\n\n\n\n<p>Um an einer Schulung zum Thema H\u00f6henarbeit teilnehmen zu k\u00f6nnen, m\u00fcssen bestimmte Voraussetzungen erf\u00fcllt werden:&nbsp;<\/p>\n\n\n\n<ul class=\"wp-block-list\">\n<li>Mindestalter 18 Jahre,&nbsp;<\/li>\n\n\n\n<li>mindestens einen Sekundarschulabschluss,&nbsp;<\/li>\n\n\n\n<li>eine aktuelle Bescheinigung eines Arbeitsmediziners, aus der hervorgeht, dass keine gesundheitlichen Einw\u00e4nde gegen die Arbeit in einer H\u00f6he von mehr als drei Metern bestehen,&nbsp;<\/li>\n\n\n\n<li>Sozialversicherung oder Unfallversicherung gezahlt,&nbsp;<\/li>\n\n\n\n<li>die eine WINDA-ID-Nummer haben,&nbsp;<\/li>\n\n\n\n<li>einen ordnungsgem\u00e4\u00df ausgef\u00fcllten medizinischen Fragebogen,&nbsp;<\/li>\n\n\n\n<li>Kleidung, die f\u00fcr den Aufenthalt in einer aquatischen Umgebung erforderlich ist,&nbsp;<\/li>\n\n\n\n<li>bezahlte Ausbildungsgeb\u00fchr,&nbsp;<\/li>\n\n\n\n<li>ein g\u00fcltiges Ausweisdokument, wie z. B. einen Personalausweis.&nbsp;<\/li>\n<\/ul>\n\n\n\n<p>Die H\u00f6chstzahl der Teilnehmer pro Gruppe betr\u00e4gt 10-12.&nbsp;&nbsp;&nbsp;<\/p>\n\n\n\n<h2 class=\"wp-block-heading\">See\u00fcberlebenskurs - Kosten &nbsp;<\/h2>\n\n\n\n<p>Die Geb\u00fchr f\u00fcr das Sea Survival Training wird individuell festgelegt. Sie richtet sich nach der Anzahl der Teilnehmer am Kurs. F\u00fcr gr\u00f6\u00dfere Gruppen werden attraktive Rabatte gew\u00e4hrt.&nbsp;<\/p>\n\n\n\n<h2 class=\"wp-block-heading\">Sea Survival Kurs - Veranstaltungsort&nbsp;<\/h2>\n\n\n\n<p><a href=\"https:\/\/szkolenia-udt.pl\/de\/kursy\/\">Unsere Ausbildung<\/a> Sie finden an verschiedenen Orten statt, unter anderem in Warschau und unseren regionalen Niederlassungen in ganz Polen. F\u00fcr weitere Informationen zu den Kursorten k\u00f6nnen Sie uns gerne telefonisch oder per E-Mail kontaktieren.&nbsp;<\/p>\n\n\n\n<p>Einzelheiten zu den offenen Kursen finden Sie auf unserer Website. Wenn Sie an einer geschlossenen Schulung interessiert sind, bitten wir Sie, sich mit unserem Zentrum in Verbindung zu setzen, damit wir Ihnen ein individuelles, auf Ihre Bed\u00fcrfnisse zugeschnittenes Angebot erstellen k\u00f6nnen.&nbsp;<\/p>\n\n\n\n<p>Wenn Sie Fragen zu unseren Kursen haben, wenden Sie sich bitte an <a href=\"https:\/\/szkolenia-udt.pl\/de\/kontakt\/\">Telefon- oder E-Mail-Kontakt<\/a>. Unser Team ist bereit, alle Fragen zu beantworten und alle Zweifel zu beseitigen. Sie sind auch herzlich eingeladen, unser Zentrum zu besuchen, wo wir Ihnen gerne unser Angebot vorstellen und einen Kostenvoranschlag f\u00fcr Interessenten erstellen.&nbsp;<\/p>\n\n\n\n<p>Sie sind herzlich eingeladen, das OSO Operators Training Centre f\u00fcr Sea Survival Kurse in Warschau und im ganzen Land zu besuchen.&nbsp;<\/p>","protected":false},"excerpt":{"rendered":"<p>Kurs Przetrwanie na morzu \u2013 dla os\u00f3b pracuj\u0105cych w \u015brodowisku morskich farm wiatrowych &nbsp; O\u015brodek Szkolenia Operator\u00f3w OSO serdecznie zaprasza na kurs Sea Survival (SS) \u2013 Przetrwanie na morzu.&nbsp;&nbsp; Nasze szkolenie Sea Survival koncentruje si\u0119 na zagadnieniach zwi\u0105zanych z bezpiecze\u0144stwem oraz odpowiednim zachowaniem si\u0119 na obszarze w\u00f3d otwartych, od linii brzegowej a\u017c po turbin\u0119 wiatrow\u0105 [&hellip;]<\/p>\n","protected":false},"author":3,"featured_media":5352,"parent":5314,"menu_order":0,"comment_status":"closed","ping_status":"closed","template":"","meta":{"footnotes":""},"class_list":["post-5351","page","type-page","status-publish","has-post-thumbnail","hentry"],"aioseo_notices":[],"_links":{"self":[{"href":"https:\/\/szkolenia-udt.pl\/de\/wp-json\/wp\/v2\/pages\/5351","targetHints":{"allow":["GET"]}}],"collection":[{"href":"https:\/\/szkolenia-udt.pl\/de\/wp-json\/wp\/v2\/pages"}],"about":[{"href":"https:\/\/szkolenia-udt.pl\/de\/wp-json\/wp\/v2\/types\/page"}],"author":[{"embeddable":true,"href":"https:\/\/szkolenia-udt.pl\/de\/wp-json\/wp\/v2\/users\/3"}],"replies":[{"embeddable":true,"href":"https:\/\/szkolenia-udt.pl\/de\/wp-json\/wp\/v2\/comments?post=5351"}],"version-history":[{"count":2,"href":"https:\/\/szkolenia-udt.pl\/de\/wp-json\/wp\/v2\/pages\/5351\/revisions"}],"predecessor-version":[{"id":5355,"href":"https:\/\/szkolenia-udt.pl\/de\/wp-json\/wp\/v2\/pages\/5351\/revisions\/5355"}],"up":[{"embeddable":true,"href":"https:\/\/szkolenia-udt.pl\/de\/wp-json\/wp\/v2\/pages\/5314"}],"wp:featuredmedia":[{"embeddable":true,"href":"https:\/\/szkolenia-udt.pl\/de\/wp-json\/wp\/v2\/media\/5352"}],"wp:attachment":[{"href":"https:\/\/szkolenia-udt.pl\/de\/wp-json\/wp\/v2\/media?parent=5351"}],"curies":[{"name":"wp","href":"https:\/\/api.w.org\/{rel}","templated":true}]}}