{"id":5356,"date":"2023-12-11T12:27:17","date_gmt":"2023-12-11T11:27:17","guid":{"rendered":"https:\/\/szkolenia-udt.pl\/?page_id=5356"},"modified":"2023-12-11T12:27:43","modified_gmt":"2023-12-11T11:27:43","slug":"kursschleuderer-slalomist","status":"publish","type":"page","link":"https:\/\/szkolenia-udt.pl\/de\/kursy\/global-wind-organisation\/kurs-slinger-signaller-sls\/","title":{"rendered":"Slinger Signaller (SLS) Kurs\u00a0"},"content":{"rendered":"<h2 class=\"wp-block-heading\">Kurs f\u00fcr Hakensignalgeber - f\u00fcr Personen, die in der Umgebung von Windkraftanlagen arbeiten \u00a0<\/h2>\n\n\n<div class=\"wp-block-image\">\n<figure class=\"alignleft size-medium\"><a href=\"https:\/\/szkolenia-udt.pl\/wp-content\/uploads\/2023\/12\/screen_2x-26.jpg\"><img loading=\"lazy\" decoding=\"async\" width=\"300\" height=\"199\" src=\"https:\/\/szkolenia-udt.pl\/wp-content\/uploads\/2023\/12\/screen_2x-26-300x199.jpg\" alt=\"\" class=\"wp-image-5357\" srcset=\"https:\/\/szkolenia-udt.pl\/wp-content\/uploads\/2023\/12\/screen_2x-26-300x199.jpg 300w, https:\/\/szkolenia-udt.pl\/wp-content\/uploads\/2023\/12\/screen_2x-26-1024x680.jpg 1024w, https:\/\/szkolenia-udt.pl\/wp-content\/uploads\/2023\/12\/screen_2x-26-768x510.jpg 768w, https:\/\/szkolenia-udt.pl\/wp-content\/uploads\/2023\/12\/screen_2x-26-1536x1020.jpg 1536w, https:\/\/szkolenia-udt.pl\/wp-content\/uploads\/2023\/12\/screen_2x-26-18x12.jpg 18w, https:\/\/szkolenia-udt.pl\/wp-content\/uploads\/2023\/12\/screen_2x-26.jpg 1600w\" sizes=\"auto, (max-width: 300px) 100vw, 300px\" \/><\/a><\/figure>\n<\/div>\n\n\n<p><a href=\"https:\/\/szkolenia-udt.pl\/de\/o-firmie\/\">Schulungszentrum f\u00fcr OSO-Bediener<\/a> l\u00e4dt Sie herzlich zum Slinger Signaller (SLS)-Kurs ein.\u00a0\u00a0<\/p>\n\n\n\n<p>Unsere Schulung zum Haken- und Meldeg\u00e4nger soll sicherstellen, dass die Teilnehmer die erforderlichen Kenntnisse und F\u00e4higkeiten f\u00fcr das sichere Heben von Lasten bei Kranarbeiten erwerben. In dem Kurs werden die potenziellen Gefahren und Risiken, die mit der Arbeit eines Haken- und Signalgebers verbunden sind, eingehend er\u00f6rtert. Die SLS-Schulung bezieht sich auf den Bereich der Windkraftanlagen und richtet sich an Arbeitnehmer im Windenergiesektor, die mit der Herstellung, Installation und Wartung von Turbinen und deren Komponenten befasst sind.&nbsp;<\/p>\n\n\n\n<p>Wir bieten eine Ausbildung nach GWO-Standards an, die ein hohes Lernniveau garantiert. Die Kursteilnehmer werden in der Lage sein, die erworbenen theoretischen und praktischen Kenntnisse bei ihrer Arbeit als Haken- oder Signalgeber im Bereich der Windenergieanlagen anzuwenden und dabei die h\u00f6chsten Sicherheitsstandards gem\u00e4\u00df den GWO-Richtlinien f\u00fcr Slinger Signaller einzuhalten.&nbsp;<\/p>\n\n\n\n<p>In unserem Zentrum legen wir gro\u00dfen Wert auf die M\u00f6glichkeit, unter der Aufsicht von Fachleuten in diesem Bereich Kompetenzen und Kenntnisse zu erwerben. Unser Zentrum bietet SLS-Kurse im ganzen Land an, sowohl in unserem Hauptsitz in Warschau als auch in den Au\u00dfenstellen, sowohl in Form von offenen als auch geschlossenen Kursen. Wenn Sie sich f\u00fcr die Teilnahme an der Ausbildung zum Hakensignalgeber entscheiden, k\u00f6nnen Sie mit attraktiven finanziellen Bedingungen rechnen.&nbsp;<\/p>\n\n\n\n<h2 class=\"wp-block-heading\">SLS-Kurs - Hauptziel\u00a0<\/h2>\n\n\n\n<p>Die Schulung soll den Teilnehmern praktische Fertigkeiten in Bezug auf Aufh\u00e4nge- und Ladungssicherungstechniken vermitteln, wobei die Einhaltung h\u00f6chster Sicherheitsstandards im Vordergrund steht. Die Teilnehmer werden mit den verschiedenen Arten von Ausr\u00fcstungen, die bei diesen Arbeiten verwendet werden, und mit der erforderlichen pers\u00f6nlichen Schutzausr\u00fcstung vertraut gemacht. Der Umfang der Schulung umfasst die korrekte Bestimmung des Lastschwerpunkts, die Einstellung der Winkel der Anschlagmittel und die wirksame Signalgebung f\u00fcr die Bewegung des Krans.\u00a0<\/p>\n\n\n\n<h2 class=\"wp-block-heading\">SLS-Kurs - Programm\u00a0<\/h2>\n\n\n\n<p>Der SLS-Schulungskurs f\u00fcr Hakensignalgeber vermittelt den Teilnehmern die erforderlichen Kenntnisse und F\u00e4higkeiten, um ihre Aufgaben sicher und effektiv zu erf\u00fcllen. Das Kursprogramm umfasst Vortr\u00e4ge von qualifizierten Ausbildern und praktische \u00dcbungen.\u00a0\u00a0<\/p>\n\n\n\n<p>Alle Schulungsma\u00dfnahmen basieren auf einem Hebeplan (Liftplan). Der Hebeplan enth\u00e4lt eine Risikobewertung, die Definition der Methode und andere relevante Details (Zeichnungen, Grafiken, Zeitpl\u00e4ne und Fotos). In diesem Dokument werden die Rollen aller am Hebevorgang Beteiligten genau definiert, um einen reibungslosen Ablauf zu gew\u00e4hrleisten. Der Hebeplan enth\u00e4lt in der Regel eine Beschreibung der Art und Weise, wie die Aufgabe ausgef\u00fchrt werden soll, technische Informationen \u00fcber die Krankonfiguration und andere Einzelheiten des Hebevorgangs (Bodenverh\u00e4ltnisse, Zugang zum Gel\u00e4nde usw.). Die im Hebeplan enthaltene Risikobewertung dient der Ermittlung potenzieller Risiken und der Entwicklung einer Strategie zu deren Beseitigung. Es ist wichtig, einen Aktionsplan f\u00fcr den schlimmsten Fall zu erstellen.&nbsp;<\/p>\n\n\n\n<p>Nach Abschluss der Ausbildung zum Slinger Signaller haben die Absolventen unter anderem folgende Kenntnisse erworben:&nbsp;<\/p>\n\n\n\n<ul class=\"wp-block-list\">\n<li>sichere Techniken f\u00fcr den Einsatz von Hebe-, Handhabungs- und Ablageger\u00e4ten,&nbsp;<\/li>\n\n\n\n<li>Grunds\u00e4tze f\u00fcr die Signalisierung von Bewegungen bei einfachen Hebevorg\u00e4ngen, auch bei eingeschr\u00e4nkten Sichtverh\u00e4ltnissen f\u00fcr den Kranf\u00fchrer,&nbsp;<\/li>\n\n\n\n<li>die Funktion und die Verantwortlichkeiten des Signalgebers bei Hebevorg\u00e4ngen,&nbsp;<\/li>\n\n\n\n<li>Sichtpr\u00fcfung des Hebezeugs vor und nach dem Hebevorgang,&nbsp;<\/li>\n\n\n\n<li>die richtige und sichere Handhabung der bei Hebevorg\u00e4ngen verwendeten Ger\u00e4te,&nbsp;<\/li>\n\n\n\n<li>Auswahl des richtigen Hebegurts f\u00fcr verschiedene Arten von Lasten unter Ber\u00fccksichtigung von Gewicht, Form, Gr\u00f6\u00dfe und Schwerpunkt,&nbsp;<\/li>\n\n\n\n<li>routinem\u00e4\u00dfige Hebevorg\u00e4nge nach einem vorbereiteten Plan durchf\u00fchren,&nbsp;<\/li>\n\n\n\n<li>die ordnungsgem\u00e4\u00dfe Wartung und Bedienung des Ger\u00e4ts,&nbsp;<\/li>\n\n\n\n<li>Identifizierung von Fehlern und M\u00e4ngeln an den verwendeten Ger\u00e4ten,&nbsp;<\/li>\n\n\n\n<li>Befolgen Sie sorgf\u00e4ltig die Anweisungen und Verfahren, die der Arbeitgeber f\u00fcr die effiziente Durchf\u00fchrung von Hebevorg\u00e4ngen festgelegt hat.&nbsp;<\/li>\n<\/ul>\n\n\n\n<h2 class=\"wp-block-heading\">SLS-Kurs - Zertifizierung&nbsp;&nbsp;<\/h2>\n\n\n\n<p>Das CSO Operator Training Centre ist von DNV und GWO akkreditiert.&nbsp;<\/p>\n\n\n\n<p>Unser Slinger Signaller Training wird nach dem aktuellen GWO Basic Safety Training Standard durchgef\u00fchrt.&nbsp;&nbsp;<\/p>\n\n\n\n<p>Nach Abschluss des Kurses erhalten die Teilnehmer ein Zertifikat, das ihre Qualifikation im Bereich des sicheren Hebens, Bewegens und Absetzens von Lasten best\u00e4tigt. Das Zertifikat ist eine offizielle Bescheinigung \u00fcber den Abschluss des Lehrgangs und best\u00e4tigt die Bereitschaft zur ordnungsgem\u00e4\u00dfen Erf\u00fcllung beruflicher Aufgaben im Bereich der Windenergie sowie in anderen Bereichen, in denen Hebevorg\u00e4nge durchgef\u00fchrt werden.&nbsp;<\/p>\n\n\n\n<p>Das Zertifikat ist zeitlich unbegrenzt g\u00fcltig.&nbsp;&nbsp;<\/p>\n\n\n\n<h2 class=\"wp-block-heading\">SLS-Kurs - Zugangsvoraussetzungen\u00a0<\/h2>\n\n\n\n<p>Um an einer Schulung zum Thema H\u00f6henarbeit teilnehmen zu k\u00f6nnen, m\u00fcssen bestimmte Voraussetzungen erf\u00fcllt werden:\u00a0<\/p>\n\n\n\n<ul class=\"wp-block-list\">\n<li>Mindestalter 18 Jahre,&nbsp;<\/li>\n\n\n\n<li>mindestens einen Sekundarschulabschluss,&nbsp;<\/li>\n\n\n\n<li>eine aktuelle Bescheinigung eines Arbeitsmediziners, aus der hervorgeht, dass keine gesundheitlichen Einw\u00e4nde gegen die Arbeit in einer H\u00f6he von mehr als drei Metern bestehen,&nbsp;<\/li>\n\n\n\n<li>Sozialversicherung oder Unfallversicherung gezahlt,&nbsp;<\/li>\n\n\n\n<li>die eine WINDA-ID-Nummer haben,&nbsp;<\/li>\n\n\n\n<li>einen ordnungsgem\u00e4\u00df ausgef\u00fcllten medizinischen Fragebogen,&nbsp;<\/li>\n\n\n\n<li>geeignete Arbeitskleidung und Schuhe sowie Handschuhe,&nbsp;<\/li>\n\n\n\n<li>bezahlte Ausbildungsgeb\u00fchr,&nbsp;<\/li>\n\n\n\n<li>ein g\u00fcltiges Ausweisdokument, wie z. B. einen Personalausweis.&nbsp;<\/li>\n<\/ul>\n\n\n\n<p>Die H\u00f6chstzahl der Teilnehmer pro Gruppe betr\u00e4gt 10-12.&nbsp;&nbsp;&nbsp;&nbsp;&nbsp;<\/p>\n\n\n\n<h2 class=\"wp-block-heading\">SLS-Kurs - Kosten \u00a0<\/h2>\n\n\n\n<p>Die Geb\u00fchr f\u00fcr die Ausbildung zum Slinger Signaller wird individuell festgelegt. Sie richtet sich nach der Anzahl der Kursteilnehmer. F\u00fcr gr\u00f6\u00dfere Gruppen werden attraktive Rabatte gew\u00e4hrt.\u00a0<\/p>\n\n\n\n<h2 class=\"wp-block-heading\">SLS-Kurs - Veranstaltungsort&nbsp;<\/h2>\n\n\n\n<p><a href=\"https:\/\/szkolenia-udt.pl\/de\/kursy\/\">Unsere Ausbildung<\/a> Sie finden an verschiedenen Orten statt, unter anderem in Warschau und unseren regionalen Niederlassungen in ganz Polen. Wir bieten auch die M\u00f6glichkeit, Schulungen in den R\u00e4umlichkeiten des Kunden durchzuf\u00fchren, indem wir zu einem f\u00fcr den Kunden geeigneten Ort reisen.&nbsp;<\/p>\n\n\n\n<p>Einzelheiten zu den offenen Kursen finden Sie auf unserer Website. Wenn Sie an einer geschlossenen Schulung interessiert sind, bitten wir Sie, sich mit unserem Zentrum in Verbindung zu setzen, damit wir Ihnen ein individuelles, auf Ihre Bed\u00fcrfnisse zugeschnittenes Angebot erstellen k\u00f6nnen.&nbsp;<\/p>\n\n\n\n<p>Wenn Sie Fragen zu unseren Kursen haben, wenden Sie sich bitte an <a href=\"https:\/\/szkolenia-udt.pl\/de\/kontakt\/\">Telefon- oder E-Mail-Kontakt<\/a>. Unser Team ist bereit, alle Fragen zu beantworten und alle Zweifel zu beseitigen. Sie sind auch herzlich eingeladen, unser Zentrum zu besuchen, wo wir Ihnen gerne unser Angebot vorstellen und einen Kostenvoranschlag f\u00fcr Interessenten erstellen.&nbsp;<\/p>\n\n\n\n<p>Sie sind herzlich zum OSO Operator Training Centre f\u00fcr Slinger Signaller (SLS) - Hook Signaller Kurse in Warschau und im ganzen Land eingeladen.&nbsp;<\/p>","protected":false},"excerpt":{"rendered":"<p>Kurs Hakowy sygnalista \u2013 dla os\u00f3b pracuj\u0105cych w \u015brodowisku turbin wiatrowych \u00a0 O\u015brodek Szkolenia Operator\u00f3w OSO serdecznie zaprasza na kurs Slinger Signaller (SLS) \u2013 Hakowy sygnalista.\u00a0\u00a0 Nasze szkolenie Slinger Signaller organizowane jest z my\u015bl\u0105 o tym, aby o uczestnicy otrzymali niezb\u0119dn\u0105 wiedz\u0119 oraz umiej\u0119tno\u015bci zwi\u0105zane z bezpiecznym podnoszeniem \u0142adunk\u00f3w podczas operacji d\u017awigowych. Na kursie dok\u0142adnie [&hellip;]<\/p>\n","protected":false},"author":3,"featured_media":5357,"parent":5314,"menu_order":0,"comment_status":"closed","ping_status":"closed","template":"","meta":{"footnotes":""},"class_list":["post-5356","page","type-page","status-publish","has-post-thumbnail","hentry"],"aioseo_notices":[],"_links":{"self":[{"href":"https:\/\/szkolenia-udt.pl\/de\/wp-json\/wp\/v2\/pages\/5356","targetHints":{"allow":["GET"]}}],"collection":[{"href":"https:\/\/szkolenia-udt.pl\/de\/wp-json\/wp\/v2\/pages"}],"about":[{"href":"https:\/\/szkolenia-udt.pl\/de\/wp-json\/wp\/v2\/types\/page"}],"author":[{"embeddable":true,"href":"https:\/\/szkolenia-udt.pl\/de\/wp-json\/wp\/v2\/users\/3"}],"replies":[{"embeddable":true,"href":"https:\/\/szkolenia-udt.pl\/de\/wp-json\/wp\/v2\/comments?post=5356"}],"version-history":[{"count":2,"href":"https:\/\/szkolenia-udt.pl\/de\/wp-json\/wp\/v2\/pages\/5356\/revisions"}],"predecessor-version":[{"id":5359,"href":"https:\/\/szkolenia-udt.pl\/de\/wp-json\/wp\/v2\/pages\/5356\/revisions\/5359"}],"up":[{"embeddable":true,"href":"https:\/\/szkolenia-udt.pl\/de\/wp-json\/wp\/v2\/pages\/5314"}],"wp:featuredmedia":[{"embeddable":true,"href":"https:\/\/szkolenia-udt.pl\/de\/wp-json\/wp\/v2\/media\/5357"}],"wp:attachment":[{"href":"https:\/\/szkolenia-udt.pl\/de\/wp-json\/wp\/v2\/media?parent=5356"}],"curies":[{"name":"wp","href":"https:\/\/api.w.org\/{rel}","templated":true}]}}