{"id":5360,"date":"2023-12-11T12:31:16","date_gmt":"2023-12-11T11:31:16","guid":{"rendered":"https:\/\/szkolenia-udt.pl\/?page_id=5360"},"modified":"2023-12-11T12:31:51","modified_gmt":"2023-12-11T11:31:51","slug":"kurs-hohenarbeit-wah","status":"publish","type":"page","link":"https:\/\/szkolenia-udt.pl\/de\/kursy\/global-wind-organisation\/kurs-working-at-heights-wah\/","title":{"rendered":"Kurs \"Arbeiten in der H\u00f6he\" (WAH)\u00a0"},"content":{"rendered":"<h2 class=\"wp-block-heading\">Kurs \u00fcber H\u00f6henarbeiten - f\u00fcr Personen, die in der Umgebung von Windkraftanlagen arbeiten \u00a0<\/h2>\n\n\n<div class=\"wp-block-image\">\n<figure class=\"alignleft size-medium\"><a href=\"https:\/\/szkolenia-udt.pl\/wp-content\/uploads\/2023\/12\/s2-24-e1702294248906.jpg\"><img loading=\"lazy\" decoding=\"async\" width=\"300\" height=\"265\" src=\"https:\/\/szkolenia-udt.pl\/wp-content\/uploads\/2023\/12\/s2-24-e1702294248906-300x265.jpg\" alt=\"\" class=\"wp-image-5361\" srcset=\"https:\/\/szkolenia-udt.pl\/wp-content\/uploads\/2023\/12\/s2-24-e1702294248906-300x265.jpg 300w, https:\/\/szkolenia-udt.pl\/wp-content\/uploads\/2023\/12\/s2-24-e1702294248906-1024x904.jpg 1024w, https:\/\/szkolenia-udt.pl\/wp-content\/uploads\/2023\/12\/s2-24-e1702294248906-768x678.jpg 768w, https:\/\/szkolenia-udt.pl\/wp-content\/uploads\/2023\/12\/s2-24-e1702294248906-14x12.jpg 14w, https:\/\/szkolenia-udt.pl\/wp-content\/uploads\/2023\/12\/s2-24-e1702294248906.jpg 1066w\" sizes=\"auto, (max-width: 300px) 100vw, 300px\" \/><\/a><\/figure>\n<\/div>\n\n\n<p><a href=\"https:\/\/szkolenia-udt.pl\/de\/o-firmie\/\">Schulungszentrum f\u00fcr OSO-Bediener<\/a> l\u00e4dt Sie herzlich zu dem Kurs Working at Heights (WAH) ein.\u00a0\u00a0<\/p>\n\n\n\n<p>Unser Kurs \"Arbeiten in der H\u00f6he\" richtet sich an Personen, die eine Stelle als Windkraftanlagentechniker anstreben. Am Ende des Kurses verf\u00fcgen die Teilnehmer \u00fcber die erforderlichen Kenntnisse und F\u00e4higkeiten, um Aufgaben in gro\u00dfer H\u00f6he sicher auszuf\u00fchren.&nbsp;<\/p>\n\n\n\n<p>Das Hauptziel unserer Schulungen ist die Anhebung der Sicherheitsstandards in der Windkraftanlagenbranche. Wir m\u00f6chten den Teilnehmern professionelle Evakuierungs- und Rettungstechniken vermitteln und sie dar\u00fcber informieren, wie sie die mit der Arbeit in gro\u00dfen H\u00f6hen verbundenen Risiken minimieren k\u00f6nnen.&nbsp;<\/p>\n\n\n\n<p>In unserem Zentrum legen wir gro\u00dfen Wert auf die M\u00f6glichkeit, unter der Aufsicht von Fachleuten in diesem Bereich Kompetenzen und Kenntnisse zu erwerben. Unser Zentrum bietet WAH-Kurse im ganzen Land an, sowohl in unserer Zentrale in Warschau als auch in den Au\u00dfenstellen, sowohl in Form von offenen als auch geschlossenen Kursen. Wenn Sie sich f\u00fcr die Teilnahme an einer Work at Heights-Schulung entscheiden, k\u00f6nnen Sie mit attraktiven finanziellen Bedingungen rechnen.&nbsp;<\/p>\n\n\n\n<h2 class=\"wp-block-heading\">WAH-Kurs - Hauptziel\u00a0<\/h2>\n\n\n\n<p>Die Schulung soll den Teilnehmern theoretische Kenntnisse und praktische Fertigkeiten im Zusammenhang mit der sicheren Verwendung der grundlegenden pers\u00f6nlichen Schutzausr\u00fcstung (PSA) bei Arbeiten in der H\u00f6he vermitteln. Die Teilnehmer lernen die Grunds\u00e4tze der Sicherung und Evakuierung in Windkraftanlagen gem\u00e4\u00df den GWO-Standards kennen. Die Schulung soll die Teilnehmer auf Arbeiten in der H\u00f6he in der Windindustrie vorbereiten und gleichzeitig den Umgang mit Notfallsituationen lehren.\u00a0<\/p>\n\n\n\n<p>Abschluss der Schulung \"Arbeiten in der H\u00f6he\" - <a href=\"https:\/\/szkolenia-udt.pl\/de\/kursy\/prace-wysokosciowe\/kurs-na-szelki-budowlane\/\">Arbeiten in der H\u00f6he<\/a> garantiert, dass die Auszubildenden Kenntnisse und F\u00e4higkeiten erwerben, wie z. B.:&nbsp;<\/p>\n\n\n\n<ul class=\"wp-block-list\">\n<li>Kenntnis der spezifischen Risiken und Gefahren bei Arbeiten in der H\u00f6he an Windkraftanlagen,&nbsp;<\/li>\n\n\n\n<li>Umfassende Kenntnisse der geltenden Rechtsvorschriften f\u00fcr Arbeiten in der H\u00f6he,&nbsp;&nbsp;<\/li>\n\n\n\n<li>Identifizierung von PSA (pers\u00f6nliche Schutzausr\u00fcstung) und Kenntnis der europ\u00e4ischen und internationalen Normen f\u00fcr die Kennzeichnung von Ausr\u00fcstungsgegenst\u00e4nden wie Helm, Auffanggurt, Verbindungsmittel usw,&nbsp;<\/li>\n\n\n\n<li>Kenntnisse \u00fcber die korrekte Verwendung und Wartung der Ausr\u00fcstung (\u00dcberpr\u00fcfung vor der Verwendung, Einstellung der Ausr\u00fcstung, korrekte Lagerung),&nbsp;<\/li>\n\n\n\n<li>Demonstration der korrekten Verwendung der pers\u00f6nlichen Schutzausr\u00fcstung,&nbsp;<\/li>\n\n\n\n<li>umfassende Kenntnis der Evakuierungsverfahren und der Funktionsweise der Evakuierungsausr\u00fcstung,&nbsp;<\/li>\n\n\n\n<li>den effektiven Einsatz von Rettungsger\u00e4ten und die F\u00e4higkeit, in Notsituationen im Zusammenhang mit Arbeiten an Windkraftanlagen Hilfe zu leisten.&nbsp;<\/li>\n<\/ul>\n\n\n\n<h2 class=\"wp-block-heading\">WAH-Kurs - Programm\u00a0<\/h2>\n\n\n\n<p>Der Kurs WAH - Arbeiten in der H\u00f6he wurde auf der Grundlage der Richtlinien des Technischen \u00dcberwachungsvereins und der geltenden gesetzlichen Bestimmungen entwickelt. Unsere Priorit\u00e4t ist es, die wichtigsten Themen im Bereich der Sicherheit bei Arbeiten in der H\u00f6he im Umfeld von Windkraftanlagen zu vermitteln. Die Teilnehmer dieses Lehrgangs haben die M\u00f6glichkeit, sich sowohl theoretisch als auch praktisch mit den gesetzlichen Vorschriften f\u00fcr Arbeiten in der H\u00f6he und mit der grundlegenden pers\u00f6nlichen Schutzausr\u00fcstung vertraut zu machen. Au\u00dferdem werden die Teilnehmer in sicherem Arbeiten in der H\u00f6he an Windenergieanlagen und in der H\u00f6henrettung in Notfallsituationen geschult.\u00a0\u00a0<\/p>\n\n\n\n<p>Die Schulung \"Arbeiten in der H\u00f6he\" ist Teil eines Schulungspakets, das die grundlegenden Sicherheitsprinzipien abdeckt. Das Kursprogramm deckt verschiedene Aspekte ab, wie zum Beispiel:&nbsp;<\/p>\n\n\n\n<ul class=\"wp-block-list\">\n<li>Rechtsfragen im Zusammenhang mit der Sicherheit am Arbeitsplatz,&nbsp;<\/li>\n\n\n\n<li>Sicherheitssysteme, einschlie\u00dflich vertikaler Sicherungssysteme,&nbsp;<\/li>\n\n\n\n<li>Schulung \u00fcber die richtige Arbeitshaltung,&nbsp;<\/li>\n\n\n\n<li>Verfahren f\u00fcr sicheres Arbeiten in der H\u00f6he,&nbsp;<\/li>\n\n\n\n<li>praktische \u00dcbungen auf der Grundlage verschiedener Szenarien,&nbsp;<\/li>\n\n\n\n<li>H\u00e4ngeschock,&nbsp;<\/li>\n\n\n\n<li>Ausbildung in der Rettung und Hilfeleistung in lebens- und gesundheitsbedrohlichen Situationen,&nbsp;<\/li>\n\n\n\n<li>Grunds\u00e4tze f\u00fcr die ordnungsgem\u00e4\u00dfe Verwendung von pers\u00f6nlicher Schutzausr\u00fcstung und den Betrieb von Rettungsger\u00e4ten,&nbsp;<\/li>\n\n\n\n<li>Methoden der Gefahrenabwehr.&nbsp;<\/li>\n<\/ul>\n\n\n\n<h2 class=\"wp-block-heading\">WAH-Kurs - Zertifizierung&nbsp;&nbsp;<\/h2>\n\n\n\n<p>Das CSO Operator Training Centre ist von DNV und GWO akkreditiert.&nbsp;<\/p>\n\n\n\n<p>Unsere Schulungen zur H\u00f6henarbeit werden in \u00dcbereinstimmung mit dem aktuellen GWO-Standard f\u00fcr grundlegende Sicherheitsschulungen durchgef\u00fchrt. WAH ist einer der wesentlichen Teile der BST-Schulung, deren Absolvierung f\u00fcr jeden, der in der H\u00f6he in einer Windturbinenumgebung arbeitet, erforderlich ist (gem\u00e4\u00df der GWO-Norm).&nbsp;<\/p>\n\n\n\n<p>Nach Abschluss des Kurses erhalten die Teilnehmer ein Zertifikat, das ihre Qualifikation zum Thema sicheres Arbeiten in der H\u00f6he best\u00e4tigt. Das Zertifikat ist eine offizielle Bescheinigung \u00fcber die Absolvierung des Lehrgangs und best\u00e4tigt Ihre Bereitschaft, Ihre beruflichen Aufgaben in Bereichen, in denen das Risiko von Gefahren im Zusammenhang mit Arbeiten in der H\u00f6he besteht, ordnungsgem\u00e4\u00df auszuf\u00fchren.&nbsp;<\/p>\n\n\n\n<p>Die G\u00fcltigkeit des Zertifikats betr\u00e4gt 24 Monate. Wir empfehlen den Teilnehmern, ihre Ausbildung vor Ablauf dieser Frist aufzufrischen, um ihre Qualifikationen und Kenntnisse auf dem neuesten Stand zu halten.&nbsp;<\/p>\n\n\n\n<h2 class=\"wp-block-heading\">WAH-Kurs - Voraussetzungen f\u00fcr die Teilnahme\u00a0<\/h2>\n\n\n\n<p>Um an einer Schulung zum Thema H\u00f6henarbeit teilnehmen zu k\u00f6nnen, m\u00fcssen bestimmte Voraussetzungen erf\u00fcllt werden:\u00a0<\/p>\n\n\n\n<ul class=\"wp-block-list\">\n<li>Mindestalter 18 Jahre,&nbsp;<\/li>\n\n\n\n<li>mindestens einen Sekundarschulabschluss,&nbsp;<\/li>\n\n\n\n<li>eine aktuelle Bescheinigung eines Arbeitsmediziners, aus der hervorgeht, dass keine gesundheitlichen Einw\u00e4nde gegen die Arbeit in einer H\u00f6he von mehr als drei Metern bestehen,&nbsp;<\/li>\n\n\n\n<li>Sozialversicherung oder Unfallversicherung gezahlt,&nbsp;<\/li>\n\n\n\n<li>die eine WINDA-ID-Nummer haben,&nbsp;<\/li>\n\n\n\n<li>einen ordnungsgem\u00e4\u00df ausgef\u00fcllten medizinischen Fragebogen,&nbsp;<\/li>\n\n\n\n<li>geeignete Arbeitskleidung und Schuhe sowie Handschuhe,&nbsp;<\/li>\n\n\n\n<li>bezahlte Ausbildungsgeb\u00fchr,&nbsp;<\/li>\n\n\n\n<li>ein g\u00fcltiges Ausweisdokument, wie z. B. einen Personalausweis,&nbsp;<\/li>\n\n\n\n<li>Die Gewichtsobergrenze f\u00fcr einen Auszubildenden liegt bei 135 kg.&nbsp;<\/li>\n<\/ul>\n\n\n\n<h2 class=\"wp-block-heading\">WAH-Kurs - Kosten \u00a0<\/h2>\n\n\n\n<p>Die Geb\u00fchr f\u00fcr H\u00f6henarbeiterschulungen wird individuell festgelegt. Sie richtet sich nach der Anzahl der Kursteilnehmer. F\u00fcr gr\u00f6\u00dfere Gruppen gibt es attraktive Rabatte.\u00a0<\/p>\n\n\n\n<h2 class=\"wp-block-heading\">WAH-Kurs - Veranstaltungsort&nbsp;<\/h2>\n\n\n\n<p>Unsere Schulungskurse finden an verschiedenen Orten statt, unter anderem in Warschau und in unseren regionalen Niederlassungen in ganz Polen. Wir bieten auch die M\u00f6glichkeit, Schulungen in den R\u00e4umlichkeiten des Kunden durchzuf\u00fchren, indem wir zu einem f\u00fcr den Kunden geeigneten Ort reisen.&nbsp;<\/p>\n\n\n\n<p>Einzelheiten zu den offenen Kursen finden Sie auf unserer Website. Wenn Sie an einer geschlossenen Schulung interessiert sind <a href=\"https:\/\/szkolenia-udt.pl\/de\/kontakt\/\">Bitte kontaktieren Sie uns<\/a> mit unserem Zentrum, damit wir Ihnen ein individuelles, auf Ihre Bed\u00fcrfnisse zugeschnittenes Angebot erstellen k\u00f6nnen.&nbsp;<\/p>\n\n\n\n<p>Wenn Sie Fragen haben zu <a href=\"https:\/\/szkolenia-udt.pl\/de\/kursy\/\">unserer Kurse<\/a>Bitte z\u00f6gern Sie nicht, uns per Telefon oder E-Mail zu kontaktieren. Unser Team ist bereit, alle Ihre Fragen zu beantworten und alle Ihre Zweifel zu zerstreuen. Sie sind auch herzlich eingeladen, unser Zentrum zu besuchen, wo wir Ihnen gerne unser Angebot vorstellen und ein Angebot f\u00fcr Interessenten erstellen.&nbsp;<\/p>\n\n\n\n<p>Wir laden Sie herzlich zu den Kursen des OSO Operators' Training Centre f\u00fcr H\u00f6henarbeit (WAH) in Warschau und im ganzen Land ein.&nbsp;<\/p>","protected":false},"excerpt":{"rendered":"<p>Kurs Praca na wysoko\u015bciach \u2013 dla os\u00f3b pracuj\u0105cych w \u015brodowisku turbin wiatrowych \u00a0 O\u015brodek Szkolenia Operator\u00f3w OSO serdecznie zaprasza na kurs Working at Heights (WAH) \u2013 Praca na wysoko\u015bciach.\u00a0\u00a0 Nasze szkolenie Working at Heights organizowane jest z my\u015bl\u0105 o osobach poszukuj\u0105cych pracy na stanowisku technika obs\u0142uguj\u0105cego turbiny wiatrowe. Uczestnik po sko\u0144czonym kursie b\u0119dzie posiada\u0142 niezb\u0119dn\u0105 [&hellip;]<\/p>\n","protected":false},"author":3,"featured_media":5361,"parent":5314,"menu_order":0,"comment_status":"closed","ping_status":"closed","template":"","meta":{"footnotes":""},"class_list":["post-5360","page","type-page","status-publish","has-post-thumbnail","hentry"],"aioseo_notices":[],"_links":{"self":[{"href":"https:\/\/szkolenia-udt.pl\/de\/wp-json\/wp\/v2\/pages\/5360","targetHints":{"allow":["GET"]}}],"collection":[{"href":"https:\/\/szkolenia-udt.pl\/de\/wp-json\/wp\/v2\/pages"}],"about":[{"href":"https:\/\/szkolenia-udt.pl\/de\/wp-json\/wp\/v2\/types\/page"}],"author":[{"embeddable":true,"href":"https:\/\/szkolenia-udt.pl\/de\/wp-json\/wp\/v2\/users\/3"}],"replies":[{"embeddable":true,"href":"https:\/\/szkolenia-udt.pl\/de\/wp-json\/wp\/v2\/comments?post=5360"}],"version-history":[{"count":1,"href":"https:\/\/szkolenia-udt.pl\/de\/wp-json\/wp\/v2\/pages\/5360\/revisions"}],"predecessor-version":[{"id":5362,"href":"https:\/\/szkolenia-udt.pl\/de\/wp-json\/wp\/v2\/pages\/5360\/revisions\/5362"}],"up":[{"embeddable":true,"href":"https:\/\/szkolenia-udt.pl\/de\/wp-json\/wp\/v2\/pages\/5314"}],"wp:featuredmedia":[{"embeddable":true,"href":"https:\/\/szkolenia-udt.pl\/de\/wp-json\/wp\/v2\/media\/5361"}],"wp:attachment":[{"href":"https:\/\/szkolenia-udt.pl\/de\/wp-json\/wp\/v2\/media?parent=5360"}],"curies":[{"name":"wp","href":"https:\/\/api.w.org\/{rel}","templated":true}]}}