{"id":55,"date":"2014-10-07T16:26:04","date_gmt":"2014-10-07T16:26:04","guid":{"rendered":"http:\/\/szkolenia-udt.pl\/?page_id=55"},"modified":"2021-07-19T22:09:52","modified_gmt":"2021-07-19T22:09:52","slug":"krane-2","status":"publish","type":"page","link":"https:\/\/szkolenia-udt.pl\/de\/dzwignice\/suwnice\/","title":{"rendered":"Kr\u00e4ne"},"content":{"rendered":"<div style=\"float: left; padding-right: 10px;\"><div id=\"metaslider-id-662\" style=\"max-width: 300px;\" class=\"ml-slider-3-108-0 metaslider metaslider-flex metaslider-662 ml-slider ms-theme-default nav-hidden\" role=\"region\" aria-label=\"Kr\u00e4ne\" data-height=\"225\" data-width=\"300\">\n    <div id=\"metaslider_container_662\">\n        <div id=\"metaslider_662\">\n            <ul class='slides'>\n                <li style=\"display: block; width: 100%;\" class=\"slide-1209 ms-image\" aria-roledescription=\"slide\" data-date=\"2014-11-17 21:42:15\" data-filename=\"suw1a.jpg\" data-slide-type=\"image\"><img loading=\"lazy\" decoding=\"async\" src=\"https:\/\/szkolenia-udt.pl\/wp-content\/uploads\/2014\/11\/suw1a.jpg\" height=\"225\" width=\"300\" alt=\"\" class=\"slider-662 slide-1209 msDefaultImage\" \/><\/li>\n            <\/ul>\n        <\/div>\n        \n    <\/div>\n<\/div><\/div>\n<div class=\"wyjustuj\">\n<p>Br\u00fcckenkr\u00e4ne sind Umschlagger\u00e4te, die in intermittierender Bewegung arbeiten. Ausgestattet mit Mechanismen zum Absenken und Heben von Lasten - Hebezeuge oder Winden - k\u00f6nnen sie Lasten an einen bestimmten Punkt bringen. Sie unterliegen der technischen \u00dcberwachung. F\u00fcr die Bedienung des Ger\u00e4ts ist ein Kranf\u00fchrerschein erforderlich. Um dies zu erhalten, ben\u00f6tigen Sie <a href=\"https:\/\/szkolenia-udt.pl\/de\/kursy\/suwnice\/\">Kranbahn<\/a>f\u00fcr die Sie sich auch auf unserer Website anmelden k\u00f6nnen <a href=\"https:\/\/szkolenia-udt.pl\/de\/o-firmie\/\">Zentrum<\/a>Br\u00fcckenkr\u00e4ne sind Kr\u00e4ne, die aus einem Tr\u00e4gersystem bestehen, das sich auf zwei Schienen bewegt. Sie sind f\u00fcr die Bef\u00f6rderung von G\u00fctern innerhalb eines begrenzten Bereichs auf den Gleisen mit einem maximalen Abstand zwischen ihnen ausgelegt. Der tragende Teil eines Krans besteht aus einer Br\u00fccke und zwei Stirnseiten. Die Br\u00fccke hat die Form eines Tr\u00e4gers zwischen den Gleisen und ist an den Kr\u00e4nen befestigt, wobei die Korrekturen senkrecht zur Br\u00fccke verlaufen. Die Krane sind mit Antrieben mit R\u00e4dern ausgestattet, um den Kran auf den Schienen zu bewegen. Au\u00dferdem befindet sich an der Br\u00fccke der Einheit eine Winde oder ein Hebezeug, das mit einem Seil oder einer Kette ausgestattet ist, um eine Last an einem Haken oder einer anderen Schlinge anzuheben. Genaue Informationen \u00fcber den Aufbau der Ger\u00e4te liefert die Overhead Crane Training.<\/p>\n<h2><strong>Die Ger\u00e4te werden in mehrere Typen unterteilt:<\/strong><\/h2>\n<ul>\n<li>schienengebunden oder absetzbar - wenn der Kran auf Schienen l\u00e4uft<\/li>\n<li>h\u00e4ngend - wenn der Kran von unten an Schienen aufgeh\u00e4ngt ist<\/li>\n<li>Portalkran - der Kran f\u00e4hrt auf Schienen \u00fcber dem Boden, aber seine Br\u00fccke befindet sich \u00fcber den Schienen<\/li>\n<\/ul>\n<p>Nur Personen, die im Besitz eines Br\u00fcckenkranf\u00fchrerscheins sind, sind berechtigt, das Ger\u00e4t zu bedienen. Dies kann durch die Teilnahme an einem Br\u00fcckenkran-Kurs erreicht werden. Der Kurs umfasst die theoretische und praktische Bedienung des Ger\u00e4ts, je nach gew\u00e4hltem Ger\u00e4tetyp und entsprechend dem Zertifikat.<\/p>\n<h3><strong>Die folgenden Krankurse werden nach den Anforderungen der UDT unterschieden:<\/strong><\/h3>\n<ul>\n<li>II S - von der Arbeitsebene aus gesteuerte Ger\u00e4te, Hebezeuge, Winden der Kategorie II W und station\u00e4re Werkstattkrane<\/li>\n<li>I S - kabinenbetriebene Ger\u00e4te, Hebezeuge, Winden der Kategorie I W und Ger\u00e4te der Kategorie II S<\/li>\n<\/ul>\n<p>Jeder Kranlehrgang endet mit einer Pr\u00fcfung vor einem Ausschuss des Technischen \u00dcberwachungsvereins. Bei der Kranf\u00fchrerpr\u00fcfung werden Kenntnisse und Fertigkeiten gepr\u00fcft, und bei Bestehen erh\u00e4lt der Teilnehmer eine Lizenz.<\/p>\n<div style=\"float: left; padding-right: 10px;\"><div id=\"metaslider-id-671\" style=\"max-width: 300px;\" class=\"ml-slider-3-108-0 metaslider metaslider-flex metaslider-671 ml-slider ms-theme-default nav-hidden nav-hidden\" role=\"region\" aria-label=\"Kr\u00e4ne2\" data-height=\"225\" data-width=\"300\">\n    <div id=\"metaslider_container_671\">\n        <div id=\"metaslider_671\">\n            <ul class='slides'>\n                <li style=\"display: block; width: 100%;\" class=\"slide-1995 ms-image\" aria-roledescription=\"slide\" data-date=\"2017-12-29 10:22:17\" data-filename=\"suwnica-5-252x189.jpg\" data-slide-type=\"image\"><img loading=\"lazy\" decoding=\"async\" src=\"https:\/\/szkolenia-udt.pl\/wp-content\/uploads\/2017\/12\/suwnica-5-252x189.jpg\" height=\"225\" width=\"300\" alt=\"\" class=\"slider-671 slide-1995 msDefaultImage\" \/><\/li>\n            <\/ul>\n        <\/div>\n        \n    <\/div>\n<\/div><\/div>\n<p>Wir laden Sie ein, einen Krankurs zu besuchen - der Preis ist bei uns sehr g\u00fcnstig und immer verhandelbar. Wenn Sie einen geschlossenen Kranichkurs w\u00e4hlen, wird der Preis individuell festgelegt. Wenn Sie Krane sicher bedienen wollen, ist ein Kurs bei uns eine gute Investition. In unseren Niederlassungen in Warschau, Krakau, Kattowitz und Bielsko-Bia\u0142a f\u00fchren wir Kranschulungen durch. Es ist auch m\u00f6glich, den Unterricht an jedem Ort und zu jeder Zeit zu organisieren, je nach den W\u00fcnschen des Kunden. Wir ermutigen Sie, unsere freien Termine zu \u00fcberpr\u00fcfen und die <a href=\"https:\/\/szkolenia-udt.pl\/de\/oferta\/\">unsere Dienstleistungen<\/a>!<\/p>\n<\/div>","protected":false},"excerpt":{"rendered":"<p>Suwnice s\u0105 urz\u0105dzeniami przeznaczonymi do transportu bliskiego, kt\u00f3re pracuj\u0105 w ruchu przerywanym. Dzi\u0119ki wyposa\u017ceniu w mechanizmy opuszczaj\u0105 i podnoszenia \u0142adunk\u00f3w \u2013 wci\u0105gniki lub wci\u0105garki, s\u0105 one w stanie dostarczy\u0107 \u0142adunki we wskazany punkt. Podlegaj\u0105 dozorowi technicznemu. Aby obs\u0142ugiwa\u0107 urz\u0105dzenia potrzebne s\u0105 uprawnienia na suwnice. Do ich uzyskania niezb\u0119dny jest kurs na suwnice, na kt\u00f3ry mo\u017cna [&hellip;]<\/p>\n","protected":false},"author":3,"featured_media":664,"parent":69,"menu_order":0,"comment_status":"closed","ping_status":"closed","template":"","meta":{"footnotes":""},"class_list":["post-55","page","type-page","status-publish","has-post-thumbnail","hentry"],"aioseo_notices":[],"_links":{"self":[{"href":"https:\/\/szkolenia-udt.pl\/de\/wp-json\/wp\/v2\/pages\/55","targetHints":{"allow":["GET"]}}],"collection":[{"href":"https:\/\/szkolenia-udt.pl\/de\/wp-json\/wp\/v2\/pages"}],"about":[{"href":"https:\/\/szkolenia-udt.pl\/de\/wp-json\/wp\/v2\/types\/page"}],"author":[{"embeddable":true,"href":"https:\/\/szkolenia-udt.pl\/de\/wp-json\/wp\/v2\/users\/3"}],"replies":[{"embeddable":true,"href":"https:\/\/szkolenia-udt.pl\/de\/wp-json\/wp\/v2\/comments?post=55"}],"version-history":[{"count":9,"href":"https:\/\/szkolenia-udt.pl\/de\/wp-json\/wp\/v2\/pages\/55\/revisions"}],"predecessor-version":[{"id":2383,"href":"https:\/\/szkolenia-udt.pl\/de\/wp-json\/wp\/v2\/pages\/55\/revisions\/2383"}],"up":[{"embeddable":true,"href":"https:\/\/szkolenia-udt.pl\/de\/wp-json\/wp\/v2\/pages\/69"}],"wp:featuredmedia":[{"embeddable":true,"href":"https:\/\/szkolenia-udt.pl\/de\/wp-json\/wp\/v2\/media\/664"}],"wp:attachment":[{"href":"https:\/\/szkolenia-udt.pl\/de\/wp-json\/wp\/v2\/media?parent=55"}],"curies":[{"name":"wp","href":"https:\/\/api.w.org\/{rel}","templated":true}]}}