{"id":57,"date":"2014-10-07T16:26:27","date_gmt":"2014-10-07T16:26:27","guid":{"rendered":"http:\/\/szkolenia-udt.pl\/?page_id=57"},"modified":"2016-07-06T17:44:08","modified_gmt":"2016-07-06T17:44:08","slug":"stapler","status":"publish","type":"page","link":"https:\/\/szkolenia-udt.pl\/de\/dzwignice\/ukladnice\/","title":{"rendered":"Regalbedienger\u00e4te"},"content":{"rendered":"<div style=\"float: left; padding-right: 10px;\"><div id=\"metaslider-id-677\" style=\"max-width: 300px;\" class=\"ml-slider-3-108-0 metaslider metaslider-flex metaslider-677 ml-slider ms-theme-default nav-hidden\" role=\"region\" aria-label=\"Regalbedienger\u00e4te\" data-height=\"225\" data-width=\"300\">\n    <div id=\"metaslider_container_677\">\n        <div id=\"metaslider_677\">\n            <ul class='slides'>\n                <li style=\"display: block; width: 100%;\" class=\"slide-678 ms-image\" aria-roledescription=\"slide\" data-date=\"2014-10-12 10:48:09\" data-filename=\"kurs-uk\u0142adnice.jpg\" data-slide-type=\"image\"><img loading=\"lazy\" decoding=\"async\" src=\"https:\/\/szkolenia-udt.pl\/wp-content\/uploads\/2014\/10\/kurs-uk\u0142adnice.jpg\" height=\"225\" width=\"300\" alt=\"\" class=\"slider-677 slide-678 msDefaultImage\" \/><\/li>\n                <li style=\"display: none; width: 100%;\" class=\"slide-681 ms-image\" aria-roledescription=\"slide\" data-date=\"2014-10-12 10:48:12\" data-filename=\"uk\u0142adnice-foto.jpg\" data-slide-type=\"image\"><img loading=\"lazy\" decoding=\"async\" src=\"https:\/\/szkolenia-udt.pl\/wp-content\/uploads\/2014\/10\/uk\u0142adnice-foto.jpg\" height=\"225\" width=\"300\" alt=\"\" class=\"slider-677 slide-681 msDefaultImage\" \/><\/li>\n                <li style=\"display: none; width: 100%;\" class=\"slide-680 ms-image\" aria-roledescription=\"slide\" data-date=\"2014-10-12 10:48:11\" data-filename=\"szkolenia-oraz-kursy-uk\u0142adnice.jpg\" data-slide-type=\"image\"><img loading=\"lazy\" decoding=\"async\" src=\"https:\/\/szkolenia-udt.pl\/wp-content\/uploads\/2014\/10\/szkolenia-oraz-kursy-uk\u0142adnice.jpg\" height=\"225\" width=\"300\" alt=\"\" class=\"slider-677 slide-680 msDefaultImage\" \/><\/li>\n                <li style=\"display: none; width: 100%;\" class=\"slide-679 ms-image\" aria-roledescription=\"slide\" data-date=\"2014-10-12 10:48:10\" data-filename=\"OSO-Warszawa2.jpg\" data-slide-type=\"image\"><img loading=\"lazy\" decoding=\"async\" src=\"https:\/\/szkolenia-udt.pl\/wp-content\/uploads\/2014\/10\/OSO-Warszawa2.jpg\" height=\"225\" width=\"300\" alt=\"\" class=\"slider-677 slide-679 msDefaultImage\" \/><\/li>\n                <li style=\"display: none; width: 100%;\" class=\"slide-682 ms-image\" aria-roledescription=\"slide\" data-date=\"2014-10-12 10:48:12\" data-filename=\"uk\u0142adnice-zdj\u0119cie.jpg\" data-slide-type=\"image\"><img loading=\"lazy\" decoding=\"async\" src=\"https:\/\/szkolenia-udt.pl\/wp-content\/uploads\/2014\/10\/uk\u0142adnice-zdj\u0119cie.jpg\" height=\"225\" width=\"300\" alt=\"\" class=\"slider-677 slide-682 msDefaultImage\" \/><\/li>\n            <\/ul>\n        <\/div>\n        \n    <\/div>\n<\/div><\/div>\n<div class=\"wyjustuj\">Regalbedienger\u00e4te sind Maschinen, die f\u00fcr den Transport und das Stapeln von Waren in Lagern eingesetzt werden. Stapelkrane sind Krane f\u00fcr den internen Transport. Die Regalbedienger\u00e4te bestehen aus einem tragenden Rahmen oder einer beweglichen Stange, die eine Aufzugseinheit mit mechanischen Komponenten, in der Regel in Form von ausfahrbaren Sch\u00e4chten, tr\u00e4gt, die das Einlagern von Lasten, das Absetzen in Regale und das Auslagern erleichtern. Sie k\u00f6nnen f\u00fcr einen einzigen Gang zwischen den Regalen oder f\u00fcr mehrere G\u00e4nge verwendet werden.<\/p>\n<p><strong>Hinsichtlich der Konstruktion werden die Regalbedienger\u00e4te unterteilt in<\/strong><\/p>\n<ul>\n<li>S\u00e4ulenf\u00f6rmig - die Tragstruktur hat die Form einer beweglichen S\u00e4ule mit Leitern<\/li>\n<li>Rahmen - tragende Konstruktion in Form eines begehbaren Tores mit Schubladen<\/li>\n<\/ul>\n<p>Die Regalbedienger\u00e4te sind mit elektrischen Komponenten und einem Motor ausgestattet und werden im Allgemeinen von der Fahrerkabine aus gesteuert. Auch computergesteuerte automatische Regalbedienger\u00e4te sind im Einsatz.<\/p>\n<p>Jeder, der sich f\u00fcr die Bedienung der Ger\u00e4te qualifizieren m\u00f6chte, ist herzlich eingeladen, an unserer Regalbedienger\u00e4te-Schulung teilzunehmen. Dabei werden die wichtigsten Informationen \u00fcber den Bau, die Betriebsvorschriften, die technische \u00dcberwachung, die Gesundheits- und Sicherheitsvorschriften und die Verantwortlichkeiten der Betreiber vermittelt. Nach dem Kurs legen die Teilnehmer die UDT-Pr\u00fcfung ab. <a href=\"https:\/\/szkolenia-udt.pl\/de\/oferta\/\">Preis<\/a> h\u00e4ngt von der Anzahl der Teilnehmer ab. Wir bieten Schulungen in ganz Polen an. Sie sind herzlich willkommen!<\/p>\n<\/div>","protected":false},"excerpt":{"rendered":"<p>Uk\u0142adnicami nazywamy urz\u0105dzenia, kt\u00f3re wykorzystywane s\u0105 w transporcie oraz w procesie uk\u0142adania \u0142adunk\u00f3w w magazynach. Uk\u0142adnice zaliczane s\u0105 to urz\u0105dze\u0144 d\u017awigowych w transporcie wewn\u0119trznym. Do obs\u0142ugi urz\u0105dze\u0144 potrzebne s\u0105 uprawnienia na uk\u0142adnice nadawane przez Urz\u0105d Dozoru Technicznego.Uk\u0142adnice zbudowane s\u0105 z konstrukcji no\u015bnej ramy lub przejezdnego s\u0142upa, na kt\u00f3rych znajduje si\u0119 wodzak z elementami mechanicznymi, zwykle [&hellip;]<\/p>\n","protected":false},"author":3,"featured_media":0,"parent":69,"menu_order":0,"comment_status":"closed","ping_status":"closed","template":"","meta":{"footnotes":""},"class_list":["post-57","page","type-page","status-publish","hentry"],"aioseo_notices":[],"_links":{"self":[{"href":"https:\/\/szkolenia-udt.pl\/de\/wp-json\/wp\/v2\/pages\/57","targetHints":{"allow":["GET"]}}],"collection":[{"href":"https:\/\/szkolenia-udt.pl\/de\/wp-json\/wp\/v2\/pages"}],"about":[{"href":"https:\/\/szkolenia-udt.pl\/de\/wp-json\/wp\/v2\/types\/page"}],"author":[{"embeddable":true,"href":"https:\/\/szkolenia-udt.pl\/de\/wp-json\/wp\/v2\/users\/3"}],"replies":[{"embeddable":true,"href":"https:\/\/szkolenia-udt.pl\/de\/wp-json\/wp\/v2\/comments?post=57"}],"version-history":[{"count":5,"href":"https:\/\/szkolenia-udt.pl\/de\/wp-json\/wp\/v2\/pages\/57\/revisions"}],"predecessor-version":[{"id":1700,"href":"https:\/\/szkolenia-udt.pl\/de\/wp-json\/wp\/v2\/pages\/57\/revisions\/1700"}],"up":[{"embeddable":true,"href":"https:\/\/szkolenia-udt.pl\/de\/wp-json\/wp\/v2\/pages\/69"}],"wp:attachment":[{"href":"https:\/\/szkolenia-udt.pl\/de\/wp-json\/wp\/v2\/media?parent=57"}],"curies":[{"name":"wp","href":"https:\/\/api.w.org\/{rel}","templated":true}]}}