{"id":59,"date":"2014-10-07T16:26:41","date_gmt":"2014-10-07T16:26:41","guid":{"rendered":"http:\/\/szkolenia-udt.pl\/?page_id=59"},"modified":"2016-07-06T17:45:00","modified_gmt":"2016-07-06T17:45:00","slug":"containerumschlaggerate","status":"publish","type":"page","link":"https:\/\/szkolenia-udt.pl\/de\/dzwignice\/urzadzenia-do-manipulacji-kontenerami\/","title":{"rendered":"Ausr\u00fcstung f\u00fcr den Containerumschlag"},"content":{"rendered":"<div style=\"float: left; padding-right: 10px;\"><div id=\"metaslider-id-684\" style=\"max-width: 300px;\" class=\"ml-slider-3-108-0 metaslider metaslider-flex metaslider-684 ml-slider ms-theme-default nav-hidden\" role=\"region\" aria-label=\"Manipulationsger\u00e4te\" data-height=\"225\" data-width=\"300\">\n    <div id=\"metaslider_container_684\">\n        <div id=\"metaslider_684\">\n            <ul class='slides'>\n                <li style=\"display: block; width: 100%;\" class=\"slide-686 ms-image\" aria-roledescription=\"slide\" data-date=\"2014-10-12 11:03:24\" data-filename=\"O\u015brodek-szkolenia-operator\u00f3w.jpg\" data-slide-type=\"image\"><img loading=\"lazy\" decoding=\"async\" src=\"https:\/\/szkolenia-udt.pl\/wp-content\/uploads\/2014\/10\/O\u015brodek-szkolenia-operator\u00f3w.jpg\" height=\"225\" width=\"300\" alt=\"\" class=\"slider-684 slide-686 msDefaultImage\" \/><div class=\"caption-wrap\"><div class=\"caption\">Etikett<\/div><\/div><\/li>\n                <li style=\"display: none; width: 100%;\" class=\"slide-687 ms-image\" aria-roledescription=\"slide\" data-date=\"2014-10-12 11:03:26\" data-filename=\"szkolenia-urz\u0105dzenia-manipulacji-kontenerami.jpg\" data-slide-type=\"image\"><img loading=\"lazy\" decoding=\"async\" src=\"https:\/\/szkolenia-udt.pl\/wp-content\/uploads\/2014\/10\/szkolenia-urz\u0105dzenia-manipulacji-kontenerami.jpg\" height=\"225\" width=\"300\" alt=\"Kurs \u00fcber Containerumschlagger\u00e4te\" class=\"slider-684 slide-687 msDefaultImage\" \/><\/li>\n                <li style=\"display: none; width: 100%;\" class=\"slide-685 ms-image\" aria-roledescription=\"slide\" data-date=\"2014-10-12 11:03:23\" data-filename=\"Kursy-urz\u0105dzenia-manipulacji-kontenerami.jpg\" data-slide-type=\"image\"><img loading=\"lazy\" decoding=\"async\" src=\"https:\/\/szkolenia-udt.pl\/wp-content\/uploads\/2014\/10\/Kursy-urz\u0105dzenia-manipulacji-kontenerami.jpg\" height=\"225\" width=\"300\" alt=\"Operator Training Centre Warschau\" class=\"slider-684 slide-685 msDefaultImage\" \/><\/li>\n                <li style=\"display: none; width: 100%;\" class=\"slide-688 ms-image\" aria-roledescription=\"slide\" data-date=\"2014-10-12 11:03:26\" data-filename=\"Zdj\u0119cie-manipulacja-kontenerami.jpg\" data-slide-type=\"image\"><img loading=\"lazy\" decoding=\"async\" src=\"https:\/\/szkolenia-udt.pl\/wp-content\/uploads\/2014\/10\/Zdj\u0119cie-manipulacja-kontenerami.jpg\" height=\"225\" width=\"300\" alt=\"Ausr\u00fcstung f\u00fcr den Containerumschlag\" class=\"slider-684 slide-688 msDefaultImage\" \/><\/li>\n                <li style=\"display: none; width: 100%;\" class=\"slide-689 ms-image\" aria-roledescription=\"slide\" data-date=\"2014-10-12 11:03:44\" data-filename=\"Szkolenia-oraz-kursy-zdj\u0119cie.jpg\" data-slide-type=\"image\"><img loading=\"lazy\" decoding=\"async\" src=\"https:\/\/szkolenia-udt.pl\/wp-content\/uploads\/2014\/10\/Szkolenia-oraz-kursy-zdj\u0119cie.jpg\" height=\"225\" width=\"300\" alt=\"\" class=\"slider-684 slide-689 msDefaultImage\" \/><\/li>\n            <\/ul>\n        <\/div>\n        \n    <\/div>\n<\/div><\/div>\n<div class=\"wyjustuj\">Containerumschlagger\u00e4te werden z. B. in Umschlagh\u00e4fen und an anderen Stellen eingesetzt, an denen Container mit Fracht bewegt werden. F\u00fcr den Betrieb des Ger\u00e4ts ist eine Zulassung f\u00fcr Containerumschlagger\u00e4te erforderlich, die durch eine Pr\u00fcfung vor einem Ausschuss des Technischen \u00dcberwachungsvereins erworben wird. Diese Qualifikation wird in der Kategorie I K verliehen. Personen, die als Bediener solcher Ger\u00e4te arbeiten m\u00f6chten, sind eingeladen, an einem Kurs \u00fcber Containerumschlagger\u00e4te bei unserer <a href=\"https:\/\/szkolenia-udt.pl\/de\/o-firmie\/\">Schulungszentrum f\u00fcr Bediener<\/a>. Er erm\u00f6glicht es Ihnen, umfassende Kenntnisse \u00fcber die Bedienung der Ger\u00e4te zu erwerben und die Pr\u00fcfung abzulegen. Wir halten Kurse in Warschau, Krakau, Kattowitz und Bielsko-Bia\u0142a sowie an anderen Orten nach den W\u00fcnschen unserer Kunden ab. Die Preise richten sich nach der Anzahl der Teilnehmer. Wir laden Sie ein, die folgenden Vorteile zu nutzen <a href=\"https:\/\/szkolenia-udt.pl\/de\/oferta\/\">unsere Dienstleistungen<\/a>!<\/p>\n<\/div>","protected":false},"excerpt":{"rendered":"<p>Urz\u0105dzenia do manipulacji kontenerami znajduj\u0105 zastosowanie w miejscach takich jak porty prze\u0142adunkowe oraz innego rodzaju punktach, w kt\u00f3rych przemieszcza si\u0119 kontenery z \u0142adunkami. Do obs\u0142ugi urz\u0105dzenia potrzebne s\u0105 uprawnienia na urz\u0105dzenia do manipulacji kontenerami, kt\u00f3re zdobywa si\u0119 przez egzamin przed komisj\u0105 Urz\u0119du Dozoru Technicznego. Uprawnienia nadawane s\u0105 w kategorii I K.Osoby chc\u0105ce pracowa\u0107 na stanowisku [&hellip;]<\/p>\n","protected":false},"author":3,"featured_media":0,"parent":69,"menu_order":0,"comment_status":"closed","ping_status":"closed","template":"","meta":{"footnotes":""},"class_list":["post-59","page","type-page","status-publish","hentry"],"aioseo_notices":[],"_links":{"self":[{"href":"https:\/\/szkolenia-udt.pl\/de\/wp-json\/wp\/v2\/pages\/59","targetHints":{"allow":["GET"]}}],"collection":[{"href":"https:\/\/szkolenia-udt.pl\/de\/wp-json\/wp\/v2\/pages"}],"about":[{"href":"https:\/\/szkolenia-udt.pl\/de\/wp-json\/wp\/v2\/types\/page"}],"author":[{"embeddable":true,"href":"https:\/\/szkolenia-udt.pl\/de\/wp-json\/wp\/v2\/users\/3"}],"replies":[{"embeddable":true,"href":"https:\/\/szkolenia-udt.pl\/de\/wp-json\/wp\/v2\/comments?post=59"}],"version-history":[{"count":5,"href":"https:\/\/szkolenia-udt.pl\/de\/wp-json\/wp\/v2\/pages\/59\/revisions"}],"predecessor-version":[{"id":1703,"href":"https:\/\/szkolenia-udt.pl\/de\/wp-json\/wp\/v2\/pages\/59\/revisions\/1703"}],"up":[{"embeddable":true,"href":"https:\/\/szkolenia-udt.pl\/de\/wp-json\/wp\/v2\/pages\/69"}],"wp:attachment":[{"href":"https:\/\/szkolenia-udt.pl\/de\/wp-json\/wp\/v2\/media?parent=59"}],"curies":[{"name":"wp","href":"https:\/\/api.w.org\/{rel}","templated":true}]}}