{"id":61,"date":"2014-10-07T16:27:03","date_gmt":"2014-10-07T16:27:03","guid":{"rendered":"http:\/\/szkolenia-udt.pl\/?page_id=61"},"modified":"2016-07-06T17:46:02","modified_gmt":"2016-07-06T17:46:02","slug":"gabelstapler-2","status":"publish","type":"page","link":"https:\/\/szkolenia-udt.pl\/de\/dzwignice\/wozki-widlowe-jezdniowe\/","title":{"rendered":"Gabelstapler - mobil"},"content":{"rendered":"<div style=\"float: left; padding-right: 10px;\"><div id=\"metaslider-id-584\" style=\"max-width: 300px;\" class=\"ml-slider-3-108-0 metaslider metaslider-flex metaslider-584 ml-slider ms-theme-default nav-hidden\" role=\"region\" aria-label=\"Konstruktion des Wagens\" data-height=\"225\" data-width=\"300\">\n    <div id=\"metaslider_container_584\">\n        <div id=\"metaslider_584\">\n            <ul class='slides'>\n                <li style=\"display: block; width: 100%;\" class=\"slide-586 ms-image\" aria-roledescription=\"slide\" data-date=\"2014-10-12 05:43:37\" data-filename=\"Kurs-na-w\u00f3zki-wid\u0142owe.jpg\" data-slide-type=\"image\"><img loading=\"lazy\" decoding=\"async\" src=\"https:\/\/szkolenia-udt.pl\/wp-content\/uploads\/2014\/10\/Kurs-na-w\u00f3zki-wid\u0142owe.jpg\" height=\"225\" width=\"300\" alt=\"Gabelstaplerkurs\" class=\"slider-584 slide-586 msDefaultImage\" \/><\/li>\n                <li style=\"display: none; width: 100%;\" class=\"slide-591 ms-image\" aria-roledescription=\"slide\" data-date=\"2014-10-12 05:43:41\" data-filename=\"Kursy-W\u00f3zki-wid\u0142owe.jpg\" data-slide-type=\"image\"><img loading=\"lazy\" decoding=\"async\" src=\"https:\/\/szkolenia-udt.pl\/wp-content\/uploads\/2014\/10\/Kursy-W\u00f3zki-wid\u0142owe.jpg\" height=\"225\" width=\"300\" alt=\"Kurs f\u00fcr Gabelstaplerfahrer\" class=\"slider-584 slide-591 msDefaultImage\" \/><\/li>\n                <li style=\"display: none; width: 100%;\" class=\"slide-596 ms-image\" aria-roledescription=\"slide\" data-date=\"2014-10-12 05:43:44\" data-filename=\"Szkolenie-W\u00f3zki-wid\u0142owe1.jpg\" data-slide-type=\"image\"><img loading=\"lazy\" decoding=\"async\" src=\"https:\/\/szkolenia-udt.pl\/wp-content\/uploads\/2014\/10\/Szkolenie-W\u00f3zki-wid\u0142owe1.jpg\" height=\"225\" width=\"300\" alt=\"\" class=\"slider-584 slide-596 msDefaultImage\" \/><\/li>\n                <li style=\"display: none; width: 100%;\" class=\"slide-685 ms-image\" aria-roledescription=\"slide\" data-date=\"2014-10-12 11:03:23\" data-filename=\"Kursy-urz\u0105dzenia-manipulacji-kontenerami.jpg\" data-slide-type=\"image\"><img loading=\"lazy\" decoding=\"async\" src=\"https:\/\/szkolenia-udt.pl\/wp-content\/uploads\/2014\/10\/Kursy-urz\u0105dzenia-manipulacji-kontenerami.jpg\" height=\"225\" width=\"300\" alt=\"Operator Training Centre Warschau\" class=\"slider-584 slide-685 msDefaultImage\" \/><\/li>\n                <li style=\"display: none; width: 100%;\" class=\"slide-679 ms-image\" aria-roledescription=\"slide\" data-date=\"2014-10-12 10:48:10\" data-filename=\"OSO-Warszawa2.jpg\" data-slide-type=\"image\"><img loading=\"lazy\" decoding=\"async\" src=\"https:\/\/szkolenia-udt.pl\/wp-content\/uploads\/2014\/10\/OSO-Warszawa2.jpg\" height=\"225\" width=\"300\" alt=\"\" class=\"slider-584 slide-679 msDefaultImage\" \/><\/li>\n            <\/ul>\n        <\/div>\n        \n    <\/div>\n<\/div><\/div>\n<div class=\"wyjustuj\">Gabelstapler, <a href=\"https:\/\/szkolenia-udt.pl\/de\/kursy\/wozki-widlowe\/budowa-wozka-jezdniowego\/\">Gabelstapler<\/a> oder Gabelstapler sind motorisierte Fahrzeuge auf R\u00e4dern, die h\u00e4ufig beim Materialumschlag und in Lagerh\u00e4usern, Fabrikhallen und H\u00e4fen eingesetzt werden. Es gibt viele verschiedene Arten von Gabelstaplern, die f\u00fcr den Transport von Lasten bis zu mehreren zehn Tonnen geeignet sind. F\u00fcr die Bedienung der Ger\u00e4te ist ein Gabelstaplerkurs erforderlich. Au\u00dferdem wird eine UDT-Lizenz erteilt.<br \/>\n<strong><br \/>\nNach der polnischen Norm PN-77\/M-78100 werden die folgenden Ger\u00e4tetypen unterschieden:<\/strong><\/p>\n<ul>\n<li>in Bezug auf den verwendeten Antrieb - elektrisch, Batterie, Benzin, Diesel und andere<\/li>\n<li>in Bezug auf den Betrieb - Lader, Gabelstapler, Traktoren, Stapler und Spezialmaschinen<\/li>\n<li>in Bezug auf die Steuerung - Plattform, sitzend, gef\u00fchrt, ferngesteuert<\/li>\n<\/ul>\n<p>Am h\u00e4ufigsten werden Gabelstapler eingesetzt. Um sie auf der Baustelle zu verwenden, ben\u00f6tigen Sie <a href=\"https:\/\/szkolenia-udt.pl\/de\/kursy\/wozki-widlowe\/\">Gabelstaplerschein<\/a>. Der Arbeitnehmer sollte einen Gabelstaplerkurs absolvieren. Es ist nicht erforderlich, eine Pr\u00fcfung vor einem Ausschuss des Technischen \u00dcberwachungsvereins abzulegen, aber es wird dennoch empfohlen, diese Art von Lizenz zu erwerben, da sie von Arbeitgebern bevorzugt wird.<br \/>\n<strong><br \/>\nGabelstaplerscheine werden in den folgenden Kategorien erteilt:<\/strong><\/p>\n<ul>\n<li>III WJO - gef\u00fchrte und ferngesteuerte Heber<\/li>\n<li>II WJO - Hubwagen, ausgenommen Spezialfahrzeuge<\/li>\n<li>I WJO - Hub- und Spezialstapler - mit Last und variabler Reichweite Bediener<\/li>\n<\/ul>\n<p>In unserem Schulungszentrum f\u00fcr Bediener f\u00fchren wir regelm\u00e4\u00dfig Gabelstaplerkurse durch, sowohl in offener Form f\u00fcr alle Interessierten als auch f\u00fcr geschlossene Gruppen, die von Arbeitgebern vermittelt werden. Jeder <a href=\"https:\/\/szkolenia-udt.pl\/de\/kursy\/uprawnienia-udt-tdt-wdt\/wozki-widlowe\/\">Gabelstaplerkurs<\/a> umfasst Elemente aus Theorie und praktischen \u00dcbungen, um die Teilnehmer auf ihre Arbeit als Ger\u00e4tef\u00fchrer vorzubereiten. Wir bieten auch einen UDT-Kurs an, der zu einer Zulassung durch das Technische \u00dcberwachungsamt f\u00fchrt.<\/p>\n<div style=\"float: left; padding-right: 10px;\"><div id=\"metaslider-id-396\" style=\"max-width: 300px;\" class=\"ml-slider-3-108-0 metaslider metaslider-flex metaslider-396 ml-slider ms-theme-default nav-hidden nav-hidden\" role=\"region\" aria-label=\"Gabelstapler\" data-height=\"225\" data-width=\"300\">\n    <div id=\"metaslider_container_396\">\n        <div id=\"metaslider_396\">\n            <ul class='slides'>\n                <li style=\"display: block; width: 100%;\" class=\"slide-400 ms-image\" aria-roledescription=\"slide\" data-date=\"2014-10-10 12:07:59\" data-filename=\"6260676228_3a0fdacf7d_o.jpg\" data-slide-type=\"image\"><img loading=\"lazy\" decoding=\"async\" src=\"https:\/\/szkolenia-udt.pl\/wp-content\/uploads\/2014\/10\/6260676228_3a0fdacf7d_o.jpg\" height=\"225\" width=\"300\" alt=\"Gabelstapler\" class=\"slider-396 slide-400 msDefaultImage\" \/><\/li>\n                <li style=\"display: none; width: 100%;\" class=\"slide-577 ms-image\" aria-roledescription=\"slide\" data-date=\"2014-10-12 05:27:57\" data-filename=\"Szkolenia-w\u00f3zki-wid\u0142owe.jpg\" data-slide-type=\"image\"><img loading=\"lazy\" decoding=\"async\" src=\"https:\/\/szkolenia-udt.pl\/wp-content\/uploads\/2014\/10\/Szkolenia-w\u00f3zki-wid\u0142owe.jpg\" height=\"225\" width=\"300\" alt=\"Gabelstapler-Ausbildung\" class=\"slider-396 slide-577 msDefaultImage\" \/><\/li>\n                <li style=\"display: none; width: 100%;\" class=\"slide-578 ms-image\" aria-roledescription=\"slide\" data-date=\"2014-10-12 05:34:04\" data-filename=\"W\u00f3zki-wid\u0142owe-UDT.jpg\" data-slide-type=\"image\"><img loading=\"lazy\" decoding=\"async\" src=\"https:\/\/szkolenia-udt.pl\/wp-content\/uploads\/2014\/10\/W\u00f3zki-wid\u0142owe-UDT.jpg\" height=\"225\" width=\"300\" alt=\"\" class=\"slider-396 slide-578 msDefaultImage\" \/><\/li>\n                <li style=\"display: none; width: 100%;\" class=\"slide-1205 ms-image\" aria-roledescription=\"slide\" data-date=\"2014-11-17 21:31:17\" data-filename=\"wozki3a.jpg\" data-slide-type=\"image\"><img loading=\"lazy\" decoding=\"async\" src=\"https:\/\/szkolenia-udt.pl\/wp-content\/uploads\/2014\/11\/wozki3a.jpg\" height=\"225\" width=\"300\" alt=\"\" class=\"slider-396 slide-1205 msDefaultImage\" \/><\/li>\n                <li style=\"display: none; width: 100%;\" class=\"slide-1204 ms-image\" aria-roledescription=\"slide\" data-date=\"2014-11-17 21:31:16\" data-filename=\"wozki2a.jpg\" data-slide-type=\"image\"><img loading=\"lazy\" decoding=\"async\" src=\"https:\/\/szkolenia-udt.pl\/wp-content\/uploads\/2014\/11\/wozki2a.jpg\" height=\"225\" width=\"300\" alt=\"\" class=\"slider-396 slide-1204 msDefaultImage\" \/><\/li>\n            <\/ul>\n        <\/div>\n        \n    <\/div>\n<\/div><\/div>\n<p><a href=\"https:\/\/szkolenia-udt.pl\/de\/oferta\/\">Preis<\/a> Die Kursgeb\u00fchr richtet sich nach der Anzahl der Teilnehmer und wir bieten attraktive Rabatte f\u00fcr gr\u00f6\u00dfere Gruppen. Die Schulungen werden in unseren Niederlassungen in Warschau, Krakau, Kattowitz und Bielsko-Bia\u0142a durchgef\u00fchrt. Im Falle geschlossener Gruppen k\u00f6nnen wir auch zum Kunden reisen. Sie sind herzlich willkommen!<\/p>\n<\/div>","protected":false},"excerpt":{"rendered":"<p>W\u00f3zki wid\u0142owe, w\u00f3zki jezdniowe czy widlaki to ko\u0142owe pojazdy mechaniczne z nap\u0119dami silnikowymi, kt\u00f3re znajduj\u0105 szerokie zastosowanie w transporcie bliskim oraz w magazynach, halach fabrycznych, portach. W u\u017cyciu znajduje si\u0119 wiele r\u00f3\u017cnych typ\u00f3w w\u00f3zk\u00f3w przystosowanych do przewozu \u0142adunk\u00f3w nawet do kilkudziesi\u0119ciu ton. Aby obs\u0142ugiwa\u0107 urz\u0105dzenia, potrzebny jest kurs na w\u00f3zek wid\u0142owy. Nadawane s\u0105 tak\u017ce uprawnienia [&hellip;]<\/p>\n","protected":false},"author":3,"featured_media":0,"parent":69,"menu_order":0,"comment_status":"closed","ping_status":"closed","template":"","meta":{"footnotes":""},"class_list":["post-61","page","type-page","status-publish","hentry"],"aioseo_notices":[],"_links":{"self":[{"href":"https:\/\/szkolenia-udt.pl\/de\/wp-json\/wp\/v2\/pages\/61","targetHints":{"allow":["GET"]}}],"collection":[{"href":"https:\/\/szkolenia-udt.pl\/de\/wp-json\/wp\/v2\/pages"}],"about":[{"href":"https:\/\/szkolenia-udt.pl\/de\/wp-json\/wp\/v2\/types\/page"}],"author":[{"embeddable":true,"href":"https:\/\/szkolenia-udt.pl\/de\/wp-json\/wp\/v2\/users\/3"}],"replies":[{"embeddable":true,"href":"https:\/\/szkolenia-udt.pl\/de\/wp-json\/wp\/v2\/comments?post=61"}],"version-history":[{"count":7,"href":"https:\/\/szkolenia-udt.pl\/de\/wp-json\/wp\/v2\/pages\/61\/revisions"}],"predecessor-version":[{"id":1706,"href":"https:\/\/szkolenia-udt.pl\/de\/wp-json\/wp\/v2\/pages\/61\/revisions\/1706"}],"up":[{"embeddable":true,"href":"https:\/\/szkolenia-udt.pl\/de\/wp-json\/wp\/v2\/pages\/69"}],"wp:attachment":[{"href":"https:\/\/szkolenia-udt.pl\/de\/wp-json\/wp\/v2\/media?parent=61"}],"curies":[{"name":"wp","href":"https:\/\/api.w.org\/{rel}","templated":true}]}}