{"id":63,"date":"2014-10-07T16:28:55","date_gmt":"2014-10-07T16:28:55","guid":{"rendered":"http:\/\/szkolenia-udt.pl\/?page_id=63"},"modified":"2021-06-27T22:15:27","modified_gmt":"2021-06-27T22:15:27","slug":"lastenaufzuge","status":"publish","type":"page","link":"https:\/\/szkolenia-udt.pl\/de\/dzwignice\/wyciagi-towarowe\/","title":{"rendered":"Lastenaufz\u00fcge"},"content":{"rendered":"<div style=\"float: left; padding-right: 10px;\"><div id=\"metaslider-id-1448\" style=\"max-width: 300px;\" class=\"ml-slider-3-108-0 metaslider metaslider-flex metaslider-1448 ml-slider ms-theme-default nav-hidden\" role=\"region\" aria-label=\"Lastenaufz\u00fcge\" data-height=\"225\" data-width=\"300\">\n    <div id=\"metaslider_container_1448\">\n        <div id=\"metaslider_1448\">\n            <ul class='slides'>\n                <li style=\"display: block; width: 100%;\" class=\"slide-1447 ms-image\" aria-roledescription=\"slide\" data-date=\"2015-07-11 16:47:57\" data-filename=\"reswyciag_Junior_Bau_Beladung_01.jpg\" data-slide-type=\"image\"><img loading=\"lazy\" decoding=\"async\" src=\"https:\/\/szkolenia-udt.pl\/wp-content\/uploads\/2015\/07\/reswyciag_Junior_Bau_Beladung_01.jpg\" height=\"225\" width=\"300\" alt=\"\" class=\"slider-1448 slide-1447 msDefaultImage\" \/><\/li>\n                <li style=\"display: none; width: 100%;\" class=\"slide-1446 ms-image\" aria-roledescription=\"slide\" data-date=\"2015-07-11 16:47:56\" data-filename=\"reswyciag_f5a7f60b6a.jpg\" data-slide-type=\"image\"><img loading=\"lazy\" decoding=\"async\" src=\"https:\/\/szkolenia-udt.pl\/wp-content\/uploads\/2015\/07\/reswyciag_f5a7f60b6a.jpg\" height=\"225\" width=\"300\" alt=\"\" class=\"slider-1448 slide-1446 msDefaultImage\" \/><\/li>\n                <li style=\"display: none; width: 100%;\" class=\"slide-1445 ms-image\" aria-roledescription=\"slide\" data-date=\"2015-07-11 16:47:55\" data-filename=\"reswyciag_d91a2cec0e.jpg\" data-slide-type=\"image\"><img loading=\"lazy\" decoding=\"async\" src=\"https:\/\/szkolenia-udt.pl\/wp-content\/uploads\/2015\/07\/reswyciag_d91a2cec0e.jpg\" height=\"225\" width=\"300\" alt=\"\" class=\"slider-1448 slide-1445 msDefaultImage\" \/><\/li>\n                <li style=\"display: none; width: 100%;\" class=\"slide-1444 ms-image\" aria-roledescription=\"slide\" data-date=\"2015-07-11 16:47:55\" data-filename=\"reswyciag_a02794910f.jpg\" data-slide-type=\"image\"><img loading=\"lazy\" decoding=\"async\" src=\"https:\/\/szkolenia-udt.pl\/wp-content\/uploads\/2015\/07\/reswyciag_a02794910f.jpg\" height=\"225\" width=\"300\" alt=\"\" class=\"slider-1448 slide-1444 msDefaultImage\" \/><\/li>\n                <li style=\"display: none; width: 100%;\" class=\"slide-1443 ms-image\" aria-roledescription=\"slide\" data-date=\"2015-07-11 16:47:54\" data-filename=\"reswyciag_91de282e83.jpg\" data-slide-type=\"image\"><img loading=\"lazy\" decoding=\"async\" src=\"https:\/\/szkolenia-udt.pl\/wp-content\/uploads\/2015\/07\/reswyciag_91de282e83.jpg\" height=\"225\" width=\"300\" alt=\"\" class=\"slider-1448 slide-1443 msDefaultImage\" \/><\/li>\n                <li style=\"display: none; width: 100%;\" class=\"slide-1442 ms-image\" aria-roledescription=\"slide\" data-date=\"2015-07-11 16:47:53\" data-filename=\"reswyciag_9d4b99f161.jpg\" data-slide-type=\"image\"><img loading=\"lazy\" decoding=\"async\" src=\"https:\/\/szkolenia-udt.pl\/wp-content\/uploads\/2015\/07\/reswyciag_9d4b99f161.jpg\" height=\"225\" width=\"300\" alt=\"\" class=\"slider-1448 slide-1442 msDefaultImage\" \/><\/li>\n            <\/ul>\n        <\/div>\n        \n    <\/div>\n<\/div><\/div>\n<div class=\"wyjustuj\">\n<p>Als Lastenaufz\u00fcge (Leitern, Mulden) werden Krane bezeichnet, die mit einer auf F\u00fchrungen aufgesetzten Lastbasis konstruiert sind. Die Aufz\u00fcge sind so konzipiert, dass sie die Last mit Hilfe von Ketten- oder Seilspanngliedern in einer geneigten Position f\u00fchren. Vom Design her \u00e4hneln die Ger\u00e4te Leitern. Sie werden meist am Dach eines Geb\u00e4udes oder eines anderen Bauelements befestigt, wobei das andere Ende auf dem Boden liegt. Lasten, wie z. B. Baumaterialien, werden auf der so errichteten Plattform auf h\u00f6here Ebenen bef\u00f6rdert. Das Ger\u00e4t unterliegt der technischen \u00dcberwachung.<\/p>\n<p><strong>Lastenaufz\u00fcge werden unterteilt in:<\/strong><\/p>\n<ul>\n<li>Seil - das Gest\u00e4nge hat die Form eines Seils<\/li>\n<li>Kette - das Glied hat die Form einer Kette<\/li>\n<\/ul>\n<p>F\u00fcr den Betrieb des Ger\u00e4ts ist eine vom Technischen \u00dcberwachungsverein erteilte Genehmigung f\u00fcr Lastenaufz\u00fcge erforderlich.<\/p>\n<p>In unserem <a href=\"https:\/\/szkolenia-udt.pl\/de\/o-firmie\/\">Schulungszentrum f\u00fcr Bediener<\/a> k\u00f6nnen Sie abonnieren <a href=\"https:\/\/szkolenia-udt.pl\/de\/kursy\/uprawnienia-udt-tdt-wdt\/wyciagi-towarowe\/\">Kurs f\u00fcr Lastenaufz\u00fcge<\/a>. Sie erhalten eine theoretische Ausbildung und nehmen an praktischen \u00dcbungen teil, die Sie auf die Bedienung der Ger\u00e4te vorbereiten. Nach Abschluss der Ausbildung legen die Teilnehmer eine Pr\u00fcfung vor einer UDT-Kommission ab.<\/p>\n<p>Wir f\u00fchren Kurse f\u00fcr organisierte Gruppen und Einzelpersonen in Warschau, Krakau, Bielsko-Bia\u0142a und Katowice durch. Wir sind in der Lage, zu Kunden in ganz Polen zu reisen. Sie sind herzlich willkommen!<\/p>\n<\/div>","protected":false},"excerpt":{"rendered":"<p>Wyci\u0105gami towarowymi (drabinami, skipami) nazywamy urz\u0105dzenia d\u017awignicowe, kt\u00f3re s\u0105 zbudowane z podstawy \u0142adunkowej umieszczonej na prowadnicach. Wyci\u0105gi s\u0105 przystosowane do prowadzenia \u0142adunk\u00f3w pochy\u0142o z u\u017cyciem ci\u0119gnik\u00f3w \u0142a\u0144cuchowych lub linowych. Pod wzgl\u0119dem budowy urz\u0105dzenia przypominaj\u0105 drabiny. Najcz\u0119\u015bciej mocowane s\u0105 do dachu budynku lub innego jego elementu, a drugi koniec umieszczany jest na ziemi. Po tak skonstruowanej [&hellip;]<\/p>\n","protected":false},"author":3,"featured_media":0,"parent":69,"menu_order":0,"comment_status":"closed","ping_status":"closed","template":"","meta":{"footnotes":""},"class_list":["post-63","page","type-page","status-publish","hentry"],"aioseo_notices":[],"_links":{"self":[{"href":"https:\/\/szkolenia-udt.pl\/de\/wp-json\/wp\/v2\/pages\/63","targetHints":{"allow":["GET"]}}],"collection":[{"href":"https:\/\/szkolenia-udt.pl\/de\/wp-json\/wp\/v2\/pages"}],"about":[{"href":"https:\/\/szkolenia-udt.pl\/de\/wp-json\/wp\/v2\/types\/page"}],"author":[{"embeddable":true,"href":"https:\/\/szkolenia-udt.pl\/de\/wp-json\/wp\/v2\/users\/3"}],"replies":[{"embeddable":true,"href":"https:\/\/szkolenia-udt.pl\/de\/wp-json\/wp\/v2\/comments?post=63"}],"version-history":[{"count":7,"href":"https:\/\/szkolenia-udt.pl\/de\/wp-json\/wp\/v2\/pages\/63\/revisions"}],"predecessor-version":[{"id":2232,"href":"https:\/\/szkolenia-udt.pl\/de\/wp-json\/wp\/v2\/pages\/63\/revisions\/2232"}],"up":[{"embeddable":true,"href":"https:\/\/szkolenia-udt.pl\/de\/wp-json\/wp\/v2\/pages\/69"}],"wp:attachment":[{"href":"https:\/\/szkolenia-udt.pl\/de\/wp-json\/wp\/v2\/media?parent=63"}],"curies":[{"name":"wp","href":"https:\/\/api.w.org\/{rel}","templated":true}]}}