{"id":65,"date":"2014-10-07T16:29:21","date_gmt":"2014-10-07T16:29:21","guid":{"rendered":"http:\/\/szkolenia-udt.pl\/?page_id=65"},"modified":"2016-07-06T17:50:40","modified_gmt":"2016-07-06T17:50:40","slug":"einengungen","status":"publish","type":"page","link":"https:\/\/szkolenia-udt.pl\/de\/dzwignice\/zwyzki\/","title":{"rendered":"Steigt"},"content":{"rendered":"<div style=\"float: left; padding-right: 10px;\"><div id=\"metaslider-id-694\" style=\"max-width: 300px;\" class=\"ml-slider-3-107-0 metaslider metaslider-flex metaslider-694 ml-slider ms-theme-default nav-hidden\" role=\"region\" aria-label=\"Steigt\" data-height=\"225\" data-width=\"300\">\n    <div id=\"metaslider_container_694\">\n        <div id=\"metaslider_694\">\n            <ul class='slides'>\n                <li style=\"display: block; width: 100%;\" class=\"slide-657 ms-image\" aria-roledescription=\"slide\" data-date=\"2014-10-12 10:19:28\" data-filename=\"Uprawnienia-udt.jpg\" data-slide-type=\"image\"><img loading=\"lazy\" decoding=\"async\" src=\"https:\/\/szkolenia-udt.pl\/wp-content\/uploads\/2014\/10\/Uprawnienia-udt.jpg\" height=\"225\" width=\"300\" alt=\"\" class=\"slider-694 slide-657 msDefaultImage\" \/><\/li>\n                <li style=\"display: none; width: 100%;\" class=\"slide-589 ms-image\" aria-roledescription=\"slide\" data-date=\"2014-10-12 05:43:39\" data-filename=\"Kursy-szkolenia.jpg\" data-slide-type=\"image\"><img loading=\"lazy\" decoding=\"async\" src=\"https:\/\/szkolenia-udt.pl\/wp-content\/uploads\/2014\/10\/Kursy-szkolenia.jpg\" height=\"225\" width=\"300\" alt=\"\" class=\"slider-694 slide-589 msDefaultImage\" \/><\/li>\n                <li style=\"display: none; width: 100%;\" class=\"slide-656 ms-image\" aria-roledescription=\"slide\" data-date=\"2014-10-12 10:19:27\" data-filename=\"kursy-Platformy-no\u017cycowe.jpg\" data-slide-type=\"image\"><img loading=\"lazy\" decoding=\"async\" src=\"https:\/\/szkolenia-udt.pl\/wp-content\/uploads\/2014\/10\/kursy-Platformy-no\u017cycowe.jpg\" height=\"225\" width=\"300\" alt=\"Ausbildung und Kurse Ausleger\" class=\"slider-694 slide-656 msDefaultImage\" \/><\/li>\n                <li style=\"display: none; width: 100%;\" class=\"slide-590 ms-image\" aria-roledescription=\"slide\" data-date=\"2014-10-12 05:43:40\" data-filename=\"Kursy-szkolenia-OSO1.jpg\" data-slide-type=\"image\"><img loading=\"lazy\" decoding=\"async\" src=\"https:\/\/szkolenia-udt.pl\/wp-content\/uploads\/2014\/10\/Kursy-szkolenia-OSO1.jpg\" height=\"225\" width=\"300\" alt=\"Operator Training Centre Warschau\" class=\"slider-694 slide-590 msDefaultImage\" \/><\/li>\n                <li style=\"display: none; width: 100%;\" class=\"slide-696 ms-image\" aria-roledescription=\"slide\" data-date=\"2014-10-12 11:19:03\" data-filename=\"Kursy-Zwy\u017cki.jpg\" data-slide-type=\"image\"><img loading=\"lazy\" decoding=\"async\" src=\"https:\/\/szkolenia-udt.pl\/wp-content\/uploads\/2014\/10\/Kursy-Zwy\u017cki.jpg\" height=\"225\" width=\"300\" alt=\"\" class=\"slider-694 slide-696 msDefaultImage\" \/><\/li>\n            <\/ul>\n        <\/div>\n        \n    <\/div>\n<\/div><\/div>\n<div class=\"wyjustuj\">Hubarbeitsb\u00fchnen sind Ger\u00e4te, die in die Kategorie der mobilen Arbeitsb\u00fchnen fallen. Der Begriff wird haupts\u00e4chlich f\u00fcr Hubarbeitsb\u00fchnen verwendet, aber auch f\u00fcr Ger\u00e4te wie Scherenhebeb\u00fchnen, die sich in ihrer Konstruktion unterscheiden. Eine Hebeb\u00fchne ist ein technisches Ger\u00e4t, das zum Heben von Lasten auf die gew\u00fcnschte H\u00f6he an Arbeitspl\u00e4tzen, im Baugewerbe, bei der Lagerung, beim Materialtransport, bei der Montage, bei der Dekoration, bei der Pflege von Gr\u00fcnanlagen und bei anderen Arbeiten bestimmt ist. Die Ger\u00e4te werden unterteilt in station\u00e4re - die an einem bestimmten Ort arbeiten - und mobile - die sich bewegen k\u00f6nnen.<\/p>\n<p>Wir laden Sie ein zu <a href=\"https:\/\/szkolenia-udt.pl\/de\/kursy\/uprawnienia-udt-tdt-wdt\/podnosniki-koszowe\/\">Kurs f\u00fcr Hochseilgarten<\/a> an OSO. Bei uns erwerben Sie die erforderlichen Qualifikationen und k\u00f6nnen als Bediener der Ger\u00e4te arbeiten. Der Kurs f\u00fcr die Hubarbeitsb\u00fchne umfasst Theorie zur Bedienung des Ger\u00e4ts und praktische \u00dcbungen. Die Ausbildungskurse schlie\u00dfen mit einer Pr\u00fcfung vor der UDT-Kommission ab. <a href=\"https:\/\/szkolenia-udt.pl\/de\/oferta\/\">Preis<\/a> Die Anzahl der Kurse h\u00e4ngt von der Anzahl der Teilnehmer ab. Wir bilden in den folgenden St\u00e4dten aus: Warschau, Krakau, Bielsko-Biala, Kattowitz und wir reisen zu Kunden im ganzen Land. Sie sind herzlich willkommen!<\/p>\n<\/div>","protected":false},"excerpt":{"rendered":"<p>Zwy\u017cki to urz\u0105dzenia zaliczane do kategorii podest\u00f3w ruchomych. Tym terminem okre\u015bla si\u0119 przede wszystkim podno\u015bniki koszowe, ale r\u00f3wnie\u017c nazwa ta stosowana jest w celu opisu urz\u0105dze\u0144 takich jak podno\u015bniki no\u017cycowe r\u00f3\u017cni\u0105ce si\u0119 od nich swoj\u0105 konstrukcj\u0105. Wszystkie podlegaj\u0105 dozorowi technicznemu, dlatego do ich obs\u0142ugiwania potrzebne s\u0105 uprawnienia na zwy\u017cki nadane przez Urz\u0105d Dozoru Technicznego.Zwy\u017cka to [&hellip;]<\/p>\n","protected":false},"author":3,"featured_media":0,"parent":69,"menu_order":0,"comment_status":"closed","ping_status":"closed","template":"","meta":{"footnotes":""},"class_list":["post-65","page","type-page","status-publish","hentry"],"aioseo_notices":[],"_links":{"self":[{"href":"https:\/\/szkolenia-udt.pl\/de\/wp-json\/wp\/v2\/pages\/65","targetHints":{"allow":["GET"]}}],"collection":[{"href":"https:\/\/szkolenia-udt.pl\/de\/wp-json\/wp\/v2\/pages"}],"about":[{"href":"https:\/\/szkolenia-udt.pl\/de\/wp-json\/wp\/v2\/types\/page"}],"author":[{"embeddable":true,"href":"https:\/\/szkolenia-udt.pl\/de\/wp-json\/wp\/v2\/users\/3"}],"replies":[{"embeddable":true,"href":"https:\/\/szkolenia-udt.pl\/de\/wp-json\/wp\/v2\/comments?post=65"}],"version-history":[{"count":6,"href":"https:\/\/szkolenia-udt.pl\/de\/wp-json\/wp\/v2\/pages\/65\/revisions"}],"predecessor-version":[{"id":1718,"href":"https:\/\/szkolenia-udt.pl\/de\/wp-json\/wp\/v2\/pages\/65\/revisions\/1718"}],"up":[{"embeddable":true,"href":"https:\/\/szkolenia-udt.pl\/de\/wp-json\/wp\/v2\/pages\/69"}],"wp:attachment":[{"href":"https:\/\/szkolenia-udt.pl\/de\/wp-json\/wp\/v2\/media?parent=65"}],"curies":[{"name":"wp","href":"https:\/\/api.w.org\/{rel}","templated":true}]}}