{"id":69,"date":"2014-10-07T16:51:07","date_gmt":"2014-10-07T16:51:07","guid":{"rendered":"http:\/\/szkolenia-udt.pl\/?page_id=69"},"modified":"2022-10-18T23:47:15","modified_gmt":"2022-10-18T21:47:15","slug":"krane","status":"publish","type":"page","link":"https:\/\/szkolenia-udt.pl\/de\/dzwignice\/","title":{"rendered":"Kr\u00e4ne"},"content":{"rendered":"<p>Ger\u00e4te, f\u00fcr die der Betreiber eine UDT-Lizenz ben\u00f6tigt:<\/p>\n<ul>\n<li><a href=\"\/de\/krane\/krane-3\/\">Kr\u00e4ne<\/a><\/li>\n<li><a href=\"\/de\/krane\/bruckenkrane\/\">Seilkrane<\/a><\/li>\n<li><a href=\"\/de\/krane\/teleskoplader-mit-variabler-reichweite\/\">Teleskoplader<\/a><\/li>\n<li><a href=\"\/de\/krane\/scherenbuhnen\/\">Scherenplattformen<\/a><\/li>\n<li><a href=\"\/de\/krane\/mobile-aufzuge\/\">Aufz\u00fcge<\/a><\/li>\n<li><a href=\"\/de\/krane\/krane-2\/\">Kr\u00e4ne<\/a><\/li>\n<li><a href=\"\/de\/krane\/stapler\/\">Regalbedienger\u00e4te<\/a><\/li>\n<li><a href=\"\/de\/krane\/containerumschlaggerate\/\">Ausr\u00fcstung f\u00fcr den Containerumschlag<\/a><\/li>\n<li><a href=\"\/de\/krane\/gabelstapler-2\/\">Gabelstapler - Flurf\u00f6rderzeuge<\/a><\/li>\n<li><a href=\"\/de\/krane\/lastenaufzuge\/\">Lastenaufz\u00fcge<\/a><\/li>\n<li><a href=\"\/de\/krane\/krane-4\/\">Kr\u00e4ne<\/a><\/li>\n<li><a href=\"\/de\/krane\/einengungen\/\">Steigt<\/a><\/li>\n<\/ul>","protected":false},"excerpt":{"rendered":"<p>Ger\u00e4te, f\u00fcr die eine Lizenz des Betreibers erforderlich ist: Krane Linotor-Krane Teleskoplader Scherenb\u00fchnen Krane Br\u00fcckenkrane Stapelkrane Containerumschlagger\u00e4te Gabelstapler - Mobilkrane Lastenaufz\u00fcge Krane Auslegerlifte<\/p>","protected":false},"author":3,"featured_media":0,"parent":0,"menu_order":6,"comment_status":"closed","ping_status":"closed","template":"","meta":{"footnotes":""},"class_list":["post-69","page","type-page","status-publish","hentry"],"aioseo_notices":[],"_links":{"self":[{"href":"https:\/\/szkolenia-udt.pl\/de\/wp-json\/wp\/v2\/pages\/69","targetHints":{"allow":["GET"]}}],"collection":[{"href":"https:\/\/szkolenia-udt.pl\/de\/wp-json\/wp\/v2\/pages"}],"about":[{"href":"https:\/\/szkolenia-udt.pl\/de\/wp-json\/wp\/v2\/types\/page"}],"author":[{"embeddable":true,"href":"https:\/\/szkolenia-udt.pl\/de\/wp-json\/wp\/v2\/users\/3"}],"replies":[{"embeddable":true,"href":"https:\/\/szkolenia-udt.pl\/de\/wp-json\/wp\/v2\/comments?post=69"}],"version-history":[{"count":19,"href":"https:\/\/szkolenia-udt.pl\/de\/wp-json\/wp\/v2\/pages\/69\/revisions"}],"predecessor-version":[{"id":1467,"href":"https:\/\/szkolenia-udt.pl\/de\/wp-json\/wp\/v2\/pages\/69\/revisions\/1467"}],"wp:attachment":[{"href":"https:\/\/szkolenia-udt.pl\/de\/wp-json\/wp\/v2\/media?parent=69"}],"curies":[{"name":"wp","href":"https:\/\/api.w.org\/{rel}","templated":true}]}}