{"id":823,"date":"2014-11-01T21:28:35","date_gmt":"2014-11-01T21:28:35","guid":{"rendered":"http:\/\/szkolenia-udt.pl\/?page_id=823"},"modified":"2022-10-21T16:10:13","modified_gmt":"2022-10-21T14:10:13","slug":"krane-2","status":"publish","type":"page","link":"https:\/\/szkolenia-udt.pl\/de\/kursy\/suwnice\/","title":{"rendered":"Kr\u00e4ne"},"content":{"rendered":"<div class=\"wyjustuj\">\n<h2>Kurse f\u00fcr Br\u00fcckenkrane - Warschau und ganz Polen<\/h2>\n<div class=\"sliderpage\"><div id=\"metaslider-id-662\" style=\"max-width: 300px;\" class=\"ml-slider-3-107-0 metaslider metaslider-flex metaslider-662 ml-slider ms-theme-default nav-hidden\" role=\"region\" aria-label=\"Kr\u00e4ne\" data-height=\"225\" data-width=\"300\">\n    <div id=\"metaslider_container_662\">\n        <div id=\"metaslider_662\">\n            <ul class='slides'>\n                <li style=\"display: block; width: 100%;\" class=\"slide-1209 ms-image\" aria-roledescription=\"slide\" data-date=\"2014-11-17 21:42:15\" data-filename=\"suw1a.jpg\" data-slide-type=\"image\"><img loading=\"lazy\" decoding=\"async\" src=\"https:\/\/szkolenia-udt.pl\/wp-content\/uploads\/2014\/11\/suw1a.jpg\" height=\"225\" width=\"300\" alt=\"\" class=\"slider-662 slide-1209 msDefaultImage\" \/><\/li>\n            <\/ul>\n        <\/div>\n        \n    <\/div>\n<\/div><\/div>\n<p>M\u00f6chten Sie Ihre Kranf\u00fchrerscheine erwerben, ohne zu viel zu bezahlen? Bei uns bekommen Sie sie ohne Probleme! W <a href=\"https:\/\/szkolenia-udt.pl\/de\/o-firmie\/\">Schulungszentrum f\u00fcr Bediener<\/a> OSO setzt sich f\u00fcr die Zufriedenheit seiner Studenten ein, weshalb wir stets umfassend, professionell und zu erschwinglichen Preisen unterrichten.<\/p>\n<p>Unser Krankurs richtet sich an alle, die einen F\u00fchrerschein erwerben und eine Stelle als Bediener dieses Ger\u00e4ts finden m\u00f6chten. Wir f\u00fchren umfassende Kurse durch, die ein breites Spektrum an Informationen und praktischen \u00dcbungen abdecken, so dass wir Sie professionell auf die Pr\u00fcfung vor einer Kommission des Technischen \u00dcberwachungsvereins vorbereiten, nach der der Teilnehmer eine Lizenz f\u00fcr Krane erh\u00e4lt.<\/p>\n<div class=\"filmw\">\n<div class=\"responsive-youtube\"><iframe loading=\"lazy\" title=\"YouTube-Video-Player\" src=\"https:\/\/www.youtube.com\/embed\/EFy-SGiLltQ\" width=\"560\" height=\"315\" frameborder=\"0\" allowfullscreen=\"allowfullscreen\"><\/iframe><\/div>\n<\/div>\n<h2 class=\"boldnagl\">Kategorien von Betriebsgenehmigungen f\u00fcr Ger\u00e4te gem\u00e4\u00df UDT:<\/h2>\n<ul>\n<li>II S - Laufkr\u00e4ne, die von der Arbeitsebene aus bedient werden, Winden und Hebezeuge der Kategorie II W, station\u00e4re Werkstattkr\u00e4ne<\/li>\n<li>I S - vom F\u00fchrerstand aus gesteuerte Ger\u00e4te, Winden und Hebezeuge der Kategorie I W und Ger\u00e4te der Kategorie II S<\/li>\n<\/ul>\n<p>Alle Krankurse in unserem Zentrum basieren auf den UDT-Anforderungen und werden von unseren kompetenten Ausbildern inhaltlich vorbereitet.<\/p>\n<h2 class=\"boldnagl\">Jeder Krankurs behandelt die folgenden Informationen, die f\u00fcr die Position des Kranf\u00fchrers erforderlich sind:<\/h2>\n<ul>\n<li>technische \u00dcberwachung von Ger\u00e4ten der Kategorie II S oder I S<\/li>\n<li>Bau und Betrieb von Anlagen<\/li>\n<li>Aufgaben des Bedieners bei der Arbeit<\/li>\n<li>Gesundheits- und Sicherheitsvorschriften<\/li>\n<li>praktische \u00dcbungen<\/li>\n<\/ul>\n<p>Wenn es um Laufkr\u00e4ne geht, ist unser Kurs nicht nur reich an Theorie, sondern auch an praktischen \u00dcbungen mit den Ger\u00e4ten. Dabei k\u00f6nnen die Teilnehmer die erworbenen Kenntnisse anwenden und lernen, wie sie die Ger\u00e4te am Arbeitsplatz richtig und sicher bedienen. Nach Abschluss des Kurses legen die Teilnehmer eine Pr\u00fcfung ab, erhalten eine Bescheinigung \u00fcber den Abschluss des Kranlehrgangs und einen von UDT ausgestellten F\u00fchrerschein f\u00fcr Ger\u00e4te der Kategorie II S oder I S.<\/p>\n<h2 class=\"boldnagl\">Anforderungen<\/h2>\n<div class=\"sliderpageright\"><div id=\"metaslider-id-671\" style=\"max-width: 300px;\" class=\"ml-slider-3-107-0 metaslider metaslider-flex metaslider-671 ml-slider ms-theme-default nav-hidden nav-hidden\" role=\"region\" aria-label=\"Kr\u00e4ne2\" data-height=\"225\" data-width=\"300\">\n    <div id=\"metaslider_container_671\">\n        <div id=\"metaslider_671\">\n            <ul class='slides'>\n                <li style=\"display: block; width: 100%;\" class=\"slide-1995 ms-image\" aria-roledescription=\"slide\" data-date=\"2017-12-29 10:22:17\" data-filename=\"suwnica-5-252x189.jpg\" data-slide-type=\"image\"><img loading=\"lazy\" decoding=\"async\" src=\"https:\/\/szkolenia-udt.pl\/wp-content\/uploads\/2017\/12\/suwnica-5-252x189.jpg\" height=\"225\" width=\"300\" alt=\"\" class=\"slider-671 slide-1995 msDefaultImage\" \/><\/li>\n            <\/ul>\n        <\/div>\n        \n    <\/div>\n<\/div><\/div>\n<p>Der Kranf\u00fchrerlehrgang richtet sich an Personen, die die folgenden Anforderungen erf\u00fcllen:<\/p>\n<ul>\n<li>mindestens 18 Jahre alt sind<\/li>\n<li>mindestens die Primarschule abgeschlossen haben<\/li>\n<li>keine medizinischen Kontraindikationen f\u00fcr die Arbeit als Operator haben<\/li>\n<\/ul>\n<h2 class=\"boldnagl\">Preis<\/h2>\n<p>Wenn Sie sich f\u00fcr einen Kranichkurs anmelden m\u00f6chten, wird Sie der Preis in unserem Zentrum sicher interessieren. Der Preis richtet sich nach der Anzahl der Kursteilnehmer. Die Kranpr\u00fcfung ist bereits im Preis enthalten. F\u00fcr organisierte Gruppen legen wir die Kosten individuell fest und bitten Sie um <a href=\"https:\/\/szkolenia-udt.pl\/de\/kontakt\/\">Kontaktaufnahme mit uns<\/a> Telefon oder E-Mail f\u00fcr weitere Informationen.<\/p>\n<h2 class=\"boldnagl\">Wo sind wir t\u00e4tig?<\/h2>\n<p>Kurse \u00fcber Kr\u00e4ne werden an 4 Orten in Polen und an von unseren Kunden frei angegebenen Orten durchgef\u00fchrt - wir sind \u00fcberall im Land vor Ort. Der Hauptsitz unseres Zentrums befindet sich in Warschau, w\u00e4hrend unsere lokalen Zweigstellen in Kattowitz, Krakau und Bielsko-Bia\u0142a sind, wo der Unterricht nach dem auf unserer Website verf\u00fcgbaren Zeitplan organisiert wird.<\/p>\n<p>Wenn Sie Fragen haben, z. B. zum Krankurs, zum Preis oder zur Organisation des Unterrichts, dann setzen Sie sich mit uns in Verbindung, wir werden versuchen, so schnell wie m\u00f6glich zu antworten.<\/p>\n<p>Sie sind herzlich eingeladen, einen Blick auf unsere <a href=\"https:\/\/szkolenia-udt.pl\/de\/oferta\/\">vollst\u00e4ndiges Angebot<\/a> und mit uns zu trainieren!<\/p>\n<p><a href=\"https:\/\/szkolenia-udt.pl\/wp-content\/uploads\/2022\/01\/0031-oso-suwnice-ogolnego-i-specjalnego-przeznaczenia.jpg\"><img loading=\"lazy\" decoding=\"async\" class=\"aligncenter wp-image-2602 size-large\" src=\"https:\/\/szkolenia-udt.pl\/wp-content\/uploads\/2022\/01\/0031-oso-suwnice-ogolnego-i-specjalnego-przeznaczenia-1024x853.jpg\" alt=\"\" width=\"750\" height=\"625\" srcset=\"https:\/\/szkolenia-udt.pl\/wp-content\/uploads\/2022\/01\/0031-oso-suwnice-ogolnego-i-specjalnego-przeznaczenia-1024x853.jpg 1024w, https:\/\/szkolenia-udt.pl\/wp-content\/uploads\/2022\/01\/0031-oso-suwnice-ogolnego-i-specjalnego-przeznaczenia-300x250.jpg 300w, https:\/\/szkolenia-udt.pl\/wp-content\/uploads\/2022\/01\/0031-oso-suwnice-ogolnego-i-specjalnego-przeznaczenia-768x640.jpg 768w, https:\/\/szkolenia-udt.pl\/wp-content\/uploads\/2022\/01\/0031-oso-suwnice-ogolnego-i-specjalnego-przeznaczenia.jpg 1200w\" sizes=\"auto, (max-width: 750px) 100vw, 750px\" \/><\/a><\/p>\n<\/div>","protected":false},"excerpt":{"rendered":"<p>Kursy na suwnice &#8211; Warszawa i ca\u0142a Polska Chcesz bez przep\u0142acania zdoby\u0107 uprawnienia na suwnice? Z nami mo\u017cesz otrzyma\u0107 je bez problem\u00f3w! W O\u015brodku Szkolenia Operator\u00f3w OSO zale\u017cy nam na zadowoleniu kursant\u00f3w, dlatego uczymy zawsze kompleksowo, profesjonalnie i w przyst\u0119pnych cenach. Prowadzony przez nas kurs na suwnice jest przeznaczony dla ka\u017cdej osoby, kt\u00f3ra chcia\u0142aby otrzyma\u0107 [&hellip;]<\/p>\n","protected":false},"author":3,"featured_media":3424,"parent":22,"menu_order":10,"comment_status":"closed","ping_status":"closed","template":"","meta":{"footnotes":""},"class_list":["post-823","page","type-page","status-publish","has-post-thumbnail","hentry"],"aioseo_notices":[],"_links":{"self":[{"href":"https:\/\/szkolenia-udt.pl\/de\/wp-json\/wp\/v2\/pages\/823","targetHints":{"allow":["GET"]}}],"collection":[{"href":"https:\/\/szkolenia-udt.pl\/de\/wp-json\/wp\/v2\/pages"}],"about":[{"href":"https:\/\/szkolenia-udt.pl\/de\/wp-json\/wp\/v2\/types\/page"}],"author":[{"embeddable":true,"href":"https:\/\/szkolenia-udt.pl\/de\/wp-json\/wp\/v2\/users\/3"}],"replies":[{"embeddable":true,"href":"https:\/\/szkolenia-udt.pl\/de\/wp-json\/wp\/v2\/comments?post=823"}],"version-history":[{"count":18,"href":"https:\/\/szkolenia-udt.pl\/de\/wp-json\/wp\/v2\/pages\/823\/revisions"}],"predecessor-version":[{"id":3301,"href":"https:\/\/szkolenia-udt.pl\/de\/wp-json\/wp\/v2\/pages\/823\/revisions\/3301"}],"up":[{"embeddable":true,"href":"https:\/\/szkolenia-udt.pl\/de\/wp-json\/wp\/v2\/pages\/22"}],"wp:featuredmedia":[{"embeddable":true,"href":"https:\/\/szkolenia-udt.pl\/de\/wp-json\/wp\/v2\/media\/3424"}],"wp:attachment":[{"href":"https:\/\/szkolenia-udt.pl\/de\/wp-json\/wp\/v2\/media?parent=823"}],"curies":[{"name":"wp","href":"https:\/\/api.w.org\/{rel}","templated":true}]}}