{"id":847,"date":"2014-11-01T23:05:45","date_gmt":"2014-11-01T23:05:45","guid":{"rendered":"http:\/\/szkolenia-udt.pl\/?page_id=847"},"modified":"2021-07-19T22:11:08","modified_gmt":"2021-07-19T22:11:08","slug":"konstruktionselemente-des-krans","status":"publish","type":"page","link":"https:\/\/szkolenia-udt.pl\/de\/kursy\/suwnice\/elementy-budowy-suwnicy\/","title":{"rendered":"Elemente des Kranbaus"},"content":{"rendered":"<div style=\"float: left; padding-right: 10px;\"><div id=\"metaslider-id-1916\" style=\"max-width: 300px;\" class=\"ml-slider-3-107-0 metaslider metaslider-flex metaslider-1916 ml-slider ms-theme-default nav-hidden\" role=\"region\" aria-label=\"Konstruktion eines Krans\" data-height=\"225\" data-width=\"300\">\n    <div id=\"metaslider_container_1916\">\n        <div id=\"metaslider_1916\">\n            <ul class='slides'>\n                <li style=\"display: block; width: 100%;\" class=\"slide-1997 ms-image\" aria-roledescription=\"slide\" data-date=\"2017-12-29 10:24:02\" data-filename=\"suwnica-1-244x183.jpg\" data-slide-type=\"image\"><img loading=\"lazy\" decoding=\"async\" src=\"https:\/\/szkolenia-udt.pl\/wp-content\/uploads\/2017\/12\/suwnica-1-244x183.jpg\" height=\"225\" width=\"300\" alt=\"\" class=\"slider-1916 slide-1997 msDefaultImage\" \/><\/li>\n            <\/ul>\n        <\/div>\n        \n    <\/div>\n<\/div><\/div>\n<div class=\"wyjustuj\">\n<p>Krane, die als Kr\u00e4ne klassifiziert werden, sind Ger\u00e4te, die zur Manipulation von Lasten eingesetzt werden. Sie werden zum Heben, Transportieren und Absenken von Lasten mit Hilfe von Hebezeugen oder Flaschenz\u00fcgen eingesetzt. Bei Br\u00fcckenkr\u00e4nen handelt es sich um Ger\u00e4te, die nur auf einer bestimmten Bahn betrieben werden k\u00f6nnen - die Bewegung von Lasten erfolgt bis zur maximalen H\u00f6he und Breite des Krans.Wer einen F\u00fchrerschein f\u00fcr Br\u00fcckenkr\u00e4ne erwerben m\u00f6chte, muss eine Schulung besuchen, in der Informationen \u00fcber die Konstruktion der Ger\u00e4te vermittelt werden. Auch unser <a href=\"https:\/\/szkolenia-udt.pl\/de\/kursy\/suwnice\/\">Kranbahn<\/a> Die Konstruktionselemente des Ger\u00e4ts k\u00f6nnen in mechanische und elektrische Elemente unterteilt werden. Im Folgenden finden Sie eine Liste der Komponenten.<\/p>\n<h2><strong>Mechanische Elemente:<\/strong><\/h2>\n<ul>\n<li>Gleis - Puffer und Nocken<\/li>\n<li>Konstruktion - Laufr\u00e4der, Propeller, Fahrwerke, Windschutz, Puffer, Endschalter, Stopptatzen<\/li>\n<li>Br\u00fccke - I-Tr\u00e4ger mit Puffern<\/li>\n<li>Drehgestell - Sinus- und Ritzelgetriebe<\/li>\n<li>Hubwerk - Geh\u00e4use, Antriebsmotor, Gest\u00e4nge, Zahnradgetriebe, Seilf\u00fchrungsring, Seil- oder Kettentrommel, Gest\u00e4nge und Puffer mit Endschaltern, Haken und Hakengeschirr<\/li>\n<\/ul>\n<h2><strong>Elektrische Komponenten:<\/strong><\/h2>\n<ul>\n<li>Kran- und Stromversorgungsanschl\u00fcsse<\/li>\n<li>Verteiler- und Steuerschr\u00e4nke<\/li>\n<li>Steuerger\u00e4t<\/li>\n<li>Trolle<\/li>\n<li>Endschalter<\/li>\n<\/ul>\n<p>Das beliebte Portalmodell beispielsweise besteht aus einem Deck, das sich auf Seitenbr\u00fccken befindet, und zwei oder mehr Toren. Gantry-Modelle basieren auf Traversen, bei denen das Deck auf Schienen von der Decke der Anlage abgeh\u00e4ngt ist. Die Sehnen bewegen sich auf den Plattformen.<\/p>\n<p>Das Ger\u00e4t wird von der Fahrbahn oder von der Fahrerkabine aus entweder drahtlos oder per Kabel bedient. Der Bediener kann die Plattform und das Gest\u00e4nge bewegen und die Bewegung des Hebegurts mit der Last ausl\u00f6sen, um sie auf die richtige H\u00f6he zu heben und an ihren Bestimmungsort zu bringen.<\/p>\n<p>Kenntnisse \u00fcber die Konstruktion von Br\u00fcckenkr\u00e4nen sind f\u00fcr jeden, der einen Br\u00fcckenkran bedienen m\u00f6chte, unerl\u00e4sslich. Mit unseren Kursen k\u00f6nnen Sie ganz einfach die daf\u00fcr erforderlichen UDT-Zulassungen erhalten!<\/p>\n<\/div>","protected":false},"excerpt":{"rendered":"<p>Suwnice zaliczane do d\u017awignic s\u0105 urz\u0105dzeniami u\u017cywanymi w manipulacji \u0142adunkami. S\u0142u\u017c\u0105 do podnoszenia, przenoszenia oraz opuszczania \u0142adunk\u00f3w z u\u017cyciem wci\u0105garek lub wci\u0105gnik\u00f3w. Suwnice s\u0105 urz\u0105dzeniami obs\u0142uguj\u0105cym tylko wyznaczony tor jazdy \u2013 przemieszczanie \u0142adunk\u00f3w odbywa si\u0119 do maksymalnej wysoko\u015bci i szeroko\u015bci suwnicy.Wszyscy, kt\u00f3rzy chc\u0105 otrzyma\u0107 uprawnienia na suwnice, musz\u0105 wzi\u0105\u0107 udzia\u0142 w szkoleniu, podczas kt\u00f3rego poruszane [&hellip;]<\/p>\n","protected":false},"author":3,"featured_media":1996,"parent":823,"menu_order":0,"comment_status":"closed","ping_status":"closed","template":"","meta":{"footnotes":""},"class_list":["post-847","page","type-page","status-publish","has-post-thumbnail","hentry"],"aioseo_notices":[],"_links":{"self":[{"href":"https:\/\/szkolenia-udt.pl\/de\/wp-json\/wp\/v2\/pages\/847","targetHints":{"allow":["GET"]}}],"collection":[{"href":"https:\/\/szkolenia-udt.pl\/de\/wp-json\/wp\/v2\/pages"}],"about":[{"href":"https:\/\/szkolenia-udt.pl\/de\/wp-json\/wp\/v2\/types\/page"}],"author":[{"embeddable":true,"href":"https:\/\/szkolenia-udt.pl\/de\/wp-json\/wp\/v2\/users\/3"}],"replies":[{"embeddable":true,"href":"https:\/\/szkolenia-udt.pl\/de\/wp-json\/wp\/v2\/comments?post=847"}],"version-history":[{"count":5,"href":"https:\/\/szkolenia-udt.pl\/de\/wp-json\/wp\/v2\/pages\/847\/revisions"}],"predecessor-version":[{"id":2384,"href":"https:\/\/szkolenia-udt.pl\/de\/wp-json\/wp\/v2\/pages\/847\/revisions\/2384"}],"up":[{"embeddable":true,"href":"https:\/\/szkolenia-udt.pl\/de\/wp-json\/wp\/v2\/pages\/823"}],"wp:featuredmedia":[{"embeddable":true,"href":"https:\/\/szkolenia-udt.pl\/de\/wp-json\/wp\/v2\/media\/1996"}],"wp:attachment":[{"href":"https:\/\/szkolenia-udt.pl\/de\/wp-json\/wp\/v2\/media?parent=847"}],"curies":[{"name":"wp","href":"https:\/\/api.w.org\/{rel}","templated":true}]}}