{"id":851,"date":"2014-11-01T23:09:36","date_gmt":"2014-11-01T23:09:36","guid":{"rendered":"http:\/\/szkolenia-udt.pl\/?page_id=851"},"modified":"2021-07-15T00:18:06","modified_gmt":"2021-07-15T00:18:06","slug":"vor-beginn-der-arbeiten-mit-dem-kran","status":"publish","type":"page","link":"https:\/\/szkolenia-udt.pl\/de\/kursy\/suwnice\/przed-rozpoczeciem-pracy-z-suwnica\/","title":{"rendered":"Vor der Arbeit mit dem Kran"},"content":{"rendered":"<div style=\"float: left; padding-right: 10px;\"><div id=\"metaslider-id-662\" style=\"max-width: 300px;\" class=\"ml-slider-3-107-0 metaslider metaslider-flex metaslider-662 ml-slider ms-theme-default nav-hidden\" role=\"region\" aria-label=\"Kr\u00e4ne\" data-height=\"225\" data-width=\"300\">\n    <div id=\"metaslider_container_662\">\n        <div id=\"metaslider_662\">\n            <ul class='slides'>\n                <li style=\"display: block; width: 100%;\" class=\"slide-1209 ms-image\" aria-roledescription=\"slide\" data-date=\"2014-11-17 21:42:15\" data-filename=\"suw1a.jpg\" data-slide-type=\"image\"><img loading=\"lazy\" decoding=\"async\" src=\"https:\/\/szkolenia-udt.pl\/wp-content\/uploads\/2014\/11\/suw1a.jpg\" height=\"225\" width=\"300\" alt=\"\" class=\"slider-662 slide-1209 msDefaultImage\" \/><\/li>\n            <\/ul>\n        <\/div>\n        \n    <\/div>\n<\/div><\/div>\n<div class=\"wyjustuj\">\n<p>Die richtige Vorbereitung des Arbeitsplatzes kann das Risiko von Gefahren und Unf\u00e4llen erheblich verringern. Bei der Arbeit als Br\u00fcckenkranf\u00fchrer ist es wichtig, die Gesundheits- und Sicherheitsvorschriften zu kennen und einzuhalten. Durch die Wahl unserer <a href=\"https:\/\/szkolenia-udt.pl\/de\/kursy\/suwnice\/\">Kranbahn<\/a>Hier erfahren Sie alles \u00fcber sicheres Arbeiten vor, w\u00e4hrend und nach dem Einsatz der Ger\u00e4te. Das Wichtigste dabei sind die Inspektionen, die es erm\u00f6glichen, den Zustand der Ausr\u00fcstung festzustellen, und auf deren Grundlage Sie bei Bedarf Reparaturen und Wartungsarbeiten durchf\u00fchren k\u00f6nnen. Ein gut vorbereiteter Arbeitsplatz ist nicht nur f\u00fcr den Bediener selbst, sondern auch f\u00fcr seine Kollegen wichtig.<\/p>\n<p><strong>Bevor Sie mit der Arbeit beginnen:<\/strong><\/p>\n<ul>\n<li style=\"text-align: left;\">Pr\u00fcfen Sie, ob es eine g\u00fcltige UDT-Entscheidung hat - Ger\u00e4te ohne g\u00fcltige UDT-Entscheidungen k\u00f6nnen besch\u00e4digt werden und erh\u00f6hen die Gefahr bei der Benutzung<\/li>\n<li style=\"text-align: left;\">denken Sie daran, die Gesundheits- und Sicherheitsvorschriften an Ihrem Arbeitsplatz zu beachten, vor allem auf der Grundlage Ihrer Arbeitsanweisungen<\/li>\n<li style=\"text-align: left;\">lesen Sie die Bedienungsanleitung des Ger\u00e4ts, das Sie zum ersten Mal in Betrieb nehmen wollen<\/li>\n<li style=\"text-align: left;\">Bedienen Sie die Maschine nur, wenn Sie einen Kranschein besitzen<\/li>\n<li style=\"text-align: left;\">wenn Sie St\u00f6rungen, Leckagen oder andere alarmierende Anzeichen feststellen, setzen Sie das Ger\u00e4t au\u00dfer Betrieb und melden Sie dies den zust\u00e4ndigen Personen<\/li>\n<li style=\"text-align: left;\">die letzten Eintragungen im Betriebs-, Wartungs- oder Abnahmebuch des Ger\u00e4ts zu lesen<\/li>\n<li style=\"text-align: left;\">\u00dcberpr\u00fcfen Sie die Umgebung des Ger\u00e4ts, achten Sie insbesondere auf Hindernisse, die im Weg sind, entfernen Sie diese oder melden Sie deren Vorhandensein der zust\u00e4ndigen Person, wenn Sie sie nicht selbst entfernen k\u00f6nnen<\/li>\n<li style=\"text-align: left;\">Personen, die in der N\u00e4he des Ger\u00e4ts arbeiten, \u00fcber den Beginn der Arbeiten informieren<\/li>\n<li style=\"text-align: left;\">Kommunikationszeichen mit dem Bediener des Hebegurts vereinbaren<\/li>\n<li style=\"text-align: left;\">Pr\u00fcfen Sie die Gewichte der Lasten und stellen Sie fest, ob sie der Tragf\u00e4higkeit der Maschine entsprechen.<\/li>\n<li style=\"text-align: left;\">einen Lagerplatz f\u00fcr Lasten vorbereiten<\/li>\n<li style=\"text-align: left;\">eine Inspektion des Ger\u00e4ts durchf\u00fchren - visuelle \u00dcberpr\u00fcfung der Effizienz und des aktuellen Betriebszustands, \u00dcberpr\u00fcfung der Funktion von Sicherheitskomponenten und Antriebsmechanismen w\u00e4hrend eines Testlaufs<\/li>\n<li style=\"text-align: left;\">einen Eintrag in das Logbuch oder ein anderes Dokument vornehmen<\/li>\n<\/ul>\n<\/div>","protected":false},"excerpt":{"rendered":"<p>W\u0142a\u015bciwe przygotowanie stanowiska pracy jest w stanie zmniejszy\u0107 znacznie ryzyko zagro\u017ce\u0144 i wypadk\u00f3w. W pracy operatora suwnicy wa\u017cna jest znajomo\u015b\u0107 zasad BHP i ich przestrzeganie. Wybieraj\u0105c nasz kurs na suwnice, mo\u017cesz dowiedzie\u0107 si\u0119 wszystkiego na temat pracy bezpiecznej zar\u00f3wno przed jej rozpocz\u0119ciem, podczas, jak i po zako\u0144czeniu obs\u0142ugi urz\u0105dzenia. W tym artykule zawarli\u015bmy wszystkie kluczowe [&hellip;]<\/p>\n","protected":false},"author":3,"featured_media":0,"parent":823,"menu_order":0,"comment_status":"closed","ping_status":"closed","template":"","meta":{"footnotes":""},"class_list":["post-851","page","type-page","status-publish","hentry"],"aioseo_notices":[],"_links":{"self":[{"href":"https:\/\/szkolenia-udt.pl\/de\/wp-json\/wp\/v2\/pages\/851","targetHints":{"allow":["GET"]}}],"collection":[{"href":"https:\/\/szkolenia-udt.pl\/de\/wp-json\/wp\/v2\/pages"}],"about":[{"href":"https:\/\/szkolenia-udt.pl\/de\/wp-json\/wp\/v2\/types\/page"}],"author":[{"embeddable":true,"href":"https:\/\/szkolenia-udt.pl\/de\/wp-json\/wp\/v2\/users\/3"}],"replies":[{"embeddable":true,"href":"https:\/\/szkolenia-udt.pl\/de\/wp-json\/wp\/v2\/comments?post=851"}],"version-history":[{"count":5,"href":"https:\/\/szkolenia-udt.pl\/de\/wp-json\/wp\/v2\/pages\/851\/revisions"}],"predecessor-version":[{"id":2250,"href":"https:\/\/szkolenia-udt.pl\/de\/wp-json\/wp\/v2\/pages\/851\/revisions\/2250"}],"up":[{"embeddable":true,"href":"https:\/\/szkolenia-udt.pl\/de\/wp-json\/wp\/v2\/pages\/823"}],"wp:attachment":[{"href":"https:\/\/szkolenia-udt.pl\/de\/wp-json\/wp\/v2\/media?parent=851"}],"curies":[{"name":"wp","href":"https:\/\/api.w.org\/{rel}","templated":true}]}}