{"id":858,"date":"2014-11-01T23:13:52","date_gmt":"2014-11-01T23:13:52","guid":{"rendered":"http:\/\/szkolenia-udt.pl\/?page_id=858"},"modified":"2021-07-15T00:18:55","modified_gmt":"2021-07-15T00:18:55","slug":"tatigkeiten-bei-der-arbeit-mit-dem-kran","status":"publish","type":"page","link":"https:\/\/szkolenia-udt.pl\/de\/kursy\/suwnice\/czynnosci-podczas-pracy-z-suwnica\/","title":{"rendered":"T\u00e4tigkeiten beim Arbeiten mit dem Kran"},"content":{"rendered":"<div style=\"float: left; padding-right: 10px;\"><div id=\"metaslider-id-671\" style=\"max-width: 300px;\" class=\"ml-slider-3-108-0 metaslider metaslider-flex metaslider-671 ml-slider ms-theme-default nav-hidden\" role=\"region\" aria-label=\"Kr\u00e4ne2\" data-height=\"225\" data-width=\"300\">\n    <div id=\"metaslider_container_671\">\n        <div id=\"metaslider_671\">\n            <ul class='slides'>\n                <li style=\"display: block; width: 100%;\" class=\"slide-1995 ms-image\" aria-roledescription=\"slide\" data-date=\"2017-12-29 10:22:17\" data-filename=\"suwnica-5-252x189.jpg\" data-slide-type=\"image\"><img loading=\"lazy\" decoding=\"async\" src=\"https:\/\/szkolenia-udt.pl\/wp-content\/uploads\/2017\/12\/suwnica-5-252x189.jpg\" height=\"225\" width=\"300\" alt=\"\" class=\"slider-671 slide-1995 msDefaultImage\" \/><\/li>\n            <\/ul>\n        <\/div>\n        \n    <\/div>\n<\/div><\/div>\n<div class=\"wyjustuj\">\n<p>F\u00fcr die Position des Kranf\u00fchrers sind Kenntnisse in den Bereichen Kranbetrieb sowie Gesundheit und Sicherheit unerl\u00e4sslich. Durch die Wahl unserer <a href=\"https:\/\/szkolenia-udt.pl\/de\/kursy\/suwnice\/\">Kranbahn<\/a>Sie erhalten die notwendigen Informationen zum sicheren Umgang mit dem Ger\u00e4t und zur Verringerung des Risikos von Gefahren und Unf\u00e4llen bei der Arbeit.<\/p>\n<p><strong>Hier sind die wichtigsten Aufgaben des Bedieners w\u00e4hrend des Betriebs:<\/strong><\/p>\n<ul>\n<li style=\"text-align: left;\">Der Bediener sollte sich w\u00e4hrend des Betriebs jederzeit vom ordnungsgem\u00e4\u00dfen Funktionieren der Maschine \u00fcberzeugen.<\/li>\n<li style=\"text-align: left;\">die Arbeit muss mit pers\u00f6nlicher Schutzausr\u00fcstung ausgef\u00fchrt werden, wenn der Arbeitgeber dies anordnet, z. B. mit einem Schutzhelm<\/li>\n<li style=\"text-align: left;\">die Last muss immer so gef\u00fchrt werden, dass ihr gesamter Weg einsehbar ist - bei \u00fcbergro\u00dfen Lasten muss ein Hakensignalgeber verwendet werden<\/li>\n<li style=\"text-align: left;\">Das Bedienungspersonal muss auf die Signale des Hakensignalgebers achten.<\/li>\n<li style=\"text-align: left;\">immer auf ein Stoppsignal reagieren und das Ger\u00e4t anhalten<\/li>\n<li style=\"text-align: left;\">Achten Sie beim Transport von Lasten auf den Weg und halten Sie einen sicheren Abstand zwischen den Lasten und anderen Gegenst\u00e4nden oder Personen ein.<\/li>\n<li style=\"text-align: left;\">w\u00e4hrend des Transports d\u00fcrfen sich keine Personen unter oder in unmittelbarer N\u00e4he der Ladung aufhalten<\/li>\n<li style=\"text-align: left;\">Bei der Handhabung der Last - Bremsen, Anfahren oder Anheben und Absenken - m\u00fcssen die Bewegungen gleichm\u00e4\u00dfig sein.<\/li>\n<li style=\"text-align: left;\">die f\u00fcr das betreffende Ger\u00e4t geltende H\u00f6chstgeschwindigkeit nicht \u00fcberschreiten und sie gegebenenfalls an die Gegebenheiten vor Ort anpassen<\/li>\n<li style=\"text-align: left;\">anderen Kollegen ein Signal zu geben, bevor sie eine Ladung starten, und dies zu wiederholen, wenn Personen im Weg sind<\/li>\n<li style=\"text-align: left;\">\u00dcberpr\u00fcfen Sie das Gewicht der Last und die Nenntragf\u00e4higkeit des Ger\u00e4ts.<\/li>\n<li style=\"text-align: left;\">Die Ladung muss immer ordnungsgem\u00e4\u00df und vorschriftsm\u00e4\u00dfig gesichert werden.<\/li>\n<li style=\"text-align: left;\">die Ladung muss ausgewogen gesichert sein<\/li>\n<li style=\"text-align: left;\">die Lasten m\u00fcssen in aufrechter Position getragen werden<\/li>\n<li style=\"text-align: left;\">bei der Handhabung von Lasten sollte der Abstand zwischen ihnen und Hindernissen mindestens 0,5 m betragen<\/li>\n<li style=\"text-align: left;\">Die Ladung muss an einem bestimmten Ort und gem\u00e4\u00df den Regeln f\u00fcr eine sichere Lagerung gelagert werden.<\/li>\n<li style=\"text-align: left;\">Wenn sich das Ger\u00e4t im Freien befindet, muss der Bediener auf die Witterungsbedingungen achten und die Arbeit unterbrechen, wenn diese die Sicherheit gef\u00e4hrden.<\/li>\n<\/ul>\n<p><strong>Verbotene T\u00e4tigkeiten bei der Arbeit mit Kr\u00e4nen:<\/strong><\/p>\n<ul>\n<li style=\"text-align: left;\">das Ger\u00e4t darf nicht von einer Person bedient werden, die nicht f\u00fcr die Bedienung von Kr\u00e4nen qualifiziert ist<\/li>\n<li style=\"text-align: left;\">das Ger\u00e4t darf nicht von Personen bedient werden, die Alkohol oder Drogen konsumiert haben<\/li>\n<li style=\"text-align: left;\">nicht zusammenpassende oder besch\u00e4digte Anschlagmittel d\u00fcrfen nicht verwendet werden<\/li>\n<li style=\"text-align: left;\">Wartungs- und Reparaturarbeiten d\u00fcrfen nicht bei eingeschaltetem Ger\u00e4t durchgef\u00fchrt werden<\/li>\n<li style=\"text-align: left;\">Lasten d\u00fcrfen nicht auf dem Ger\u00e4t verbleiben, ohne sicher abgesenkt zu werden.<\/li>\n<li style=\"text-align: left;\">Lasten, die an der Oberfl\u00e4che befestigt sind und sich au\u00dferhalb der Reichweite des Ger\u00e4ts befinden, d\u00fcrfen nicht angehoben werden.<\/li>\n<\/ul>\n<\/div>","protected":false},"excerpt":{"rendered":"<p>Znajomo\u015b\u0107 zasad obs\u0142ugi suwnic oraz zasad BHP jest niezb\u0119dna na stanowisku operatora. Wybieraj\u0105c nasz kurs na suwnice, otrzymasz niezb\u0119dne informacje o tym, jak bezpiecznie obs\u0142ugiwa\u0107 urz\u0105dzenie i jak zmniejszy\u0107 ryzyko zagro\u017ce\u0144 i wypadk\u00f3w przy pracy. Oto najwa\u017cniejsze obowi\u0105zki operatora podczas pracy: przez ca\u0142y czas pracy operator powinien sprawdza\u0107 prawid\u0142owo\u015b\u0107 dzia\u0142ania mechanizm\u00f3w urz\u0105dzenia prac\u0119 nale\u017cy wykonywa\u0107 [&hellip;]<\/p>\n","protected":false},"author":3,"featured_media":0,"parent":823,"menu_order":5,"comment_status":"closed","ping_status":"closed","template":"","meta":{"footnotes":""},"class_list":["post-858","page","type-page","status-publish","hentry"],"aioseo_notices":[],"_links":{"self":[{"href":"https:\/\/szkolenia-udt.pl\/de\/wp-json\/wp\/v2\/pages\/858","targetHints":{"allow":["GET"]}}],"collection":[{"href":"https:\/\/szkolenia-udt.pl\/de\/wp-json\/wp\/v2\/pages"}],"about":[{"href":"https:\/\/szkolenia-udt.pl\/de\/wp-json\/wp\/v2\/types\/page"}],"author":[{"embeddable":true,"href":"https:\/\/szkolenia-udt.pl\/de\/wp-json\/wp\/v2\/users\/3"}],"replies":[{"embeddable":true,"href":"https:\/\/szkolenia-udt.pl\/de\/wp-json\/wp\/v2\/comments?post=858"}],"version-history":[{"count":6,"href":"https:\/\/szkolenia-udt.pl\/de\/wp-json\/wp\/v2\/pages\/858\/revisions"}],"predecessor-version":[{"id":2251,"href":"https:\/\/szkolenia-udt.pl\/de\/wp-json\/wp\/v2\/pages\/858\/revisions\/2251"}],"up":[{"embeddable":true,"href":"https:\/\/szkolenia-udt.pl\/de\/wp-json\/wp\/v2\/pages\/823"}],"wp:attachment":[{"href":"https:\/\/szkolenia-udt.pl\/de\/wp-json\/wp\/v2\/media?parent=858"}],"curies":[{"name":"wp","href":"https:\/\/api.w.org\/{rel}","templated":true}]}}