{"id":859,"date":"2014-11-01T23:15:17","date_gmt":"2014-11-01T23:15:17","guid":{"rendered":"http:\/\/szkolenia-udt.pl\/?page_id=859"},"modified":"2021-07-15T00:20:03","modified_gmt":"2021-07-15T00:20:03","slug":"nach-fertigstellung-des-krans","status":"publish","type":"page","link":"https:\/\/szkolenia-udt.pl\/de\/kursy\/suwnice\/po-zakonczeniu-pracy-z-suwnica\/","title":{"rendered":"Nachdem der Kran"},"content":{"rendered":"<div style=\"float: left; padding-right: 10px;\"><div id=\"metaslider-id-1932\" style=\"max-width: 300px;\" class=\"ml-slider-3-107-0 metaslider metaslider-flex metaslider-1932 ml-slider ms-theme-default nav-hidden\" role=\"region\" aria-label=\"Kr\u00e4ne3\" data-height=\"225\" data-width=\"300\">\n    <div id=\"metaslider_container_1932\">\n        <div id=\"metaslider_1932\">\n            <ul class='slides'>\n                <li style=\"display: block; width: 100%;\" class=\"slide-1999 ms-image\" aria-roledescription=\"slide\" data-date=\"2017-12-29 10:25:20\" data-filename=\"suwnica-2-300x225.jpg\" data-slide-type=\"image\"><img loading=\"lazy\" decoding=\"async\" src=\"https:\/\/szkolenia-udt.pl\/wp-content\/uploads\/2017\/12\/suwnica-2-300x225.jpg\" height=\"225\" width=\"300\" alt=\"\" class=\"slider-1932 slide-1999 msDefaultImage\" \/><\/li>\n            <\/ul>\n        <\/div>\n        \n    <\/div>\n<\/div><\/div>\n<div class=\"wyjustuj\">\n<p>Mit dem Transport der letzten Last zur Baustelle ist die Arbeit des Kranf\u00fchrers noch nicht beendet. Jede Person, die in der Vergangenheit <a href=\"https:\/\/szkolenia-udt.pl\/de\/kursy\/suwnice\/\">Kranbahn<\/a> in unserem <a href=\"https:\/\/szkolenia-udt.pl\/de\/o-firmie\/\">Zentrum<\/a>Die Mitarbeiter werden mit den Verhaltensregeln f\u00fcr den Feierabend vertraut gemacht. Diese k\u00f6nnen dazu beitragen, die Maschine und den Arbeitsplatz weiter zu sichern und Unf\u00e4lle zu vermeiden. Im Folgenden sind die wichtigsten Schritte aufgef\u00fchrt, bevor der Kranf\u00fchrer den Arbeitsplatz verl\u00e4sst:<\/p>\n<ul>\n<li>sich zu vergewissern, dass die Ladung an ihrem Platz abgestellt worden ist<\/li>\n<li>Die Verladevorrichtung muss so hoch angebracht sein, dass andere Personen und Fahrzeuge im Arbeitsbereich nicht behindert werden.<\/li>\n<li>das Ger\u00e4t muss in eine Parkposition gebracht werden<\/li>\n<li>wenn das Ger\u00e4t in Position ist, muss der Bediener es durch Dr\u00fccken der entsprechenden Taste verriegeln<\/li>\n<li>Verriegeln Sie die Bedienelemente und schalten Sie die Stromzufuhr des Ger\u00e4ts aus.<\/li>\n<li>wenn das Ger\u00e4t \u00fcber Windbremsen verf\u00fcgt, m\u00fcssen diese gesichert werden<\/li>\n<li>der Bediener sollte eine Sichtpr\u00fcfung des Ger\u00e4ts durchf\u00fchren<\/li>\n<li>das Ger\u00e4t muss vor unbefugter Benutzung gesch\u00fctzt werden<\/li>\n<li>wenn Sie St\u00f6rungen oder andere Probleme beim Betrieb des Ger\u00e4ts feststellen, informieren Sie die zust\u00e4ndigen Personen<\/li>\n<li>Bei der \u00dcbergabe des Ger\u00e4ts muss ein Eintrag im Fahrtenbuch vorgenommen werden.<\/li>\n<li>Sie d\u00fcrfen Ihren Arbeitsplatz nur verlassen, wenn Sie zu einem anderen Kranf\u00fchrer wechseln oder wenn Sie von Ihrem Vorgesetzten die Erlaubnis dazu erhalten haben<\/li>\n<\/ul>\n<p>Die Einhaltung dieser Regeln macht die Bedienung der Ger\u00e4te noch einfacher, weshalb die Arbeitspl\u00e4tze auf die Qualit\u00e4t dieser T\u00e4tigkeiten achten. Ein auf diese Weise vorbereiteter Arbeitsplatz ist f\u00fcr einen neuen Mitarbeiter zu Beginn seiner Schicht sicher. Das ist wichtig, weil das \u00dcbersehen eines Punktes nicht nur f\u00fcr den Bediener, sondern auch f\u00fcr die Kollegen tragische Folgen haben kann.<\/p>\n<p>Die Sicherheit der Kursteilnehmer liegt uns sehr am Herzen. Deshalb nehmen wir uns viel Zeit f\u00fcr die Themen Sicherheit und Gesundheit sowie den richtigen Umgang mit den Ger\u00e4ten und f\u00fchren auch praktische \u00dcbungen in diesem Bereich durch.<\/p>\n<p>Alle Personen, die einen Kranf\u00fchrerschein erwerben m\u00f6chten, sind eingeladen <a href=\"https:\/\/szkolenia-udt.pl\/de\/oferta\/\">Inanspruchnahme von Dienstleistungen<\/a>!<\/p>\n<\/div>","protected":false},"excerpt":{"rendered":"<p>Przetransportowanie ostatniego \u0142adunku na miejsce nie ko\u0144czy pracy operatora suwnicy. Ka\u017cda osoba, kt\u00f3ra odby\u0142a kurs na suwnice w naszym O\u015brodku, zaznajamiana jest z zasadami postepowania po zako\u0144czonej pracy. Dzi\u0119ki nim mo\u017cna dodatkowo zabezpieczy\u0107 urz\u0105dzenie oraz miejsce pracy, zapobiegaj\u0105c wypadkom. Poni\u017cej przedstawiamy list\u0119 najwa\u017cniejszych czynno\u015bci przed opuszczeniem stanowiska pracy przez operatora suwnicy: nale\u017cy upewni\u0107 si\u0119, czy [&hellip;]<\/p>\n","protected":false},"author":3,"featured_media":0,"parent":823,"menu_order":10,"comment_status":"closed","ping_status":"closed","template":"","meta":{"footnotes":""},"class_list":["post-859","page","type-page","status-publish","hentry"],"aioseo_notices":[],"_links":{"self":[{"href":"https:\/\/szkolenia-udt.pl\/de\/wp-json\/wp\/v2\/pages\/859","targetHints":{"allow":["GET"]}}],"collection":[{"href":"https:\/\/szkolenia-udt.pl\/de\/wp-json\/wp\/v2\/pages"}],"about":[{"href":"https:\/\/szkolenia-udt.pl\/de\/wp-json\/wp\/v2\/types\/page"}],"author":[{"embeddable":true,"href":"https:\/\/szkolenia-udt.pl\/de\/wp-json\/wp\/v2\/users\/3"}],"replies":[{"embeddable":true,"href":"https:\/\/szkolenia-udt.pl\/de\/wp-json\/wp\/v2\/comments?post=859"}],"version-history":[{"count":4,"href":"https:\/\/szkolenia-udt.pl\/de\/wp-json\/wp\/v2\/pages\/859\/revisions"}],"predecessor-version":[{"id":2252,"href":"https:\/\/szkolenia-udt.pl\/de\/wp-json\/wp\/v2\/pages\/859\/revisions\/2252"}],"up":[{"embeddable":true,"href":"https:\/\/szkolenia-udt.pl\/de\/wp-json\/wp\/v2\/pages\/823"}],"wp:attachment":[{"href":"https:\/\/szkolenia-udt.pl\/de\/wp-json\/wp\/v2\/media?parent=859"}],"curies":[{"name":"wp","href":"https:\/\/api.w.org\/{rel}","templated":true}]}}