{"id":1053,"date":"2014-11-06T22:19:52","date_gmt":"2014-11-06T22:19:52","guid":{"rendered":"http:\/\/szkolenia-udt.pl\/?page_id=1053"},"modified":"2020-05-13T06:44:58","modified_gmt":"2020-05-13T06:44:58","slug":"oferta","status":"publish","type":"page","link":"https:\/\/szkolenia-udt.pl\/es\/oferta\/","title":{"rendered":"Lista de precios"},"content":{"rendered":"<table border=\"1\" width=\"698\" cellspacing=\"0\" cellpadding=\"7\">\n<colgroup>\n<col width=\"470\" \/>\n<col width=\"51\" \/> <\/colgroup>\n<tbody>\n<tr>\n<td bgcolor=\"#bae8ff\" width=\"470\"><span style=\"color: #000000;\"><span style=\"text-decoration: underline;\">Un curso para montacargas<\/span> con reemplazo de cilindros de gas GLP - categor\u00eda IIWJO<\/span><\/td>\n<td bgcolor=\"#bae8ff\" width=\"51\" rowspan=\"15\" style=\"vertical-align: middle;\">\n<p align=\"CENTER\">1) <a href=\"https:\/\/platformaedukacji.pl\/panel\/login\/registered.php\" rel=\"nofollow\">suscr\u00edbete \/ paga en l\u00ednea <\/a><\/p>\n<p align=\"CENTER\">2) <a href=\"tel:48504477077\">pregunta por el precio llamando a la l\u00ednea de atenci\u00f3n<\/a><\/p>\n<p align=\"CENTER\">3) <span class=\"kontakttel\">Pida ser contactado por tel\u00e9fono<\/span><\/p>\n<\/td>\n<\/tr>\n<tr>\n<td width=\"470\"><span style=\"color: #000000;\"><span style=\"text-decoration: underline;\">Un curso de carretillas elevadoras especializadas <\/span>- carretillas elevadoras con cabina que eleva al operador - categor\u00eda IWJO<\/span><\/td>\n<\/tr>\n<tr>\n<td bgcolor=\"#bae8ff\" width=\"470\"><span style=\"color: #000000;\"><span style=\"text-decoration: underline;\"><a href=\"https:\/\/szkolenia-udt.pl\/es\/kursy\/uprawnienia-udt-tdt-wdt\/ladowarki-teleskopowe\/\">Curso de cargadores telesc\u00f3picos<\/a><\/span> - calificaciones para el operador de cargadores telesc\u00f3picos (carretillas elevadoras especializadas con alcance variable) - categor\u00eda IWJO<\/span><\/td>\n<\/tr>\n<tr>\n<td width=\"470\"><span style=\"color: #000000;\"><span style=\"text-decoration: underline;\"><a href=\"https:\/\/szkolenia-udt.pl\/es\/kursy\/podesty-ruchome\/\">Curso de servicio de plataforma m\u00f3vil<\/a><\/span> - m\u00f3vil lento: tijera, articulada, telesc\u00f3pica, transportable - categor\u00eda IP<\/span><\/td>\n<\/tr>\n<tr>\n<td bgcolor=\"#bae8ff\" width=\"470\"><span style=\"color: #000000;\"><span style=\"text-decoration: underline;\">Taller sobre plataformas a\u00e9reas de trabajo<\/span> \u2013 <a href=\"https:\/\/szkolenia-udt.pl\/es\/kursy\/podesty-ruchome\/obsluga-podestow-ruchomych\/\">operaci\u00f3n de plataformas m\u00f3viles<\/a> montado en veh\u00edculos - categor\u00eda IP<\/span><\/td>\n<\/tr>\n<tr>\n<td width=\"470\"><span style=\"color: #000000;\"><span style=\"text-decoration: underline;\">Curso de servicio de plataformas colgantes, de m\u00e1stil y estacionarias<\/span> - no constituyendo una l\u00ednea tecnol\u00f3gica - categor\u00eda IIP<\/span><\/td>\n<\/tr>\n<tr>\n<td bgcolor=\"#bae8ff\" width=\"470\"><span style=\"color: #000000;\"><span style=\"text-decoration: underline;\">Curso de operador de gr\u00faa HDS<\/span> - servicio de gr\u00faas port\u00e1tiles y m\u00f3viles montadas sobre chasis de coche HDS - cat.II\u017b<\/span><\/td>\n<\/tr>\n<tr>\n<td width=\"470\"><span style=\"color: #000000;\"><span style=\"text-decoration: underline;\"><a href=\"https:\/\/szkolenia-udt.pl\/es\/kursy\/suwnice\/\">curso de mantenimiento de gruas<\/a> y polipastos y cabrestantes<\/span> - controlado desde el nivel de trabajo - categor\u00eda IIS<\/span><\/td>\n<\/tr>\n<tr>\n<td bgcolor=\"#bae8ff\" width=\"470\"><span style=\"color: #000000;\"><span style=\"text-decoration: underline;\">Curso en el funcionamiento de polipastos y cabrestantes<\/span> - operador de polipastos y cabrestantes controlados desde el nivel de trabajo, incluidos los inal\u00e1mbricos cat.IIW<\/span><\/td>\n<\/tr>\n<tr>\n<td width=\"470\"><span style=\"color: #000000;\"><span style=\"text-decoration: underline;\">Curso de servicio de gr\u00faas estacionarias<\/span> - licencia de operador de pescantes estacionarios - de taller, categor\u00eda II\u017b<\/span><\/td>\n<\/tr>\n<tr>\n<td bgcolor=\"#bae8ff\" width=\"470\"><span style=\"color: #000000;\"><span style=\"text-decoration: underline;\">Curso de uso de ascensores de mercanc\u00edas y pasajeros<\/span> - funcionamiento de montacargas con control interno y gr\u00faas hospitalarias o de obra expedidas ante la Oficina de Inspecci\u00f3n T\u00e9cnica (UDT) - Habilitaciones DNI e IID.<\/span><\/td>\n<\/tr>\n<tr>\n<td width=\"470\"><span style=\"color: #000000;\"><span style=\"text-decoration: underline;\">Curso de operador de grua movil<\/span> - operaci\u00f3n de gr\u00faas m\u00f3viles montadas en autom\u00f3viles<\/span><\/td>\n<\/tr>\n<tr>\n<td bgcolor=\"#bae8ff\" width=\"470\"><span style=\"color: #000000;\"><span style=\"text-decoration: underline;\">Curso de operador de gr\u00faa de montaje r\u00e1pido <\/span>- Cualificaciones I\u017b para el operador de gr\u00faas controladas de forma inal\u00e1mbrica desde el nivel de trabajo<\/span><\/td>\n<\/tr>\n<tr>\n<td width=\"470\"><span style=\"color: #000000;\"><span style=\"text-decoration: underline;\">Curso de operador de gr\u00faa torre<\/span> - Titulaci\u00f3n I\u017b para operador de gr\u00faas torre de construcci\u00f3n de cualquier tipo (coste del seguro de las clases pr\u00e1cticas incluido en el precio)<\/span><\/td>\n<\/tr>\n<tr>\n<td bgcolor=\"#bae8ff\" width=\"470\"><span style=\"color: #000000;\"><span style=\"text-decoration: underline;\">curso de conservador<\/span> - Habilitaci\u00f3n de la UDT para el mantenimiento, reparaci\u00f3n y servicio de equipos de manejo sujetos a Inspecci\u00f3n T\u00e9cnica, por ejemplo, montacargas, gr\u00faas, puentes gr\u00faa, plataformas m\u00f3viles y otros.<\/span><\/td>\n<\/tr>\n<\/tbody>\n<\/table>","protected":false},"excerpt":{"rendered":"<p>Kurs na w\u00f3zki wid\u0142owe podno\u015bnikowe z wymian\u0105 butli gazowych LPG &#8211; kat. IIWJO 1) zapisz si\u0119 \/ zap\u0142a\u0107 on-lin 2) zapytaj o cen\u0119 tel na infolinii 3) Popro\u015b o kontakt telefoniczny Kurs na w\u00f3zki wid\u0142owe specjalizowane &#8211; w\u00f3zki wid\u0142owe z kabin\u0105 unosz\u0105c\u0105 operatora &#8211; kat. IWJO Kurs na \u0142adowarki teleskopowe &#8211; uprawnienia na operatora \u0142adowarek [&hellip;]<\/p>\n","protected":false},"author":3,"featured_media":0,"parent":0,"menu_order":4,"comment_status":"closed","ping_status":"closed","template":"","meta":{"footnotes":""},"class_list":["post-1053","page","type-page","status-publish","hentry"],"aioseo_notices":[],"_links":{"self":[{"href":"https:\/\/szkolenia-udt.pl\/es\/wp-json\/wp\/v2\/pages\/1053","targetHints":{"allow":["GET"]}}],"collection":[{"href":"https:\/\/szkolenia-udt.pl\/es\/wp-json\/wp\/v2\/pages"}],"about":[{"href":"https:\/\/szkolenia-udt.pl\/es\/wp-json\/wp\/v2\/types\/page"}],"author":[{"embeddable":true,"href":"https:\/\/szkolenia-udt.pl\/es\/wp-json\/wp\/v2\/users\/3"}],"replies":[{"embeddable":true,"href":"https:\/\/szkolenia-udt.pl\/es\/wp-json\/wp\/v2\/comments?post=1053"}],"version-history":[{"count":18,"href":"https:\/\/szkolenia-udt.pl\/es\/wp-json\/wp\/v2\/pages\/1053\/revisions"}],"predecessor-version":[{"id":2162,"href":"https:\/\/szkolenia-udt.pl\/es\/wp-json\/wp\/v2\/pages\/1053\/revisions\/2162"}],"wp:attachment":[{"href":"https:\/\/szkolenia-udt.pl\/es\/wp-json\/wp\/v2\/media?parent=1053"}],"curies":[{"name":"wp","href":"https:\/\/api.w.org\/{rel}","templated":true}]}}