{"id":1116,"date":"2014-11-12T14:32:56","date_gmt":"2014-11-12T14:32:56","guid":{"rendered":"http:\/\/szkolenia-udt.pl\/?page_id=1116"},"modified":"2023-03-13T16:19:25","modified_gmt":"2023-03-13T15:19:25","slug":"hd","status":"publish","type":"page","link":"https:\/\/szkolenia-udt.pl\/es\/kursy\/hds\/","title":{"rendered":"Gr\u00faas HDS"},"content":{"rendered":"<h2>Cursos de ascensores HDS - Varsovia y toda Polonia<\/h2>\n<div style=\"float: left; padding-right: 10px;\"><div id=\"metaslider-id-1367\" style=\"max-width: 300px;\" class=\"ml-slider-3-107-0 metaslider metaslider-flex metaslider-1367 ml-slider ms-theme-default nav-hidden\" role=\"region\" aria-label=\"gr\u00faas hds2\" data-height=\"225\" data-width=\"300\">\n    <div id=\"metaslider_container_1367\">\n        <div id=\"metaslider_1367\">\n            <ul class='slides'>\n                <li style=\"display: block; width: 100%;\" class=\"slide-1362 ms-image\" aria-roledescription=\"slide\" data-date=\"2015-07-10 10:33:37\" data-filename=\"reshds_wywrotka-dwustronna-zuraw.jpg\" data-slide-type=\"image\"><img loading=\"lazy\" decoding=\"async\" src=\"https:\/\/szkolenia-udt.pl\/wp-content\/uploads\/2015\/07\/reshds_wywrotka-dwustronna-zuraw.jpg\" height=\"225\" width=\"300\" alt=\"\" class=\"slider-1367 slide-1362 msDefaultImage\" \/><\/li>\n                <li style=\"display: none; width: 100%;\" class=\"slide-1364 ms-image\" aria-roledescription=\"slide\" data-date=\"2015-07-10 10:33:40\" data-filename=\"reshds_wywrotka-trojstronna-zuraw.jpg\" data-slide-type=\"image\"><img loading=\"lazy\" decoding=\"async\" src=\"https:\/\/szkolenia-udt.pl\/wp-content\/uploads\/2015\/07\/reshds_wywrotka-trojstronna-zuraw.jpg\" height=\"225\" width=\"300\" alt=\"\" class=\"slider-1367 slide-1364 msDefaultImage\" \/><\/li>\n                <li style=\"display: none; width: 100%;\" class=\"slide-1365 ms-image\" aria-roledescription=\"slide\" data-date=\"2015-07-10 10:33:41\" data-filename=\"reshds_zabudowa_skrzyniowa_z_zurawiem_hydraulicznym_VOLVO_6x2_2.jpg\" data-slide-type=\"image\"><img loading=\"lazy\" decoding=\"async\" src=\"https:\/\/szkolenia-udt.pl\/wp-content\/uploads\/2015\/07\/reshds_zabudowa_skrzyniowa_z_zurawiem_hydraulicznym_VOLVO_6x2_2.jpg\" height=\"225\" width=\"300\" alt=\"\" class=\"slider-1367 slide-1365 msDefaultImage\" \/><\/li>\n                <li style=\"display: none; width: 100%;\" class=\"slide-1363 ms-image\" aria-roledescription=\"slide\" data-date=\"2015-07-10 10:33:39\" data-filename=\"reshds_wywrotka-trojstronna-boczna-burta-zuraw.jpg\" data-slide-type=\"image\"><img loading=\"lazy\" decoding=\"async\" src=\"https:\/\/szkolenia-udt.pl\/wp-content\/uploads\/2015\/07\/reshds_wywrotka-trojstronna-boczna-burta-zuraw.jpg\" height=\"225\" width=\"300\" alt=\"\" class=\"slider-1367 slide-1363 msDefaultImage\" \/><\/li>\n                <li style=\"display: none; width: 100%;\" class=\"slide-1361 ms-image\" aria-roledescription=\"slide\" data-date=\"2015-07-10 10:33:36\" data-filename=\"reshds_wywrotka_trojstronna_W3F_Volvo_6x4_2.jpg\" data-slide-type=\"image\"><img loading=\"lazy\" decoding=\"async\" src=\"https:\/\/szkolenia-udt.pl\/wp-content\/uploads\/2015\/07\/reshds_wywrotka_trojstronna_W3F_Volvo_6x4_2.jpg\" height=\"225\" width=\"300\" alt=\"\" class=\"slider-1367 slide-1361 msDefaultImage\" \/><\/li>\n            <\/ul>\n        <\/div>\n        \n    <\/div>\n<\/div><\/div>\n<div class=\"wyjustuj\">\n<p><a href=\"https:\/\/szkolenia-udt.pl\/es\/o-firmie\/\">O\u015brodek Szkolenia Operator\u00f3w OSO<\/a> le invita al curso HDS - para un cami\u00f3n gr\u00faa hidr\u00e1ulico. Gracias a \u00e9l, podr\u00e1s obtener la titulaci\u00f3n HDS necesaria para trabajar como operador de montacargas hidr\u00e1ulicos. En nuestro Centro puede obtener habilidades y conocimientos de especialistas en su campo. Realizamos nuestros cursos de HDS en toda Polonia, en la sucursal principal en Varsovia y en las sucursales locales, y con acceso a los clientes de forma abierta y cerrada. Al elegir nuestro curso HDS, <a href=\"https:\/\/szkolenia-udt.pl\/es\/oferta\/\">precio<\/a> tambi\u00e9n le satisfar\u00e1, sin duda. Las gr\u00faas hidr\u00e1ulicas para camiones se utilizan habitualmente para trabajos de carga y descarga. Al estar montadas sobre remolques de veh\u00edculos, las cargas pueden manipularse con ellas sin ning\u00fan equipo adicional. Los camiones gr\u00faa levantan cargas de hasta varias decenas de toneladas. Para manejar el equipo se necesita una licencia HDS, que concede la Oficina de Supervisi\u00f3n T\u00e9cnica tras superar un examen.<br \/>\n<div style=\"width: 640px;\" class=\"wp-video\"><video id=\"video-1116-1\" width=\"640\" height=\"360\" poster=\"https:\/\/szkolenia-udt.pl\/wp-content\/uploads\/2023\/03\/okladka-hds-SZKOLENIA-UDT.PL-OSO-1.jpg\" preload=\"metadata\" controls=\"controls\"><source type=\"video\/mp4\" src=\"https:\/\/szkolenia-udt.pl\/wp-content\/uploads\/2023\/03\/ZURAW-PRZENOSNY-SZKOLENIA-UDT.pl-OSO.mp4?_=1\" \/><a href=\"https:\/\/szkolenia-udt.pl\/wp-content\/uploads\/2023\/03\/ZURAW-PRZENOSNY-SZKOLENIA-UDT.pl-OSO.mp4\">https:\/\/szkolenia-udt.pl\/wp-content\/uploads\/2023\/03\/ZURAW-PRZENOSNY-SZKOLENIA-UDT.pl-OSO.mp4<\/a><\/video><\/div>\n<h2 class=\"boldnagl\"><strong>Prop\u00f3sito de la capacitaci\u00f3n<\/strong><\/h2>\n<p>Gracias a la formaci\u00f3n, el participante recibe cualificaciones HDS. Le dan derecho a actividades tales como el mantenimiento de HDS - elevadores de camiones hidr\u00e1ulicos. En nuestro centro, brindamos la m\u00e1s alta calidad de educaci\u00f3n y al elegir nuestro curso HDS (Varsovia y en todo el pa\u00eds), puede obtener f\u00e1cilmente las calificaciones HDS necesarias para trabajar como operador.<\/p>\n<h3 class=\"boldnagl\"><strong>Programa<\/strong><\/h3>\n<p>Cada curso de HDS est\u00e1 dise\u00f1ado en base a los requisitos de la Oficina de Inspecci\u00f3n T\u00e9cnica y la normativa legal vigente. Durante las clases, queremos presentar a nuestros participantes no solo las normas y reglas m\u00e1s importantes para operar gr\u00faas, sino tambi\u00e9n prepararlos para el trabajo, para tareas cotidianas y situaciones inesperadas.<\/p>\n<p>El plan de estudios incluye, entre otras cosas:<\/p>\n<ul>\n<li>informacion sobre inspeccion tecnica<\/li>\n<li>construcci\u00f3n de elevadores hidr\u00e1ulicos para camiones<\/li>\n<li>informaci\u00f3n b\u00e1sica sobre el funcionamiento del equipo<\/li>\n<li>responsabilidades del operador del equipo<\/li>\n<li>Salud y seguridad del operador HDS<\/li>\n<li>clases practicas de equipos<\/li>\n<\/ul>\n<p>Los estudiantes que participan en las clases reciben todo el material necesario para el aprendizaje junto con una lista de temas que se presentan durante el examen ante la comisi\u00f3n de la UDT.<\/p>\n<div class=\"filmw\">\n<div class=\"responsive-youtube\"><iframe loading=\"lazy\" title=\"Reproductor de v\u00eddeo de YouTube\" src=\"https:\/\/www.youtube.com\/embed\/UuGP6OQhl40\" width=\"560\" height=\"315\" frameborder=\"0\" allowfullscreen=\"allowfullscreen\"><\/iframe><\/div>\n<\/div>\n<h3 class=\"boldnagl\"><strong>HDS - potencias<\/strong><\/h3>\n<p>El examen por el que se concede la licencia UDT es realizado por inspectores delegados por la Oficina de Inspecci\u00f3n T\u00e9cnica. Se trata de un examen que pone a prueba tanto los conocimientos como las habilidades para manejar el equipo. Una vez superado el examen, el pasante recibe un certificado y autorizaciones. Autorizan la explotaci\u00f3n de todo tipo de gr\u00faas m\u00f3viles HDS de todas las marcas y alcances. Tambi\u00e9n es posible emitir documentos en idiomas extranjeros.<\/p>\n<h2 class=\"boldnagl\"><strong>Requisitos<\/strong><\/h2>\n<p>El futuro operador de HDS deber\u00e1 cumplir con los siguientes requisitos:<\/p>\n<ul>\n<li>al menos 18 a\u00f1os de edad<\/li>\n<li>al menos educaci\u00f3n primaria<\/li>\n<li>sin contraindicaciones para trabajar como operador certificado por un certificado m\u00e9dico<\/li>\n<\/ul>\n<div style=\"float: right; padding-left: 10px;\"><div id=\"metaslider-id-1366\" style=\"max-width: 300px;\" class=\"ml-slider-3-107-0 metaslider metaslider-flex metaslider-1366 ml-slider ms-theme-default nav-hidden nav-hidden\" role=\"region\" aria-label=\"gr\u00faas hds1\" data-height=\"225\" data-width=\"300\">\n    <div id=\"metaslider_container_1366\">\n        <div id=\"metaslider_1366\">\n            <ul class='slides'>\n                <li style=\"display: block; width: 100%;\" class=\"slide-1358 ms-image\" aria-roledescription=\"slide\" data-date=\"2015-07-10 10:33:34\" data-filename=\"reshds_wywrotka_trojstronna_W3F_4x2_1.jpg\" data-slide-type=\"image\"><img loading=\"lazy\" decoding=\"async\" src=\"https:\/\/szkolenia-udt.pl\/wp-content\/uploads\/2015\/07\/reshds_wywrotka_trojstronna_W3F_4x2_1.jpg\" height=\"225\" width=\"300\" alt=\"\" class=\"slider-1366 slide-1358 msDefaultImage\" \/><\/li>\n                <li style=\"display: none; width: 100%;\" class=\"slide-1356 ms-image\" aria-roledescription=\"slide\" data-date=\"2015-07-10 10:33:31\" data-filename=\"reshds_kipper_zuraw_hydrauliczny_10.jpg\" data-slide-type=\"image\"><img loading=\"lazy\" decoding=\"async\" src=\"https:\/\/szkolenia-udt.pl\/wp-content\/uploads\/2015\/07\/reshds_kipper_zuraw_hydrauliczny_10.jpg\" height=\"225\" width=\"300\" alt=\"\" class=\"slider-1366 slide-1356 msDefaultImage\" \/><\/li>\n                <li style=\"display: none; width: 100%;\" class=\"slide-1357 ms-image\" aria-roledescription=\"slide\" data-date=\"2015-07-10 10:33:32\" data-filename=\"reshds_man__crane_hiab_071_14_224_hds_2001_1_lgw.jpg\" data-slide-type=\"image\"><img loading=\"lazy\" decoding=\"async\" src=\"https:\/\/szkolenia-udt.pl\/wp-content\/uploads\/2015\/07\/reshds_man__crane_hiab_071_14_224_hds_2001_1_lgw.jpg\" height=\"225\" width=\"300\" alt=\"\" class=\"slider-1366 slide-1357 msDefaultImage\" \/><\/li>\n                <li style=\"display: none; width: 100%;\" class=\"slide-1359 ms-image\" aria-roledescription=\"slide\" data-date=\"2015-07-10 10:33:34\" data-filename=\"reshds_Wywrotka_trojstronna_W3F_IVECO_4x2.jpg\" data-slide-type=\"image\"><img loading=\"lazy\" decoding=\"async\" src=\"https:\/\/szkolenia-udt.pl\/wp-content\/uploads\/2015\/07\/reshds_Wywrotka_trojstronna_W3F_IVECO_4x2.jpg\" height=\"225\" width=\"300\" alt=\"\" class=\"slider-1366 slide-1359 msDefaultImage\" \/><\/li>\n                <li style=\"display: none; width: 100%;\" class=\"slide-1360 ms-image\" aria-roledescription=\"slide\" data-date=\"2015-07-10 10:33:35\" data-filename=\"reshds_Wywrotka_trojstronna_W3F_Mercedes_4x2_zuraw_2.jpg\" data-slide-type=\"image\"><img loading=\"lazy\" decoding=\"async\" src=\"https:\/\/szkolenia-udt.pl\/wp-content\/uploads\/2015\/07\/reshds_Wywrotka_trojstronna_W3F_Mercedes_4x2_zuraw_2.jpg\" height=\"225\" width=\"300\" alt=\"\" class=\"slider-1366 slide-1360 msDefaultImage\" \/><\/li>\n            <\/ul>\n        <\/div>\n        \n    <\/div>\n<\/div><\/div>\n<h2 class=\"boldnagl\"><strong>Precio<\/strong><\/h2>\n<p>Si quieres apuntarte a un curso de HDS, el precio en nuestro Centro seguro que te satisface. Puede ver los costos actuales en nuestro sitio web. El precio de la formaci\u00f3n depende del n\u00famero de participantes. Tenemos atractivos descuentos para grupos m\u00e1s grandes.<\/p>\n<h3 class=\"boldnagl\"><strong>Lugar de impartici\u00f3n de clases.<\/strong><\/h3>\n<p>Impartimos clases en los siguientes lugares Varsovia, calle Kr\u00f3l\u00f3w Polskich, 8, nuestras sucursales regionales y en toda Polonia con desplazamiento al cliente. En nuestro sitio web ya encontrar\u00e1 informaci\u00f3n sobre las clases abiertas que se imparten actualmente, a disposici\u00f3n de todos los interesados. En el caso de las formaciones cerradas <a href=\"https:\/\/szkolenia-udt.pl\/es\/kontakt\/\">p\u00f3ngase en contacto con<\/a> p\u00f3ngase en contacto con nuestro Centro: le prepararemos una oferta individual.<\/p>\n<p>Si tiene alguna pregunta sobre nuestros cursos, estamos a su disposici\u00f3n en todo momento. Si tiene alguna pregunta, no dude en ponerse en contacto con nosotros por tel\u00e9fono o correo electr\u00f3nico, o ac\u00e9rquese a nuestro Centro, donde nuestro personal le presentar\u00e1 una oferta y le preparar\u00e1 un presupuesto de formaci\u00f3n.<\/p>\n<p>\u00a1El Centro de Capacitaci\u00f3n de Operadores de OSO lo invita a capacitaciones en HDS - Varsovia y toda Polonia!<\/p>\n<\/div>","protected":false},"excerpt":{"rendered":"<p>Kursy podno\u015bniki HDS &#8211; Warszawa i ca\u0142a Polska O\u015brodek Szkolenia Operator\u00f3w OSO zaprasza na kurs HDS \u2013 na hydrauliczny d\u017awig samochodowy. Dzi\u0119ki niemu mog\u0105 uzyska\u0107 Pa\u0144stwo uprawnienia HDS potrzebne do pracy na stanowisku operatora hydraulicznych d\u017awig\u00f3w samochodowych. W naszym O\u015brodku mog\u0105 Pa\u0144stwo zdoby\u0107 umiej\u0119tno\u015bci i wiedz\u0119 od specjalist\u00f3w w swojej dziedzinie. Nasze kursy HDS prowadzimy [&hellip;]<\/p>\n","protected":false},"author":3,"featured_media":3425,"parent":22,"menu_order":20,"comment_status":"closed","ping_status":"closed","template":"","meta":{"footnotes":""},"class_list":["post-1116","page","type-page","status-publish","has-post-thumbnail","hentry"],"aioseo_notices":[],"_links":{"self":[{"href":"https:\/\/szkolenia-udt.pl\/es\/wp-json\/wp\/v2\/pages\/1116","targetHints":{"allow":["GET"]}}],"collection":[{"href":"https:\/\/szkolenia-udt.pl\/es\/wp-json\/wp\/v2\/pages"}],"about":[{"href":"https:\/\/szkolenia-udt.pl\/es\/wp-json\/wp\/v2\/types\/page"}],"author":[{"embeddable":true,"href":"https:\/\/szkolenia-udt.pl\/es\/wp-json\/wp\/v2\/users\/3"}],"replies":[{"embeddable":true,"href":"https:\/\/szkolenia-udt.pl\/es\/wp-json\/wp\/v2\/comments?post=1116"}],"version-history":[{"count":11,"href":"https:\/\/szkolenia-udt.pl\/es\/wp-json\/wp\/v2\/pages\/1116\/revisions"}],"predecessor-version":[{"id":4513,"href":"https:\/\/szkolenia-udt.pl\/es\/wp-json\/wp\/v2\/pages\/1116\/revisions\/4513"}],"up":[{"embeddable":true,"href":"https:\/\/szkolenia-udt.pl\/es\/wp-json\/wp\/v2\/pages\/22"}],"wp:featuredmedia":[{"embeddable":true,"href":"https:\/\/szkolenia-udt.pl\/es\/wp-json\/wp\/v2\/media\/3425"}],"wp:attachment":[{"href":"https:\/\/szkolenia-udt.pl\/es\/wp-json\/wp\/v2\/media?parent=1116"}],"curies":[{"name":"wp","href":"https:\/\/api.w.org\/{rel}","templated":true}]}}