{"id":1120,"date":"2014-11-12T14:41:09","date_gmt":"2014-11-12T14:41:09","guid":{"rendered":"http:\/\/szkolenia-udt.pl\/?page_id=1120"},"modified":"2021-06-27T22:22:51","modified_gmt":"2021-06-27T22:22:51","slug":"informacion-basica-sobre-las-gruas-hds","status":"publish","type":"page","link":"https:\/\/szkolenia-udt.pl\/es\/kursy\/hds\/podstawowe-informacje-o-zurawiach-hds\/","title":{"rendered":"Informaci\u00f3n b\u00e1sica sobre las gr\u00faas HDS"},"content":{"rendered":"<div style=\"float: right; padding-right: 10px;\"><div id=\"metaslider-id-419\" style=\"max-width: 300px;\" class=\"ml-slider-3-107-0 metaslider metaslider-flex metaslider-419 ml-slider ms-theme-default nav-hidden\" role=\"region\" aria-label=\"Plataformas m\u00f3viles2\" data-height=\"225\" data-width=\"300\">\n    <div id=\"metaslider_container_419\">\n        <div id=\"metaslider_419\">\n            <ul class='slides'>\n                <li style=\"display: block; width: 100%;\" class=\"slide-1191 ms-image\" aria-roledescription=\"slide\" data-date=\"2014-11-17 19:52:58\" data-filename=\"podesty4a.jpg\" data-slide-type=\"image\"><img loading=\"lazy\" decoding=\"async\" src=\"https:\/\/szkolenia-udt.pl\/wp-content\/uploads\/2014\/11\/podesty4a.jpg\" height=\"225\" width=\"300\" alt=\"plataformas m\u00f3viles\" class=\"slider-419 slide-1191 msDefaultImage\" \/><\/li>\n                <li style=\"display: none; width: 100%;\" class=\"slide-1192 ms-image\" aria-roledescription=\"slide\" data-date=\"2014-11-17 19:52:59\" data-filename=\"podesty5a.jpg\" data-slide-type=\"image\"><img loading=\"lazy\" decoding=\"async\" src=\"https:\/\/szkolenia-udt.pl\/wp-content\/uploads\/2014\/11\/podesty5a.jpg\" height=\"225\" width=\"300\" alt=\"formacion udt\" class=\"slider-419 slide-1192 msDefaultImage\" \/><\/li>\n                <li style=\"display: none; width: 100%;\" class=\"slide-1189 ms-image\" aria-roledescription=\"slide\" data-date=\"2014-11-17 19:52:57\" data-filename=\"podesty2a.jpg\" data-slide-type=\"image\"><img loading=\"lazy\" decoding=\"async\" src=\"https:\/\/szkolenia-udt.pl\/wp-content\/uploads\/2014\/11\/podesty2a.jpg\" height=\"225\" width=\"300\" alt=\"plataformas a\u00e9reas Varsovia\" class=\"slider-419 slide-1189 msDefaultImage\" \/><\/li>\n                <li style=\"display: none; width: 100%;\" class=\"slide-1190 ms-image\" aria-roledescription=\"slide\" data-date=\"2014-11-17 19:52:57\" data-filename=\"podesty3a.jpg\" data-slide-type=\"image\"><img loading=\"lazy\" decoding=\"async\" src=\"https:\/\/szkolenia-udt.pl\/wp-content\/uploads\/2014\/11\/podesty3a.jpg\" height=\"225\" width=\"300\" alt=\"entrenamiento varsovia\" class=\"slider-419 slide-1190 msDefaultImage\" \/><\/li>\n                <li style=\"display: none; width: 100%;\" class=\"slide-1188 ms-image\" aria-roledescription=\"slide\" data-date=\"2014-11-17 19:52:56\" data-filename=\"podesty1a.jpg\" data-slide-type=\"image\"><img loading=\"lazy\" decoding=\"async\" src=\"https:\/\/szkolenia-udt.pl\/wp-content\/uploads\/2014\/11\/podesty1a.jpg\" height=\"225\" width=\"300\" alt=\"\" class=\"slider-419 slide-1188 msDefaultImage\" \/><\/li>\n            <\/ul>\n        <\/div>\n        \n    <\/div>\n<\/div><\/div>\n<div class=\"wyjustuj\">\n<p>Las gr\u00faas son dispositivos dise\u00f1ados para cargar y descargar materiales. Incluyen, pero no se limitan a: cabrestantes, polipastos, gr\u00faas, puentes gr\u00faa y otros equipos. Un grupo importante de gr\u00faas son las gr\u00faas, entre las que tambi\u00e9n se encuentran las gr\u00faas HDS -gr\u00faas hidr\u00e1ulicas montadas en camiones-, las gr\u00faas de manipulaci\u00f3n, cuyo manejo requiere la inscripci\u00f3n en un <a href=\"https:\/\/szkolenia-udt.pl\/es\/kursy\/hds\/\">curso HDS<\/a>. Una vez superado el examen ante la comisi\u00f3n de la UDT, se obtiene la licencia HDS.<\/p>\n<h2 class=\"boldnagl\"><strong>\u00bfQu\u00e9 es una gr\u00faa de manipulaci\u00f3n?<\/strong><\/h2>\n<p>Una gr\u00faa HDS - dockside es una gr\u00faa motorizada que se construye a partir de una columna que gira sobre una base y un sistema de pluma que se asienta sobre la columna. Las gr\u00faas de transbordo se montan en veh\u00edculos o remolques y est\u00e1n dise\u00f1adas para realizar operaciones de carga y manipulaci\u00f3n.<\/p>\n<p>Las gr\u00faas de manipulaci\u00f3n HDS est\u00e1n clasificadas como gr\u00faas m\u00f3viles y est\u00e1n sujetas a la normativa de la Oficina de Inspecci\u00f3n T\u00e9cnica.<\/p>\n<h2 class=\"boldnagl\"><strong>Desglose de las gr\u00faas portuarias estructurales HDS<\/strong><\/h2>\n<p>Las gr\u00faas de manipulaci\u00f3n HDS se dividen en las siguientes:<\/p>\n<ul>\n<li>gr\u00faas de uso general, en las que la estructura est\u00e1 montada r\u00edgidamente en el chasis del veh\u00edculo y la pluma funciona horizontalmente, girando y variando su alcance, y verticalmente, elevando y bajando cargas<\/li>\n<li>gr\u00faas de carga de madera - est\u00e1n equipadas con pinzas especiales en lugar de ganchos, que permiten levantar la madera<\/li>\n<li>Gr\u00faas de carga montadas en veh\u00edculos detr\u00e1s de la cabina del conductor<\/li>\n<li>Gr\u00faas cargadoras traseras montadas en veh\u00edculos con un portacargas<\/li>\n<li>gr\u00faas de carga montadas en el centro del veh\u00edculo<\/li>\n<\/ul>\n<div style=\"float: left; padding-right: 10px;\"><div id=\"metaslider-id-684\" style=\"max-width: 300px;\" class=\"ml-slider-3-107-0 metaslider metaslider-flex metaslider-684 ml-slider ms-theme-default nav-hidden nav-hidden\" role=\"region\" aria-label=\"Dispositivos de manipulaci\u00f3n\" data-height=\"225\" data-width=\"300\">\n    <div id=\"metaslider_container_684\">\n        <div id=\"metaslider_684\">\n            <ul class='slides'>\n                <li style=\"display: block; width: 100%;\" class=\"slide-686 ms-image\" aria-roledescription=\"slide\" data-date=\"2014-10-12 11:03:24\" data-filename=\"O\u015brodek-szkolenia-operator\u00f3w.jpg\" data-slide-type=\"image\"><img loading=\"lazy\" decoding=\"async\" src=\"https:\/\/szkolenia-udt.pl\/wp-content\/uploads\/2014\/10\/O\u015brodek-szkolenia-operator\u00f3w.jpg\" height=\"225\" width=\"300\" alt=\"\" class=\"slider-684 slide-686 msDefaultImage\" \/><div class=\"caption-wrap\"><div class=\"caption\">etiqueta<\/div><\/div><\/li>\n                <li style=\"display: none; width: 100%;\" class=\"slide-687 ms-image\" aria-roledescription=\"slide\" data-date=\"2014-10-12 11:03:26\" data-filename=\"szkolenia-urz\u0105dzenia-manipulacji-kontenerami.jpg\" data-slide-type=\"image\"><img loading=\"lazy\" decoding=\"async\" src=\"https:\/\/szkolenia-udt.pl\/wp-content\/uploads\/2014\/10\/szkolenia-urz\u0105dzenia-manipulacji-kontenerami.jpg\" height=\"225\" width=\"300\" alt=\"Curso de dispositivos de manejo de contenedores\" class=\"slider-684 slide-687 msDefaultImage\" \/><\/li>\n                <li style=\"display: none; width: 100%;\" class=\"slide-685 ms-image\" aria-roledescription=\"slide\" data-date=\"2014-10-12 11:03:23\" data-filename=\"Kursy-urz\u0105dzenia-manipulacji-kontenerami.jpg\" data-slide-type=\"image\"><img loading=\"lazy\" decoding=\"async\" src=\"https:\/\/szkolenia-udt.pl\/wp-content\/uploads\/2014\/10\/Kursy-urz\u0105dzenia-manipulacji-kontenerami.jpg\" height=\"225\" width=\"300\" alt=\"Centro de formaci\u00f3n de operadores en Varsovia\" class=\"slider-684 slide-685 msDefaultImage\" \/><\/li>\n                <li style=\"display: none; width: 100%;\" class=\"slide-688 ms-image\" aria-roledescription=\"slide\" data-date=\"2014-10-12 11:03:26\" data-filename=\"Zdj\u0119cie-manipulacja-kontenerami.jpg\" data-slide-type=\"image\"><img loading=\"lazy\" decoding=\"async\" src=\"https:\/\/szkolenia-udt.pl\/wp-content\/uploads\/2014\/10\/Zdj\u0119cie-manipulacja-kontenerami.jpg\" height=\"225\" width=\"300\" alt=\"Dispositivos de manipulaci\u00f3n de contenedores\" class=\"slider-684 slide-688 msDefaultImage\" \/><\/li>\n                <li style=\"display: none; width: 100%;\" class=\"slide-689 ms-image\" aria-roledescription=\"slide\" data-date=\"2014-10-12 11:03:44\" data-filename=\"Szkolenia-oraz-kursy-zdj\u0119cie.jpg\" data-slide-type=\"image\"><img loading=\"lazy\" decoding=\"async\" src=\"https:\/\/szkolenia-udt.pl\/wp-content\/uploads\/2014\/10\/Szkolenia-oraz-kursy-zdj\u0119cie.jpg\" height=\"225\" width=\"300\" alt=\"\" class=\"slider-684 slide-689 msDefaultImage\" \/><\/li>\n            <\/ul>\n        <\/div>\n        \n    <\/div>\n<\/div><\/div>\n<p><strong>Componentes estructurales de una gr\u00faa m\u00f3vil HDS<\/strong><br \/>\nLas gr\u00faas de muelle son fabricadas por muchas marcas diferentes y, por lo tanto, son diferentes en cuanto a los componentes utilizados en ellas. Todos los componentes se controlan mediante un sistema hidr\u00e1ulico. Los elementos de dise\u00f1o estandarizados de cada gr\u00faa de atraque son:<\/p>\n<ul>\n<li>un conjunto de soportes - para estabilizar el dispositivo<\/li>\n<li>juego de base - situado en la base de la gr\u00faa<\/li>\n<li>conjunto de columnas - componente vertical de la gr\u00faa montado en la base<\/li>\n<li>un conjunto de plumas - un elemento ajustable al que se sujeta la carga<\/li>\n<\/ul>\n<p>Si est\u00e1 interesado en obtener un certificado HDS, visite nuestro <a href=\"https:\/\/szkolenia-udt.pl\/es\/o-firmie\/\">centro<\/a> \u00a1para el curso de HDS!<\/p>\n<\/div>","protected":false},"excerpt":{"rendered":"<p>D\u017awignice to urz\u0105dzenia, kt\u00f3re przeznaczone s\u0105 do za\u0142adunku i roz\u0142adunku materia\u0142\u00f3w. Zalicza si\u0119 do nich mi\u0119dzy innymi: wci\u0105garki, wci\u0105gniki, d\u017awigi, suwnice i inne urz\u0105dzenia. Wa\u017cn\u0105 grup\u0105 d\u017awignic s\u0105 \u017curawie, do kt\u00f3rych zalicza si\u0119 r\u00f3wnie\u017c \u017curawie typu HDS \u2013 hydrauliczne d\u017awigi samochodowe \u2013 \u017curawie prze\u0142adunkowe, do kt\u00f3rych obs\u0142ugi potrzebne jest zapisanie si\u0119 na kurs HDS. Po [&hellip;]<\/p>\n","protected":false},"author":3,"featured_media":0,"parent":1116,"menu_order":0,"comment_status":"closed","ping_status":"closed","template":"","meta":{"footnotes":""},"class_list":["post-1120","page","type-page","status-publish","hentry"],"aioseo_notices":[],"_links":{"self":[{"href":"https:\/\/szkolenia-udt.pl\/es\/wp-json\/wp\/v2\/pages\/1120","targetHints":{"allow":["GET"]}}],"collection":[{"href":"https:\/\/szkolenia-udt.pl\/es\/wp-json\/wp\/v2\/pages"}],"about":[{"href":"https:\/\/szkolenia-udt.pl\/es\/wp-json\/wp\/v2\/types\/page"}],"author":[{"embeddable":true,"href":"https:\/\/szkolenia-udt.pl\/es\/wp-json\/wp\/v2\/users\/3"}],"replies":[{"embeddable":true,"href":"https:\/\/szkolenia-udt.pl\/es\/wp-json\/wp\/v2\/comments?post=1120"}],"version-history":[{"count":4,"href":"https:\/\/szkolenia-udt.pl\/es\/wp-json\/wp\/v2\/pages\/1120\/revisions"}],"predecessor-version":[{"id":2238,"href":"https:\/\/szkolenia-udt.pl\/es\/wp-json\/wp\/v2\/pages\/1120\/revisions\/2238"}],"up":[{"embeddable":true,"href":"https:\/\/szkolenia-udt.pl\/es\/wp-json\/wp\/v2\/pages\/1116"}],"wp:attachment":[{"href":"https:\/\/szkolenia-udt.pl\/es\/wp-json\/wp\/v2\/media?parent=1120"}],"curies":[{"name":"wp","href":"https:\/\/api.w.org\/{rel}","templated":true}]}}