{"id":1124,"date":"2014-11-12T14:43:34","date_gmt":"2014-11-12T14:43:34","guid":{"rendered":"http:\/\/szkolenia-udt.pl\/?page_id=1124"},"modified":"2021-06-27T22:23:56","modified_gmt":"2021-06-27T22:23:56","slug":"eslingas-cuerdas-y-ganchos-para-usar-con-hds","status":"publish","type":"page","link":"https:\/\/szkolenia-udt.pl\/es\/kursy\/hds\/zawiesia-liny-i-haki-stosowane-w-hds-ach\/","title":{"rendered":"Eslingas, cuerdas y ganchos utilizados en HDS"},"content":{"rendered":"<div style=\"float: left; padding-right: 10px;\"><div id=\"metaslider-id-684\" style=\"max-width: 300px;\" class=\"ml-slider-3-107-0 metaslider metaslider-flex metaslider-684 ml-slider ms-theme-default nav-hidden\" role=\"region\" aria-label=\"Dispositivos de manipulaci\u00f3n\" data-height=\"225\" data-width=\"300\">\n    <div id=\"metaslider_container_684\">\n        <div id=\"metaslider_684\">\n            <ul class='slides'>\n                <li style=\"display: block; width: 100%;\" class=\"slide-686 ms-image\" aria-roledescription=\"slide\" data-date=\"2014-10-12 11:03:24\" data-filename=\"O\u015brodek-szkolenia-operator\u00f3w.jpg\" data-slide-type=\"image\"><img loading=\"lazy\" decoding=\"async\" src=\"https:\/\/szkolenia-udt.pl\/wp-content\/uploads\/2014\/10\/O\u015brodek-szkolenia-operator\u00f3w.jpg\" height=\"225\" width=\"300\" alt=\"\" class=\"slider-684 slide-686 msDefaultImage\" \/><div class=\"caption-wrap\"><div class=\"caption\">etiqueta<\/div><\/div><\/li>\n                <li style=\"display: none; width: 100%;\" class=\"slide-687 ms-image\" aria-roledescription=\"slide\" data-date=\"2014-10-12 11:03:26\" data-filename=\"szkolenia-urz\u0105dzenia-manipulacji-kontenerami.jpg\" data-slide-type=\"image\"><img loading=\"lazy\" decoding=\"async\" src=\"https:\/\/szkolenia-udt.pl\/wp-content\/uploads\/2014\/10\/szkolenia-urz\u0105dzenia-manipulacji-kontenerami.jpg\" height=\"225\" width=\"300\" alt=\"Curso de dispositivos de manejo de contenedores\" class=\"slider-684 slide-687 msDefaultImage\" \/><\/li>\n                <li style=\"display: none; width: 100%;\" class=\"slide-685 ms-image\" aria-roledescription=\"slide\" data-date=\"2014-10-12 11:03:23\" data-filename=\"Kursy-urz\u0105dzenia-manipulacji-kontenerami.jpg\" data-slide-type=\"image\"><img loading=\"lazy\" decoding=\"async\" src=\"https:\/\/szkolenia-udt.pl\/wp-content\/uploads\/2014\/10\/Kursy-urz\u0105dzenia-manipulacji-kontenerami.jpg\" height=\"225\" width=\"300\" alt=\"Centro de formaci\u00f3n de operadores en Varsovia\" class=\"slider-684 slide-685 msDefaultImage\" \/><\/li>\n                <li style=\"display: none; width: 100%;\" class=\"slide-688 ms-image\" aria-roledescription=\"slide\" data-date=\"2014-10-12 11:03:26\" data-filename=\"Zdj\u0119cie-manipulacja-kontenerami.jpg\" data-slide-type=\"image\"><img loading=\"lazy\" decoding=\"async\" src=\"https:\/\/szkolenia-udt.pl\/wp-content\/uploads\/2014\/10\/Zdj\u0119cie-manipulacja-kontenerami.jpg\" height=\"225\" width=\"300\" alt=\"Dispositivos de manipulaci\u00f3n de contenedores\" class=\"slider-684 slide-688 msDefaultImage\" \/><\/li>\n                <li style=\"display: none; width: 100%;\" class=\"slide-689 ms-image\" aria-roledescription=\"slide\" data-date=\"2014-10-12 11:03:44\" data-filename=\"Szkolenia-oraz-kursy-zdj\u0119cie.jpg\" data-slide-type=\"image\"><img loading=\"lazy\" decoding=\"async\" src=\"https:\/\/szkolenia-udt.pl\/wp-content\/uploads\/2014\/10\/Szkolenia-oraz-kursy-zdj\u0119cie.jpg\" height=\"225\" width=\"300\" alt=\"\" class=\"slider-684 slide-689 msDefaultImage\" \/><\/li>\n            <\/ul>\n        <\/div>\n        \n    <\/div>\n<\/div><\/div>\n<div class=\"wyjustuj\">\n<p>Cada <a href=\"https:\/\/szkolenia-udt.pl\/es\/kursy\/hds\/\">curso HDS<\/a> Incluye informaci\u00f3n sobre las eslingas, las cuerdas y los ganchos utilizados en los HDS. Se trata de un conocimiento esencial que hay que dominar, ya que los instructores de la UTD lo preguntan durante el examen de la licencia HDS. Si est\u00e1 interesado en obtener su certificado HDS, visite <a href=\"https:\/\/szkolenia-udt.pl\/es\/oferta\/\">uso de los servicios<\/a> nuestro <a href=\"https:\/\/szkolenia-udt.pl\/es\/o-firmie\/\">La estaci\u00f3n<\/a>Los equipos HDS utilizan varios tipos de eslingas, cuerdas y ganchos para manipular las cargas. En ellas se fijan adecuadamente las cargas, que luego pueden colocarse en otro lugar por medio de la gr\u00faa. Cuando se utilizan eslingas, cuerdas y ganchos en las gr\u00faas HDS, es importante asegurarse de que est\u00e1n en buen estado de funcionamiento, ya que de lo contrario pueden provocar un accidente.<\/p>\n<h2 class=\"boldnagl\"><strong>Cuerdas<\/strong><\/h2>\n<p>Los HDS pueden estar equipados con cabrestantes y utilizar cuerdas y eslingas para asegurar las cargas. Las cuerdas utilizadas en los HDS deben cumplir ciertos requisitos: s\u00f3lo deben utilizarse las cuerdas aprobadas por el fabricante. Al desenrollarla, la cuerda debe estar recta, no ondulada y sin da\u00f1os apreciables. Se proh\u00edbe el uso de cuerdas que no est\u00e9n certificadas o da\u00f1adas.<\/p>\n<h2 class=\"boldnagl\"><strong>Eslingas<\/strong><\/h2>\n<p>Por lo general, no es t\u00e9cnicamente posible fijar una carga directamente al gancho de una gr\u00faa. Por lo tanto, se utilizan implementos auxiliares; las eslingas son el componente principal utilizado para asegurar la carga. El curso de HDS tambi\u00e9n cubre temas como la selecci\u00f3n de eslingas adecuadas. Las eslingas se presentan en forma de cuerdas de acero, cuerdas de fibra, cadenas o correas. Se distingue entre eslingas de un hilo, de dos hilos, de tres hilos, de cuatro hilos o de circuito cerrado. La forma de asegurar la carga a las eslingas depende del peso de la carga, de la posici\u00f3n de su centro de gravedad, as\u00ed como de sus dimensiones, forma y posici\u00f3n. El operador debe asegurarse de que las eslingas est\u00e1n en buen estado.<\/p>\n<h2 class=\"boldnagl\"><strong>Ganchos<\/strong><\/h2>\n<p>Los ganchos son los elementos de trabajo incluidos en la construcci\u00f3n de una gr\u00faa niveladora, que est\u00e1n dise\u00f1ados para colgar cargas directamente en ellos o para fijar cargas indirectamente mediante eslingas. Los ganchos deben ser revisados por el operador antes de su uso.<\/p>\n<\/div>","protected":false},"excerpt":{"rendered":"<p>Ka\u017cdy kurs HDS obejmuje informacje na temat stosowanych w HDS-ach zawiesi, lin oraz hak\u00f3w. To niezb\u0119dna wiedza do opanowania, poniewa\u017c pytaj\u0105 o ni\u0105 instruktorzy UTD podczas egzaminu na uprawnienia HDS. Zainteresowanych uzyskaniem uprawnienia HDS zapraszamy do skorzystania z us\u0142ug naszego O\u015brodka!W urz\u0105dzeniach HDS w celu manipulacji \u0142adunkami wykorzystuje si\u0119 r\u00f3\u017cnego rodzaju zawiesia, liny i haki. [&hellip;]<\/p>\n","protected":false},"author":3,"featured_media":0,"parent":1116,"menu_order":0,"comment_status":"closed","ping_status":"closed","template":"","meta":{"footnotes":""},"class_list":["post-1124","page","type-page","status-publish","hentry"],"aioseo_notices":[],"_links":{"self":[{"href":"https:\/\/szkolenia-udt.pl\/es\/wp-json\/wp\/v2\/pages\/1124","targetHints":{"allow":["GET"]}}],"collection":[{"href":"https:\/\/szkolenia-udt.pl\/es\/wp-json\/wp\/v2\/pages"}],"about":[{"href":"https:\/\/szkolenia-udt.pl\/es\/wp-json\/wp\/v2\/types\/page"}],"author":[{"embeddable":true,"href":"https:\/\/szkolenia-udt.pl\/es\/wp-json\/wp\/v2\/users\/3"}],"replies":[{"embeddable":true,"href":"https:\/\/szkolenia-udt.pl\/es\/wp-json\/wp\/v2\/comments?post=1124"}],"version-history":[{"count":4,"href":"https:\/\/szkolenia-udt.pl\/es\/wp-json\/wp\/v2\/pages\/1124\/revisions"}],"predecessor-version":[{"id":2239,"href":"https:\/\/szkolenia-udt.pl\/es\/wp-json\/wp\/v2\/pages\/1124\/revisions\/2239"}],"up":[{"embeddable":true,"href":"https:\/\/szkolenia-udt.pl\/es\/wp-json\/wp\/v2\/pages\/1116"}],"wp:attachment":[{"href":"https:\/\/szkolenia-udt.pl\/es\/wp-json\/wp\/v2\/media?parent=1124"}],"curies":[{"name":"wp","href":"https:\/\/api.w.org\/{rel}","templated":true}]}}