{"id":1127,"date":"2014-11-12T14:46:28","date_gmt":"2014-11-12T14:46:28","guid":{"rendered":"http:\/\/szkolenia-udt.pl\/?page_id=1127"},"modified":"2021-06-27T22:18:37","modified_gmt":"2021-06-27T22:18:37","slug":"actividades-prohibidas-al-utilizar-una-grua-hd-lift","status":"publish","type":"page","link":"https:\/\/szkolenia-udt.pl\/es\/kursy\/hds\/czynnosci-zabronione-podczas-pracy-zurawiem-przeladunkowym-hds\/","title":{"rendered":"Actividades prohibidas al trabajar con gr\u00faas HDS"},"content":{"rendered":"<div style=\"float: left; padding-right: 10px;\"><div id=\"metaslider-id-408\" style=\"max-width: 300px;\" class=\"ml-slider-3-109-0 metaslider metaslider-flex metaslider-408 ml-slider ms-theme-default nav-hidden\" role=\"region\" aria-label=\"Plataformas m\u00f3viles1\" data-height=\"225\" data-width=\"300\">\n    <div id=\"metaslider_container_408\">\n        <div id=\"metaslider_408\">\n            <ul class='slides'>\n                <li style=\"display: block; width: 100%;\" class=\"slide-540 ms-image\" aria-roledescription=\"slide\" data-date=\"2014-10-11 16:42:06\" data-filename=\"170AETJL_BI_NRJ_045.jpg\" data-slide-type=\"image\"><img loading=\"lazy\" decoding=\"async\" src=\"https:\/\/szkolenia-udt.pl\/wp-content\/uploads\/2014\/10\/170AETJL_BI_NRJ_045.jpg\" height=\"225\" width=\"300\" alt=\"Cursos y formaci\u00f3n \" class=\"slider-408 slide-540 msDefaultImage\" \/><\/li>\n                <li style=\"display: none; width: 100%;\" class=\"slide-537 ms-image\" aria-roledescription=\"slide\" data-date=\"2014-10-11 16:38:05\" data-filename=\"3219.jpg\" data-slide-type=\"image\"><img loading=\"lazy\" decoding=\"async\" src=\"https:\/\/szkolenia-udt.pl\/wp-content\/uploads\/2014\/10\/3219.jpg\" height=\"225\" width=\"300\" alt=\"Curso de aterrizaje m\u00f3vil\" class=\"slider-408 slide-537 msDefaultImage\" \/><\/li>\n                <li style=\"display: none; width: 100%;\" class=\"slide-1172 ms-image\" aria-roledescription=\"slide\" data-date=\"2014-11-17 19:01:41\" data-filename=\"78XE_003a.jpg\" data-slide-type=\"image\"><img loading=\"lazy\" decoding=\"async\" src=\"https:\/\/szkolenia-udt.pl\/wp-content\/uploads\/2014\/11\/78XE_003a.jpg\" height=\"225\" width=\"300\" alt=\"entrenamiento varsovia\" class=\"slider-408 slide-1172 msDefaultImage\" \/><\/li>\n                <li style=\"display: none; width: 100%;\" class=\"slide-1173 ms-image\" aria-roledescription=\"slide\" data-date=\"2014-11-17 19:01:41\" data-filename=\"80VJR_Evo_002a.jpg\" data-slide-type=\"image\"><img loading=\"lazy\" decoding=\"async\" src=\"https:\/\/szkolenia-udt.pl\/wp-content\/uploads\/2014\/11\/80VJR_Evo_002a.jpg\" height=\"225\" width=\"300\" alt=\"\" class=\"slider-408 slide-1173 msDefaultImage\" \/><\/li>\n                <li style=\"display: none; width: 100%;\" class=\"slide-1187 ms-image\" aria-roledescription=\"slide\" data-date=\"2014-11-17 19:45:05\" data-filename=\"60V_005a.jpg\" data-slide-type=\"image\"><img loading=\"lazy\" decoding=\"async\" src=\"https:\/\/szkolenia-udt.pl\/wp-content\/uploads\/2014\/11\/60V_005a.jpg\" height=\"225\" width=\"300\" alt=\"ascensores\" class=\"slider-408 slide-1187 msDefaultImage\" \/><\/li>\n            <\/ul>\n        <\/div>\n        \n    <\/div>\n<\/div><\/div>\n<div class=\"wyjustuj\">\n<p>Durante el trabajo, el operador de una gr\u00faa de manipulaci\u00f3n HDS debe tener en cuenta los requisitos de seguridad y las normas de salud y seguridad. De este modo, podr\u00e1 evitar accidentes durante el trabajo, que pueden suponer un riesgo tanto para \u00e9l mismo como para el entorno: cargas, edificios, otras personas en la zona de trabajo del equipo. Visitando <a href=\"https:\/\/szkolenia-udt.pl\/es\/kursy\/hds\/\">curso HDS<\/a>El participante recibe siempre los conocimientos adecuados sobre el uso seguro de la gr\u00faa, que son la base para obtener la licencia HDS durante el examen ante la comisi\u00f3n de la UDT.<\/p>\n<p><strong>Actividades que no deben realizarse cuando se trabaja con una gr\u00faa de carga:<\/strong><\/p>\n<ul>\n<li>la elevaci\u00f3n de cargas de par\u00e1metros desconocidos, incluida la elevaci\u00f3n de cargas sin conocer su peso y de cargas que superen la capacidad de carga permitida del equipo<\/li>\n<li>elevaci\u00f3n de cargas firmemente adheridas al suelo o congeladas en el suelo<\/li>\n<li>Realizaci\u00f3n de operaciones de carga sin que los soportes de la rampa niveladora est\u00e9n colocados<\/li>\n<li>trabajar con una gr\u00faa HDS que no funciona<\/li>\n<li>uso de equipos inoperantes - cuerdas, eslingas, ganchos<\/li>\n<li>trabajar con una gr\u00faa que no tenga una decisi\u00f3n v\u00e1lida de la UDT que autorice su funcionamiento<\/li>\n<li>trabajar con una gr\u00faa que no tenga una anotaci\u00f3n actualizada en el libro de mantenimiento<\/li>\n<li>transferir cargas directamente sobre los puestos de trabajo o las personas<\/li>\n<li>transferencia de carga sobre la cabina del operador<\/li>\n<li>trabajar en un terreno inadecuado: demasiado inclinado o en un suelo con poca capacidad de carga<\/li>\n<li>trabajar en las proximidades de l\u00edneas el\u00e9ctricas no conectadas ni puestas a tierra<\/li>\n<li>y otras actividades con riesgo de accidente<\/li>\n<\/ul>\n<p>Si el equipo no est\u00e1 debidamente preparado para funcionar, el operador tiene derecho a negarse a proceder. Debe notificar inmediatamente a su supervisor el motivo de la negativa.<\/p>\n<p>Si desea obtener una licencia HDS, <a href=\"https:\/\/szkolenia-udt.pl\/es\/kontakt\/\">te invitamos cordialmente<\/a> usar <a href=\"https:\/\/szkolenia-udt.pl\/es\/oferta\/\">nuestra oferta<\/a>. Curso de HDS en nuestro <a href=\"https:\/\/szkolenia-udt.pl\/es\/o-firmie\/\">La estaci\u00f3n<\/a> es un amplio conocimiento en el campo de la seguridad, por lo que podr\u00e1 trabajar con seguridad como operador de gr\u00faa de muelle despu\u00e9s de completarlo.<\/p>\n<\/div>","protected":false},"excerpt":{"rendered":"<p>Podczas pracy operator \u017curawia prze\u0142adunkowego HDS powinien pami\u0119ta\u0107 o wymogach bezpiecze\u0144stwa i przepisach BHP. W ten spos\u00f3b jest w stanie zapobiega\u0107 wypadkom podczas pracy, kt\u00f3re mog\u0105 nie\u015b\u0107 zagro\u017cenie zar\u00f3wno dla niego samego, jak i dla otoczenia \u2013 \u0142adunk\u00f3w, budynk\u00f3w, innych os\u00f3b przebywaj\u0105cych w strefie pracy urz\u0105dzenia. Odbywaj\u0105c kurs HDS, jego uczestnik otrzymuje zawsze odpowiedni\u0105 wiedz\u0119 [&hellip;]<\/p>\n","protected":false},"author":3,"featured_media":0,"parent":1116,"menu_order":0,"comment_status":"closed","ping_status":"closed","template":"","meta":{"footnotes":""},"class_list":["post-1127","page","type-page","status-publish","hentry"],"aioseo_notices":[],"_links":{"self":[{"href":"https:\/\/szkolenia-udt.pl\/es\/wp-json\/wp\/v2\/pages\/1127","targetHints":{"allow":["GET"]}}],"collection":[{"href":"https:\/\/szkolenia-udt.pl\/es\/wp-json\/wp\/v2\/pages"}],"about":[{"href":"https:\/\/szkolenia-udt.pl\/es\/wp-json\/wp\/v2\/types\/page"}],"author":[{"embeddable":true,"href":"https:\/\/szkolenia-udt.pl\/es\/wp-json\/wp\/v2\/users\/3"}],"replies":[{"embeddable":true,"href":"https:\/\/szkolenia-udt.pl\/es\/wp-json\/wp\/v2\/comments?post=1127"}],"version-history":[{"count":4,"href":"https:\/\/szkolenia-udt.pl\/es\/wp-json\/wp\/v2\/pages\/1127\/revisions"}],"predecessor-version":[{"id":2235,"href":"https:\/\/szkolenia-udt.pl\/es\/wp-json\/wp\/v2\/pages\/1127\/revisions\/2235"}],"up":[{"embeddable":true,"href":"https:\/\/szkolenia-udt.pl\/es\/wp-json\/wp\/v2\/pages\/1116"}],"wp:attachment":[{"href":"https:\/\/szkolenia-udt.pl\/es\/wp-json\/wp\/v2\/media?parent=1127"}],"curies":[{"name":"wp","href":"https:\/\/api.w.org\/{rel}","templated":true}]}}