{"id":1131,"date":"2014-11-12T14:51:53","date_gmt":"2014-11-12T14:51:53","guid":{"rendered":"http:\/\/szkolenia-udt.pl\/?page_id=1131"},"modified":"2021-06-27T22:20:50","modified_gmt":"2021-06-27T22:20:50","slug":"funciones-del-operador-del-elevador-de-cargas","status":"publish","type":"page","link":"https:\/\/szkolenia-udt.pl\/es\/kursy\/hds\/obowiazki-operatora-zurawia-przeladunkowego-hds\/","title":{"rendered":"Responsabilidades del operador de la gr\u00faa de carga HDS"},"content":{"rendered":"<div style=\"float: left; padding-right: 10px;\"><div id=\"metaslider-id-642\" style=\"max-width: 300px;\" class=\"ml-slider-3-107-0 metaslider metaslider-flex metaslider-642 ml-slider ms-theme-default nav-hidden\" role=\"region\" aria-label=\"Gr\u00faas\" data-height=\"225\" data-width=\"300\">\n    <div id=\"metaslider_container_642\">\n        <div id=\"metaslider_642\">\n            <ul class='slides'>\n                <li style=\"display: block; width: 100%;\" class=\"slide-647 ms-image\" aria-roledescription=\"slide\" data-date=\"2014-10-12 09:52:02\" data-filename=\"O\u015brodek-Szkolenia-Operator\u00f3w.jpg\" data-slide-type=\"image\"><img loading=\"lazy\" decoding=\"async\" src=\"https:\/\/szkolenia-udt.pl\/wp-content\/uploads\/2014\/10\/O\u015brodek-Szkolenia-Operator\u00f3w.jpg\" height=\"225\" width=\"300\" alt=\"\" class=\"slider-642 slide-647 msDefaultImage\" \/><\/li>\n                <li style=\"display: none; width: 100%;\" class=\"slide-649 ms-image\" aria-roledescription=\"slide\" data-date=\"2014-10-12 09:52:03\" data-filename=\"Szkolenie-d\u017awigi.jpg\" data-slide-type=\"image\"><img loading=\"lazy\" decoding=\"async\" src=\"https:\/\/szkolenia-udt.pl\/wp-content\/uploads\/2014\/10\/Szkolenie-d\u017awigi.jpg\" height=\"225\" width=\"300\" alt=\"Curso de grua\" class=\"slider-642 slide-649 msDefaultImage\" \/><\/li>\n                <li style=\"display: none; width: 100%;\" class=\"slide-650 ms-image\" aria-roledescription=\"slide\" data-date=\"2014-10-12 09:52:03\" data-filename=\"Uprawnienia-UDT1.jpg\" data-slide-type=\"image\"><img loading=\"lazy\" decoding=\"async\" src=\"https:\/\/szkolenia-udt.pl\/wp-content\/uploads\/2014\/10\/Uprawnienia-UDT1.jpg\" height=\"225\" width=\"300\" alt=\"\" class=\"slider-642 slide-650 msDefaultImage\" \/><\/li>\n                <li style=\"display: none; width: 100%;\" class=\"slide-648 ms-image\" aria-roledescription=\"slide\" data-date=\"2014-10-12 09:52:02\" data-filename=\"szkolenia-d\u017awigi.jpg\" data-slide-type=\"image\"><img loading=\"lazy\" decoding=\"async\" src=\"https:\/\/szkolenia-udt.pl\/wp-content\/uploads\/2014\/10\/szkolenia-d\u017awigi.jpg\" height=\"225\" width=\"300\" alt=\"centro de formacion de operadores\" class=\"slider-642 slide-648 msDefaultImage\" \/><\/li>\n                <li style=\"display: none; width: 100%;\" class=\"slide-651 ms-image\" aria-roledescription=\"slide\" data-date=\"2014-10-12 09:52:04\" data-filename=\"zdj\u0119cie-d\u017awig.jpg\" data-slide-type=\"image\"><img loading=\"lazy\" decoding=\"async\" src=\"https:\/\/szkolenia-udt.pl\/wp-content\/uploads\/2014\/10\/zdj\u0119cie-d\u017awig.jpg\" height=\"225\" width=\"300\" alt=\"Gr\u00faas de entrenamiento. titulaciones UDT\" class=\"slider-642 slide-651 msDefaultImage\" \/><\/li>\n            <\/ul>\n        <\/div>\n        \n    <\/div>\n<\/div><\/div>\n<div class=\"wyjustuj\">\n<p>El operador de una gr\u00faa de manipulaci\u00f3n debe estar en posesi\u00f3n de la correspondiente licencia HDS. Se conceden a las personas que han completado <a href=\"https:\/\/szkolenia-udt.pl\/es\/kursy\/hds\/\">curso HDS<\/a> y haber superado el examen ante la comisi\u00f3n de la UDT.El operador del equipo no puede empezar a trabajar inmediatamente. Sus funciones se dividen en las que debe realizar antes, durante y despu\u00e9s del trabajo, que se ense\u00f1an en todos los cursos de HDS.<\/p>\n<h2 class=\"boldnagl\"><strong>Tareas previas al trabajo<\/strong><\/h2>\n<ul>\n<li>Familiarizaci\u00f3n con la documentaci\u00f3n - la documentaci\u00f3n t\u00e9cnica y operativa de la gr\u00faa y el manual de instrucciones, el certificado de puesta en servicio de la gr\u00faa y el libro de mantenimiento, la ausencia de al menos uno de estos documentos significa que no se puede empezar a trabajar<\/li>\n<li>realizar el mantenimiento diario del equipo de acuerdo con las instrucciones del fabricante - inspeccionar visualmente el equipo y comprobar la estanqueidad de los componentes, el funcionamiento de los cierres hidr\u00e1ulicos, la extensi\u00f3n de los soportes, comprobar los dispositivos de seguridad y los enclavamientos<\/li>\n<li>cualquier irregularidad encontrada debe ser comunicada a un superior<\/li>\n<\/ul>\n<h2 class=\"boldnagl\"><strong>Responsabilidades durante el trabajo<\/strong><\/h2>\n<ul>\n<li>comprobaci\u00f3n del emplazamiento y determinaci\u00f3n del radio de acci\u00f3n de la gr\u00faa<\/li>\n<li>preparaci\u00f3n de la gr\u00faa para los trabajos de carga<\/li>\n<li>enganche y sujeci\u00f3n adecuados de la carga<\/li>\n<li>vigilar constantemente la carga y la gr\u00faa durante el trabajo y la zona circundante<\/li>\n<li>vigilar la carga admisible de la gr\u00faa<\/li>\n<li>cumplimiento de las se\u00f1ales y carteles<\/li>\n<li>responder inmediatamente en caso de emergencia o amenaza de accidente<\/li>\n<\/ul>\n<div style=\"float: right; padding-left: 10px;\"><div id=\"metaslider-id-584\" style=\"max-width: 300px;\" class=\"ml-slider-3-107-0 metaslider metaslider-flex metaslider-584 ml-slider ms-theme-default nav-hidden nav-hidden\" role=\"region\" aria-label=\"Construcci\u00f3n del carro\" data-height=\"225\" data-width=\"300\">\n    <div id=\"metaslider_container_584\">\n        <div id=\"metaslider_584\">\n            <ul class='slides'>\n                <li style=\"display: block; width: 100%;\" class=\"slide-586 ms-image\" aria-roledescription=\"slide\" data-date=\"2014-10-12 05:43:37\" data-filename=\"Kurs-na-w\u00f3zki-wid\u0142owe.jpg\" data-slide-type=\"image\"><img loading=\"lazy\" decoding=\"async\" src=\"https:\/\/szkolenia-udt.pl\/wp-content\/uploads\/2014\/10\/Kurs-na-w\u00f3zki-wid\u0142owe.jpg\" height=\"225\" width=\"300\" alt=\"Curso de montacargas\" class=\"slider-584 slide-586 msDefaultImage\" \/><\/li>\n                <li style=\"display: none; width: 100%;\" class=\"slide-591 ms-image\" aria-roledescription=\"slide\" data-date=\"2014-10-12 05:43:41\" data-filename=\"Kursy-W\u00f3zki-wid\u0142owe.jpg\" data-slide-type=\"image\"><img loading=\"lazy\" decoding=\"async\" src=\"https:\/\/szkolenia-udt.pl\/wp-content\/uploads\/2014\/10\/Kursy-W\u00f3zki-wid\u0142owe.jpg\" height=\"225\" width=\"300\" alt=\"Un curso para un operador de montacargas\" class=\"slider-584 slide-591 msDefaultImage\" \/><\/li>\n                <li style=\"display: none; width: 100%;\" class=\"slide-596 ms-image\" aria-roledescription=\"slide\" data-date=\"2014-10-12 05:43:44\" data-filename=\"Szkolenie-W\u00f3zki-wid\u0142owe1.jpg\" data-slide-type=\"image\"><img loading=\"lazy\" decoding=\"async\" src=\"https:\/\/szkolenia-udt.pl\/wp-content\/uploads\/2014\/10\/Szkolenie-W\u00f3zki-wid\u0142owe1.jpg\" height=\"225\" width=\"300\" alt=\"\" class=\"slider-584 slide-596 msDefaultImage\" \/><\/li>\n                <li style=\"display: none; width: 100%;\" class=\"slide-685 ms-image\" aria-roledescription=\"slide\" data-date=\"2014-10-12 11:03:23\" data-filename=\"Kursy-urz\u0105dzenia-manipulacji-kontenerami.jpg\" data-slide-type=\"image\"><img loading=\"lazy\" decoding=\"async\" src=\"https:\/\/szkolenia-udt.pl\/wp-content\/uploads\/2014\/10\/Kursy-urz\u0105dzenia-manipulacji-kontenerami.jpg\" height=\"225\" width=\"300\" alt=\"Centro de formaci\u00f3n de operadores en Varsovia\" class=\"slider-584 slide-685 msDefaultImage\" \/><\/li>\n                <li style=\"display: none; width: 100%;\" class=\"slide-679 ms-image\" aria-roledescription=\"slide\" data-date=\"2014-10-12 10:48:10\" data-filename=\"OSO-Warszawa2.jpg\" data-slide-type=\"image\"><img loading=\"lazy\" decoding=\"async\" src=\"https:\/\/szkolenia-udt.pl\/wp-content\/uploads\/2014\/10\/OSO-Warszawa2.jpg\" height=\"225\" width=\"300\" alt=\"\" class=\"slider-584 slide-679 msDefaultImage\" \/><\/li>\n            <\/ul>\n        <\/div>\n        \n    <\/div>\n<\/div><\/div>\n<h2 class=\"boldnagl\"><strong>Tareas posteriores al trabajo<\/strong><\/h2>\n<ul>\n<li>plegado de la gr\u00faa en la posici\u00f3n de transporte<\/li>\n<li>plegar los soportes en la posici\u00f3n de transporte y asegurarlos<\/li>\n<li>Comprobaci\u00f3n de que las cargas no suponen un peligro<\/li>\n<li>acompa\u00f1ar el veh\u00edculo al garaje<\/li>\n<li>limpieza de los elementos de trabajo de la suciedad<\/li>\n<li>asegurar el equipo contra el uso por parte de personas inadecuadas que no est\u00e9n cualificadas para el HDS<\/li>\n<li>entrega de documentos a una persona autorizada<\/li>\n<\/ul>\n<p>Durante el funcionamiento continuo de la gr\u00faa, el operador debe controlar constantemente su estado. Cuando surgen peligros, es necesario reaccionar inmediatamente para evitar un accidente. Si se respetan las normas mencionadas, el operario podr\u00e1 trabajar de forma segura y, por tanto, no supondr\u00e1 un riesgo para s\u00ed mismo, para otros trabajadores o para el medio ambiente.<\/p>\n<\/div>","protected":false},"excerpt":{"rendered":"<p>Operator \u017curawia prze\u0142adunkowego musi posiada\u0107 odpowiednie uprawnienia HDS. Nadawane s\u0105 one osobom, kt\u00f3re zako\u0144czy\u0142y kurs HDS i pozytywnie zaliczy\u0142y egzamin przed komisj\u0105 UDT.Operator urz\u0105dzenia nie mo\u017ce przyst\u0105pi\u0107 do pracy od razu. Jego obowi\u0105zki dzieli si\u0119 na te do wykonania przed, w trakcie oraz po zako\u0144czeniu pracy \u2013 uczy o nich ka\u017cdy kurs HDS. Obowi\u0105zki przed [&hellip;]<\/p>\n","protected":false},"author":3,"featured_media":0,"parent":1116,"menu_order":0,"comment_status":"closed","ping_status":"closed","template":"","meta":{"footnotes":""},"class_list":["post-1131","page","type-page","status-publish","hentry"],"aioseo_notices":[],"_links":{"self":[{"href":"https:\/\/szkolenia-udt.pl\/es\/wp-json\/wp\/v2\/pages\/1131","targetHints":{"allow":["GET"]}}],"collection":[{"href":"https:\/\/szkolenia-udt.pl\/es\/wp-json\/wp\/v2\/pages"}],"about":[{"href":"https:\/\/szkolenia-udt.pl\/es\/wp-json\/wp\/v2\/types\/page"}],"author":[{"embeddable":true,"href":"https:\/\/szkolenia-udt.pl\/es\/wp-json\/wp\/v2\/users\/3"}],"replies":[{"embeddable":true,"href":"https:\/\/szkolenia-udt.pl\/es\/wp-json\/wp\/v2\/comments?post=1131"}],"version-history":[{"count":7,"href":"https:\/\/szkolenia-udt.pl\/es\/wp-json\/wp\/v2\/pages\/1131\/revisions"}],"predecessor-version":[{"id":2237,"href":"https:\/\/szkolenia-udt.pl\/es\/wp-json\/wp\/v2\/pages\/1131\/revisions\/2237"}],"up":[{"embeddable":true,"href":"https:\/\/szkolenia-udt.pl\/es\/wp-json\/wp\/v2\/pages\/1116"}],"wp:attachment":[{"href":"https:\/\/szkolenia-udt.pl\/es\/wp-json\/wp\/v2\/media?parent=1131"}],"curies":[{"name":"wp","href":"https:\/\/api.w.org\/{rel}","templated":true}]}}