{"id":1136,"date":"2014-11-12T14:56:24","date_gmt":"2014-11-12T14:56:24","guid":{"rendered":"http:\/\/szkolenia-udt.pl\/?page_id=1136"},"modified":"2021-07-19T22:12:56","modified_gmt":"2021-07-19T22:12:56","slug":"gruas-hds","status":"publish","type":"page","link":"https:\/\/szkolenia-udt.pl\/es\/dzwignice\/zurawie-hds\/","title":{"rendered":"Gr\u00faas HDS"},"content":{"rendered":"<div style=\"float: left; padding-right: 10px;\"><div id=\"metaslider-id-642\" style=\"max-width: 300px;\" class=\"ml-slider-3-108-0 metaslider metaslider-flex metaslider-642 ml-slider ms-theme-default nav-hidden\" role=\"region\" aria-label=\"Gr\u00faas\" data-height=\"225\" data-width=\"300\">\n    <div id=\"metaslider_container_642\">\n        <div id=\"metaslider_642\">\n            <ul class='slides'>\n                <li style=\"display: block; width: 100%;\" class=\"slide-647 ms-image\" aria-roledescription=\"slide\" data-date=\"2014-10-12 09:52:02\" data-filename=\"O\u015brodek-Szkolenia-Operator\u00f3w.jpg\" data-slide-type=\"image\"><img loading=\"lazy\" decoding=\"async\" src=\"https:\/\/szkolenia-udt.pl\/wp-content\/uploads\/2014\/10\/O\u015brodek-Szkolenia-Operator\u00f3w.jpg\" height=\"225\" width=\"300\" alt=\"\" class=\"slider-642 slide-647 msDefaultImage\" \/><\/li>\n                <li style=\"display: none; width: 100%;\" class=\"slide-649 ms-image\" aria-roledescription=\"slide\" data-date=\"2014-10-12 09:52:03\" data-filename=\"Szkolenie-d\u017awigi.jpg\" data-slide-type=\"image\"><img loading=\"lazy\" decoding=\"async\" src=\"https:\/\/szkolenia-udt.pl\/wp-content\/uploads\/2014\/10\/Szkolenie-d\u017awigi.jpg\" height=\"225\" width=\"300\" alt=\"Curso de grua\" class=\"slider-642 slide-649 msDefaultImage\" \/><\/li>\n                <li style=\"display: none; width: 100%;\" class=\"slide-650 ms-image\" aria-roledescription=\"slide\" data-date=\"2014-10-12 09:52:03\" data-filename=\"Uprawnienia-UDT1.jpg\" data-slide-type=\"image\"><img loading=\"lazy\" decoding=\"async\" src=\"https:\/\/szkolenia-udt.pl\/wp-content\/uploads\/2014\/10\/Uprawnienia-UDT1.jpg\" height=\"225\" width=\"300\" alt=\"\" class=\"slider-642 slide-650 msDefaultImage\" \/><\/li>\n                <li style=\"display: none; width: 100%;\" class=\"slide-648 ms-image\" aria-roledescription=\"slide\" data-date=\"2014-10-12 09:52:02\" data-filename=\"szkolenia-d\u017awigi.jpg\" data-slide-type=\"image\"><img loading=\"lazy\" decoding=\"async\" src=\"https:\/\/szkolenia-udt.pl\/wp-content\/uploads\/2014\/10\/szkolenia-d\u017awigi.jpg\" height=\"225\" width=\"300\" alt=\"centro de formacion de operadores\" class=\"slider-642 slide-648 msDefaultImage\" \/><\/li>\n                <li style=\"display: none; width: 100%;\" class=\"slide-651 ms-image\" aria-roledescription=\"slide\" data-date=\"2014-10-12 09:52:04\" data-filename=\"zdj\u0119cie-d\u017awig.jpg\" data-slide-type=\"image\"><img loading=\"lazy\" decoding=\"async\" src=\"https:\/\/szkolenia-udt.pl\/wp-content\/uploads\/2014\/10\/zdj\u0119cie-d\u017awig.jpg\" height=\"225\" width=\"300\" alt=\"Gr\u00faas de entrenamiento. titulaciones UDT\" class=\"slider-642 slide-651 msDefaultImage\" \/><\/li>\n            <\/ul>\n        <\/div>\n        \n    <\/div>\n<\/div><\/div>\n<div class=\"wyjustuj\">\n<p>HDS - cami\u00f3n gr\u00faa hidr\u00e1ulico es un dispositivo com\u00fanmente utilizado en trabajos de recarga. HDS es una gr\u00faa de recarga que pertenece a la categor\u00eda de gr\u00faas. De acuerdo con la norma PN-EN 12999, una gr\u00faa es una gr\u00faa que est\u00e1 equipada con una estructura portante que realiza movimientos en el plano vertical como los movimientos de elevaci\u00f3n y descenso de la carga, y en el plano horizontal como los movimientos de rotando la estructura y cambiando el alcance. Gr\u00faas de manejo de carga - Las gr\u00faas HDS son dispositivos equipados con un accionamiento mec\u00e1nico, compuestos por una columna giratoria en la base y un sistema de pluma ubicado en la parte superior de la columna. Las gr\u00faas de carga se montan sobre remolques o directamente sobre los veh\u00edculos. Estas gr\u00faas est\u00e1n incluidas en el grupo de gr\u00faas port\u00e1tiles y est\u00e1n sujetas a la Oficina de Inspecci\u00f3n T\u00e9cnica.<\/p>\n<h2><strong>Las gr\u00faas se clasifican en las siguientes:<\/strong><\/h2>\n<ul>\n<li>Gr\u00faas de prop\u00f3sito general que est\u00e1n unidas r\u00edgidamente al veh\u00edculo.<\/li>\n<li>gr\u00faas de carga de madera, tambi\u00e9n denominadas gr\u00faas &quot;forestales&quot;<\/li>\n<li>gr\u00faas montadas en el veh\u00edculo detr\u00e1s de la cabina del conductor<\/li>\n<li>gr\u00faas montadas en el veh\u00edculo detr\u00e1s de la caja de carga, en la parte trasera del veh\u00edculo<\/li>\n<li>gr\u00faas montadas en el centro del \u00e1rea de carga del veh\u00edculo<\/li>\n<li>gr\u00faas montadas en remolques<\/li>\n<li>gr\u00faas montadas en tractores<\/li>\n<\/ul>\n<h2><strong>Los elementos b\u00e1sicos de la construcci\u00f3n de cada gr\u00faa de carga son:<\/strong><\/h2>\n<ul>\n<li>conjunto de soportes: los soportes est\u00e1n dise\u00f1ados para estabilizar el dispositivo y protegerlo contra accidentes<\/li>\n<li>conjunto de base: la base es el elemento sobre el que se coloca la columna del dispositivo<\/li>\n<li>montaje de la columna - el sistema de pluma de la gr\u00faa se fija a la columna y los movimientos se realizan a trav\u00e9s de ella en el plano horizontal - rotaci\u00f3n del sistema de pluma<\/li>\n<li>conjunto de pluma - un elemento estructural que se extiende manual o hidr\u00e1ulicamente, que cambia la longitud del voladizo<\/li>\n<li>equipo - eslingas, cuerdas, ganchos para asegurar cargas<\/li>\n<\/ul>\n<p>Para operar una gr\u00faa de carga, el operador debe tener una gr\u00faa completa <a href=\"https:\/\/szkolenia-udt.pl\/es\/kursy\/hds\/\">curso HDS<\/a> y calificaciones HDS, que se otorgan despu\u00e9s de aprobar el examen ante el comit\u00e9 de la Oficina de Inspecci\u00f3n T\u00e9cnica. Una persona que no tenga la aprobaci\u00f3n de HDS no puede operar el dispositivo. El curso HDS consta de una parte te\u00f3rica y otra pr\u00e1ctica, que en conjunto ense\u00f1an al participante c\u00f3mo operar correctamente el dispositivo.<\/p>\n<\/div>","protected":false},"excerpt":{"rendered":"<p>HDS \u2013 hydrauliczny d\u017awig samochodowy to urz\u0105dzenie wykorzystywane powszechnie w pracach prze\u0142adunkowych. HDS to \u017curaw prze\u0142adunkowi zaliczany do kategorii d\u017awignic. Zgodnie z norm\u0105 PN-EN 12999 \u017curaw to d\u017awignica, kt\u00f3ra jest wyposa\u017cona w ustr\u00f3j no\u015bny wykonuj\u0105cy ruchy na p\u0142aszczy\u017anie pionowej jako ruchy podnoszenia i opuszczania \u0142adunku i poziomej jako ruchy obracania konstrukcji i zmiany wysi\u0119gu. \u017burawiami [&hellip;]<\/p>\n","protected":false},"author":3,"featured_media":647,"parent":69,"menu_order":0,"comment_status":"closed","ping_status":"closed","template":"","meta":{"footnotes":""},"class_list":["post-1136","page","type-page","status-publish","has-post-thumbnail","hentry"],"aioseo_notices":[],"_links":{"self":[{"href":"https:\/\/szkolenia-udt.pl\/es\/wp-json\/wp\/v2\/pages\/1136","targetHints":{"allow":["GET"]}}],"collection":[{"href":"https:\/\/szkolenia-udt.pl\/es\/wp-json\/wp\/v2\/pages"}],"about":[{"href":"https:\/\/szkolenia-udt.pl\/es\/wp-json\/wp\/v2\/types\/page"}],"author":[{"embeddable":true,"href":"https:\/\/szkolenia-udt.pl\/es\/wp-json\/wp\/v2\/users\/3"}],"replies":[{"embeddable":true,"href":"https:\/\/szkolenia-udt.pl\/es\/wp-json\/wp\/v2\/comments?post=1136"}],"version-history":[{"count":5,"href":"https:\/\/szkolenia-udt.pl\/es\/wp-json\/wp\/v2\/pages\/1136\/revisions"}],"predecessor-version":[{"id":2385,"href":"https:\/\/szkolenia-udt.pl\/es\/wp-json\/wp\/v2\/pages\/1136\/revisions\/2385"}],"up":[{"embeddable":true,"href":"https:\/\/szkolenia-udt.pl\/es\/wp-json\/wp\/v2\/pages\/69"}],"wp:featuredmedia":[{"embeddable":true,"href":"https:\/\/szkolenia-udt.pl\/es\/wp-json\/wp\/v2\/media\/647"}],"wp:attachment":[{"href":"https:\/\/szkolenia-udt.pl\/es\/wp-json\/wp\/v2\/media?parent=1136"}],"curies":[{"name":"wp","href":"https:\/\/api.w.org\/{rel}","templated":true}]}}