{"id":1148,"date":"2014-11-12T19:22:01","date_gmt":"2014-11-12T19:22:01","guid":{"rendered":"http:\/\/szkolenia-udt.pl\/?page_id=1148"},"modified":"2021-06-27T22:04:15","modified_gmt":"2021-06-27T22:04:15","slug":"formacion-en-auditoria-udt","status":"publish","type":"page","link":"https:\/\/szkolenia-udt.pl\/es\/kursy\/szkolenie-audytorskie-udt\/","title":{"rendered":"Capacitaci\u00f3n en auditor\u00eda de la UDT"},"content":{"rendered":"<div style=\"float: left; padding-right: 10px;\"><div id=\"metaslider-id-373\" style=\"max-width: 300px;\" class=\"ml-slider-3-107-0 metaslider metaslider-flex metaslider-373 ml-slider ms-theme-default nav-hidden\" role=\"region\" aria-label=\"Acerca de la empresa 2\" data-height=\"225\" data-width=\"300\">\n    <div id=\"metaslider_container_373\">\n        <div id=\"metaslider_373\">\n            <ul class='slides'>\n                <li style=\"display: block; width: 100%;\" class=\"slide-1109 ms-image\" aria-roledescription=\"slide\" data-date=\"2014-11-12 13:56:05\" data-filename=\"bizness3a.jpg\" data-slide-type=\"image\"><img loading=\"lazy\" decoding=\"async\" src=\"https:\/\/szkolenia-udt.pl\/wp-content\/uploads\/2014\/11\/bizness3a.jpg\" height=\"225\" width=\"300\" alt=\"capacitaci\u00f3n\" class=\"slider-373 slide-1109 msDefaultImage\" \/><\/li>\n                <li style=\"display: none; width: 100%;\" class=\"slide-1106 ms-image\" aria-roledescription=\"slide\" data-date=\"2014-11-12 13:56:03\" data-filename=\"biznes5a.jpg\" data-slide-type=\"image\"><img loading=\"lazy\" decoding=\"async\" src=\"https:\/\/szkolenia-udt.pl\/wp-content\/uploads\/2014\/11\/biznes5a.jpg\" height=\"225\" width=\"300\" alt=\"autoridad de inspecci\u00f3n t\u00e9cnica\" class=\"slider-373 slide-1106 msDefaultImage\" \/><\/li>\n                <li style=\"display: none; width: 100%;\" class=\"slide-1110 ms-image\" aria-roledescription=\"slide\" data-date=\"2014-11-12 14:04:12\" data-filename=\"meeting-2a.jpg\" data-slide-type=\"image\"><img loading=\"lazy\" decoding=\"async\" src=\"https:\/\/szkolenia-udt.pl\/wp-content\/uploads\/2014\/11\/meeting-2a.jpg\" height=\"225\" width=\"300\" alt=\"cursos de la udt\" class=\"slider-373 slide-1110 msDefaultImage\" \/><\/li>\n                <li style=\"display: none; width: 100%;\" class=\"slide-1199 ms-image\" aria-roledescription=\"slide\" data-date=\"2014-11-17 21:17:06\" data-filename=\"firma-5a.jpg\" data-slide-type=\"image\"><img loading=\"lazy\" decoding=\"async\" src=\"https:\/\/szkolenia-udt.pl\/wp-content\/uploads\/2014\/11\/firma-5a.jpg\" height=\"225\" width=\"300\" alt=\"montacargas varsovia montacargas\" class=\"slider-373 slide-1199 msDefaultImage\" \/><\/li>\n                <li style=\"display: none; width: 100%;\" class=\"slide-1196 ms-image\" aria-roledescription=\"slide\" data-date=\"2014-11-17 21:17:04\" data-filename=\"Firma-2a.jpg\" data-slide-type=\"image\"><img loading=\"lazy\" decoding=\"async\" src=\"https:\/\/szkolenia-udt.pl\/wp-content\/uploads\/2014\/11\/Firma-2a.jpg\" height=\"225\" width=\"300\" alt=\"\" class=\"slider-373 slide-1196 msDefaultImage\" \/><\/li>\n            <\/ul>\n        <\/div>\n        \n    <\/div>\n<\/div><\/div>\n<div class=\"wyjustuj\">\n<p>Nos gustar\u00eda invitarle a auditar los cursos de formaci\u00f3n de la UDT, dise\u00f1ados para las personas que participan en la supervisi\u00f3n de los equipos t\u00e9cnicos sujetos a supervisi\u00f3n t\u00e9cnica: todos los especialistas en control, mantenimiento y seguridad y otras unidades t\u00e9cnicas. Al elegir nuestra oferta, puede estar seguro de que las clases ser\u00e1n impartidas por instructores con muchos a\u00f1os de experiencia en su profesi\u00f3n y abarcar\u00e1n todos los conocimientos necesarios para el trabajo.<\/p>\n<h2 class=\"boldnagl\"><strong>Prop\u00f3sito de la capacitaci\u00f3n<\/strong><\/h2>\n<p>El objetivo de la formaci\u00f3n es actualizar los conocimientos y las competencias sobre los reglamentos nacionales de supervisi\u00f3n t\u00e9cnica, las directivas y las normas de equipamiento vigentes, de acuerdo con los \u00faltimos avances.<\/p>\n<h2 class=\"boldnagl\"><strong>\u00bfPara qui\u00e9n?<\/strong><\/h2>\n<p>La formaci\u00f3n est\u00e1 dirigida a las personas que ocupan puestos de responsabilidad en los equipos t\u00e9cnicos utilizados en los procesos de trabajo, servicio y producci\u00f3n, procesamiento y almacenamiento, incluido el personal de control y mantenimiento y los especialistas de las c\u00e9lulas t\u00e9cnicas y de seguridad.<\/p>\n<h2 class=\"boldnagl\"><strong>Programa de entrenamiento<\/strong><\/h2>\n<p>El programa de formaci\u00f3n que hemos desarrollado incorpora todos los elementos clave necesarios para actualizar sus conocimientos sobre el mantenimiento de los equipos sujetos a UDT. Le mostramos c\u00f3mo utilizar la informaci\u00f3n de forma eficaz en su trabajo diario.<\/p>\n<p>Marco de formaci\u00f3n:<\/p>\n<ul>\n<li>el estado actual de la legislaci\u00f3n (normas, directivas y reglamentos sectoriales)<\/li>\n<li>interpretaci\u00f3n de las normas<\/li>\n<li>procedimientos utilizados en el lugar de trabajo<\/li>\n<li>medidas organizativas y t\u00e9cnicas para minimizar los riesgos<\/li>\n<li>metodolog\u00eda para evaluar el riesgo de una lesi\u00f3n o accidente peligroso<\/li>\n<li>mantener el funcionamiento continuo y la fiabilidad de los equipos t\u00e9cnicos<\/li>\n<li>an\u00e1lisis de accidentes e incidentes<\/li>\n<li>ejercicios pr\u00e1cticos en forma de talleres<\/li>\n<li>mesa redonda con expertos<\/li>\n<\/ul>\n<p>Los cursos de formaci\u00f3n se imparten por m\u00f3dulos, de modo que el programa puede adaptarse individualmente a las necesidades del cliente. En los talleres, existe la oportunidad de resolver problemas relacionados con los lugares de trabajo del cliente y de crear esquemas de procedimientos y listas de comprobaci\u00f3n.<\/p>\n<h2 class=\"boldnagl\"><strong>Precio de la formaci\u00f3n<\/strong><\/h2>\n<p>El precio de la formaci\u00f3n se fija individualmente; p\u00f3ngase en contacto con nosotros para obtener un presupuesto individual. Los cursos de formaci\u00f3n se organizan en un lugar acordado con el cliente.<\/p>\n<h2 class=\"boldnagl\"><strong>Sobre nosotros<\/strong><\/h2>\n<p>Somos una empresa de formaci\u00f3n con muchos a\u00f1os de experiencia en nuestro campo. Ya hemos formado a miles de personas y gozamos de una gran confianza entre nuestros clientes. Queremos ofrecer servicios al m\u00e1s alto nivel, por lo que esperamos que tambi\u00e9n cumplan con sus expectativas.<\/p>\n<p>Si tiene alguna pregunta sobre nuestra oferta, <a href=\"https:\/\/szkolenia-udt.pl\/es\/kontakt\/\">no dude en ponerse en contacto con nosotros<\/a> - aclararemos todas sus dudas.<\/p>\n<p>Te invitamos a aprovechar <a href=\"https:\/\/szkolenia-udt.pl\/es\/oferta\/\">Nuestros servicios<\/a>!<\/p>\n<\/div>","protected":false},"excerpt":{"rendered":"<p>Zapraszamy na szkolenia audytorskie UDT przeznaczone dla os\u00f3b zajmuj\u0105cych si\u0119 nadzorem urz\u0105dze\u0144 technicznych, kt\u00f3re podlegaj\u0105 pod doz\u00f3r techniczny \u2013 wszystkich pracownik\u00f3w kontroli, utrzymania ruchu oraz specjalist\u00f3w bezpiecze\u0144stwa i innych kom\u00f3rek technicznych. Wybieraj\u0105c nasz\u0105 ofert\u0119, maj\u0105 Pa\u0144stwo pewno\u015b\u0107, \u017ce zaj\u0119cia b\u0119d\u0105 prowadzone przez instruktor\u00f3w z wieloletnim do\u015bwiadczeniem w swoim zawodzie i b\u0119d\u0105 obejmowa\u0142y kompletn\u0105 wiedz\u0119 potrzebn\u0105 [&hellip;]<\/p>\n","protected":false},"author":3,"featured_media":0,"parent":22,"menu_order":30,"comment_status":"closed","ping_status":"closed","template":"","meta":{"footnotes":""},"class_list":["post-1148","page","type-page","status-publish","hentry"],"aioseo_notices":[],"_links":{"self":[{"href":"https:\/\/szkolenia-udt.pl\/es\/wp-json\/wp\/v2\/pages\/1148","targetHints":{"allow":["GET"]}}],"collection":[{"href":"https:\/\/szkolenia-udt.pl\/es\/wp-json\/wp\/v2\/pages"}],"about":[{"href":"https:\/\/szkolenia-udt.pl\/es\/wp-json\/wp\/v2\/types\/page"}],"author":[{"embeddable":true,"href":"https:\/\/szkolenia-udt.pl\/es\/wp-json\/wp\/v2\/users\/3"}],"replies":[{"embeddable":true,"href":"https:\/\/szkolenia-udt.pl\/es\/wp-json\/wp\/v2\/comments?post=1148"}],"version-history":[{"count":11,"href":"https:\/\/szkolenia-udt.pl\/es\/wp-json\/wp\/v2\/pages\/1148\/revisions"}],"predecessor-version":[{"id":2224,"href":"https:\/\/szkolenia-udt.pl\/es\/wp-json\/wp\/v2\/pages\/1148\/revisions\/2224"}],"up":[{"embeddable":true,"href":"https:\/\/szkolenia-udt.pl\/es\/wp-json\/wp\/v2\/pages\/22"}],"wp:attachment":[{"href":"https:\/\/szkolenia-udt.pl\/es\/wp-json\/wp\/v2\/media?parent=1148"}],"curies":[{"name":"wp","href":"https:\/\/api.w.org\/{rel}","templated":true}]}}