{"id":1153,"date":"2014-11-12T19:25:11","date_gmt":"2014-11-12T19:25:11","guid":{"rendered":"http:\/\/szkolenia-udt.pl\/?page_id=1153"},"modified":"2022-10-21T15:46:08","modified_gmt":"2022-10-21T13:46:08","slug":"ambulifts","status":"publish","type":"page","link":"https:\/\/szkolenia-udt.pl\/es\/kursy\/lotnictwo\/ambulifty\/","title":{"rendered":"Entrenamiento de ambulancia"},"content":{"rendered":"<div style=\"float: left; padding-right: 10px;\"><div id=\"metaslider-id-1328\" style=\"max-width: 300px;\" class=\"ml-slider-3-107-0 metaslider metaslider-flex metaslider-1328 ml-slider ms-theme-default nav-hidden\" role=\"region\" aria-label=\"ambu\" data-height=\"225\" data-width=\"300\">\n    <div id=\"metaslider_container_1328\">\n        <div id=\"metaslider_1328\">\n            <ul class='slides'>\n                <li style=\"display: block; width: 100%;\" class=\"slide-1350 ms-image\" aria-roledescription=\"slide\" data-date=\"2015-07-10 09:17:39\" data-filename=\"resSideBull-PRM_Ambulift_docked_7252.jpg\" data-slide-type=\"image\"><img loading=\"lazy\" decoding=\"async\" src=\"https:\/\/szkolenia-udt.pl\/wp-content\/uploads\/2015\/07\/resSideBull-PRM_Ambulift_docked_7252.jpg\" height=\"225\" width=\"300\" alt=\"\" class=\"slider-1328 slide-1350 msDefaultImage\" \/><\/li>\n                <li style=\"display: none; width: 100%;\" class=\"slide-1348 ms-image\" aria-roledescription=\"slide\" data-date=\"2015-07-10 09:17:38\" data-filename=\"resambulift-DSCN0928.jpg\" data-slide-type=\"image\"><img loading=\"lazy\" decoding=\"async\" src=\"https:\/\/szkolenia-udt.pl\/wp-content\/uploads\/2015\/07\/resambulift-DSCN0928.jpg\" height=\"225\" width=\"300\" alt=\"\" class=\"slider-1328 slide-1348 msDefaultImage\" \/><\/li>\n                <li style=\"display: none; width: 100%;\" class=\"slide-1349 ms-image\" aria-roledescription=\"slide\" data-date=\"2015-07-10 09:17:38\" data-filename=\"resAviogei_Ambulift_EAU_1500.jpg\" data-slide-type=\"image\"><img loading=\"lazy\" decoding=\"async\" src=\"https:\/\/szkolenia-udt.pl\/wp-content\/uploads\/2015\/07\/resAviogei_Ambulift_EAU_1500.jpg\" height=\"225\" width=\"300\" alt=\"\" class=\"slider-1328 slide-1349 msDefaultImage\" \/><\/li>\n                <li style=\"display: none; width: 100%;\" class=\"slide-1347 ms-image\" aria-roledescription=\"slide\" data-date=\"2015-07-10 09:17:37\" data-filename=\"resambulift-DSC_0332.jpg\" data-slide-type=\"image\"><img loading=\"lazy\" decoding=\"async\" src=\"https:\/\/szkolenia-udt.pl\/wp-content\/uploads\/2015\/07\/resambulift-DSC_0332.jpg\" height=\"225\" width=\"300\" alt=\"\" class=\"slider-1328 slide-1347 msDefaultImage\" \/><\/li>\n            <\/ul>\n        <\/div>\n        \n    <\/div>\n<\/div><\/div>\n<div class=\"wyjustuj\">\n<p>Lo invitamos a la capacitaci\u00f3n para operadores de ambulift: nuestra capacitaci\u00f3n cubre amplios conocimientos y habilidades, cuyo objetivo es aprender a operar con seguridad a personas discapacitadas al abordar y desembarcar de aviones.<\/p>\n<h2 class=\"boldnagl\"><strong>Prop\u00f3sito de la capacitaci\u00f3n<\/strong><\/h2>\n<p>Las compa\u00f1\u00edas a\u00e9reas est\u00e1n obligadas a cumplir el Reglamento UE 1107\/2006, de 5 de julio de 2006, sobre los derechos de los pasajeros con discapacidad y movilidad reducida. Los empleados del aeropuerto deben estar preparados para ayudar a las personas discapacitadas.<\/p>\n<p>El objetivo principal de la capacitaci\u00f3n es aprender c\u00f3mo ayudar adecuadamente a las personas discapacitadas que usan sillas de ruedas al embarcar y desembarcar, y c\u00f3mo colocar de manera segura una silla de ruedas y otras ayudas para la movilidad a bordo de la aeronave.<\/p>\n<h3 class=\"boldnagl\"><strong>Programa<\/strong><\/h3>\n<p>La formaci\u00f3n para operadores de ambulift incluye conocimientos te\u00f3ricos y ejercicios pr\u00e1cticos. Durante las clases, los participantes reciben informaci\u00f3n sobre c\u00f3mo asistir de forma segura y legal a las personas con discapacidad al embarcar y desembarcar. El entrenamiento termina con un examen ante el comit\u00e9 de la Oficina de Inspecci\u00f3n T\u00e9cnica.<\/p>\n<h3 class=\"boldnagl\"><strong>Precio de la formaci\u00f3n<\/strong><\/h3>\n<p>El precio de la formaci\u00f3n para operadores de ambulancias se fija individualmente; p\u00f3ngase en contacto con nosotros para obtener un presupuesto individual. Impartimos cursos de formaci\u00f3n en un lugar acordado con el cliente.<\/p>\n<h3 class=\"boldnagl\"><strong>Sobre nosotros<\/strong><\/h3>\n<p>Somos una empresa de formaci\u00f3n con muchos a\u00f1os de experiencia en nuestro campo. Ya hemos formado a miles de personas y gozamos de una gran confianza entre nuestros clientes. Queremos ofrecer servicios al m\u00e1s alto nivel, por lo que esperamos que tambi\u00e9n cumplan con sus expectativas.<\/p>\n<p>Si tiene alguna pregunta sobre nuestra oferta, <a href=\"https:\/\/szkolenia-udt.pl\/es\/kontakt\/\">no dude en ponerse en contacto con nosotros<\/a> - aclararemos todas sus dudas.<\/p>\n<p>Te invitamos a aprovechar <a href=\"https:\/\/szkolenia-udt.pl\/es\/oferta\/\">Nuestros servicios<\/a>!<\/p>\n<\/div>","protected":false},"excerpt":{"rendered":"<p>Zapraszamy Pa\u0144stwa na szkolenia dla operator\u00f3w ambulift\u00f3w \u2013 nasze szkolenie obejmuje szerok\u0105 wiedz\u0119 i umiej\u0119tno\u015bci, kt\u00f3rych celem jest nauka bezpiecznej obs\u0142ugi os\u00f3b niepe\u0142nosprawnych przy wsiadaniu i wysiadaniu z samolot\u00f3w. Cel szkolenia Przewo\u017anicy lotniczy s\u0105 zobowi\u0105zani do stosowania si\u0119 do rozporz\u0105dzenia UE nr 1107\/2006 z dnia 5 lipca 2006 o prawach pasa\u017cer\u00f3w niepe\u0142nosprawnych i o ograniczonej [&hellip;]<\/p>\n","protected":false},"author":3,"featured_media":3418,"parent":1288,"menu_order":40,"comment_status":"closed","ping_status":"closed","template":"","meta":{"footnotes":""},"class_list":["post-1153","page","type-page","status-publish","has-post-thumbnail","hentry"],"aioseo_notices":[],"_links":{"self":[{"href":"https:\/\/szkolenia-udt.pl\/es\/wp-json\/wp\/v2\/pages\/1153","targetHints":{"allow":["GET"]}}],"collection":[{"href":"https:\/\/szkolenia-udt.pl\/es\/wp-json\/wp\/v2\/pages"}],"about":[{"href":"https:\/\/szkolenia-udt.pl\/es\/wp-json\/wp\/v2\/types\/page"}],"author":[{"embeddable":true,"href":"https:\/\/szkolenia-udt.pl\/es\/wp-json\/wp\/v2\/users\/3"}],"replies":[{"embeddable":true,"href":"https:\/\/szkolenia-udt.pl\/es\/wp-json\/wp\/v2\/comments?post=1153"}],"version-history":[{"count":9,"href":"https:\/\/szkolenia-udt.pl\/es\/wp-json\/wp\/v2\/pages\/1153\/revisions"}],"predecessor-version":[{"id":2376,"href":"https:\/\/szkolenia-udt.pl\/es\/wp-json\/wp\/v2\/pages\/1153\/revisions\/2376"}],"up":[{"embeddable":true,"href":"https:\/\/szkolenia-udt.pl\/es\/wp-json\/wp\/v2\/pages\/1288"}],"wp:featuredmedia":[{"embeddable":true,"href":"https:\/\/szkolenia-udt.pl\/es\/wp-json\/wp\/v2\/media\/3418"}],"wp:attachment":[{"href":"https:\/\/szkolenia-udt.pl\/es\/wp-json\/wp\/v2\/media?parent=1153"}],"curies":[{"name":"wp","href":"https:\/\/api.w.org\/{rel}","templated":true}]}}