{"id":1298,"date":"2015-03-30T19:45:04","date_gmt":"2015-03-30T19:45:04","guid":{"rendered":"http:\/\/szkolenia-udt.pl\/?page_id=1298"},"modified":"2022-10-21T15:59:10","modified_gmt":"2022-10-21T13:59:10","slug":"transportadores-de-contenedores-y-pales","status":"publish","type":"page","link":"https:\/\/szkolenia-udt.pl\/es\/kursy\/lotnictwo\/transportery-kontenerow-i-palet\/","title":{"rendered":"Transportadores de contenedores y palets"},"content":{"rendered":"<h3>Equipos para cargar contenedores en aeronaves<\/h3>\n<div style=\"float: left; padding-right: 10px;\"><div id=\"metaslider-id-1315\" style=\"max-width: 300px;\" class=\"ml-slider-3-107-0 metaslider metaslider-flex metaslider-1315 ml-slider ms-theme-default nav-hidden\" role=\"region\" aria-label=\"Transportadores\" data-height=\"225\" data-width=\"300\">\n    <div id=\"metaslider_container_1315\">\n        <div id=\"metaslider_1315\">\n            <ul class='slides'>\n                <li style=\"display: block; width: 100%;\" class=\"slide-1316 ms-image\" aria-roledescription=\"slide\" data-date=\"2015-03-30 20:46:34\" data-filename=\"trans-4.jpg\" data-slide-type=\"image\"><img loading=\"lazy\" decoding=\"async\" src=\"https:\/\/szkolenia-udt.pl\/wp-content\/uploads\/2015\/03\/trans-4.jpg\" height=\"225\" width=\"300\" alt=\"\" class=\"slider-1315 slide-1316 msDefaultImage\" \/><\/li>\n                <li style=\"display: none; width: 100%;\" class=\"slide-1317 ms-image\" aria-roledescription=\"slide\" data-date=\"2015-03-30 20:46:35\" data-filename=\"trans-3.jpg\" data-slide-type=\"image\"><img loading=\"lazy\" decoding=\"async\" src=\"https:\/\/szkolenia-udt.pl\/wp-content\/uploads\/2015\/03\/trans-3.jpg\" height=\"225\" width=\"300\" alt=\"\" class=\"slider-1315 slide-1317 msDefaultImage\" \/><\/li>\n                <li style=\"display: none; width: 100%;\" class=\"slide-1318 ms-image\" aria-roledescription=\"slide\" data-date=\"2015-03-30 20:46:36\" data-filename=\"trans-21.jpg\" data-slide-type=\"image\"><img loading=\"lazy\" decoding=\"async\" src=\"https:\/\/szkolenia-udt.pl\/wp-content\/uploads\/2015\/03\/trans-21.jpg\" height=\"225\" width=\"300\" alt=\"\" class=\"slider-1315 slide-1318 msDefaultImage\" \/><\/li>\n                <li style=\"display: none; width: 100%;\" class=\"slide-1319 ms-image\" aria-roledescription=\"slide\" data-date=\"2015-03-30 20:46:38\" data-filename=\"trans-1.png\" data-slide-type=\"image\"><img loading=\"lazy\" decoding=\"async\" src=\"https:\/\/szkolenia-udt.pl\/wp-content\/uploads\/2015\/03\/trans-1.png\" height=\"225\" width=\"300\" alt=\"\" class=\"slider-1315 slide-1319 msDefaultImage\" \/><\/li>\n            <\/ul>\n        <\/div>\n        \n    <\/div>\n<\/div><\/div>\n<div class=\"wyjustuj\">\n<p>En <a href=\"https:\/\/szkolenia-udt.pl\/es\/o-firmie\/\">Centro de Formaci\u00f3n de Operadores<\/a> OSO, te ofrecemos formaci\u00f3n profesional para transportadores de contenedores y palets utilizados en aeropuertos. usando con <a href=\"https:\/\/szkolenia-udt.pl\/es\/oferta\/\">nuestra oferta<\/a> es una buena opci\u00f3n aprender de especialistas en su campo a precios atractivos Los transportadores son plataformas de carga que han sido dise\u00f1adas para que desde ellas se carguen y descarguen contenedores y tarimas. Son ampliamente utilizados en muchos aeropuertos de todo el mundo para dar servicio a la carga y otras aeronaves. Los dispositivos de transporte est\u00e1n dise\u00f1ados principalmente como elevadores de tijera m\u00f3viles o elevadores con dos plataformas, que corresponden a las dimensiones de la aeronave y facilitan el manejo de la carga: equipaje, env\u00edos en contenedores y tarimas.<\/p>\n<p>Durante las clases, los participantes reciben un amplio conocimiento de la teor\u00eda del manejo de los transportadores con \u00e9nfasis en temas de seguridad y salud ocupacional, adem\u00e1s de participar en clases<br \/>\npr\u00e1cticos que ense\u00f1an a utilizar los dispositivos. Las capacitaciones para aeropuertos que brindamos fueron creadas con la participaci\u00f3n de especialistas experimentados y competentes en su campo y sobre la base de las normas legales vigentes.<\/p>\n<p><a href=\"https:\/\/szkolenia-udt.pl\/es\/kontakt\/\">\u00a1Te invitamos a elegir nuestra oferta!<\/a><\/p>\n<\/div>","protected":false},"excerpt":{"rendered":"<p>Urz\u0105dzenia do za\u0142adunku kontener\u00f3w na statki powietrznych W O\u015brodku Szkolenia Operator\u00f3w OSO oferujemy Pa\u0144stwu profesjonalne szkolenia na transportery kontener\u00f3w i palet stosowane na portach lotniczych. Skorzystanie z naszej oferty to dobry wyb\u00f3r \u2013 nauka od specjalist\u00f3w w swojej dziedzinie w atrakcyjnych cenach.Transportery to platformy cargo, kt\u00f3re zosta\u0142y zaprojektowane tak, aby mo\u017cna by\u0142o za\u0142adowywa\u0107 i roz\u0142adowywa\u0107 [&hellip;]<\/p>\n","protected":false},"author":3,"featured_media":3420,"parent":1288,"menu_order":0,"comment_status":"closed","ping_status":"closed","template":"","meta":{"footnotes":""},"class_list":["post-1298","page","type-page","status-publish","has-post-thumbnail","hentry"],"aioseo_notices":[],"_links":{"self":[{"href":"https:\/\/szkolenia-udt.pl\/es\/wp-json\/wp\/v2\/pages\/1298","targetHints":{"allow":["GET"]}}],"collection":[{"href":"https:\/\/szkolenia-udt.pl\/es\/wp-json\/wp\/v2\/pages"}],"about":[{"href":"https:\/\/szkolenia-udt.pl\/es\/wp-json\/wp\/v2\/types\/page"}],"author":[{"embeddable":true,"href":"https:\/\/szkolenia-udt.pl\/es\/wp-json\/wp\/v2\/users\/3"}],"replies":[{"embeddable":true,"href":"https:\/\/szkolenia-udt.pl\/es\/wp-json\/wp\/v2\/comments?post=1298"}],"version-history":[{"count":10,"href":"https:\/\/szkolenia-udt.pl\/es\/wp-json\/wp\/v2\/pages\/1298\/revisions"}],"predecessor-version":[{"id":3421,"href":"https:\/\/szkolenia-udt.pl\/es\/wp-json\/wp\/v2\/pages\/1298\/revisions\/3421"}],"up":[{"embeddable":true,"href":"https:\/\/szkolenia-udt.pl\/es\/wp-json\/wp\/v2\/pages\/1288"}],"wp:featuredmedia":[{"embeddable":true,"href":"https:\/\/szkolenia-udt.pl\/es\/wp-json\/wp\/v2\/media\/3420"}],"wp:attachment":[{"href":"https:\/\/szkolenia-udt.pl\/es\/wp-json\/wp\/v2\/media?parent=1298"}],"curies":[{"name":"wp","href":"https:\/\/api.w.org\/{rel}","templated":true}]}}