{"id":1305,"date":"2015-03-30T19:50:34","date_gmt":"2015-03-30T19:50:34","guid":{"rendered":"http:\/\/szkolenia-udt.pl\/?page_id=1305"},"modified":"2022-10-21T15:42:55","modified_gmt":"2022-10-21T13:42:55","slug":"descongeladores","status":"publish","type":"page","link":"https:\/\/szkolenia-udt.pl\/es\/kursy\/lotnictwo\/odladzarki\/","title":{"rendered":"Cursos sobre descongeladores"},"content":{"rendered":"<div style=\"float: left; padding-right: 10px;\"><div id=\"metaslider-id-1321\" style=\"max-width: 300px;\" class=\"ml-slider-3-108-0 metaslider metaslider-flex metaslider-1321 ml-slider ms-theme-default nav-hidden\" role=\"region\" aria-label=\"Descongeladoras\" data-height=\"225\" data-width=\"300\">\n    <div id=\"metaslider_container_1321\">\n        <div id=\"metaslider_1321\">\n            <ul class='slides'>\n                <li style=\"display: block; width: 100%;\" class=\"slide-1375 ms-image\" aria-roledescription=\"slide\" data-date=\"2015-07-10 13:24:51\" data-filename=\"resodladzarki_spraying-on-wing-of-plane.jpg\" data-slide-type=\"image\"><img loading=\"lazy\" decoding=\"async\" src=\"https:\/\/szkolenia-udt.pl\/wp-content\/uploads\/2015\/07\/resodladzarki_spraying-on-wing-of-plane.jpg\" height=\"225\" width=\"300\" alt=\"\" class=\"slider-1321 slide-1375 msDefaultImage\" \/><\/li>\n                <li style=\"display: none; width: 100%;\" class=\"slide-1374 ms-image\" aria-roledescription=\"slide\" data-date=\"2015-07-10 13:24:50\" data-filename=\"resodladzarki_KLM-deicing.jpg\" data-slide-type=\"image\"><img loading=\"lazy\" decoding=\"async\" src=\"https:\/\/szkolenia-udt.pl\/wp-content\/uploads\/2015\/07\/resodladzarki_KLM-deicing.jpg\" height=\"225\" width=\"300\" alt=\"\" class=\"slider-1321 slide-1374 msDefaultImage\" \/><\/li>\n                <li style=\"display: none; width: 100%;\" class=\"slide-1372 ms-image\" aria-roledescription=\"slide\" data-date=\"2015-07-10 13:24:49\" data-filename=\"resodladzarki_8465882939_2d4d48b966_b.jpg\" data-slide-type=\"image\"><img loading=\"lazy\" decoding=\"async\" src=\"https:\/\/szkolenia-udt.pl\/wp-content\/uploads\/2015\/07\/resodladzarki_8465882939_2d4d48b966_b.jpg\" height=\"225\" width=\"300\" alt=\"\" class=\"slider-1321 slide-1372 msDefaultImage\" \/><\/li>\n                <li style=\"display: none; width: 100%;\" class=\"slide-1373 ms-image\" aria-roledescription=\"slide\" data-date=\"2015-07-10 13:24:49\" data-filename=\"resodladzarki_Delicing__3__23.jpg\" data-slide-type=\"image\"><img loading=\"lazy\" decoding=\"async\" src=\"https:\/\/szkolenia-udt.pl\/wp-content\/uploads\/2015\/07\/resodladzarki_Delicing__3__23.jpg\" height=\"225\" width=\"300\" alt=\"\" class=\"slider-1321 slide-1373 msDefaultImage\" \/><\/li>\n                <li style=\"display: none; width: 100%;\" class=\"slide-1371 ms-image\" aria-roledescription=\"slide\" data-date=\"2015-07-10 13:24:48\" data-filename=\"resodladzarki_101217-airplane-deicing-hmed-901a.jpg\" data-slide-type=\"image\"><img loading=\"lazy\" decoding=\"async\" src=\"https:\/\/szkolenia-udt.pl\/wp-content\/uploads\/2015\/07\/resodladzarki_101217-airplane-deicing-hmed-901a.jpg\" height=\"225\" width=\"300\" alt=\"\" class=\"slider-1321 slide-1371 msDefaultImage\" \/><\/li>\n                <li style=\"display: none; width: 100%;\" class=\"slide-1370 ms-image\" aria-roledescription=\"slide\" data-date=\"2015-07-10 13:24:46\" data-filename=\"resodladzarki_34t9vl0.jpg\" data-slide-type=\"image\"><img loading=\"lazy\" decoding=\"async\" src=\"https:\/\/szkolenia-udt.pl\/wp-content\/uploads\/2015\/07\/resodladzarki_34t9vl0.jpg\" height=\"225\" width=\"300\" alt=\"\" class=\"slider-1321 slide-1370 msDefaultImage\" \/><\/li>\n            <\/ul>\n        <\/div>\n        \n    <\/div>\n<\/div><\/div>\n<div class=\"wyjustuj\">\n<p><a href=\"https:\/\/szkolenia-udt.pl\/es\/o-firmie\/\">O\u015brodek Szkolenia Operator\u00f3w OSO<\/a> le invita a los cursos sobre m\u00e1quinas de deshielo que ofrecemos para las personas que quieran obtener la autorizaci\u00f3n correspondiente para operar aparatos de este tipo en los aeropuertos. Su prop\u00f3sito es eliminar la capa creada por el hielo congelado del plano de la aeronave y luego protegerlos contra la formaci\u00f3n de nueva formaci\u00f3n de hielo. El deshielo se realiza antes del despegue en las calles de rodaje asfaltadas. Consiste en verter la superficie del avi\u00f3n con una mezcla de glicol y agua a una temperatura adecuada por parte de un empleado en una cesta elevadora. Los operadores calificados son responsables de la operaci\u00f3n de los ascensores y deben tener los permisos apropiados para hacerlo.<\/p>\n<p>Durante los cursos, los participantes reciben un conocimiento integral de la teor\u00eda de funcionamiento de los dispositivos de deshielo, los principios de seguridad y salud en el trabajo, y tambi\u00e9n participan en clases pr\u00e1cticas.<\/p>\n<p>Disponible en nuestro Centro <a href=\"https:\/\/szkolenia-udt.pl\/es\/kursy\/lotnictwo\/\">formaci\u00f3n para el personal de aviaci\u00f3n<\/a> Los servicios de asistencia en tierra del aeropuerto se desarrollaron con la participaci\u00f3n de especialistas experimentados en su campo, as\u00ed como en base a las normas legales vigentes.<\/p>\n<p>Te invitamos a aprovechar <a href=\"https:\/\/szkolenia-udt.pl\/es\/oferta\/\">nuestra oferta<\/a>!<\/p>\n<\/div>","protected":false},"excerpt":{"rendered":"<p>O\u015brodek Szkolenia Operator\u00f3w OSO zaprasza na kursy na odladzarki oferowane przez nas dla os\u00f3b chc\u0105cych uzyska\u0107 odpowiednie uprawnienia do obs\u0142ugi urz\u0105dze\u0144 tego rodzaju na portach lotniczych.Odladzarki to urz\u0105dzenia przeznaczone do odladzania samolot\u00f3w. Ich celem jest usuwanie z powierzchni samolotu warstwy stworzonej przez przymarzni\u0119ty l\u00f3d, a nast\u0119pnie ich zabezpieczenie przed powstaniem kolejnego oblodzenia. Odladzanie jest prowadzone [&hellip;]<\/p>\n","protected":false},"author":3,"featured_media":3416,"parent":1288,"menu_order":0,"comment_status":"closed","ping_status":"closed","template":"","meta":{"footnotes":""},"class_list":["post-1305","page","type-page","status-publish","has-post-thumbnail","hentry"],"aioseo_notices":[],"_links":{"self":[{"href":"https:\/\/szkolenia-udt.pl\/es\/wp-json\/wp\/v2\/pages\/1305","targetHints":{"allow":["GET"]}}],"collection":[{"href":"https:\/\/szkolenia-udt.pl\/es\/wp-json\/wp\/v2\/pages"}],"about":[{"href":"https:\/\/szkolenia-udt.pl\/es\/wp-json\/wp\/v2\/types\/page"}],"author":[{"embeddable":true,"href":"https:\/\/szkolenia-udt.pl\/es\/wp-json\/wp\/v2\/users\/3"}],"replies":[{"embeddable":true,"href":"https:\/\/szkolenia-udt.pl\/es\/wp-json\/wp\/v2\/comments?post=1305"}],"version-history":[{"count":6,"href":"https:\/\/szkolenia-udt.pl\/es\/wp-json\/wp\/v2\/pages\/1305\/revisions"}],"predecessor-version":[{"id":3417,"href":"https:\/\/szkolenia-udt.pl\/es\/wp-json\/wp\/v2\/pages\/1305\/revisions\/3417"}],"up":[{"embeddable":true,"href":"https:\/\/szkolenia-udt.pl\/es\/wp-json\/wp\/v2\/pages\/1288"}],"wp:featuredmedia":[{"embeddable":true,"href":"https:\/\/szkolenia-udt.pl\/es\/wp-json\/wp\/v2\/media\/3416"}],"wp:attachment":[{"href":"https:\/\/szkolenia-udt.pl\/es\/wp-json\/wp\/v2\/media?parent=1305"}],"curies":[{"name":"wp","href":"https:\/\/api.w.org\/{rel}","templated":true}]}}