{"id":1558,"date":"2016-07-04T19:26:40","date_gmt":"2016-07-04T19:26:40","guid":{"rendered":"http:\/\/szkolenia-udt.pl\/?page_id=1558"},"modified":"2023-12-11T00:53:55","modified_gmt":"2023-12-10T23:53:55","slug":"acerca-de-la-empresa","status":"publish","type":"page","link":"https:\/\/szkolenia-udt.pl\/es\/o-firmie\/","title":{"rendered":"Sobre nosotros"},"content":{"rendered":"<div style=\"float: left; padding-right: 10px;\"><div id=\"metaslider-id-373\" style=\"max-width: 300px;\" class=\"ml-slider-3-108-0 metaslider metaslider-flex metaslider-373 ml-slider ms-theme-default nav-hidden\" role=\"region\" aria-label=\"Acerca de la empresa 2\" data-height=\"225\" data-width=\"300\">\n    <div id=\"metaslider_container_373\">\n        <div id=\"metaslider_373\">\n            <ul class='slides'>\n                <li style=\"display: block; width: 100%;\" class=\"slide-1109 ms-image\" aria-roledescription=\"slide\" data-date=\"2014-11-12 13:56:05\" data-filename=\"bizness3a.jpg\" data-slide-type=\"image\"><img loading=\"lazy\" decoding=\"async\" src=\"https:\/\/szkolenia-udt.pl\/wp-content\/uploads\/2014\/11\/bizness3a.jpg\" height=\"225\" width=\"300\" alt=\"capacitaci\u00f3n\" class=\"slider-373 slide-1109 msDefaultImage\" \/><\/li>\n                <li style=\"display: none; width: 100%;\" class=\"slide-1106 ms-image\" aria-roledescription=\"slide\" data-date=\"2014-11-12 13:56:03\" data-filename=\"biznes5a.jpg\" data-slide-type=\"image\"><img loading=\"lazy\" decoding=\"async\" src=\"https:\/\/szkolenia-udt.pl\/wp-content\/uploads\/2014\/11\/biznes5a.jpg\" height=\"225\" width=\"300\" alt=\"autoridad de inspecci\u00f3n t\u00e9cnica\" class=\"slider-373 slide-1106 msDefaultImage\" \/><\/li>\n                <li style=\"display: none; width: 100%;\" class=\"slide-1110 ms-image\" aria-roledescription=\"slide\" data-date=\"2014-11-12 14:04:12\" data-filename=\"meeting-2a.jpg\" data-slide-type=\"image\"><img loading=\"lazy\" decoding=\"async\" src=\"https:\/\/szkolenia-udt.pl\/wp-content\/uploads\/2014\/11\/meeting-2a.jpg\" height=\"225\" width=\"300\" alt=\"cursos de la udt\" class=\"slider-373 slide-1110 msDefaultImage\" \/><\/li>\n                <li style=\"display: none; width: 100%;\" class=\"slide-1199 ms-image\" aria-roledescription=\"slide\" data-date=\"2014-11-17 21:17:06\" data-filename=\"firma-5a.jpg\" data-slide-type=\"image\"><img loading=\"lazy\" decoding=\"async\" src=\"https:\/\/szkolenia-udt.pl\/wp-content\/uploads\/2014\/11\/firma-5a.jpg\" height=\"225\" width=\"300\" alt=\"montacargas varsovia montacargas\" class=\"slider-373 slide-1199 msDefaultImage\" \/><\/li>\n                <li style=\"display: none; width: 100%;\" class=\"slide-1196 ms-image\" aria-roledescription=\"slide\" data-date=\"2014-11-17 21:17:04\" data-filename=\"Firma-2a.jpg\" data-slide-type=\"image\"><img loading=\"lazy\" decoding=\"async\" src=\"https:\/\/szkolenia-udt.pl\/wp-content\/uploads\/2014\/11\/Firma-2a.jpg\" height=\"225\" width=\"300\" alt=\"\" class=\"slider-373 slide-1196 msDefaultImage\" \/><\/li>\n            <\/ul>\n        <\/div>\n        \n    <\/div>\n<\/div><\/div>\n<div class=\"wyjustuj\">\n<p>El Centro de Capacitaci\u00f3n de Operadores de OSO ha estado operando por m\u00e1s de 15 a\u00f1os, pero nuestra experiencia se remonta a m\u00e1s de 20 a\u00f1os. Ofrecemos servicios integrales de formaci\u00f3n para diversos colectivos profesionales. Nuestra oferta incluye, entre otros <a href=\"https:\/\/szkolenia-udt.pl\/es\/kursy\/szkolenie-audytorskie-udt\/\">formaci\u00f3n UDT<\/a>, <a href=\"https:\/\/szkolenia-udt.pl\/es\/kursy\/sep-g1-g2-g3\/g1\/\">G1<\/a>, <a href=\"https:\/\/szkolenia-udt.pl\/es\/kursy\/sep-g1-g2-g3\/g2\/\">G2<\/a>, <a href=\"https:\/\/szkolenia-udt.pl\/es\/kursy\/sep-g1-g2-g3\/g3\/\">G3<\/a>, HDS, tambi\u00e9n formaci\u00f3n en seguridad y salud, formaci\u00f3n en protecci\u00f3n contra incendios y primeros auxilios. Adem\u00e1s, nuestra especialidad son los servicios de seguridad y salud en el trabajo y protecci\u00f3n contra incendios para empresas.<\/p>\n<p>Nuestro principal objetivo es brindar a nuestros clientes servicios de capacitaci\u00f3n al m\u00e1s alto nivel. Nuestro Centro est\u00e1 conformado por instructores con muchos a\u00f1os de pr\u00e1ctica, metod\u00f3logos calificados y otras personas que se preocupan por la calidad de la educaci\u00f3n y la satisfacci\u00f3n de los participantes en todos nuestros Centros. Seg\u00fan nuestras encuestas, hasta 98% participantes de nuestros cursos definitivamente los recomendar\u00edan a otras personas.<\/p>\n<p>Trabajamos con instituciones como la Oficina de Inspecci\u00f3n T\u00e9cnica y la Asociaci\u00f3n de Ingenieros El\u00e9ctricos Polacos. Junto con sus expertos, preparamos planes de estudios y realizamos ex\u00e1menes de calificaci\u00f3n. Queremos ense\u00f1ar a un alto nivel, por lo que tambi\u00e9n cuidamos el equipamiento de nuestras salas de formaci\u00f3n, modernas instalaciones y ponemos \u00e9nfasis en la pr\u00e1ctica: tanto nuestras clases te\u00f3ricas como los ejercicios se llevan a cabo utilizando m\u00e9todos de activaci\u00f3n.<\/p>\n<h2 class=\"boldnagl\"><strong>\u00bfPor qu\u00e9 SPA?<\/strong><\/h2>\n<p>Tenemos muchos a\u00f1os de experiencia y colaboramos con los mejores instructores de todo el pa\u00eds. Durante las clases, utilizamos m\u00e9todos de ense\u00f1anza innovadores y activadores. Los programas de nuestras clases se basan en las normas m\u00e1s recientes, incluida la Oficina de Inspecci\u00f3n T\u00e9cnica, la Asociaci\u00f3n de Ingenieros El\u00e9ctricos Polacos y otras instituciones de la industria. Entrenamos de manera efectiva: nos distinguimos por la tasa m\u00e1xima de aprobaci\u00f3n de los ex\u00e1menes. Tambi\u00e9n ofrecemos precios asequibles.<\/p>\n<h2 class=\"boldnagl\"><strong>\u00bfD\u00f3nde estamos entrenando?<\/strong><\/h2>\n<p>Realizamos nuestras capacitaciones principalmente en la ciudad de Varsovia, donde se encuentra nuestra sucursal principal, pero tambi\u00e9n estamos disponibles en otros lugares de Polonia. Entrenamos en ciudades como: Cracovia, \u0141\u00f3d\u017a, Wroc\u0142aw, Pozna\u0144, Gda\u0144sk, Gdynia, Szczecin, Bydgoszcz, Lublin, Katowice, Bielsko-Bia\u0142a. Adem\u00e1s, realizamos capacitaciones cerradas, que se realizan en un lugar previamente acordado con el cliente.<\/p>\n<p>Nuestra oficina central se encuentra en la ciudad de Varsovia; es aqu\u00ed donde las habitaciones amuebladas profesionalmente esperan a los participantes de las clases. Tambi\u00e9n lo invitamos a nuestras sucursales ubicadas en las ciudades de Cracovia, Katowice y Bielsko-Bia\u0142a.<\/p>\n<div style=\"float: left; padding-right: 10px;\"><div id=\"metaslider-id-372\" style=\"max-width: 300px;\" class=\"ml-slider-3-108-0 metaslider metaslider-flex metaslider-372 ml-slider ms-theme-default nav-hidden nav-hidden\" role=\"region\" aria-label=\"acerca de la empresa\" data-height=\"225\" data-width=\"300\">\n    <div id=\"metaslider_container_372\">\n        <div id=\"metaslider_372\">\n            <ul class='slides'>\n                <li style=\"display: block; width: 100%;\" class=\"slide-1108 ms-image\" aria-roledescription=\"slide\" data-date=\"2014-11-12 13:56:05\" data-filename=\"bizness2a.jpg\" data-slide-type=\"image\"><img loading=\"lazy\" decoding=\"async\" src=\"https:\/\/szkolenia-udt.pl\/wp-content\/uploads\/2014\/11\/bizness2a.jpg\" height=\"225\" width=\"300\" alt=\"cursos varsovia udt\" class=\"slider-372 slide-1108 msDefaultImage\" \/><\/li>\n                <li style=\"display: none; width: 100%;\" class=\"slide-1111 ms-image\" aria-roledescription=\"slide\" data-date=\"2014-11-12 14:04:13\" data-filename=\"meeting2.jpg\" data-slide-type=\"image\"><img loading=\"lazy\" decoding=\"async\" src=\"https:\/\/szkolenia-udt.pl\/wp-content\/uploads\/2014\/11\/meeting2.jpg\" height=\"225\" width=\"300\" alt=\"oso varsovia\" class=\"slider-372 slide-1111 msDefaultImage\" \/><\/li>\n                <li style=\"display: none; width: 100%;\" class=\"slide-1198 ms-image\" aria-roledescription=\"slide\" data-date=\"2014-11-17 21:17:05\" data-filename=\"firma-4a.jpg\" data-slide-type=\"image\"><img loading=\"lazy\" decoding=\"async\" src=\"https:\/\/szkolenia-udt.pl\/wp-content\/uploads\/2014\/11\/firma-4a.jpg\" height=\"225\" width=\"300\" alt=\"capacitaci\u00f3n\" class=\"slider-372 slide-1198 msDefaultImage\" \/><\/li>\n                <li style=\"display: none; width: 100%;\" class=\"slide-1197 ms-image\" aria-roledescription=\"slide\" data-date=\"2014-11-17 21:17:05\" data-filename=\"firma-3a.jpg\" data-slide-type=\"image\"><img loading=\"lazy\" decoding=\"async\" src=\"https:\/\/szkolenia-udt.pl\/wp-content\/uploads\/2014\/11\/firma-3a.jpg\" height=\"225\" width=\"300\" alt=\"operadores de montacargas\" class=\"slider-372 slide-1197 msDefaultImage\" \/><\/li>\n                <li style=\"display: none; width: 100%;\" class=\"slide-1195 ms-image\" aria-roledescription=\"slide\" data-date=\"2014-11-17 21:17:03\" data-filename=\"firma-1a.jpg\" data-slide-type=\"image\"><img loading=\"lazy\" decoding=\"async\" src=\"https:\/\/szkolenia-udt.pl\/wp-content\/uploads\/2014\/11\/firma-1a.jpg\" height=\"225\" width=\"300\" alt=\"\" class=\"slider-372 slide-1195 msDefaultImage\" \/><\/li>\n            <\/ul>\n        <\/div>\n        \n    <\/div>\n<\/div><\/div>\n<div class=\"wyjustuj\">\n<p>Estamos enfocados en las necesidades de nuestros clientes, as\u00ed que si necesitas ayuda profesional en la formaci\u00f3n de los empleados de tu empresa o simplemente quieres mejorar tu posici\u00f3n en el mercado laboral, consulta ahora nuestra oferta, elige una fecha conveniente e inscr\u00edbete t\u00fa o tus empleados en las clases. . Si tiene alguna pregunta, siempre estamos disponibles, solo llame, escriba un correo electr\u00f3nico o visite una de nuestras sucursales.Nuestro Centro de Capacitaci\u00f3n de Operadores de OSO es una instituci\u00f3n educativa no p\u00fablica que realiza actividades de capacitaci\u00f3n en los registros de escuelas y no instituciones p\u00fablicas de la ciudad de Varsovia.<\/p>\n<p>Si tiene alguna pregunta sobre nuestros servicios, siempre estamos disponibles; cont\u00e1ctenos. \u00a1Lo invitamos a familiarizarse con nuestra oferta de capacitaci\u00f3n completa presentada en el sitio web y lo alentamos a elegir nuestros servicios!<\/p>\n<p>\u00a1Le invitamos cordialmente a elegir nuestros servicios!<br \/>\nEquipo del Centro de Formaci\u00f3n de Operadores de SPA<\/p>\n<\/div>\n<\/div>","protected":false},"excerpt":{"rendered":"<p>O\u015brodek Szkolenia Operator\u00f3w OSO dzia\u0142a od ponad 15 lat, ale nasze do\u015bwiadczenie si\u0119ga ponad 20 lat wstecz. Zajmujemy si\u0119 \u015bwiadczeniem kompleksowych us\u0142ug szkoleniowych dla r\u00f3\u017cnych grup zawodowych. W naszej ofercie znajduj\u0105 si\u0119 mi\u0119dzy innymi szkolenia UDT, G1, G2, G3, HDS, tak\u017ce szkolenia BHP, PPO\u017b oraz pierwszej pomocy przedmedycznej. Dodatkowo nasz\u0105 specjalno\u015bci\u0105 s\u0105 us\u0142ugi BHP i [&hellip;]<\/p>\n","protected":false},"author":3,"featured_media":0,"parent":0,"menu_order":0,"comment_status":"closed","ping_status":"closed","template":"","meta":{"footnotes":""},"class_list":["post-1558","page","type-page","status-publish","hentry"],"aioseo_notices":[],"_links":{"self":[{"href":"https:\/\/szkolenia-udt.pl\/es\/wp-json\/wp\/v2\/pages\/1558","targetHints":{"allow":["GET"]}}],"collection":[{"href":"https:\/\/szkolenia-udt.pl\/es\/wp-json\/wp\/v2\/pages"}],"about":[{"href":"https:\/\/szkolenia-udt.pl\/es\/wp-json\/wp\/v2\/types\/page"}],"author":[{"embeddable":true,"href":"https:\/\/szkolenia-udt.pl\/es\/wp-json\/wp\/v2\/users\/3"}],"replies":[{"embeddable":true,"href":"https:\/\/szkolenia-udt.pl\/es\/wp-json\/wp\/v2\/comments?post=1558"}],"version-history":[{"count":5,"href":"https:\/\/szkolenia-udt.pl\/es\/wp-json\/wp\/v2\/pages\/1558\/revisions"}],"predecessor-version":[{"id":2901,"href":"https:\/\/szkolenia-udt.pl\/es\/wp-json\/wp\/v2\/pages\/1558\/revisions\/2901"}],"wp:attachment":[{"href":"https:\/\/szkolenia-udt.pl\/es\/wp-json\/wp\/v2\/media?parent=1558"}],"curies":[{"name":"wp","href":"https:\/\/api.w.org\/{rel}","templated":true}]}}