{"id":1841,"date":"2016-10-11T20:42:45","date_gmt":"2016-10-11T20:42:45","guid":{"rendered":"http:\/\/szkolenia-udt.pl\/?page_id=1841"},"modified":"2021-07-19T21:57:05","modified_gmt":"2021-07-19T21:57:05","slug":"compresores","status":"publish","type":"page","link":"https:\/\/szkolenia-udt.pl\/es\/kursy\/sprezarki\/","title":{"rendered":"Compresores"},"content":{"rendered":"<h2 class=\"boldnagl\">ENTRENAMIENTO DE COMPRESOR<\/h2>\n<p>Le animamos a que se inscriba en la formaci\u00f3n profesional en compresores. Nuestro <a href=\"https:\/\/szkolenia-udt.pl\/es\/o-firmie\/\">centro<\/a> es una combinaci\u00f3n de la m\u00e1s alta calidad de servicio y educaci\u00f3n especializada, gracias a la cual puede obtener las calificaciones profesionales deseadas.<\/p>\n<h3 class=\"boldnagl\">OBJETIVO DE ENTRENAMIENTO<\/h3>\n<p>Como parte del proceso de educaci\u00f3n vocacional, brindamos clases profesionales donde cada participante puede aprender a usar los siguientes dispositivos:<\/p>\n<ul>\n<li>compresores,<\/li>\n<li>compresores,<\/li>\n<li>tontos,<\/li>\n<li>sopladores,<\/li>\n<li>instalaciones de aire comprimido.<\/li>\n<\/ul>\n<p>Brindamos capacitaci\u00f3n pr\u00e1ctica y te\u00f3rica, donde puede adquirir habilidades relacionadas con la operaci\u00f3n y supervisi\u00f3n de dispositivos.<br \/>\nAl final del curso, cada participante tiene la oportunidad de tomar un examen vocacional ante el comit\u00e9 de calificaci\u00f3n. El certificado obtenido tiene una validez de 5 a\u00f1os, despu\u00e9s de los cuales debe renovar sus calificaciones.<\/p>\n<h3 class=\"boldnagl\">PARTICIPANTES<\/h3>\n<p>Cualquier persona mayor de 18 a\u00f1os y que tenga al menos educaci\u00f3n primaria puede participar en las clases.<\/p>\n<h3 class=\"boldnagl\">VENTAJAS DE LA FORMACI\u00d3N PROFESIONAL<\/h3>\n<p>Durante el curso, cada participante podr\u00e1 conocer las normas legales m\u00e1s importantes que regulan en detalle los principios de funcionamiento de los aparatos e instalaciones, as\u00ed como la divisi\u00f3n de compresores y sus tipos individuales. Tambi\u00e9n es el conocimiento y las habilidades de los dispositivos operativos en la fase de arranque y parada, as\u00ed como el conocimiento de su construcci\u00f3n y principios de operaci\u00f3n. Como parte de las clases, tambi\u00e9n hay lecciones sobre salud y seguridad y protecci\u00f3n contra incendios.<br \/>\nTe animamos a que te registres <a href=\"https:\/\/szkolenia-udt.pl\/es\/kursy\/\">nuestros entrenamientos<\/a> para compresores y para <a href=\"https:\/\/szkolenia-udt.pl\/es\/kontakt\/\">contacto por tel\u00e9fono o correo electr\u00f3nico<\/a>.<\/p>","protected":false},"excerpt":{"rendered":"<p>SZKOLENIA NA SPR\u0118\u017bARKI Zach\u0119camy do zapisania si\u0119 na profesjonalne szkolenie obs\u0142ugi spr\u0119\u017carek. Nasz o\u015brodek to po\u0142\u0105czenie najwy\u017cszej jako\u015bci obs\u0142ugi oraz specjalistyczna edukacja, dzi\u0119ki kt\u00f3rej mo\u017cna zyska\u0107 upragnione uprawnienia zawodowe. CEL SZKOLENIA W ramach procesu edukacji zawodowej zapewniamy profesjonalne zaj\u0119cia, na kt\u00f3rych ka\u017cdy uczestnik mo\u017ce si\u0119 nauczy\u0107 obs\u0142ugiwa\u0107 nast\u0119puj\u0105ce urz\u0105dzenia: spr\u0119\u017carki, kompresory, ssawy, dmuchawy, instalacje spr\u0119\u017conego [&hellip;]<\/p>\n","protected":false},"author":3,"featured_media":0,"parent":22,"menu_order":0,"comment_status":"closed","ping_status":"closed","template":"","meta":{"footnotes":""},"class_list":["post-1841","page","type-page","status-publish","hentry"],"aioseo_notices":[],"_links":{"self":[{"href":"https:\/\/szkolenia-udt.pl\/es\/wp-json\/wp\/v2\/pages\/1841","targetHints":{"allow":["GET"]}}],"collection":[{"href":"https:\/\/szkolenia-udt.pl\/es\/wp-json\/wp\/v2\/pages"}],"about":[{"href":"https:\/\/szkolenia-udt.pl\/es\/wp-json\/wp\/v2\/types\/page"}],"author":[{"embeddable":true,"href":"https:\/\/szkolenia-udt.pl\/es\/wp-json\/wp\/v2\/users\/3"}],"replies":[{"embeddable":true,"href":"https:\/\/szkolenia-udt.pl\/es\/wp-json\/wp\/v2\/comments?post=1841"}],"version-history":[{"count":6,"href":"https:\/\/szkolenia-udt.pl\/es\/wp-json\/wp\/v2\/pages\/1841\/revisions"}],"predecessor-version":[{"id":2379,"href":"https:\/\/szkolenia-udt.pl\/es\/wp-json\/wp\/v2\/pages\/1841\/revisions\/2379"}],"up":[{"embeddable":true,"href":"https:\/\/szkolenia-udt.pl\/es\/wp-json\/wp\/v2\/pages\/22"}],"wp:attachment":[{"href":"https:\/\/szkolenia-udt.pl\/es\/wp-json\/wp\/v2\/media?parent=1841"}],"curies":[{"name":"wp","href":"https:\/\/api.w.org\/{rel}","templated":true}]}}