{"id":1853,"date":"2017-06-15T17:03:26","date_gmt":"2017-06-15T17:03:26","guid":{"rendered":"http:\/\/szkolenia-udt.pl\/?page_id=1853"},"modified":"2026-03-04T12:10:29","modified_gmt":"2026-03-04T11:10:29","slug":"soldadura-por-fibra-optica","status":"publish","type":"page","link":"https:\/\/szkolenia-udt.pl\/es\/kursy\/spawanie-swiatlowodow\/","title":{"rendered":"Soldadura de fibras \u00f3pticas"},"content":{"rendered":"<h2>curso de soldadura por fibra optica<\/h2>\n<div class=\"wyjustuj\">\n<p><a href=\"https:\/\/szkolenia-udt.pl\/wp-content\/uploads\/2021\/07\/Projekt-bez-tytulu-34.jpg\"><img loading=\"lazy\" decoding=\"async\" class=\"wp-image-2386 size-medium alignleft\" src=\"https:\/\/szkolenia-udt.pl\/wp-content\/uploads\/2021\/07\/Projekt-bez-tytulu-34-300x251.jpg\" alt=\"\" width=\"300\" height=\"251\" srcset=\"https:\/\/szkolenia-udt.pl\/wp-content\/uploads\/2021\/07\/Projekt-bez-tytulu-34-300x251.jpg 300w, https:\/\/szkolenia-udt.pl\/wp-content\/uploads\/2021\/07\/Projekt-bez-tytulu-34-768x644.jpg 768w, https:\/\/szkolenia-udt.pl\/wp-content\/uploads\/2021\/07\/Projekt-bez-tytulu-34.jpg 940w\" sizes=\"auto, (max-width: 300px) 100vw, 300px\" \/><\/a>Le invitamos cordialmente a inscribirse en un curso de soldadura por fibra \u00f3ptica en nuestro Centro de formaci\u00f3n de operadores. Somos una empresa de formaci\u00f3n con muchos a\u00f1os de experiencia que ofrece a sus clientes servicios profesionales a precios asequibles.<\/p>\n<p>Trabajos como la soldadura de fibra \u00f3ptica requieren una formaci\u00f3n te\u00f3rica y pr\u00e1ctica adecuada. Hoy en d\u00eda, con el tendido cada vez m\u00e1s frecuente de cables de fibra \u00f3ptica, saber manejar una m\u00e1quina de soldadura de fibra \u00f3ptica es muy \u00fatil para encontrar empleo.<\/p>\n<h3><strong>Prop\u00f3sito de la capacitaci\u00f3n<\/strong><\/h3>\n<p>Para las personas que quieren iniciarse en la soldadura de fibras \u00f3pticas, un curso en este campo es la mejor opci\u00f3n. Las capacitaciones se refieren a la teor\u00eda y la pr\u00e1ctica de operar un dispositivo como un soldador de fibra \u00f3ptica y realizar empalmes. Con \u00e9l, puede aprender c\u00f3mo funciona una soldadora de fibra \u00f3ptica, c\u00f3mo operarla y c\u00f3mo preparar y terminar los cables de fibra \u00f3ptica.<\/p>\n<h3><strong>El tema de la formaci\u00f3n es principalmente:<\/strong><\/h3>\n<ul>\n<li>tipos de fibras opticas y sus parametros<\/li>\n<li>conectores de fibra optica y sus tipos y aplicacion<\/li>\n<li>preparaci\u00f3n de cables de fibra \u00f3ptica y accesorios para soldadura<\/li>\n<li>soporte para un empalmador de fibra \u00f3ptica<\/li>\n<li>soldadura de fibras opticas<\/li>\n<li>medidas de control<\/li>\n<li>normas de salud y seguridad durante el trabajo<\/li>\n<\/ul>\n<div style=\"width: 640px;\" class=\"wp-video\"><video id=\"video-1853-1\" width=\"640\" height=\"360\" poster=\"https:\/\/szkolenia-udt.pl\/wp-content\/uploads\/2023\/03\/okladka-spawacz-swiatlowodow-OSO.jpg\" preload=\"metadata\" controls=\"controls\"><source type=\"video\/mp4\" src=\"https:\/\/szkolenia-udt.pl\/wp-content\/uploads\/2023\/03\/spawacz-swiatlowodow-SZKOLENIA-UDT.PL-OSO.mp4?_=1\" \/><a href=\"https:\/\/szkolenia-udt.pl\/wp-content\/uploads\/2023\/03\/spawacz-swiatlowodow-SZKOLENIA-UDT.PL-OSO.mp4\">https:\/\/szkolenia-udt.pl\/wp-content\/uploads\/2023\/03\/spawacz-swiatlowodow-SZKOLENIA-UDT.PL-OSO.mp4<\/a><\/video><\/div>\n<p>\u00a0<\/p>\n<\/div>\n\n\n<h2 class=\"wp-block-heading\"><strong>Derechos<\/strong><\/h2>\n\n\n\n<p>Despu\u00e9s de la capacitaci\u00f3n, puede obtener calificaciones de soldadura confirmadas por un certificado apropiado.<\/p>\n\n\n\n<h2 class=\"wp-block-heading\"><strong>Precio<\/strong><\/h2>\n\n\n\n<p>Si est\u00e1 interesado en un curso de soldadura de fibra \u00f3ptica, el precio en nuestro Centro es muy atractivo. Tambi\u00e9n ofrecemos atractivos descuentos para grupos grandes. Para conocer los precios, consulte la lista de precios o p\u00f3ngase en contacto con nosotros.<\/p>\n\n\n\n<h2 class=\"wp-block-heading\"><strong>\u00bfD\u00f3nde operamos?<\/strong><\/h2>\n\n\n\n<p>Te invitamos a unirte a nuestros cursos de soldadura a nuestros centros que operan en todo el pa\u00eds. Tambi\u00e9n podemos llegar a clientes de todo el pa\u00eds para organizar cursos de formaci\u00f3n cerrados.<\/p>\n\n\n\n<p>Si tiene alguna pregunta adicional, no dude en ponerse en contacto con nosotros. Nuestros empleados les responder\u00e1n exhaustivamente.<\/p>\n\n\n\n<h2 class=\"wp-block-heading\">Certificados internacionales<\/h2>\n\n\n\n<p>El curso de soldadura de fibra \u00f3ptica CFOS\/S forma parte de un itinerario de certificaci\u00f3n internacional para adquirir conocimientos pr\u00e1cticos y un prestigioso certificado en el sector de la fibra \u00f3ptica.<\/p>\n\n\n\n<h3 class=\"wp-block-heading\">CFOT - T\u00e9cnico certificado en fibra \u00f3ptica<\/h3>\n\n\n\n<p>Certificado b\u00e1sico para t\u00e9cnicos en fibra \u00f3ptica: instalaci\u00f3n, soldadura b\u00e1sica y medici\u00f3n.<\/p>\n\n\n\n<h3 class=\"wp-block-heading\">CFOS\/O - Planta exterior<\/h3>\n\n\n\n<p>Especializada en la construcci\u00f3n y el mantenimiento de redes exteriores en el suelo, alcantarillas y sobre postes.<\/p>\n\n\n\n<h3 class=\"wp-block-heading\">CFOS\/S - Empalme<\/h3>\n\n\n\n<p>Pr\u00e1cticas de soldadura con fibra, preparaci\u00f3n y protecci\u00f3n de juntas, control de calidad de las soldaduras.<\/p>\n\n\n\n<h3 class=\"wp-block-heading\">CFOS\/T - Pruebas<\/h3>\n\n\n\n<p>Medici\u00f3n y diagn\u00f3stico de redes de fibra \u00f3ptica, funcionamiento de OTDR e informe de resultados.<\/p>","protected":false},"excerpt":{"rendered":"<p>Kurs spawania \u015bwiat\u0142owod\u00f3w Zapraszamy serdecznie na kurs spawacza \u015bwiat\u0142owod\u00f3w do OSO!Zapraszamy do zapisania si\u0119 na kurs spawania \u015bwiat\u0142owod\u00f3w w naszym O\u015brodku Szkolenia Operator\u00f3w. Jeste\u015bmy firm\u0105 szkoleniow\u0105 z wieloletnim do\u015bwiadczeniem, kt\u00f3ra zapewnia swoim klientom profesjonalne us\u0142ugi w przyst\u0119pnych cenach! Prace takie jak spawanie \u015bwiat\u0142owod\u00f3w wymaga odpowiedniego przygotowania teoretycznego i praktycznego. Obecnie, gdy kable \u015bwiat\u0142owodowe k\u0142adzione s\u0105 [&hellip;]<\/p>\n","protected":false},"author":3,"featured_media":2386,"parent":22,"menu_order":0,"comment_status":"closed","ping_status":"closed","template":"","meta":{"footnotes":""},"class_list":["post-1853","page","type-page","status-publish","has-post-thumbnail","hentry"],"aioseo_notices":[],"_links":{"self":[{"href":"https:\/\/szkolenia-udt.pl\/es\/wp-json\/wp\/v2\/pages\/1853","targetHints":{"allow":["GET"]}}],"collection":[{"href":"https:\/\/szkolenia-udt.pl\/es\/wp-json\/wp\/v2\/pages"}],"about":[{"href":"https:\/\/szkolenia-udt.pl\/es\/wp-json\/wp\/v2\/types\/page"}],"author":[{"embeddable":true,"href":"https:\/\/szkolenia-udt.pl\/es\/wp-json\/wp\/v2\/users\/3"}],"replies":[{"embeddable":true,"href":"https:\/\/szkolenia-udt.pl\/es\/wp-json\/wp\/v2\/comments?post=1853"}],"version-history":[{"count":10,"href":"https:\/\/szkolenia-udt.pl\/es\/wp-json\/wp\/v2\/pages\/1853\/revisions"}],"predecessor-version":[{"id":5792,"href":"https:\/\/szkolenia-udt.pl\/es\/wp-json\/wp\/v2\/pages\/1853\/revisions\/5792"}],"up":[{"embeddable":true,"href":"https:\/\/szkolenia-udt.pl\/es\/wp-json\/wp\/v2\/pages\/22"}],"wp:featuredmedia":[{"embeddable":true,"href":"https:\/\/szkolenia-udt.pl\/es\/wp-json\/wp\/v2\/media\/2386"}],"wp:attachment":[{"href":"https:\/\/szkolenia-udt.pl\/es\/wp-json\/wp\/v2\/media?parent=1853"}],"curies":[{"name":"wp","href":"https:\/\/api.w.org\/{rel}","templated":true}]}}