{"id":1874,"date":"2017-10-02T23:22:55","date_gmt":"2017-10-02T23:22:55","guid":{"rendered":"http:\/\/szkolenia-udt.pl\/?page_id=1874"},"modified":"2023-03-13T16:11:09","modified_gmt":"2023-03-13T15:11:09","slug":"trabajo-en-altura","status":"publish","type":"page","link":"https:\/\/szkolenia-udt.pl\/es\/kursy\/prace-wysokosciowe\/","title":{"rendered":"trabajo en alturas"},"content":{"rendered":"<h2 class=\"\"><img loading=\"lazy\" decoding=\"async\" class=\"size-medium wp-image-2578 alignleft\" src=\"https:\/\/szkolenia-udt.pl\/wp-content\/uploads\/2021\/11\/pracawysok-300x200.jpg\" alt=\"\" width=\"300\" height=\"200\" srcset=\"https:\/\/szkolenia-udt.pl\/wp-content\/uploads\/2021\/11\/pracawysok-300x200.jpg 300w, https:\/\/szkolenia-udt.pl\/wp-content\/uploads\/2021\/11\/pracawysok-1024x681.jpg 1024w, https:\/\/szkolenia-udt.pl\/wp-content\/uploads\/2021\/11\/pracawysok-768x511.jpg 768w, https:\/\/szkolenia-udt.pl\/wp-content\/uploads\/2021\/11\/pracawysok-1536x1022.jpg 1536w, https:\/\/szkolenia-udt.pl\/wp-content\/uploads\/2021\/11\/pracawysok.jpg 1551w\" sizes=\"auto, (max-width: 300px) 100vw, 300px\" \/>Un curso para trabajos de monta\u00f1ismo - en alturas<\/h2>\n<div class=\"wyjustuj\">\n<p>\u00a1Participe en un curso de monta\u00f1ismo - trabajos en altura en el Centro de Formaci\u00f3n de Operarios! Nuestro Centro imparte un curso de trabajos en altura destinado a las personas que desean realizar trabajos en altura, para los que se necesita la titulaci\u00f3n de altura adecuada. Al obtener el certificado de trabajo en altura, podr\u00e1 acceder a un puesto de trabajo como alpinista industrial.<\/p>\n<h3 class=\"boldnagl\"><strong>Realizamos cursos de altura en dos categor\u00edas:<\/strong><\/h3>\n<ul>\n<li>acceso por cuerdas: permite el uso de cuerdas de seguridad, as\u00ed como la entrada y salida del lugar de trabajo, incluso en travesa\u00f1os<\/li>\n<li>acceso a la construcci\u00f3n: le permite trabajar de forma segura en andamios, escaleras, plataformas y otros elementos de la estructura cuando necesita subir para llegar al lugar de trabajo<\/li>\n<\/ul>\n<p>Participando en nuestra formaci\u00f3n es posible obtener autorizaciones para realizar trabajos como la tala de \u00e1rboles en altura, la poda de \u00e1rboles, la reparaci\u00f3n de tejados, la pintura de tejados, la limpieza de ventanas en altura, la retirada de nieve de los tejados, los trabajos de instalaci\u00f3n, por ejemplo la instalaci\u00f3n de publicidad y otros trabajos. <a href=\"https:\/\/szkolenia-udt.pl\/es\/kursy\/prace-wysokosciowe\/ochrona-przed-upadkiem\/\">trabajo en alturas<\/a>.<\/p>\n<h3 class=\"boldnagl\"><strong>Durante las clases, los participantes reciben informaci\u00f3n en el siguiente \u00e1mbito:<\/strong><\/h3>\n<ul>\n<li>requisitos de salud y seguridad y requisitos legales para trabajos en altura<\/li>\n<li>caracteristicas del trabajo en altura<\/li>\n<li>Peligros que ocurren durante la realizaci\u00f3n de trabajos de monta\u00f1ismo.<\/li>\n<li>reglas para la selecci\u00f3n, uso y control del equipo<\/li>\n<li>principios de protecci\u00f3n individual y colectiva<\/li>\n<li>Habilidades pr\u00e1cticas para trabajar en altura.<\/li>\n<li>tecnicas de rescate<\/li>\n<\/ul>\n<p>Despu\u00e9s de completar los estudios, los participantes reciben un certificado apropiado que les da derecho a trabajar en altura por un per\u00edodo de 3 a\u00f1os. Pasado este tiempo, es necesario realizar un curso de actualizaci\u00f3n.<\/p>\n<div class=\"filmw\">\n<div class=\"responsive-youtube\"><iframe loading=\"lazy\" title=\"Reproductor de v\u00eddeo de YouTube\" src=\"https:\/\/www.youtube.com\/embed\/QcT4h2Z50M0\" width=\"560\" height=\"315\" frameborder=\"0\" allowfullscreen=\"allowfullscreen\"><\/iframe><\/div>\n<\/div>\n<h2 class=\"boldnagl\"><strong>Requisitos<\/strong><\/h2>\n<p>Para inscribirte en un curso de altura, debes cumplir con los siguientes requisitos:<\/p>\n<ul>\n<li>18 a\u00f1os de edad o m\u00e1s<\/li>\n<li>al menos educaci\u00f3n primaria<\/li>\n<li>sin contraindicaciones para trabajar en el puesto<\/li>\n<\/ul>\n<div style=\"width: 640px;\" class=\"wp-video\"><video id=\"video-1874-1\" width=\"640\" height=\"360\" poster=\"https:\/\/szkolenia-udt.pl\/wp-content\/uploads\/2023\/03\/okladka-alpinista-OSO.jpg\" preload=\"metadata\" controls=\"controls\"><source type=\"video\/mp4\" src=\"https:\/\/szkolenia-udt.pl\/wp-content\/uploads\/2023\/03\/wspinacz-SZKOLENIA-UDT.PL-OSO.mp4?_=1\" \/><a href=\"https:\/\/szkolenia-udt.pl\/wp-content\/uploads\/2023\/03\/wspinacz-SZKOLENIA-UDT.PL-OSO.mp4\">https:\/\/szkolenia-udt.pl\/wp-content\/uploads\/2023\/03\/wspinacz-SZKOLENIA-UDT.PL-OSO.mp4<\/a><\/video><\/div>\n<h2 class=\"boldnagl\"><strong>Precio<\/strong><\/h2>\n<p>Precio por <a href=\"https:\/\/szkolenia-udt.pl\/es\/kursy\/prace-wysokosciowe\/prace-alpinistyczne-szkolenie-praktyczne\/\">curso de monta\u00f1ismo<\/a> en nuestro Centro es muy atractivo: pagar\u00e1 menos con nosotros que con nuestros competidores. Ofrecemos atractivos descuentos para grupos. Le animamos a que consulte la lista de precios en nuestro sitio web o pregunte por <a href=\"https:\/\/szkolenia-udt.pl\/es\/kontakt\/\">contact\u00e1ndonos<\/a> a trav\u00e9s del formulario.<\/p>\n<h2 class=\"boldnagl\"><strong>\u00bfD\u00f3nde operamos?<\/strong><\/h2>\n<p>La informaci\u00f3n detallada sobre los lugares donde se organizan las clases se puede encontrar en el horario presentado en nuestro sitio web.<\/p>\n<p>Si tiene alguna pregunta adicional relacionada con nuestros servicios, no dude en contactarnos. Respondemos lo antes posible.<\/p>\n<p>Fomentamos el uso de <a href=\"https:\/\/szkolenia-udt.pl\/es\/oferta\/\">nuestra oferta<\/a> \u00a1Entrenamiento!<\/p>\n<\/div>","protected":false},"excerpt":{"rendered":"<p>Kurs na prace alpinistyczne \u2013 wysoko\u015bciowe Zach\u0119camy do wzi\u0119cia udzia\u0142u w kursie na prace alpinistyczne \u2013 wysoko\u015bciowe w O\u015brodku Szkolenia Operator\u00f3w! Nasz O\u015brodek prowadzi kurs wysoko\u015bciowy przeznaczony dla os\u00f3b chc\u0105cych wykonywa\u0107 prace na wysoko\u015bci, do czego potrzebne s\u0105 odpowiednie uprawnienia wysoko\u015bciowe. Poprzez uprawnienia do prac na wysoko\u015bci mo\u017cna podj\u0105\u0107 prac\u0119 w charakterze alpinisty przemys\u0142owego. Prowadzimy [&hellip;]<\/p>\n","protected":false},"author":3,"featured_media":2578,"parent":22,"menu_order":0,"comment_status":"closed","ping_status":"closed","template":"","meta":{"footnotes":""},"class_list":["post-1874","page","type-page","status-publish","has-post-thumbnail","hentry"],"aioseo_notices":[],"_links":{"self":[{"href":"https:\/\/szkolenia-udt.pl\/es\/wp-json\/wp\/v2\/pages\/1874","targetHints":{"allow":["GET"]}}],"collection":[{"href":"https:\/\/szkolenia-udt.pl\/es\/wp-json\/wp\/v2\/pages"}],"about":[{"href":"https:\/\/szkolenia-udt.pl\/es\/wp-json\/wp\/v2\/types\/page"}],"author":[{"embeddable":true,"href":"https:\/\/szkolenia-udt.pl\/es\/wp-json\/wp\/v2\/users\/3"}],"replies":[{"embeddable":true,"href":"https:\/\/szkolenia-udt.pl\/es\/wp-json\/wp\/v2\/comments?post=1874"}],"version-history":[{"count":13,"href":"https:\/\/szkolenia-udt.pl\/es\/wp-json\/wp\/v2\/pages\/1874\/revisions"}],"predecessor-version":[{"id":4507,"href":"https:\/\/szkolenia-udt.pl\/es\/wp-json\/wp\/v2\/pages\/1874\/revisions\/4507"}],"up":[{"embeddable":true,"href":"https:\/\/szkolenia-udt.pl\/es\/wp-json\/wp\/v2\/pages\/22"}],"wp:featuredmedia":[{"embeddable":true,"href":"https:\/\/szkolenia-udt.pl\/es\/wp-json\/wp\/v2\/media\/2578"}],"wp:attachment":[{"href":"https:\/\/szkolenia-udt.pl\/es\/wp-json\/wp\/v2\/media?parent=1874"}],"curies":[{"name":"wp","href":"https:\/\/api.w.org\/{rel}","templated":true}]}}