{"id":1895,"date":"2017-12-06T15:39:54","date_gmt":"2017-12-06T15:39:54","guid":{"rendered":"http:\/\/szkolenia-udt.pl\/?page_id=1895"},"modified":"2023-12-11T01:01:39","modified_gmt":"2023-12-11T00:01:39","slug":"sep-g1-g2-g3","status":"publish","type":"page","link":"https:\/\/szkolenia-udt.pl\/es\/kursy\/sep-g1-g2-g3\/","title":{"rendered":"Te invitamos a los entrenamientos G1, G2, G3 - Varsovia"},"content":{"rendered":"<h2 class=\"boldnagl\">Entrenamiento G1, G2, G3 - Varsovia y toda Polonia<\/h2>\n<div class=\"sliderpage\"><div id=\"metaslider-id-1940\" style=\"max-width: 300px;\" class=\"ml-slider-3-107-0 metaslider metaslider-flex metaslider-1940 ml-slider ms-theme-default nav-hidden\" role=\"region\" aria-label=\"sep\" data-height=\"225\" data-width=\"300\">\n    <div id=\"metaslider_container_1940\">\n        <div id=\"metaslider_1940\">\n            <ul class='slides'>\n                <li style=\"display: block; width: 100%;\" class=\"slide-2001 ms-image\" aria-roledescription=\"slide\" data-date=\"2017-12-29 10:30:02\" data-filename=\"SEP_blog2-1-1030x686-300x225.jpg\" data-slide-type=\"image\"><img loading=\"lazy\" decoding=\"async\" src=\"https:\/\/szkolenia-udt.pl\/wp-content\/uploads\/2017\/12\/SEP_blog2-1-1030x686-300x225.jpg\" height=\"225\" width=\"300\" alt=\"\" class=\"slider-1940 slide-2001 msDefaultImage\" \/><\/li>\n            <\/ul>\n        <\/div>\n        \n    <\/div>\n<\/div><\/div>\n<p>Te invitamos a capacitaciones de preparaci\u00f3n para ex\u00e1menes ante el comit\u00e9 seleccionado por el estudiante, ej.: <a href=\"https:\/\/szkolenia-udt.pl\/es\/kursy\/sep-g1-g2-g3\/komisje-certyfikujace-sep-pse-simp-sitps\/\">BUITRE<\/a>, PSE, SIMP, SITPS en el Centro de Formaci\u00f3n de Operadores! Ofrecemos cursos integrales y profesionales en Varsovia y otras ciudades de Polonia. Si desea trabajar como electricista, trabajar con instalaciones, redes y dispositivos de gas o calor, debe tener la confirmaci\u00f3n de calificaciones apropiada.<\/p>\n<h3 class=\"boldnagl\">Realizamos ciencia en las siguientes categor\u00edas:<\/h3>\n<ul>\n<li><a href=\"https:\/\/szkolenia-udt.pl\/es\/kursy\/sep-g1-g2-g3\/g1\/\">formaci\u00f3n el\u00e9ctrica - G1<\/a> - equipos, instalaciones y redes de potencia<\/li>\n<li><a href=\"https:\/\/szkolenia-udt.pl\/es\/kursy\/sep-g1-g2-g3\/g2\/\">entrenamiento t\u00e9rmico - G2<\/a> - dispositivos, instalaciones y redes de calor<\/li>\n<li><a href=\"https:\/\/szkolenia-udt.pl\/es\/kursy\/sep-g1-g2-g3\/g3\/\">entrenamiento de gases - G3<\/a> - equipos, instalaciones y redes de gas<\/li>\n<\/ul>\n<p>Las clases est\u00e1n dirigidas a los empleados de supervisi\u00f3n y operaci\u00f3n que adquieren un conocimiento adecuado sobre las normas y requisitos para dispositivos e instalaciones el\u00e9ctricas, de calefacci\u00f3n y de gas.<\/p>\n<h3 class=\"boldnagl\">Prop\u00f3sito de la capacitaci\u00f3n<\/h3>\n<p>El curso de preparaci\u00f3n para los ex\u00e1menes de las categor\u00edas G1, G2 y G3 le permite obtener las calificaciones para trabajar con dispositivos, instalaciones y redes el\u00e9ctricas, de calefacci\u00f3n o de gas, durante la supervisi\u00f3n o la operaci\u00f3n.<\/p>\n<h3 class=\"boldnagl\">Derechos<\/h3>\n<p>Cada curso termina con un examen. Despu\u00e9s de aprobarlo, el participante recibe los documentos apropiados que confirman que ha sido calificado para trabajar en un puesto determinado. Los derechos siguen siendo v\u00e1lidos por un per\u00edodo de 5 a\u00f1os a partir de la fecha de emisi\u00f3n. Tambi\u00e9n se les conoce como calificaciones de edificios el\u00e9ctricos o calificaciones de 1kV.<\/p>\n<h3 class=\"boldnagl\">Requisitos<\/h3>\n<p>Las personas que deseen participar en la capacitaci\u00f3n deben cumplir con los siguientes requisitos:<\/p>\n<ul>\n<li>al menos 18 a\u00f1os de edad<\/li>\n<li>educaci\u00f3n primaria m\u00ednima<\/li>\n<\/ul>\n<h3 class=\"boldnagl\">Precio<\/h3>\n<p>Si quieres apuntarte a un curso en nuestro Centro, te ofrecemos precios muy atractivos. Puede obtener m\u00e1s informaci\u00f3n sobre la lista de precios actual en nuestro sitio web o llamando al n\u00famero de tel\u00e9fono proporcionado. Hemos preparado atractivos descuentos para grupos m\u00e1s grandes.<\/p>\n<h3 class=\"boldnagl\">Lugar de impartici\u00f3n de clases.<\/h3>\n<p>Formamos en toda Polonia, incluso en Varsovia, as\u00ed como en nuestras sucursales regionales. Tambi\u00e9n realizamos cursos cerrados dirigidos a grupos organizados, luego podemos llegar al lugar acordado.<\/p>\n<p>Si tiene alguna pregunta adicional, no dude en ponerse en contacto con nosotros. Le proporcionaremos toda la informaci\u00f3n necesaria.<\/p>\n<p>El Centro de Capacitaci\u00f3n de Operadores de OSO lo invita a capacitaciones: \u00a1Varsovia y toda Polonia!<\/p>","protected":false},"excerpt":{"rendered":"<p>Szkolenia G1, G2, G3 \u2013 Warszawa i ca\u0142a Polska Zapraszamy na szkolenia przygotowuj\u0105ce do egzamin\u00f3w przed komisj\u0105 wybran\u0105 przez kursanta np.: SEP, PSE, SIMP, SITPS w O\u015brodku Szkolenia Operator\u00f3w! Zajmujemy si\u0119 kompleksowym i profesjonalnym prowadzeniem kurs\u00f3w w Warszawie oraz w innych miastach w Polsce. Gdy chcesz pracowa\u0107 w zawodzie elektryka, zajmowa\u0107 si\u0119 prac\u0105 z instalacjami, [&hellip;]<\/p>\n","protected":false},"author":3,"featured_media":5320,"parent":22,"menu_order":0,"comment_status":"closed","ping_status":"closed","template":"","meta":{"footnotes":""},"class_list":["post-1895","page","type-page","status-publish","has-post-thumbnail","hentry"],"aioseo_notices":[],"_links":{"self":[{"href":"https:\/\/szkolenia-udt.pl\/es\/wp-json\/wp\/v2\/pages\/1895","targetHints":{"allow":["GET"]}}],"collection":[{"href":"https:\/\/szkolenia-udt.pl\/es\/wp-json\/wp\/v2\/pages"}],"about":[{"href":"https:\/\/szkolenia-udt.pl\/es\/wp-json\/wp\/v2\/types\/page"}],"author":[{"embeddable":true,"href":"https:\/\/szkolenia-udt.pl\/es\/wp-json\/wp\/v2\/users\/3"}],"replies":[{"embeddable":true,"href":"https:\/\/szkolenia-udt.pl\/es\/wp-json\/wp\/v2\/comments?post=1895"}],"version-history":[{"count":10,"href":"https:\/\/szkolenia-udt.pl\/es\/wp-json\/wp\/v2\/pages\/1895\/revisions"}],"predecessor-version":[{"id":2899,"href":"https:\/\/szkolenia-udt.pl\/es\/wp-json\/wp\/v2\/pages\/1895\/revisions\/2899"}],"up":[{"embeddable":true,"href":"https:\/\/szkolenia-udt.pl\/es\/wp-json\/wp\/v2\/pages\/22"}],"wp:featuredmedia":[{"embeddable":true,"href":"https:\/\/szkolenia-udt.pl\/es\/wp-json\/wp\/v2\/media\/5320"}],"wp:attachment":[{"href":"https:\/\/szkolenia-udt.pl\/es\/wp-json\/wp\/v2\/media?parent=1895"}],"curies":[{"name":"wp","href":"https:\/\/api.w.org\/{rel}","templated":true}]}}