{"id":1897,"date":"2017-12-06T15:44:11","date_gmt":"2017-12-06T15:44:11","guid":{"rendered":"http:\/\/szkolenia-udt.pl\/?page_id=1897"},"modified":"2022-06-13T12:07:08","modified_gmt":"2022-06-13T10:07:08","slug":"g1","status":"publish","type":"page","link":"https:\/\/szkolenia-udt.pl\/es\/kursy\/sep-g1-g2-g3\/g1\/","title":{"rendered":"Te invitamos al curso G1 - Varsovia"},"content":{"rendered":"<h2 class=\"boldnagl\">Entrenamiento G1 - Varsovia y toda Polonia<\/h2>\n<div class=\"sliderpage\"><div id=\"metaslider-id-1951\" style=\"max-width: 300px;\" class=\"ml-slider-3-108-0 metaslider metaslider-flex metaslider-1951 ml-slider ms-theme-default nav-hidden\" role=\"region\" aria-label=\"sep-g1\" data-height=\"225\" data-width=\"300\">\n    <div id=\"metaslider_container_1951\">\n        <div id=\"metaslider_1951\">\n            <ul class='slides'>\n                <li style=\"display: block; width: 100%;\" class=\"slide-2003 ms-image\" aria-roledescription=\"slide\" data-date=\"2017-12-29 10:31:03\" data-filename=\"SEP_4-1030x687-300x225.jpg\" data-slide-type=\"image\"><img loading=\"lazy\" decoding=\"async\" src=\"https:\/\/szkolenia-udt.pl\/wp-content\/uploads\/2017\/12\/SEP_4-1030x687-300x225.jpg\" height=\"225\" width=\"300\" alt=\"\" class=\"slider-1951 slide-2003 msDefaultImage\" \/><\/li>\n            <\/ul>\n        <\/div>\n        \n    <\/div>\n<\/div><\/div>\n<p><a href=\"https:\/\/szkolenia-udt.pl\/es\/o-firmie\/\">O\u015brodek Szkolenia Operator\u00f3w OSO<\/a> te invita a participar en el curso de preparaci\u00f3n para los ex\u00e1menes de la categor\u00eda G1 de dispositivos, instalaciones y redes el\u00e9ctricas. Las clases preparan para el examen y el trabajo como electricista en el campo de la supervisi\u00f3n y operaci\u00f3n de dispositivos, instalaciones y redes incluidas en el grupo 1 hasta 1 kV y m\u00e1s.<\/p>\n<h2 class=\"boldnagl\">Prop\u00f3sito de la capacitaci\u00f3n<\/h2>\n<p>El objetivo del curso de formaci\u00f3n es preparar a los alumnos para presentarse al examen y obtener un certificado de cualificaci\u00f3n en el campo elegido. El abanico de actividades disponibles es el siguiente: explotaci\u00f3n, mantenimiento, reparaci\u00f3n, montaje y <a href=\"https:\/\/szkolenia-udt.pl\/es\/kursy\/sep-g1-g2-g3\/prace-kontrolno-pomiarowe\/\">trabajos de inspecci\u00f3n y medici\u00f3n<\/a>.<\/p>\n<h2 class=\"boldnagl\">Las personas con calificaciones G1 pueden trabajar en el siguiente \u00e1mbito:<\/h2>\n<ul>\n<li>generadores conectados a la red el\u00e9ctrica nacional, independientemente del nivel de la tensi\u00f3n nominal<\/li>\n<li>dispositivos, instalaciones y redes el\u00e9ctricas con una tensi\u00f3n no superior a 1 kV<\/li>\n<li>dispositivos, instalaciones y redes con una tensi\u00f3n nominal superior a 1 kV<\/li>\n<li>grupos electr\u00f3genos con una capacidad de m\u00e1s de 50 kW<\/li>\n<li>dispositivos electrot\u00e9rmicos<\/li>\n<li>equipo de electr\u00f3lisis<\/li>\n<li>redes de alumbrado p\u00fablico el\u00e9ctrico<\/li>\n<li>red de tracci\u00f3n el\u00e9ctrica<\/li>\n<li>equipo el\u00e9ctrico a prueba de explosiones<\/li>\n<li>aparatos de control y medida, as\u00ed como dispositivos e instalaciones para la regulaci\u00f3n autom\u00e1tica, control y protecci\u00f3n de los dispositivos e instalaciones mencionados anteriormente<\/li>\n<\/ul>\n<h2 class=\"boldnagl\">Derechos<\/h2>\n<p>El certificado de calificaci\u00f3n, las llamadas calificaciones el\u00e9ctricas, se otorgan despu\u00e9s de aprobar el examen ante el comit\u00e9 seleccionado por el estudiante, por ejemplo: <a href=\"https:\/\/szkolenia-udt.pl\/es\/kursy\/sep-g1-g2-g3\/komisje-certyfikujace-sep-pse-simp-sitps\/\">BUITRE<\/a>, PSE, SIMP, SITPS. El per\u00edodo de validez es de 5 a\u00f1os.<\/p>\n<h2 class=\"boldnagl\">Requisitos<\/h2>\n<p>La formaci\u00f3n G1 est\u00e1 dirigida a personas que cumplan los siguientes requisitos:<\/p>\n<ul>\n<li>al menos 18 a\u00f1os de edad<\/li>\n<li>educaci\u00f3n primaria m\u00ednima<\/li>\n<\/ul>\n<h2 class=\"boldnagl\">Precio<\/h2>\n<ul>\n<li>los cursos se dan todos los dias<\/li>\n<li>el costo de la capacitaci\u00f3n en s\u00ed es de 90 PLN,<\/li>\n<li>el costo de la formaci\u00f3n de examen PLN 303<\/li>\n<\/ul>\n<h2 class=\"boldnagl\">Lugar de impartici\u00f3n de clases.<\/h2>\n<p>Las clases se llevan a cabo en la ciudad de Varsovia y en otros lugares de Polonia en las instalaciones regionales de OSO. Tambi\u00e9n realizamos cursos de formaci\u00f3n cerrados de acuerdo con las expectativas del cliente.<\/p>\n<p>Si tiene preguntas adicionales, quedamos a su disposici\u00f3n, por favor <a href=\"https:\/\/szkolenia-udt.pl\/es\/kontakt\/\">contact\u00e1ndonos<\/a> por una respuesta<\/p>\n<p>El Centro de Capacitaci\u00f3n de Operadores de OSO lo invita a capacitaciones para calificaciones el\u00e9ctricas de hasta 1kV - \u00a1Varsovia y toda Polonia!<\/p>","protected":false},"excerpt":{"rendered":"<p>Szkolenia G1 \u2013 Warszawa i ca\u0142a Polska O\u015brodek Szkolenia Operator\u00f3w OSO zaprasza do skorzystania z kursu przygotowuj\u0105ce do egzamin\u00f3w w kategorii G1 na urz\u0105dzenia, instalacje i sieci elektroenergetyczne. Zaj\u0119cia przygotowuj\u0105 do egzaminu oraz pracy na stanowisku elektryka w zakresie dozoru i eksploatacji urz\u0105dze\u0144, instalacji oraz sieci zaliczanych do grupy 1 do i powy\u017cej 1 kV. [&hellip;]<\/p>\n","protected":false},"author":3,"featured_media":2002,"parent":1895,"menu_order":0,"comment_status":"closed","ping_status":"closed","template":"","meta":{"footnotes":""},"class_list":["post-1897","page","type-page","status-publish","has-post-thumbnail","hentry"],"aioseo_notices":[],"_links":{"self":[{"href":"https:\/\/szkolenia-udt.pl\/es\/wp-json\/wp\/v2\/pages\/1897","targetHints":{"allow":["GET"]}}],"collection":[{"href":"https:\/\/szkolenia-udt.pl\/es\/wp-json\/wp\/v2\/pages"}],"about":[{"href":"https:\/\/szkolenia-udt.pl\/es\/wp-json\/wp\/v2\/types\/page"}],"author":[{"embeddable":true,"href":"https:\/\/szkolenia-udt.pl\/es\/wp-json\/wp\/v2\/users\/3"}],"replies":[{"embeddable":true,"href":"https:\/\/szkolenia-udt.pl\/es\/wp-json\/wp\/v2\/comments?post=1897"}],"version-history":[{"count":9,"href":"https:\/\/szkolenia-udt.pl\/es\/wp-json\/wp\/v2\/pages\/1897\/revisions"}],"predecessor-version":[{"id":2897,"href":"https:\/\/szkolenia-udt.pl\/es\/wp-json\/wp\/v2\/pages\/1897\/revisions\/2897"}],"up":[{"embeddable":true,"href":"https:\/\/szkolenia-udt.pl\/es\/wp-json\/wp\/v2\/pages\/1895"}],"wp:featuredmedia":[{"embeddable":true,"href":"https:\/\/szkolenia-udt.pl\/es\/wp-json\/wp\/v2\/media\/2002"}],"wp:attachment":[{"href":"https:\/\/szkolenia-udt.pl\/es\/wp-json\/wp\/v2\/media?parent=1897"}],"curies":[{"name":"wp","href":"https:\/\/api.w.org\/{rel}","templated":true}]}}