{"id":1899,"date":"2017-12-06T15:46:28","date_gmt":"2017-12-06T15:46:28","guid":{"rendered":"http:\/\/szkolenia-udt.pl\/?page_id=1899"},"modified":"2022-06-13T12:07:25","modified_gmt":"2022-06-13T10:07:25","slug":"g2","status":"publish","type":"page","link":"https:\/\/szkolenia-udt.pl\/es\/kursy\/sep-g1-g2-g3\/g2\/","title":{"rendered":"Inscr\u00edbete en el curso G2 - Varsovia"},"content":{"rendered":"<div style=\"float: left; padding-right: 10px;\"><div id=\"metaslider-id-1958\" style=\"max-width: 300px;\" class=\"ml-slider-3-109-0 metaslider metaslider-flex metaslider-1958 ml-slider ms-theme-default nav-hidden\" role=\"region\" aria-label=\"sep-g2\" data-height=\"225\" data-width=\"300\">\n    <div id=\"metaslider_container_1958\">\n        <div id=\"metaslider_1958\">\n            <ul class='slides'>\n                <li style=\"display: block; width: 100%;\" class=\"slide-2005 ms-image\" aria-roledescription=\"slide\" data-date=\"2017-12-29 10:39:49\" data-filename=\"GAZ1-236x177.jpg\" data-slide-type=\"image\"><img loading=\"lazy\" decoding=\"async\" src=\"https:\/\/szkolenia-udt.pl\/wp-content\/uploads\/2017\/12\/GAZ1-236x177.jpg\" height=\"225\" width=\"300\" alt=\"\" class=\"slider-1958 slide-2005 msDefaultImage\" \/><\/li>\n            <\/ul>\n        <\/div>\n        \n    <\/div>\n<\/div><\/div>\n<h2 class=\"boldnagl\"><strong>Entrenamiento G2 - Varsovia y toda Polonia <\/strong><\/h2>\n<p><a href=\"https:\/\/szkolenia-udt.pl\/es\/o-firmie\/\">O\u015brodek Szkolenia Operator\u00f3w OSO<\/a> te invita a apuntarte a la formaci\u00f3n t\u00e9rmica G2 para dispositivos, instalaciones y redes de calor. Las clases preparan para el enfoque del examen en el campo de la supervisi\u00f3n y operaci\u00f3n de dispositivos, instalaciones y redes en el grupo 2.<\/p>\n<p class=\"boldnagl\"><strong>Prop\u00f3sito de la capacitaci\u00f3n<\/strong><br \/>\nLas clases est\u00e1n dirigidas a personas que quieran obtener calificaciones para trabajar en la operaci\u00f3n y supervisi\u00f3n de dispositivos clasificados como categor\u00eda G2. Curso de preparaci\u00f3n para ex\u00e1menes ante la junta seleccionada por el alumno, ej.: <a href=\"https:\/\/szkolenia-udt.pl\/es\/kursy\/sep-g1-g2-g3\/komisje-certyfikujace-sep-pse-simp-sitps\/\">BUITRE<\/a>, PSE, SIMP, SITPS presenta informaci\u00f3n sobre la construcci\u00f3n y operaci\u00f3n de dispositivos, equipos de control y medici\u00f3n, normas de salud y seguridad y normativa legal.<\/p>\n<p><strong>Las personas con calificaciones G2 pueden trabajar en el siguiente \u00e1mbito: <\/strong><\/p>\n<ul>\n<li>Calderas de vapor y agua para combustibles s\u00f3lidos, l\u00edquidos y gaseosos, con una potencia superior a 50 kW, con equipos auxiliares<\/li>\n<li>equipos de ventilaci\u00f3n, aire acondicionado y refrigeraci\u00f3n con una capacidad de m\u00e1s de 50 kW<\/li>\n<li>Dispositivos para almacenar, almacenar y descargar combustibles, con una capacidad de almacenamiento superior a 100 Mg<\/li>\n<li>turbinas de vapor y agua con una potencia superior a 50 kW, junto con dispositivos auxiliares<\/li>\n<li>compresores de potencia superior a 20 kW e instalaciones de aire comprimido y gases t\u00e9cnicos<\/li>\n<li>redes de calor e instalaciones con dispositivos auxiliares, con transferencia de calor superior a 50 kW<\/li>\n<li>dispositivos industriales receptores de vapor y agua caliente con una potencia superior a 50 kW<\/li>\n<li>bombas, boquillas, ventiladores y sopladores con una potencia superior a 50 kW<\/li>\n<li>hornos industriales con una potencia superior a 50 kW<\/li>\n<li>aparatos de control y medida, as\u00ed como dispositivos e instalaciones para la regulaci\u00f3n autom\u00e1tica, control y protecci\u00f3n de los dispositivos e instalaciones mencionados anteriormente<\/li>\n<\/ul>\n<h2 class=\"boldnagl\"><strong>Derechos <\/strong><\/h2>\n<p>El certificado de calificaci\u00f3n, es decir, las calificaciones G2, se obtiene despu\u00e9s de aprobar con \u00e9xito el examen. Los derechos tienen una validez de 5 a\u00f1os.<\/p>\n<h2 class=\"boldnagl\"><strong>Requisitos <\/strong><\/h2>\n<p>El curso G2 est\u00e1 dirigido a personas que cumplan los siguientes requisitos:<\/p>\n<ul>\n<li>al menos 18 a\u00f1os de edad<\/li>\n<li>educaci\u00f3n primaria m\u00ednima<\/li>\n<\/ul>\n<h3 class=\"boldnagl\"><strong>Precio <\/strong><\/h3>\n<p>En cuanto a los permisos, <a href=\"https:\/\/szkolenia-udt.pl\/es\/oferta\/\">precio<\/a> El SPA de nuestro Centro es competitivo. Puede encontrar informaci\u00f3n detallada sobre los costos en nuestro sitio web. Tambi\u00e9n le animamos a que se ponga en contacto con nosotros para obtener m\u00e1s informaci\u00f3n.<\/p>\n<h3 class=\"boldnagl\"><strong>Lugar de impartici\u00f3n de clases. <\/strong><\/h3>\n<p>Realizamos clases de capacitaci\u00f3n en la ciudad de Varsovia, as\u00ed como en las instalaciones locales de OSO en Polonia. Tambi\u00e9n realizamos sesiones de formaci\u00f3n cerradas en el horario y lugar acordado con el cliente.<\/p>\n<p>Si tiene alguna pregunta adicional, por favor cont\u00e1ctenos <a href=\"https:\/\/szkolenia-udt.pl\/es\/kontakt\/\">contact\u00e1ndonos<\/a> por correo electr\u00f3nico o por tel\u00e9fono. Responderemos a todas sus preguntas de manera integral.<\/p>\n<p>El Centro de Capacitaci\u00f3n de Operadores de OSO lo invita a capacitaciones: \u00a1Varsovia y toda Polonia!<\/p>","protected":false},"excerpt":{"rendered":"<p>Szkolenia G2 \u2013 Warszawa i ca\u0142a Polska O\u015brodek Szkolenia Operator\u00f3w OSO zaprasza do zapisania si\u0119 na szkolenie cieplne G2 dla urz\u0105dze\u0144, instalacji i sieci cieplnych. Zaj\u0119cia przygotowuj\u0105 do podej\u015bcia do egzaminu w zakresie dozoru i eksploatacji urz\u0105dze\u0144, instalacji oraz sieci w grupie 2. Cel szkolenia Zaj\u0119cia skierowane s\u0105 do os\u00f3b pragn\u0105cych uzyska\u0107 kwalifikacje do pracy [&hellip;]<\/p>\n","protected":false},"author":3,"featured_media":2004,"parent":1895,"menu_order":0,"comment_status":"closed","ping_status":"closed","template":"","meta":{"footnotes":""},"class_list":["post-1899","page","type-page","status-publish","has-post-thumbnail","hentry"],"aioseo_notices":[],"_links":{"self":[{"href":"https:\/\/szkolenia-udt.pl\/es\/wp-json\/wp\/v2\/pages\/1899","targetHints":{"allow":["GET"]}}],"collection":[{"href":"https:\/\/szkolenia-udt.pl\/es\/wp-json\/wp\/v2\/pages"}],"about":[{"href":"https:\/\/szkolenia-udt.pl\/es\/wp-json\/wp\/v2\/types\/page"}],"author":[{"embeddable":true,"href":"https:\/\/szkolenia-udt.pl\/es\/wp-json\/wp\/v2\/users\/3"}],"replies":[{"embeddable":true,"href":"https:\/\/szkolenia-udt.pl\/es\/wp-json\/wp\/v2\/comments?post=1899"}],"version-history":[{"count":7,"href":"https:\/\/szkolenia-udt.pl\/es\/wp-json\/wp\/v2\/pages\/1899\/revisions"}],"predecessor-version":[{"id":2895,"href":"https:\/\/szkolenia-udt.pl\/es\/wp-json\/wp\/v2\/pages\/1899\/revisions\/2895"}],"up":[{"embeddable":true,"href":"https:\/\/szkolenia-udt.pl\/es\/wp-json\/wp\/v2\/pages\/1895"}],"wp:featuredmedia":[{"embeddable":true,"href":"https:\/\/szkolenia-udt.pl\/es\/wp-json\/wp\/v2\/media\/2004"}],"wp:attachment":[{"href":"https:\/\/szkolenia-udt.pl\/es\/wp-json\/wp\/v2\/media?parent=1899"}],"curies":[{"name":"wp","href":"https:\/\/api.w.org\/{rel}","templated":true}]}}