{"id":1901,"date":"2017-12-06T15:49:02","date_gmt":"2017-12-06T15:49:02","guid":{"rendered":"http:\/\/szkolenia-udt.pl\/?page_id=1901"},"modified":"2022-06-13T11:46:13","modified_gmt":"2022-06-13T09:46:13","slug":"g3","status":"publish","type":"page","link":"https:\/\/szkolenia-udt.pl\/es\/kursy\/sep-g1-g2-g3\/g3\/","title":{"rendered":"Te invitamos a la formaci\u00f3n G3 - Varsovia"},"content":{"rendered":"<div style=\"float: left; padding-right: 10px;\"><div id=\"metaslider-id-1966\" style=\"max-width: 300px;\" class=\"ml-slider-3-108-0 metaslider metaslider-flex metaslider-1966 ml-slider ms-theme-default nav-hidden\" role=\"region\" aria-label=\"sep-g3\" data-height=\"325\" data-width=\"300\">\n    <div id=\"metaslider_container_1966\">\n        <div id=\"metaslider_1966\">\n            <ul class='slides'>\n                <li style=\"display: block; width: 100%;\" class=\"slide-2007 ms-image\" aria-roledescription=\"slide\" data-date=\"2017-12-29 11:07:03\" data-filename=\"g3-5-213x230.jpg\" data-slide-type=\"image\"><img loading=\"lazy\" decoding=\"async\" src=\"https:\/\/szkolenia-udt.pl\/wp-content\/uploads\/2017\/12\/g3-5-213x230.jpg\" height=\"325\" width=\"300\" alt=\"\" class=\"slider-1966 slide-2007 msDefaultImage\" \/><\/li>\n            <\/ul>\n        <\/div>\n        \n    <\/div>\n<\/div><\/div>\n<h2 class=\"boldnagl\"><strong>Entrenamiento G3 - Varsovia y toda Polonia <\/strong><\/h2>\n<p>Te animamos a matricularte en el curso de preparaci\u00f3n de ex\u00e1menes ante comisiones <a href=\"https:\/\/szkolenia-udt.pl\/es\/kursy\/sep-g1-g2-g3\/komisje-certyfikujace-sep-pse-simp-sitps\/\">BUITRE<\/a>, PSE, SIMP, SITPS en la categor\u00eda G3 en el Centro de Formaci\u00f3n de Operadores de OSO! Las clases impartidas por nuestros expertos preparan para el trabajo en el campo de la supervisi\u00f3n y operaci\u00f3n de dispositivos, instalaciones y redes en el grupo 3.<\/p>\n<h2 class=\"boldnagl\"><strong>Prop\u00f3sito de la capacitaci\u00f3n <\/strong><\/h2>\n<p>El prop\u00f3sito del curso <a href=\"https:\/\/szkolenia-udt.pl\/es\/kursy\/sep-g1-g2-g3\/g1\/\">G1<\/a> es una preparaci\u00f3n integral de los participantes para rendir el examen de obtenci\u00f3n de licencias de gas para operaci\u00f3n y supervisi\u00f3n, seg\u00fan la variante seleccionada.<\/p>\n<p><strong>Las personas con calificaciones G3 pueden conducir <\/strong><\/p>\n<ul>\n<li>trabajar en el siguiente \u00e1mbito:<\/li>\n<li>equipos para la producci\u00f3n de combustibles gaseosos, generadores de gas<\/li>\n<li>equipos e instalaciones de gas con una presi\u00f3n superior a 5kPa<\/li>\n<li>equipos e instalaciones de gas con una presi\u00f3n no superior a 5 kPa<\/li>\n<li>equipos de procesamiento y tratamiento de combustibles gaseosos, descomposici\u00f3n de combustibles gaseosos, equipos de procesamiento de gas natural, plantas de tratamiento de gas, plantas de expansi\u00f3n y plantas envasadoras de gas licuado, desnitrificaci\u00f3n, plantas mezcladoras<\/li>\n<li>dispositivos de almacenamiento de combustible de gas<\/li>\n<li>turbinas de gas<\/li>\n<li>redes de distribuci\u00f3n de gas con una presi\u00f3n no superior a 0,5 MPa (gasoductos y puntos de reducci\u00f3n, estaciones de servicio)<\/li>\n<li>redes de transporte de gas con una presi\u00f3n superior a 0,5 MPa (gasoductos, gasolineras, estaciones compresoras de gas)<\/li>\n<li>receptores industriales de combustibles gaseosos con una potencia superior a 50 kW<\/li>\n<li>aparatos de control y medida, as\u00ed como dispositivos e instalaciones para la regulaci\u00f3n autom\u00e1tica, control y protecci\u00f3n de los dispositivos e instalaciones mencionados anteriormente<\/li>\n<\/ul>\n<h2 class=\"boldnagl\"><strong>Derechos <\/strong><\/h2>\n<p>Las licencias de gas, es decir, el certificado de calificaci\u00f3n para el grupo G3, se obtienen despu\u00e9s de aprobar el examen. Los permisos son v\u00e1lidos por 5 a\u00f1os.<\/p>\n<h2 class=\"boldnagl\"><strong>Requisitos <\/strong><\/h2>\n<p>El curso G3 est\u00e1 abierto a personas que tienen:<\/p>\n<ul>\n<li>al menos 18 a\u00f1os de edad<\/li>\n<li>educaci\u00f3n primaria m\u00ednima<\/li>\n<\/ul>\n<h3 class=\"boldnagl\"><strong>Precio <\/strong><\/h3>\n<p>Cuando desee obtener permisos, <a href=\"https:\/\/szkolenia-udt.pl\/es\/oferta\/\">precio<\/a> en nuestro Centro es muy atractiva y competitiva. Puede encontrar informaci\u00f3n sobre los costos en nuestro sitio web o llamando al n\u00famero proporcionado. El examen es adicionalmente pagable.<\/p>\n<h3 class=\"boldnagl\"><strong>Lugar de impartici\u00f3n de clases. <\/strong><\/h3>\n<p>Las clases se organizan en la ciudad de Varsovia, as\u00ed como en otras ciudades de Polonia, donde se encuentran los centros regionales de SPA. Tambi\u00e9n podemos organizar clases cerradas en un lugar y horario previamente acordado.<\/p>\n<p>Si tiene m\u00e1s preguntas <a href=\"https:\/\/szkolenia-udt.pl\/es\/kontakt\/\">por favor cont\u00e1ctenos<\/a> con nuestros especialistas.<\/p>\n<p>El Centro de formaci\u00f3n de operadores OSO le invita a un curso de la categor\u00eda G3: Varsovia y toda Polonia.<\/p>","protected":false},"excerpt":{"rendered":"<p>Szkolenia G3 \u2013 Warszawa i ca\u0142a Polska Zach\u0119camy do zapisania si\u0119 na kurs przygotowuj\u0105ce do egzamin\u00f3w przed komisjami SEP, PSE, SIMP, SITPS w kategorii G3 w O\u015brodku Szkolenia Operator\u00f3w OSO! Prowadzone przez naszych ekspert\u00f3w zaj\u0119cia przygotowuj\u0105 do podj\u0119cia pracy w zakresie dozoru i eksploatacji urz\u0105dze\u0144, instalacji oraz sieci w grupie 3. Cel szkolenia Celem kursu [&hellip;]<\/p>\n","protected":false},"author":3,"featured_media":2006,"parent":1895,"menu_order":0,"comment_status":"closed","ping_status":"closed","template":"","meta":{"footnotes":""},"class_list":["post-1901","page","type-page","status-publish","has-post-thumbnail","hentry"],"aioseo_notices":[],"_links":{"self":[{"href":"https:\/\/szkolenia-udt.pl\/es\/wp-json\/wp\/v2\/pages\/1901","targetHints":{"allow":["GET"]}}],"collection":[{"href":"https:\/\/szkolenia-udt.pl\/es\/wp-json\/wp\/v2\/pages"}],"about":[{"href":"https:\/\/szkolenia-udt.pl\/es\/wp-json\/wp\/v2\/types\/page"}],"author":[{"embeddable":true,"href":"https:\/\/szkolenia-udt.pl\/es\/wp-json\/wp\/v2\/users\/3"}],"replies":[{"embeddable":true,"href":"https:\/\/szkolenia-udt.pl\/es\/wp-json\/wp\/v2\/comments?post=1901"}],"version-history":[{"count":7,"href":"https:\/\/szkolenia-udt.pl\/es\/wp-json\/wp\/v2\/pages\/1901\/revisions"}],"predecessor-version":[{"id":2892,"href":"https:\/\/szkolenia-udt.pl\/es\/wp-json\/wp\/v2\/pages\/1901\/revisions\/2892"}],"up":[{"embeddable":true,"href":"https:\/\/szkolenia-udt.pl\/es\/wp-json\/wp\/v2\/pages\/1895"}],"wp:featuredmedia":[{"embeddable":true,"href":"https:\/\/szkolenia-udt.pl\/es\/wp-json\/wp\/v2\/media\/2006"}],"wp:attachment":[{"href":"https:\/\/szkolenia-udt.pl\/es\/wp-json\/wp\/v2\/media?parent=1901"}],"curies":[{"name":"wp","href":"https:\/\/api.w.org\/{rel}","templated":true}]}}