{"id":1903,"date":"2017-12-06T15:50:24","date_gmt":"2017-12-06T15:50:24","guid":{"rendered":"http:\/\/szkolenia-udt.pl\/?page_id=1903"},"modified":"2022-06-13T11:54:26","modified_gmt":"2022-06-13T09:54:26","slug":"comites-de-certificacion-sep-pse-simp-sitps","status":"publish","type":"page","link":"https:\/\/szkolenia-udt.pl\/es\/kursy\/sep-g1-g2-g3\/komisje-certyfikujace-sep-pse-simp-sitps\/","title":{"rendered":"Comit\u00e9s de certificaci\u00f3n: SEP, PSE, SIMP, SITPS"},"content":{"rendered":"<div style=\"float: left; padding-right: 10px;\"><div id=\"metaslider-id-1974\" style=\"max-width: 450px;\" class=\"ml-slider-3-107-0 metaslider metaslider-flex metaslider-1974 ml-slider ms-theme-default nav-hidden\" role=\"region\" aria-label=\"com-sep\" data-height=\"400\" data-width=\"450\">\n    <div id=\"metaslider_container_1974\">\n        <div id=\"metaslider_1974\">\n            <ul class='slides'>\n                <li style=\"display: block; width: 100%;\" class=\"slide-2009 ms-image\" aria-roledescription=\"slide\" data-date=\"2017-12-29 11:08:48\" data-filename=\"images-3-217x192.jpg\" data-slide-type=\"image\"><img loading=\"lazy\" decoding=\"async\" src=\"https:\/\/szkolenia-udt.pl\/wp-content\/uploads\/2017\/12\/images-3-217x192.jpg\" height=\"400\" width=\"450\" alt=\"\" class=\"slider-1974 slide-2009 msDefaultImage\" \/><\/li>\n            <\/ul>\n        <\/div>\n        \n    <\/div>\n<\/div><\/div>\n<h2 class=\"boldnagl\"><strong>SEP, PSE, SIMP, SITPS - comit\u00e9s de certificaci\u00f3n aprobados por la ERO <\/strong><\/h2>\n<p>Es habitual denominar \"cursos SEP\" a los cursos que confieren la cualificaci\u00f3n correspondiente a los equipos, instalaciones y redes de energ\u00eda, calor y gas. Asimismo, el \"examen SEP\" tambi\u00e9n se denomina examen de certificaci\u00f3n. Sin embargo, en realidad, tambi\u00e9n puede presentarse ante otras juntas de certificaci\u00f3n.<\/p>\n<p>La Oficina Reguladora de Energ\u00eda (ERO) es el organismo administrativo central que regula el mercado energ\u00e9tico polaco. Es la Oficina de Regulaci\u00f3n de Energ\u00eda la que aprueba los comit\u00e9s de examen ante los cuales puedes presentarte a los ex\u00e1menes de la SEP. Actualmente, adem\u00e1s de la SEP, puede sentarse ante comit\u00e9s de otras asociaciones.<\/p>\n<h2 class=\"boldnagl\"><strong>Comit\u00e9s de certificaci\u00f3n ante los que se puede presentar el examen: <\/strong><\/h2>\n<ul>\n<li>SEP - Asociaci\u00f3n de Ingenieros El\u00e9ctricos Polacos<\/li>\n<li>PSE - Asociaci\u00f3n Polaca de Instalaciones El\u00e9ctricas<\/li>\n<li>SIMP - Asociaci\u00f3n de Ingenieros Mec\u00e1nicos de Polonia<\/li>\n<li>SITPS o SITSpo\u017c - Asociaci\u00f3n de Ingenieros y T\u00e9cnicos de la Industria Alimentaria<\/li>\n<\/ul>\n<p>La Asociaci\u00f3n de Ingenieros El\u00e9ctricos Polacos, es decir, SEP, es la asociaci\u00f3n m\u00e1s popular, <a href=\"https:\/\/szkolenia-udt.pl\/es\/kursy\/sep-g1-g2-g3\/egzamin-sep-pse-simp-sitps\/\">antes de que se realicen los ex\u00e1menes<\/a>sin embargo, tambi\u00e9n pueden ser abordados ante las asociaciones antes mencionadas y otras que establezca la Oficina Reguladora de Energ\u00eda.<\/p>","protected":false},"excerpt":{"rendered":"<p>SEP, PSE, SIMP, SITPS \u2013 komisje certyfikuj\u0105ce zatwierdzone przez URE Przyj\u0119\u0142o si\u0119 m\u00f3wi\u0107, \u017ce kursy nadaj\u0105ce odpowiednie potwierdzenie kwalifikacji dla urz\u0105dze\u0144, instalacji i sieci energetycznych, cieplnych i gazowych okre\u015blane s\u0105 jako &#8222;kursy SEP&#8221;. Podobnie jako &#8222;egzamin SEP&#8221; okre\u015bla si\u0119 te\u017c egzamin na uprawnienia. W rzeczywisto\u015bci jednak mo\u017cna zdawa\u0107 go tak\u017ce przed innymi komisjami certyfikuj\u0105cymi. Urz\u0105d [&hellip;]<\/p>\n","protected":false},"author":3,"featured_media":2008,"parent":1895,"menu_order":0,"comment_status":"closed","ping_status":"closed","template":"","meta":{"footnotes":""},"class_list":["post-1903","page","type-page","status-publish","has-post-thumbnail","hentry"],"aioseo_notices":[],"_links":{"self":[{"href":"https:\/\/szkolenia-udt.pl\/es\/wp-json\/wp\/v2\/pages\/1903","targetHints":{"allow":["GET"]}}],"collection":[{"href":"https:\/\/szkolenia-udt.pl\/es\/wp-json\/wp\/v2\/pages"}],"about":[{"href":"https:\/\/szkolenia-udt.pl\/es\/wp-json\/wp\/v2\/types\/page"}],"author":[{"embeddable":true,"href":"https:\/\/szkolenia-udt.pl\/es\/wp-json\/wp\/v2\/users\/3"}],"replies":[{"embeddable":true,"href":"https:\/\/szkolenia-udt.pl\/es\/wp-json\/wp\/v2\/comments?post=1903"}],"version-history":[{"count":5,"href":"https:\/\/szkolenia-udt.pl\/es\/wp-json\/wp\/v2\/pages\/1903\/revisions"}],"predecessor-version":[{"id":2894,"href":"https:\/\/szkolenia-udt.pl\/es\/wp-json\/wp\/v2\/pages\/1903\/revisions\/2894"}],"up":[{"embeddable":true,"href":"https:\/\/szkolenia-udt.pl\/es\/wp-json\/wp\/v2\/pages\/1895"}],"wp:featuredmedia":[{"embeddable":true,"href":"https:\/\/szkolenia-udt.pl\/es\/wp-json\/wp\/v2\/media\/2008"}],"wp:attachment":[{"href":"https:\/\/szkolenia-udt.pl\/es\/wp-json\/wp\/v2\/media?parent=1903"}],"curies":[{"name":"wp","href":"https:\/\/api.w.org\/{rel}","templated":true}]}}