{"id":1905,"date":"2017-12-06T15:51:23","date_gmt":"2017-12-06T15:51:23","guid":{"rendered":"http:\/\/szkolenia-udt.pl\/?page_id=1905"},"modified":"2022-06-13T11:20:39","modified_gmt":"2022-06-13T09:20:39","slug":"sep-pse-simp-sitps-examen","status":"publish","type":"page","link":"https:\/\/szkolenia-udt.pl\/es\/kursy\/sep-g1-g2-g3\/egzamin-sep-pse-simp-sitps\/","title":{"rendered":"\u00bfC\u00f3mo funciona el examen G1, G2, G3, PSE, SIMP, SITPS?"},"content":{"rendered":"<div style=\"float: left; padding-right: 10px;\"><div id=\"metaslider-id-1940\" style=\"max-width: 300px;\" class=\"ml-slider-3-108-0 metaslider metaslider-flex metaslider-1940 ml-slider ms-theme-default nav-hidden\" role=\"region\" aria-label=\"sep\" data-height=\"225\" data-width=\"300\">\n    <div id=\"metaslider_container_1940\">\n        <div id=\"metaslider_1940\">\n            <ul class='slides'>\n                <li style=\"display: block; width: 100%;\" class=\"slide-2001 ms-image\" aria-roledescription=\"slide\" data-date=\"2017-12-29 10:30:02\" data-filename=\"SEP_blog2-1-1030x686-300x225.jpg\" data-slide-type=\"image\"><img loading=\"lazy\" decoding=\"async\" src=\"https:\/\/szkolenia-udt.pl\/wp-content\/uploads\/2017\/12\/SEP_blog2-1-1030x686-300x225.jpg\" height=\"225\" width=\"300\" alt=\"\" class=\"slider-1940 slide-2001 msDefaultImage\" \/><\/li>\n            <\/ul>\n        <\/div>\n        \n    <\/div>\n<\/div><\/div>\n<h2 class=\"boldnagl\"><strong>Ex\u00e1menes G1, G2, G3, PSE, SIMP, SITPS <\/strong><\/h2>\n<p>Para obtener las autorizaciones oportunas para realizar trabajos de operaci\u00f3n y supervisi\u00f3n de aparatos, instalaciones y redes de electricidad, calor y gas, es necesario aprobar el examen.<\/p>\n<h3 class=\"boldnagl\"><strong>Comit\u00e9s de certificaci\u00f3n<\/strong><\/h3>\n<p>Sin embargo, este examen, que tambi\u00e9n se denomina \"examen SEP\", no s\u00f3lo se realiza ante la Asociaci\u00f3n de Electricistas de Polonia, que es la m\u00e1s popular.<\/p>\n<p>La certificaci\u00f3n tambi\u00e9n la llevan a cabo otros comit\u00e9s aprobados por la Oficina Reguladora de Energ\u00eda (ERO), incluida la Asociaci\u00f3n de Instalaciones El\u00e9ctricas de Polonia (PSE), la Asociaci\u00f3n de Ingenieros Mec\u00e1nicos de Polonia (SIMP) y la Asociaci\u00f3n de Ingenieros y T\u00e9cnicos de la Industria Alimentaria (SITPS o SITSpo\u017c). ).<\/p>\n<h2 class=\"boldnagl\"><strong>\u00bfC\u00f3mo va el examen?<\/strong><\/h2>\n<p>La base legal del examen para la obtenci\u00f3n del t\u00edtulo es la Ordenanza del Ministro de Econom\u00eda, Trabajo y Pol\u00edtica Social de 28 de abril de 2003, en funci\u00f3n de las instalaciones, aparatos y redes de electricidad, energ\u00eda o gas.<\/p>\n<p>Indica que el examen lo lleva a cabo un equipo de examen compuesto por al menos tres personas designadas por el presidente de la comisi\u00f3n. El examen es oral y verifica el conocimiento del candidato en el \u00e1mbito seleccionado - en los puestos de supervisi\u00f3n u operaci\u00f3n.<\/p>\n<p>Las preguntas durante el examen se refieren, entre otras cosas, a las reglas, reglas de operaci\u00f3n segura de dispositivos, instalaciones y redes, reglas de trabajo de control y medici\u00f3n, instrucciones a seguir en caso de amenazas, reglas de administraci\u00f3n de energ\u00eda de dispositivos conectados a la red<\/p>","protected":false},"excerpt":{"rendered":"<p>Egzamin G1, G2, G3, PSE, SIMP, SITPS W celu uzyskania odpowiednich uprawnie\u0144 do prowadzenia prac dotycz\u0105cych eksploatacji i dozoru urz\u0105dze\u0144, instalacji oraz sieci elektroenergetycznych, cieplnych i gazowych konieczne jest pozytywne zaliczenie egzaminu. Komisje certyfikuj\u0105ce Egzamin ten, kt\u00f3ry okre\u015blany jest te\u017c jako &#8222;egzamin SEP&#8221;, prowadzony jest jednak nie tylko przed Stowarzyszeniem Elektryk\u00f3w Polskich, kt\u00f3re jest najbardziej [&hellip;]<\/p>\n","protected":false},"author":3,"featured_media":2000,"parent":1895,"menu_order":0,"comment_status":"closed","ping_status":"closed","template":"","meta":{"footnotes":""},"class_list":["post-1905","page","type-page","status-publish","has-post-thumbnail","hentry"],"aioseo_notices":[],"_links":{"self":[{"href":"https:\/\/szkolenia-udt.pl\/es\/wp-json\/wp\/v2\/pages\/1905","targetHints":{"allow":["GET"]}}],"collection":[{"href":"https:\/\/szkolenia-udt.pl\/es\/wp-json\/wp\/v2\/pages"}],"about":[{"href":"https:\/\/szkolenia-udt.pl\/es\/wp-json\/wp\/v2\/types\/page"}],"author":[{"embeddable":true,"href":"https:\/\/szkolenia-udt.pl\/es\/wp-json\/wp\/v2\/users\/3"}],"replies":[{"embeddable":true,"href":"https:\/\/szkolenia-udt.pl\/es\/wp-json\/wp\/v2\/comments?post=1905"}],"version-history":[{"count":5,"href":"https:\/\/szkolenia-udt.pl\/es\/wp-json\/wp\/v2\/pages\/1905\/revisions"}],"predecessor-version":[{"id":2887,"href":"https:\/\/szkolenia-udt.pl\/es\/wp-json\/wp\/v2\/pages\/1905\/revisions\/2887"}],"up":[{"embeddable":true,"href":"https:\/\/szkolenia-udt.pl\/es\/wp-json\/wp\/v2\/pages\/1895"}],"wp:featuredmedia":[{"embeddable":true,"href":"https:\/\/szkolenia-udt.pl\/es\/wp-json\/wp\/v2\/media\/2000"}],"wp:attachment":[{"href":"https:\/\/szkolenia-udt.pl\/es\/wp-json\/wp\/v2\/media?parent=1905"}],"curies":[{"name":"wp","href":"https:\/\/api.w.org\/{rel}","templated":true}]}}