{"id":2087,"date":"2019-12-18T15:52:31","date_gmt":"2019-12-18T15:52:31","guid":{"rendered":"https:\/\/szkolenia-udt.pl\/?page_id=2087"},"modified":"2022-06-20T21:59:44","modified_gmt":"2022-06-20T19:59:44","slug":"categorias-de-licencias-udt","status":"publish","type":"page","link":"https:\/\/szkolenia-udt.pl\/es\/uprawnienia-udt\/kategorie-uprawnien-udt\/","title":{"rendered":"Categor\u00edas de permisos"},"content":{"rendered":"<div style=\"float: left; padding-right: 10px;\"><div id=\"metaslider-id-373\" style=\"max-width: 300px;\" class=\"ml-slider-3-109-0 metaslider metaslider-flex metaslider-373 ml-slider ms-theme-default nav-hidden\" role=\"region\" aria-label=\"Acerca de la empresa 2\" data-height=\"225\" data-width=\"300\">\n    <div id=\"metaslider_container_373\">\n        <div id=\"metaslider_373\">\n            <ul class='slides'>\n                <li style=\"display: block; width: 100%;\" class=\"slide-1109 ms-image\" aria-roledescription=\"slide\" data-date=\"2014-11-12 13:56:05\" data-filename=\"bizness3a.jpg\" data-slide-type=\"image\"><img loading=\"lazy\" decoding=\"async\" src=\"https:\/\/szkolenia-udt.pl\/wp-content\/uploads\/2014\/11\/bizness3a.jpg\" height=\"225\" width=\"300\" alt=\"capacitaci\u00f3n\" class=\"slider-373 slide-1109 msDefaultImage\" \/><\/li>\n                <li style=\"display: none; width: 100%;\" class=\"slide-1106 ms-image\" aria-roledescription=\"slide\" data-date=\"2014-11-12 13:56:03\" data-filename=\"biznes5a.jpg\" data-slide-type=\"image\"><img loading=\"lazy\" decoding=\"async\" src=\"https:\/\/szkolenia-udt.pl\/wp-content\/uploads\/2014\/11\/biznes5a.jpg\" height=\"225\" width=\"300\" alt=\"autoridad de inspecci\u00f3n t\u00e9cnica\" class=\"slider-373 slide-1106 msDefaultImage\" \/><\/li>\n                <li style=\"display: none; width: 100%;\" class=\"slide-1110 ms-image\" aria-roledescription=\"slide\" data-date=\"2014-11-12 14:04:12\" data-filename=\"meeting-2a.jpg\" data-slide-type=\"image\"><img loading=\"lazy\" decoding=\"async\" src=\"https:\/\/szkolenia-udt.pl\/wp-content\/uploads\/2014\/11\/meeting-2a.jpg\" height=\"225\" width=\"300\" alt=\"cursos de la udt\" class=\"slider-373 slide-1110 msDefaultImage\" \/><\/li>\n                <li style=\"display: none; width: 100%;\" class=\"slide-1199 ms-image\" aria-roledescription=\"slide\" data-date=\"2014-11-17 21:17:06\" data-filename=\"firma-5a.jpg\" data-slide-type=\"image\"><img loading=\"lazy\" decoding=\"async\" src=\"https:\/\/szkolenia-udt.pl\/wp-content\/uploads\/2014\/11\/firma-5a.jpg\" height=\"225\" width=\"300\" alt=\"montacargas varsovia montacargas\" class=\"slider-373 slide-1199 msDefaultImage\" \/><\/li>\n                <li style=\"display: none; width: 100%;\" class=\"slide-1196 ms-image\" aria-roledescription=\"slide\" data-date=\"2014-11-17 21:17:04\" data-filename=\"Firma-2a.jpg\" data-slide-type=\"image\"><img loading=\"lazy\" decoding=\"async\" src=\"https:\/\/szkolenia-udt.pl\/wp-content\/uploads\/2014\/11\/Firma-2a.jpg\" height=\"225\" width=\"300\" alt=\"\" class=\"slider-373 slide-1196 msDefaultImage\" \/><\/li>\n            <\/ul>\n        <\/div>\n        \n    <\/div>\n<\/div><\/div>\n<div class=\"wyjustuj\">\n<p>En esta p\u00e1gina encontrar\u00e1 una lista detallada de los equipos para los que se requiere una licencia UDT. Se trata de aparatos sujetos a supervisi\u00f3n t\u00e9cnica que requieren una formaci\u00f3n inicial para su manejo y la superaci\u00f3n de un examen ante un tribunal de la Oficina de Inspecci\u00f3n T\u00e9cnica. Eligiendo nuestro Centro de Perfeccionamiento del Personal, podr\u00e1 obtener autorizaciones UDT en el \u00e1rea de su elecci\u00f3n. Ofrecemos una formaci\u00f3n completa a precios asequibles, y nuestros m\u00e9todos de ense\u00f1anza hacen que pr\u00e1cticamente todos los participantes en las clases aprueben los ex\u00e1menes a la primera. Ofrecemos precios asequibles para los cursos, y como cooperamos con la Oficina, los ex\u00e1menes se organizan en horarios convenientes para nuestros clientes.Para m\u00e1s informaci\u00f3n sobre las autorizaciones UDT y los dispositivos t\u00e9cnicos sujetos a supervisi\u00f3n t\u00e9cnica, puede visitar nuestro sitio web en <a href=\"http:\/\/www.udt.gov.pl\" target=\"_blank\" rel=\"noopener noreferrer\">http:\/\/www.udt.gov.pl<\/a>. Cuando tenga preguntas sobre <a href=\"https:\/\/szkolenia-udt.pl\/es\/oferta\/\">Nuestros servicios<\/a> cursos de formaci\u00f3n o si desea solicitar formaci\u00f3n, p\u00f3ngase en contacto con nosotros <a href=\"https:\/\/szkolenia-udt.pl\/es\/kontakt\/\">Cont\u00e1ctenos<\/a> - \u00a1Responderemos tan pronto como sea posible!<\/p>\n<\/div>\n<div style=\"width: 100%;overflow: auto;\">\n<table>\n<tbody>\n<tr>\n<th style=\"text-align: center;\" colspan=\"3\">SERVICIO<\/th>\n<\/tr>\n<tr>\n<td colspan=\"2\">Tipos de dispositivos t\u00e9cnicos, cuyo funcionamiento requiere la posesi\u00f3n de calificaciones confirmadas por un certificado de calificaci\u00f3n<\/td>\n<td>Periodos de validez de los certificados de cualificaci\u00f3n (en a\u00f1os)<\/td>\n<\/tr>\n<tr>\n<td rowspan=\"2\">Cabrestantes y polipastos<\/td>\n<td>Polipastos y cabrestantes de uso general<\/td>\n<td>10<\/td>\n<\/tr>\n<tr>\n<td>Polipastos y cabrestantes de prop\u00f3sito general y especial<\/td>\n<td>5<\/td>\n<\/tr>\n<tr>\n<td rowspan=\"2\">Gr\u00faas<\/td>\n<td>Gr\u00faas, polipastos y cabrestantes de uso general<\/td>\n<td>10<\/td>\n<\/tr>\n<tr>\n<td>Gr\u00faas, polipastos y cabrestantes de uso general y especial<\/td>\n<td>5<\/td>\n<\/tr>\n<tr>\n<td rowspan=\"8\">Gr\u00faas<\/td>\n<td>Gr\u00faas estacionarias<\/td>\n<td>10<\/td>\n<\/tr>\n<tr>\n<td>Gr\u00faas m\u00f3viles y port\u00e1tiles<br \/>\n(le da derecho a operar gr\u00faas m\u00f3viles, port\u00e1tiles y estacionarias)<\/td>\n<td>10<\/td>\n<\/tr>\n<tr>\n<td>Gr\u00faas m\u00f3viles<br \/>\n(le da derecho a operar gr\u00faas m\u00f3viles, m\u00f3viles, port\u00e1tiles y estacionarias)<\/td>\n<td>5<\/td>\n<\/tr>\n<tr>\n<td>Gr\u00faas sobre ra\u00edles<\/td>\n<td>5<\/td>\n<\/tr>\n<tr>\n<td>Gr\u00faas torre y de montaje r\u00e1pido<br \/>\n(da derecho a operar gr\u00faas torre, de montaje r\u00e1pido y sobre ra\u00edles)<\/td>\n<td>5<\/td>\n<\/tr>\n<tr>\n<td>Gr\u00faas ferroviarias y sobre veh\u00edculos ferroviarios<\/td>\n<td>5<\/td>\n<\/tr>\n<tr>\n<td>Gr\u00faas de cubierta<\/td>\n<td>5<\/td>\n<\/tr>\n<tr>\n<td>Gr\u00faas flotantes<br \/>\n(autoriza para operar gr\u00faas flotantes y de cubierta)<\/td>\n<td>5<\/td>\n<\/tr>\n<tr>\n<td>Transelevadores<\/td>\n<td>Transelevadores<\/td>\n<td>10<\/td>\n<\/tr>\n<tr>\n<td>Montacargas<\/td>\n<td>Montacargas<\/td>\n<td>10<\/td>\n<\/tr>\n<tr>\n<td>Ascensores de barcos<\/td>\n<td>Ascensores de barcos<\/td>\n<td>10<\/td>\n<\/tr>\n<tr>\n<td rowspan=\"5\">Plataformas m\u00f3viles<\/td>\n<td>Plataformas m\u00f3viles estacionarias<\/td>\n<td>10<\/td>\n<\/tr>\n<tr>\n<td>Plataformas m\u00f3viles colgantes<br \/>\n(le da derecho a operar plataformas m\u00f3viles suspendidas y estacionarias)<\/td>\n<td>10<\/td>\n<\/tr>\n<tr>\n<td>Plataformas de escalada sobre m\u00e1stil<br \/>\n(le da derecho a operar plataformas m\u00f3viles fijas y de m\u00e1stil)<\/td>\n<td>10<\/td>\n<\/tr>\n<tr>\n<td>Plataformas m\u00f3viles m\u00f3viles<\/td>\n<td>5<\/td>\n<\/tr>\n<tr>\n<td>Plataformas en veh\u00edculos ferroviarios<\/td>\n<td>10<\/td>\n<\/tr>\n<tr>\n<td rowspan=\"2\">Carretillas elevadoras<\/td>\n<td>Carretillas elevadoras mec\u00e1nicas con accionamiento de elevaci\u00f3n con brazo y carretillas elevadoras el\u00e9ctricas con accionamiento de elevaci\u00f3n mec\u00e1nico con un operador que se eleva junto con la carga<br \/>\n(tambi\u00e9n le da derecho a manejar todos los dem\u00e1s <a href=\"https:\/\/szkolenia-udt.pl\/es\/kursy\/wozki-widlowe\/budowa-wozka-jezdniowego\/\">camiones industriales<\/a> gatos elevadores con accionamiento de elevaci\u00f3n mec\u00e1nico)<\/td>\n<td>5<\/td>\n<\/tr>\n<tr>\n<td>Carretillas elevadoras mec\u00e1nicas con accionamiento mec\u00e1nico de elevaci\u00f3n, excepto carretillas elevadoras con brazo y carretillas elevadoras con un operador que se eleva junto con la carga<\/td>\n<td>10<\/td>\n<\/tr>\n<tr>\n<td rowspan=\"2\">Gr\u00faas<\/td>\n<td>Gr\u00faas de construcci\u00f3n<br \/>\n(autoriza a operar ascensores de construcci\u00f3n de mercanc\u00edas y mercanc\u00edas y pasajeros, as\u00ed como ascensores de mercanc\u00edas)<\/td>\n<td>10<\/td>\n<\/tr>\n<tr>\n<td>Ascensores de mercanc\u00edas y pasajeros con control interno y hospital<br \/>\n(autoriza a operar ascensores de mercanc\u00edas y pasajeros con control interno y ascensores hospitalarios sin control de carga en cabina)<\/td>\n<td>10<\/td>\n<\/tr>\n<tr>\n<td>Gr\u00faas de cuerda<\/td>\n<td>Gr\u00faas de cuerda<\/td>\n<td>10<\/td>\n<\/tr>\n<tr>\n<td>Equipos de manipulaci\u00f3n de contenedores<\/td>\n<td>Dispositivos t\u00e9cnicos para el movimiento de contenedores durante los trabajos de recarga.<\/td>\n<td>10<\/td>\n<\/tr>\n<tr>\n<td>apiladores<\/td>\n<td>Pavimentadoras sobre orugas<\/td>\n<td>10<\/td>\n<\/tr>\n<tr>\n<td rowspan=\"6\">Telef\u00e9ricos<\/td>\n<td>Telef\u00e9ricos de carga<\/td>\n<td>10<\/td>\n<\/tr>\n<tr>\n<td>Ferrocarriles a\u00e9reos de pasajeros de un solo cable de movimiento circular con sillas no desmontables<\/td>\n<td>5<\/td>\n<\/tr>\n<tr>\n<td>Telef\u00e9ricos circulares de pasajeros de un solo cable, telesillas o g\u00f3ndolas con veh\u00edculos desmontables<\/td>\n<td>5<\/td>\n<\/tr>\n<tr>\n<td>Telef\u00e9ricos a\u00e9reos de pasajeros en g\u00f3ndola multicable con veh\u00edculos desmontables<\/td>\n<td>5<\/td>\n<\/tr>\n<tr>\n<td>Telef\u00e9ricos a\u00e9reos de pasajeros de uno o dos cables<\/td>\n<td>5<\/td>\n<\/tr>\n<tr>\n<td>Funiculares de pasajeros<\/td>\n<td>5<\/td>\n<\/tr>\n<tr>\n<td rowspan=\"4\">Ascensores para el movimiento de personas con fines tur\u00edsticos y deportivos<\/td>\n<td>Para esquiadores que se desplazan sobre nieve o suelo firme con gu\u00eda de cable alta o baja, con o sin soporte, dirigidos desde la plataforma o la sala de m\u00e1quinas<\/td>\n<td>5<\/td>\n<\/tr>\n<tr>\n<td>Soporte m\u00faltiple para esquiadores que se mueven por el agua con enrutamiento de cable circular alto<\/td>\n<td>5<\/td>\n<\/tr>\n<tr>\n<td>Soporte doble para esquiadores que se desplazan por el agua con tendido de cables alto o bajo, con movimiento inverso o circular<\/td>\n<td>5<\/td>\n<\/tr>\n<tr>\n<td>Ascensores de veh\u00edculos para toboganes de gravedad, toboganes con la infraestructura de la pista de descenso<\/td>\n<td>5<\/td>\n<\/tr>\n<tr>\n<td rowspan=\"2\">Plataformas m\u00f3viles y plataformas con unidades de accionamiento en puertos de transbordadores<\/td>\n<td>Plataformas m\u00f3viles con unidades de potencia en puertos de transbordadores mar\u00edtimos<\/td>\n<td>10<\/td>\n<\/tr>\n<tr>\n<td>Plataformas m\u00f3viles con unidades de potencia en puertos de transbordadores interiores<\/td>\n<td>10<\/td>\n<\/tr>\n<tr>\n<td>Tanques port\u00e1tiles<\/td>\n<td>Llenado de tanques de recipientes a presi\u00f3n port\u00e1tiles de capacidad superior a 350 cm3<\/td>\n<td>10<\/td>\n<\/tr>\n<tr>\n<td rowspan=\"3\"><a href=\"https:\/\/szkolenia-udt.pl\/es\/kursy\/uprawnienia-udt-tdt-wdt\/uno-tdt\/\">Equipos de llenado y vaciado de cisternas<\/a> transporte de materias peligrosas<\/td>\n<td>Equipos para el llenado y vaciado de tanques de transporte de materiales peligrosos de clase \u2026\u2026. seg\u00fan ADR \/ RID \/ ADN<\/td>\n<td>5<\/td>\n<\/tr>\n<tr>\n<td>Equipos para el llenado y vaciado de tanques de transporte de materiales peligrosos de clase \u2026\u2026 .. seg\u00fan ADR \/ RID \/ ADN<\/td>\n<td><\/td>\n<\/tr>\n<tr>\n<td>Armas de recarga portuaria para mercanc\u00edas peligrosas seg\u00fan IMDG<\/td>\n<td>5<\/td>\n<\/tr>\n<tr>\n<td rowspan=\"2\">Equipos para llenado y vaciado de tanques de transporte de materiales no peligrosos<\/td>\n<td>Equipos para llenar y vaciar tanques de transporte de materiales no peligrosos que se llenan, vac\u00edan o transportan bajo presi\u00f3n<\/td>\n<td>10<\/td>\n<\/tr>\n<tr>\n<td>Brazos de manipulaci\u00f3n portuaria para mercanc\u00edas no peligrosas<\/td>\n<td>10<\/td>\n<\/tr>\n<tr>\n<td rowspan=\"4\">Tanques para gas licuado o comprimido utilizados para alimentar motores de combusti\u00f3n interna en veh\u00edculos<\/td>\n<td>Llenado de dep\u00f3sitos de GLP instalados en sistemas el\u00e9ctricos de veh\u00edculos y embarcaciones de navegaci\u00f3n interior<\/td>\n<td>10<\/td>\n<\/tr>\n<tr>\n<td>Llenado de tanques de GNC instalados en sistemas el\u00e9ctricos de veh\u00edculos y embarcaciones de navegaci\u00f3n interior<\/td>\n<td>10<\/td>\n<\/tr>\n<tr>\n<td>Llenado de tanques de GNL instalados en sistemas de suministro de energ\u00eda para veh\u00edculos y embarcaciones de navegaci\u00f3n interior<\/td>\n<td>10<\/td>\n<\/tr>\n<tr>\n<td>Llenado de tanques de hidr\u00f3geno instalados en sistemas el\u00e9ctricos de veh\u00edculos y embarcaciones de navegaci\u00f3n interior<\/td>\n<td>10<\/td>\n<\/tr>\n<tr>\n<td>Calderas de vapor de capacidad superior a 2 dm3, destinadas a la producci\u00f3n de vapor a partir de un l\u00edquido utilizando el calor obtenido del combustible por reacci\u00f3n exot\u00e9rmica<\/td>\n<td>Calderas de vapor<\/td>\n<td>5<\/td>\n<\/tr>\n<tr>\n<td>Brochadoras para mover vagones en las v\u00edas.<\/td>\n<td>Brochadoras para mover vagones en las v\u00edas.<\/td>\n<td>10<\/td>\n<\/tr>\n<tr>\n<td rowspan=\"12\">Dispositivos de carga, descarga o alimentaci\u00f3n de carga en l\u00edneas tecnol\u00f3gicas de recarga<\/td>\n<td>Descargadores de vagones<\/td>\n<td>10<\/td>\n<\/tr>\n<tr>\n<td>Descargadores de barcos<\/td>\n<td>10<\/td>\n<\/tr>\n<tr>\n<td>volcadores de vagones<\/td>\n<td>10<\/td>\n<\/tr>\n<tr>\n<td>Cargadores, incluidos los marinos<\/td>\n<td>10<\/td>\n<\/tr>\n<tr>\n<td>apiladores<\/td>\n<td>10<\/td>\n<\/tr>\n<tr>\n<td>Apiladores-cargadores<\/td>\n<td>10<\/td>\n<\/tr>\n<tr>\n<td>Transportadores de cinta suspendidos<\/td>\n<td>10<\/td>\n<\/tr>\n<tr>\n<td>Comederos<\/td>\n<td>10<\/td>\n<\/tr>\n<tr>\n<td>transportadores<\/td>\n<td>10<\/td>\n<\/tr>\n<tr>\n<td>Telef\u00e9rico<\/td>\n<td>10<\/td>\n<\/tr>\n<tr>\n<td>Dispositivos de transporte neum\u00e1tico para materiales a granel<\/td>\n<td>10<\/td>\n<\/tr>\n<tr>\n<td>Apiladores-cargadores y alimentadores<\/td>\n<td>10<\/td>\n<\/tr>\n<tr>\n<td rowspan=\"8\">Dispositivos especializados sujetos a supervisi\u00f3n t\u00e9cnica militar<\/td>\n<td>Tanques de presi\u00f3n port\u00e1tiles de aeronaves, embarcaciones y veh\u00edculos de combate pertenecientes a las Fuerzas Armadas de la Rep\u00fablica de Polonia - en cuanto a su llenado<\/td>\n<td>10<\/td>\n<\/tr>\n<tr>\n<td>Equipos para el llenado de armas y equipo militar.<\/td>\n<td>10<\/td>\n<\/tr>\n<tr>\n<td>Tuber\u00edas de campo para el transporte de combustibles l\u00edquidos<\/td>\n<td>10<\/td>\n<\/tr>\n<tr>\n<td>Dispositivos de carga y descarga para puentes militares<\/td>\n<td>10<\/td>\n<\/tr>\n<tr>\n<td>Dispositivos mec\u00e1nicos de carga y lanzamiento de cohetes<\/td>\n<td>10<\/td>\n<\/tr>\n<tr>\n<td>Dispositivos mec\u00e1nicos de carga de torpedos<\/td>\n<td>10<\/td>\n<\/tr>\n<tr>\n<td>Aparatos de entrenamiento para paracaidismo<\/td>\n<td>10<\/td>\n<\/tr>\n<tr>\n<td>Cabrestantes utilizados para mover personas o mercanc\u00edas peligrosas utilizados en aeronaves, embarcaciones, veh\u00edculos de combate y veh\u00edculos pertenecientes a las Fuerzas Armadas de la Rep\u00fablica de Polonia<\/td>\n<td>10<\/td>\n<\/tr>\n<\/tbody>\n<\/table>\n<\/div>","protected":false},"excerpt":{"rendered":"<p>Na tej stronie znajdziesz szczeg\u00f3\u0142owy wykaz urz\u0105dze\u0144, do kt\u00f3rych obs\u0142ugi potrzebne s\u0105 uprawnienia UDT. S\u0105 to urz\u0105dzenia podlegaj\u0105ce dozorowi technicznemu i wymagaj\u0105ce pocz\u0105tkowego przeszkolenia do obs\u0142ugi oraz zdania egzaminu przed komisj\u0105 Urz\u0119du Dozoru Technicznego. Wybieraj\u0105c nasz O\u015brodek Doskonalenia Kadr, mo\u017cesz uzyska\u0107 uprawnienia UDT w wybranym przez siebie zakresie. Zapewniamy kompleksowe przeszkolenie w przyst\u0119pnych cenach, a [&hellip;]<\/p>\n","protected":false},"author":3,"featured_media":0,"parent":37,"menu_order":0,"comment_status":"closed","ping_status":"closed","template":"","meta":{"footnotes":""},"class_list":["post-2087","page","type-page","status-publish","hentry"],"aioseo_notices":[],"_links":{"self":[{"href":"https:\/\/szkolenia-udt.pl\/es\/wp-json\/wp\/v2\/pages\/2087","targetHints":{"allow":["GET"]}}],"collection":[{"href":"https:\/\/szkolenia-udt.pl\/es\/wp-json\/wp\/v2\/pages"}],"about":[{"href":"https:\/\/szkolenia-udt.pl\/es\/wp-json\/wp\/v2\/types\/page"}],"author":[{"embeddable":true,"href":"https:\/\/szkolenia-udt.pl\/es\/wp-json\/wp\/v2\/users\/3"}],"replies":[{"embeddable":true,"href":"https:\/\/szkolenia-udt.pl\/es\/wp-json\/wp\/v2\/comments?post=2087"}],"version-history":[{"count":8,"href":"https:\/\/szkolenia-udt.pl\/es\/wp-json\/wp\/v2\/pages\/2087\/revisions"}],"predecessor-version":[{"id":2911,"href":"https:\/\/szkolenia-udt.pl\/es\/wp-json\/wp\/v2\/pages\/2087\/revisions\/2911"}],"up":[{"embeddable":true,"href":"https:\/\/szkolenia-udt.pl\/es\/wp-json\/wp\/v2\/pages\/37"}],"wp:attachment":[{"href":"https:\/\/szkolenia-udt.pl\/es\/wp-json\/wp\/v2\/media?parent=2087"}],"curies":[{"name":"wp","href":"https:\/\/api.w.org\/{rel}","templated":true}]}}