{"id":2102,"date":"2020-01-05T22:13:44","date_gmt":"2020-01-05T22:13:44","guid":{"rendered":"https:\/\/szkolenia-udt.pl\/?page_id=2102"},"modified":"2020-01-05T22:17:00","modified_gmt":"2020-01-05T22:17:00","slug":"formacion-sobre-proteccion-de-datos-personales-rodo-varsovia","status":"publish","type":"page","link":"https:\/\/szkolenia-udt.pl\/es\/kursy\/szkolenie-z-ochrony-danych-osobowych-rodo-warszawa\/","title":{"rendered":"Capacitaci\u00f3n en protecci\u00f3n de datos personales GDPR - Varsovia y toda Polonia"},"content":{"rendered":"<p>El 25 de mayo de 2018 entra en vigor RODO, el nuevo reglamento de protecci\u00f3n de datos de la UE. Por lo tanto, a todo responsable del tratamiento de datos le interesa enviar al empleado encargado de las cuestiones de protecci\u00f3n de datos a la formaci\u00f3n de RODO.<\/p>\n<p>Seg\u00fan la \u00faltima legislaci\u00f3n, los responsables del tratamiento de datos s\u00f3lo tendr\u00e1n 72 horas para notificar una violaci\u00f3n de datos personales. Varias instituciones y empresas tambi\u00e9n tendr\u00e1n que nombrar a un IDO (Responsable de Protecci\u00f3n de Datos). Tambi\u00e9n se est\u00e1 actualizando la normativa sobre el tratamiento de datos personales. Los controladores que no cumplan la normativa se arriesgan a fuertes sanciones econ\u00f3micas.<\/p>\n<p>Dirigido por nuestro <a href=\"https:\/\/szkolenia-udt.pl\/es\/o-firmie\/\">Centro de formaci\u00f3n de operadores<\/a> El curso RODO incluye un amplio conjunto de informaci\u00f3n te\u00f3rica y pr\u00e1ctica de acuerdo con la \u00faltima normativa de la UE.<\/p>\n<p><strong>Durante la formaci\u00f3n, se ofrece informaci\u00f3n como:<\/strong><\/p>\n<ul>\n<li>fundamentos jur\u00eddicos del tratamiento de datos personales<\/li>\n<li>definiciones b\u00e1sicas de protecci\u00f3n de datos<\/li>\n<li>estructura organizativa para la protecci\u00f3n de datos personales<\/li>\n<li>principios relativos al tratamiento de datos personales<\/li>\n<li>condiciones para dar el consentimiento al tratamiento de datos personales<\/li>\n<li>tratamiento de categor\u00edas especiales de datos personales<\/li>\n<li>el derecho de acceso del interesado<\/li>\n<li>tareas del controlador de datos y del controlador<\/li>\n<li>procesador de datos personales<\/li>\n<li>estatus y tareas del responsable de la protecci\u00f3n de datos<\/li>\n<li>registro de las operaciones de tratamiento<\/li>\n<li>condiciones generales para la imposici\u00f3n de multas administrativas<\/li>\n<\/ul>\n<p>El precio del curso de formaci\u00f3n tambi\u00e9n incluye el catering y una pausa para el almuerzo.<\/p>\n<p><strong>Precio<\/strong><\/p>\n<p>Nuestra formaci\u00f3n en materia de datos est\u00e1 disponible a un precio asequible; puede obtener m\u00e1s informaci\u00f3n en el sitio web y dirigirse a nuestros especialistas por tel\u00e9fono y correo electr\u00f3nico<\/p>\n<p><strong>\u00bfD\u00f3nde operamos?<\/strong><\/p>\n<p>Las clases se organizan en nuestro centro de la ciudad de Varsovia.<\/p>\n<p>Si tiene m\u00e1s preguntas sobre <a href=\"https:\/\/szkolenia-udt.pl\/es\/oferta\/\">nuestra oferta<\/a> quedamos a su disposici\u00f3n.<\/p>\n<p>Damos la bienvenida a todo aquel que quiera saber c\u00f3mo ser\u00e1 la protecci\u00f3n de datos en la pr\u00e1ctica con la \u00faltima legislaci\u00f3n de la UE.<\/p>","protected":false},"excerpt":{"rendered":"<p>25 maja 2018 roku wchodzi w \u017cycie RODO, czyli nowe unijne rozporz\u0105dzenie dotycz\u0105ce ochrony danych osobowych. W zwi\u0105zku z tym w interesie ka\u017cdego administratora danych jest wys\u0142anie pracownika odpowiedzialnego za kwestie ochrony danych na szkolenie RODO. Zgodnie z najnowszymi przepisami administratorzy danych b\u0119d\u0105 mieli tylko 72 godziny na zg\u0142oszenie faktu naruszenia danych osobowych. W szeregu [&hellip;]<\/p>\n","protected":false},"author":3,"featured_media":0,"parent":22,"menu_order":0,"comment_status":"closed","ping_status":"closed","template":"","meta":{"footnotes":""},"class_list":["post-2102","page","type-page","status-publish","hentry"],"aioseo_notices":[],"_links":{"self":[{"href":"https:\/\/szkolenia-udt.pl\/es\/wp-json\/wp\/v2\/pages\/2102","targetHints":{"allow":["GET"]}}],"collection":[{"href":"https:\/\/szkolenia-udt.pl\/es\/wp-json\/wp\/v2\/pages"}],"about":[{"href":"https:\/\/szkolenia-udt.pl\/es\/wp-json\/wp\/v2\/types\/page"}],"author":[{"embeddable":true,"href":"https:\/\/szkolenia-udt.pl\/es\/wp-json\/wp\/v2\/users\/3"}],"replies":[{"embeddable":true,"href":"https:\/\/szkolenia-udt.pl\/es\/wp-json\/wp\/v2\/comments?post=2102"}],"version-history":[{"count":2,"href":"https:\/\/szkolenia-udt.pl\/es\/wp-json\/wp\/v2\/pages\/2102\/revisions"}],"predecessor-version":[{"id":2105,"href":"https:\/\/szkolenia-udt.pl\/es\/wp-json\/wp\/v2\/pages\/2102\/revisions\/2105"}],"up":[{"embeddable":true,"href":"https:\/\/szkolenia-udt.pl\/es\/wp-json\/wp\/v2\/pages\/22"}],"wp:attachment":[{"href":"https:\/\/szkolenia-udt.pl\/es\/wp-json\/wp\/v2\/media?parent=2102"}],"curies":[{"name":"wp","href":"https:\/\/api.w.org\/{rel}","templated":true}]}}