{"id":2115,"date":"2020-03-20T19:24:15","date_gmt":"2020-03-20T19:24:15","guid":{"rendered":"https:\/\/szkolenia-udt.pl\/?page_id=2115"},"modified":"2024-10-23T12:39:19","modified_gmt":"2024-10-23T10:39:19","slug":"e-tipos","status":"publish","type":"page","link":"https:\/\/szkolenia-udt.pl\/es\/e-kursy\/","title":{"rendered":"Licencias UDT\/G1, G2, G3\/BHP, \u00bfy el coronavirus? - CON NOSOTROS SI! Cursos en l\u00ednea OSO!"},"content":{"rendered":"<p style=\"text-align: center;\"><strong>Damas y caballeros,<\/strong><\/p>\n<p>CSO implementa la educaci\u00f3n #BHP #UDT #TDT #G1, <a href=\"https:\/\/szkolenia-udt.pl\/es\/kursy\/sep-g1-g2-g3\/g2\/\">G2<\/a>, <a href=\"https:\/\/szkolenia-udt.pl\/es\/kursy\/sep-g1-g2-g3\/g3\/\">G3<\/a> utilizando la tecnolog\u00eda moderna e Internet, en forma de e-learning y webinars en l\u00ednea - transmisi\u00f3n de audio y v\u00eddeo en tiempo real.<\/p>\n<p>Nuestros cursos electr\u00f3nicos #UDT #TDT #G1, G2, G3 #BHP y # Altitud en el acceso a la construcci\u00f3n, as\u00ed como para se\u00f1alizadores #H o # est\u00e1n disponibles en el sitio web<\/p>\n<p>Una vez ordenada la formaci\u00f3n:<\/p>\n<ol>\n<li>Se le dar\u00e1 acceso en forma de nombre de usuario y contrase\u00f1a para entrar en la sala de conferencias en el <a href=\"\/\/testy-udt.edu.pl\/\" rel=\"nofollow\">strefa.edu.pl.<\/a><\/li>\n<li>El profesor imparte las clases a distancia \"en directo\", utilizando m\u00e9todos basados en la actividad, educando a los participantes, entre otras cosas: mediante conferencias, tareas, pruebas y debates, y encuestas\/pruebas.<\/li>\n<li>Tras la formaci\u00f3n, pone a prueba los conocimientos de los participantes, ya sea de forma oral o mediante una prueba electr\u00f3nica.<\/li>\n<\/ol>\n<div>\n<div style=\"float: right;\"><\/div>\n<div><img loading=\"lazy\" decoding=\"async\" width=\"300\" height=\"168\" class=\"alignnone size-medium wp-image-2126\" style=\"max-width: 250px;\" src=\"https:\/\/szkolenia-udt.pl\/wp-content\/uploads\/2020\/03\/foto2-300x168.jpg\" alt=\"&quot;\/\" srcset=\"https:\/\/szkolenia-udt.pl\/wp-content\/uploads\/2020\/03\/foto2-300x168.jpg 300w, https:\/\/szkolenia-udt.pl\/wp-content\/uploads\/2020\/03\/foto2.jpg 656w\" sizes=\"auto, (max-width: 300px) 100vw, 300px\" \/><\/div>\n<\/div>\n<p><a href=\"\/\/testy-udt.edu.pl\/\" rel=\"nofollow\">zone.edu.pl<\/a>\u00a0no es s\u00f3lo el acceso a los materiales, los v\u00eddeos de formaci\u00f3n y el generador de pruebas UDT, sino tambi\u00e9n a las salas virtuales para conectar con el formador. Cada participante accede a la formaci\u00f3n en el momento acordado iniciando sesi\u00f3n en nuestro sistema utilizando, por ejemplo, una tableta o un ordenador port\u00e1til en el trabajo o en casa.<\/p>\n<p>El sistema permite a los formadores realizar presentaciones multimedia PPTX\/PDF, proyecciones de pel\u00edculas y transmisi\u00f3n de audio\/v\u00eddeo en tiempo real: seminarios web.<\/p>\n<div>El centro tambi\u00e9n ofrece formaci\u00f3n en l\u00ednea en forma de seminario web para un grupo organizado de personas en sus oficinas y salas en las instalaciones del cliente. El requisito m\u00ednimo es una conexi\u00f3n estable a Internet, un proyector o un televisor y un ordenador, por ejemplo un port\u00e1til con altavoces externos (se puede alquilar\/enviar un equipo de videoconferencia).<\/div>\n<div style=\"float: right;\"><img loading=\"lazy\" decoding=\"async\" class=\"alignnone size-medium wp-image-2123\" src=\"https:\/\/szkolenia-udt.pl\/wp-content\/uploads\/2020\/03\/ekurs-300x169.jpg\" alt=\"\" width=\"300\" height=\"169\" srcset=\"https:\/\/szkolenia-udt.pl\/wp-content\/uploads\/2020\/03\/ekurs-300x169.jpg 300w, https:\/\/szkolenia-udt.pl\/wp-content\/uploads\/2020\/03\/ekurs.jpg 622w\" sizes=\"auto, (max-width: 300px) 100vw, 300px\" \/><\/div>\n<p>Si hay demanda para la organizaci\u00f3n de clases pr\u00e1cticas, el Centro organiza dichas clases y los ex\u00e1menes UDT, TDT. <a href=\"https:\/\/szkolenia-udt.pl\/es\/kursy\/sep-g1-g2-g3\/komisje-certyfikujace-sep-pse-simp-sitps\/\">BUITRE<\/a>que son realizadas por comit\u00e9s de calificaci\u00f3n externos en las instalaciones de ense\u00f1anza y aprendizaje del Centro y en los locales del cliente. Las clases pueden programarse individualmente para cada participante o en peque\u00f1os grupos de 3 a 8 personas.<\/p>\n<p>Las soluciones anteriores se basan en una ense\u00f1anza basada en m\u00e9todos de activaci\u00f3n, al tiempo que dicha forma reduce el tiempo de formaci\u00f3n, entre otras cosas, por el desplazamiento a las sesiones de formaci\u00f3n te\u00f3rica en grupo. Los m\u00e9todos presentados anteriormente tambi\u00e9n minimizan eficazmente los riesgos empresariales y profesionales.<\/p>\n<p>Estamos deseando trabajar con usted.<\/p>\n<div class=\"kontakt-txt\">INSCRIPCI\u00d3N: <span style=\"font-size: 28px;\">+48 504 477 077<\/span><\/div>\n<p><span style=\"font-size: 26px;\">OFRECEMOS FORMACI\u00d3N EN:<\/span><\/p>\n<ul>\n<li>SEP:\n<ul>\n<li>G-1 (ingenier\u00eda el\u00e9ctrica)<\/li>\n<li>G-2 (calor, compresores)<\/li>\n<li>G-3 (gases)<\/li>\n<li>trabajos de inspecci\u00f3n y medici\u00f3n de equipos e instalaciones el\u00e9ctricas<\/li>\n<\/ul>\n<\/li>\n<li>carretillas elevadoras\n<ul>\n<li>elevaci\u00f3n (manipulaci\u00f3n)<\/li>\n<li>Bah\u00eda alta \/ El\u00e9ctrica<\/li>\n<li>motores de combusti\u00f3n con cambio de cilindros de GLP (servicio)<\/li>\n<li>elevaci\u00f3n del operario con la carga (manipulaci\u00f3n)<\/li>\n<li>con voladizo variable (operaci\u00f3n)<\/li>\n<li>Carretillas elevadoras (mantenimiento)<\/li>\n<\/ul>\n<\/li>\n<li>manipuladores telesc\u00f3picos, Manitou, (funcionamiento)<\/li>\n<li>plataformas m\u00f3viles (funcionamiento)\n<ul>\n<li>elevadores de tijera y elevadores de pluma de rueda libre (funcionamiento)<\/li>\n<li>plataformas m\u00f3viles ara\u00f1as (operador)<\/li>\n<li>plataformas a\u00e9reas de trabajo, plataformas montadas sobre cami\u00f3n (servicio)<\/li>\n<li>elevador de tijera, elevador de brazo PEMP ISO 18878 (manipulaci\u00f3n)<\/li>\n<li>Colgado (servicio)<\/li>\n<li>estacionario<\/li>\n<li>tope<\/li>\n<li>Mantenedor de equipos UDT<\/li>\n<li>plataformas a\u00e9reas de trabajo (mantenimiento)<\/li>\n<li>carga, incluido el transporte de pasajeros (mantenimiento)<\/li>\n<li>estacionario, colgante y m\u00e1stil (mantenimiento)<\/li>\n<li>en veh\u00edculos ferroviarios (mantenimiento)<\/li>\n<li>en veh\u00edculos ferroviarios (funcionamiento)<\/li>\n<\/ul>\n<\/li>\n<li>equipamiento para discapacitados (mantenimiento)<\/li>\n<li><a href=\"https:\/\/szkolenia-udt.pl\/es\/kursy\/prace-wysokosciowe\/\">curso de gran altitud<\/a> (alpinismo), incluyendo: escalador industrial; formaci\u00f3n de altitud de nivel 1; formaci\u00f3n de acceso mediante cuerdas ; <span style=\"display:none;\">Derechos IRATA<\/span><\/li>\n<li>formaci\u00f3n en altura: manejo de arneses\/ arn\u00e9s\/ trabajo en altura manejo de equipos de protecci\u00f3n individual<\/li>\n<li>gr\u00faas:\n<ul>\n<li>controlada desde el nivel de trabajo y desde la cabina para uso general\/especial (operaci\u00f3n)<\/li>\n<li>prop\u00f3sito general y\/o especial (mantenimiento)<\/li>\n<\/ul>\n<\/li>\n<li>cabrestantes generales y\/o especiales y cabrestantes controlados desde el nivel de trabajo y la cabina (manipulaci\u00f3n)<\/li>\n<li>cabrestantes y polipastos generales y\/o especiales (mantenimiento)<\/li>\n<li>gr\u00faas:\n<ul>\n<li>torre (servicio)<\/li>\n<li>torres (mantenimiento)<\/li>\n<li>autopropulsadas \/ gr\u00faas (manipulaci\u00f3n)<\/li>\n<li>gr\u00faas (nombre com\u00fan) - gr\u00faas m\u00f3viles (manipulaci\u00f3n)<\/li>\n<li>autopropulsadas \/ gr\u00faas (mantenimiento)<\/li>\n<li>HDS m\u00f3vil (manipulaci\u00f3n)<\/li>\n<li>HDS m\u00f3vil (mantenimiento)<\/li>\n<li>estacionario (servicio)<\/li>\n<li>estacionario (mantenimiento)<\/li>\n<li>ferrocarriles y en veh\u00edculos ferroviarios (explotaci\u00f3n)<\/li>\n<li>ferrocarril (funcionamiento)<\/li>\n<li>ferrocarriles y en veh\u00edculos ferroviarios (mantenimiento)<\/li>\n<li>construcci\u00f3n naval y portuaria (mantenimiento)<\/li>\n<li>a bordo (mantenimiento)<\/li>\n<li>flotante (mantenimiento)<\/li>\n<li>a bordo (funcionamiento)<\/li>\n<li>flotante (manipulaci\u00f3n)<\/li>\n<\/ul>\n<\/li>\n<li>UNO - Equipo de llenado y vaciado de cisternas de transporte de materias peligrosas<\/li>\n<li>soldadura y soldadura de pl\u00e1sticos (seg\u00fan la norma ISO13067, soldadura por electrofusi\u00f3n y a tope)<\/li>\n<li>gancho, se\u00f1alizador (operaci\u00f3n segura de eslingas)<\/li>\n<li>aparejador de ganchos<\/li>\n<li>Se\u00f1alizador\/Slinger (bankman) gancho-se\u00f1alizador<\/li>\n<li>transelevadores (mantenimiento)<\/li>\n<li>transelevadores (funcionamiento)<\/li>\n<li>ascensores de mercanc\u00edas (servicio)<\/li>\n<li>montacargas (mantenimiento)<\/li>\n<li>ascensores de barcos<\/li>\n<li>elevadores de cargas, incluidos los veh\u00edculos (mantenimiento)<\/li>\n<li>gatos para la elevaci\u00f3n de veh\u00edculos ferroviarios (mantenimiento)<\/li>\n<li>gatos montados en veh\u00edculos, incluidos los desplazadores y niveladores para la suspensi\u00f3n y el ajuste de la l\u00ednea a\u00e9rea de contacto (mantenimiento)<\/li>\n<li>ascensores de barcos<\/li>\n<li>equipos de manipulaci\u00f3n de contenedores - Reachstacker, Kalmry<\/li>\n<li>gr\u00faas:\n<ul>\n<li>construcci\u00f3n (ascensores) (funcionamiento)<\/li>\n<li>Pasajeros, mercanc\u00edas (ascensores) (servicio)<\/li>\n<li>veh\u00edculos el\u00e9ctricos de pasajeros y de carga (mantenimiento)<\/li>\n<li>Veh\u00edculos de pasajeros y de carga con accionamiento hidr\u00e1ulico (mantenimiento)<\/li>\n<li>construcci\u00f3n (mantenimiento)<\/li>\n<\/ul>\n<\/li>\n<li>corte con acetileno-ox\u00edgeno, plasma y soplete el\u00e9ctrico<\/li>\n<li>soldadura<\/li>\n<li>soldadura (m\u00e9todo de soldadura)<\/li>\n<li>soldadura de fibras opticas<\/li>\n<li>pintor de arena<\/li>\n<li>andamio<\/li>\n<li>excavadoras<\/li>\n<li>TDT<\/li>\n<li>UDT<\/li>\n<li>arrastradores para mover los vagones sobre las v\u00edas<\/li>\n<li>carga, descarga o transferencia de equipos (funcionamiento\/mantenimiento) en l\u00edneas de manipulaci\u00f3n<\/li>\n<li>Equipos a presi\u00f3n - Cisternas transportables - Cilindros (ox\u00edgeno, nitr\u00f3geno, arg\u00f3n, hidr\u00f3geno, aire)<\/li>\n<li>inspecciones de eslingas, Inspecciones de eslingas<\/li>\n<li>formaci\u00f3n en salud y seguridad\n<ul>\n<li>para los trabajadores<\/li>\n<li>para el personal t\u00e9cnico y de ingenier\u00eda<\/li>\n<li>para el personal reci\u00e9n contratado<\/li>\n<li>para las personas que realizan trabajos peligrosos<\/li>\n<li>para el personal administrativo y de oficina<\/li>\n<li>para empresarios y directivos<\/li>\n<li>para el servicio de salud y seguridad en el trabajo<\/li>\n<\/ul>\n<\/li>\n<li>protecci\u00f3n jur\u00eddica del trabajo<\/li>\n<li>primeros auxilios<\/li>\n<li>fuego<\/li>\n<li>HACCP<\/li>\n<\/ul>","protected":false},"excerpt":{"rendered":"<p>Szanowni Pa\u0144stwo, OSO wdra\u017ca edukacj\u0119 #BHP #UDT #TDT #G1, G2, G3 przy wykorzystaniu nowoczesnej technologii i Internetu, w formie on-line czyli e-learningu oraz webinari\u00f3w &#8211; transmisji audio-wideo w czasie rzeczywistym. Nasze E-Kursy #UDT\u00a0 #TDT #G1, G2, G3 \u00a0#BHP oraz #Wysoko\u015bciowe w dost\u0119pie budowlanym, a tak\u017ce dla #Hakowych czy #Sygnalist\u00f3w s\u0105 dost\u0119pne na stronie Po zam\u00f3wieniu [&hellip;]<\/p>\n","protected":false},"author":3,"featured_media":0,"parent":0,"menu_order":0,"comment_status":"closed","ping_status":"closed","template":"","meta":{"footnotes":""},"class_list":["post-2115","page","type-page","status-publish","hentry"],"aioseo_notices":[],"_links":{"self":[{"href":"https:\/\/szkolenia-udt.pl\/es\/wp-json\/wp\/v2\/pages\/2115","targetHints":{"allow":["GET"]}}],"collection":[{"href":"https:\/\/szkolenia-udt.pl\/es\/wp-json\/wp\/v2\/pages"}],"about":[{"href":"https:\/\/szkolenia-udt.pl\/es\/wp-json\/wp\/v2\/types\/page"}],"author":[{"embeddable":true,"href":"https:\/\/szkolenia-udt.pl\/es\/wp-json\/wp\/v2\/users\/3"}],"replies":[{"embeddable":true,"href":"https:\/\/szkolenia-udt.pl\/es\/wp-json\/wp\/v2\/comments?post=2115"}],"version-history":[{"count":33,"href":"https:\/\/szkolenia-udt.pl\/es\/wp-json\/wp\/v2\/pages\/2115\/revisions"}],"predecessor-version":[{"id":5634,"href":"https:\/\/szkolenia-udt.pl\/es\/wp-json\/wp\/v2\/pages\/2115\/revisions\/5634"}],"wp:attachment":[{"href":"https:\/\/szkolenia-udt.pl\/es\/wp-json\/wp\/v2\/media?parent=2115"}],"curies":[{"name":"wp","href":"https:\/\/api.w.org\/{rel}","templated":true}]}}