{"id":231,"date":"2014-10-08T17:04:53","date_gmt":"2014-10-08T17:04:53","guid":{"rendered":"http:\/\/szkolenia-udt.pl\/?page_id=231"},"modified":"2022-09-01T22:07:21","modified_gmt":"2022-09-01T20:07:21","slug":"conducir-una-carretilla-elevadora","status":"publish","type":"page","link":"https:\/\/szkolenia-udt.pl\/es\/kursy\/wozki-widlowe\/kierowanie-wozkami-jezdniowymi\/","title":{"rendered":"Conducir camiones industriales"},"content":{"rendered":"<div style=\"float: left; padding-right: 10px;\"><div id=\"metaslider-id-396\" style=\"max-width: 300px;\" class=\"ml-slider-3-107-0 metaslider metaslider-flex metaslider-396 ml-slider ms-theme-default nav-hidden\" role=\"region\" aria-label=\"carretillas elevadoras\" data-height=\"225\" data-width=\"300\">\n    <div id=\"metaslider_container_396\">\n        <div id=\"metaslider_396\">\n            <ul class='slides'>\n                <li style=\"display: block; width: 100%;\" class=\"slide-400 ms-image\" aria-roledescription=\"slide\" data-date=\"2014-10-10 12:07:59\" data-filename=\"6260676228_3a0fdacf7d_o.jpg\" data-slide-type=\"image\"><img loading=\"lazy\" decoding=\"async\" src=\"https:\/\/szkolenia-udt.pl\/wp-content\/uploads\/2014\/10\/6260676228_3a0fdacf7d_o.jpg\" height=\"225\" width=\"300\" alt=\"M\u00e1quina elevadora\" class=\"slider-396 slide-400 msDefaultImage\" \/><\/li>\n                <li style=\"display: none; width: 100%;\" class=\"slide-577 ms-image\" aria-roledescription=\"slide\" data-date=\"2014-10-12 05:27:57\" data-filename=\"Szkolenia-w\u00f3zki-wid\u0142owe.jpg\" data-slide-type=\"image\"><img loading=\"lazy\" decoding=\"async\" src=\"https:\/\/szkolenia-udt.pl\/wp-content\/uploads\/2014\/10\/Szkolenia-w\u00f3zki-wid\u0142owe.jpg\" height=\"225\" width=\"300\" alt=\"Carretillas elevadoras de formaci\u00f3n\" class=\"slider-396 slide-577 msDefaultImage\" \/><\/li>\n                <li style=\"display: none; width: 100%;\" class=\"slide-578 ms-image\" aria-roledescription=\"slide\" data-date=\"2014-10-12 05:34:04\" data-filename=\"W\u00f3zki-wid\u0142owe-UDT.jpg\" data-slide-type=\"image\"><img loading=\"lazy\" decoding=\"async\" src=\"https:\/\/szkolenia-udt.pl\/wp-content\/uploads\/2014\/10\/W\u00f3zki-wid\u0142owe-UDT.jpg\" height=\"225\" width=\"300\" alt=\"\" class=\"slider-396 slide-578 msDefaultImage\" \/><\/li>\n                <li style=\"display: none; width: 100%;\" class=\"slide-1205 ms-image\" aria-roledescription=\"slide\" data-date=\"2014-11-17 21:31:17\" data-filename=\"wozki3a.jpg\" data-slide-type=\"image\"><img loading=\"lazy\" decoding=\"async\" src=\"https:\/\/szkolenia-udt.pl\/wp-content\/uploads\/2014\/11\/wozki3a.jpg\" height=\"225\" width=\"300\" alt=\"\" class=\"slider-396 slide-1205 msDefaultImage\" \/><\/li>\n                <li style=\"display: none; width: 100%;\" class=\"slide-1204 ms-image\" aria-roledescription=\"slide\" data-date=\"2014-11-17 21:31:16\" data-filename=\"wozki2a.jpg\" data-slide-type=\"image\"><img loading=\"lazy\" decoding=\"async\" src=\"https:\/\/szkolenia-udt.pl\/wp-content\/uploads\/2014\/11\/wozki2a.jpg\" height=\"225\" width=\"300\" alt=\"\" class=\"slider-396 slide-1204 msDefaultImage\" \/><\/li>\n            <\/ul>\n        <\/div>\n        \n    <\/div>\n<\/div><\/div>\n<div class=\"wyjustuj\">\n<p>Hoy en d\u00eda, las carretillas elevadoras se utilizan ampliamente en los centros log\u00edsticos, los almacenes y las salas de venta, as\u00ed como en la producci\u00f3n o la industria. Son fiables e indispensables en la manipulaci\u00f3n de materiales y permiten mover las cargas con rapidez y facilidad, incluso entre estanter\u00edas estrechas.Para trabajar como operador de carretillas elevadoras, es necesario realizar un curso de carretillero. Proporciona informaci\u00f3n te\u00f3rica y te permite participar en ejercicios sobre el manejo de la m\u00e1quina, para que luego puedas hacer el examen y recibir tu licencia. Entre otras cosas, el curso aborda el control correcto de las carretillas elevadoras, que es crucial para la seguridad laboral.<\/p>\n<p><strong>Debido a su estructura, se pueden realizar varios tipos de movimientos al manejar una carretilla elevadora:<\/strong><\/p>\n<ul>\n<li>control de la pista del propio dispositivo<\/li>\n<li>control de un m\u00e1stil que lleva un carro con horquillas<\/li>\n<li>controlar las horquillas sobre las que se coloca la carga<\/li>\n<\/ul>\n<p>El control de las carretillas elevadoras es similar al de los coches. Las m\u00e1quinas est\u00e1n equipadas con un volante, as\u00ed como con pedales de gas y de freno en la mayor\u00eda de los modelos. Adem\u00e1s, algunos tipos tienen un embrague. Las marchas suelen ser dos: la m\u00e1s r\u00e1pida y la m\u00e1s lenta. Las carretillas elevadoras pueden funcionar con electricidad y con bater\u00edas, y tambi\u00e9n pueden tener un motor de combusti\u00f3n interna est\u00e1ndar. Nuestro curso de operador de carretillas elevadoras se centra en la construcci\u00f3n del equipo.<\/p>\n<p>A la hora de dirigir, es importante tener en cuenta que las carretillas con conductor son mucho m\u00e1s maniobrables que los coches. El peque\u00f1o radio de giro los hace dif\u00edciles de conducir para los conductores inexpertos. Permite a la carretilla elevadora circular entre las estanter\u00edas sin problemas, ya que se simplifican las maniobras incluso en un espacio reducido, pero al mismo tiempo es importante recordar las normas de seguridad para no provocar un accidente. La causa m\u00e1s com\u00fan de accidentes para el operario <a href=\"https:\/\/szkolenia-udt.pl\/es\/kursy\/wozki-widlowe\/budowa-wozka-jezdniowego\/\">carretilla elevadora<\/a> es una gu\u00eda inadecuada durante la carga. Una carretilla con horquillas elevadas y una carga pesada es extremadamente susceptible de sobrecarga y vuelco, por lo que debe dirigirse con sumo cuidado y con todas las normas de seguridad e higiene y manejo correcto.<\/p>\n<div style=\"float: left; padding-right: 10px;\"><div id=\"metaslider-id-605\" style=\"max-width: 300px;\" class=\"ml-slider-3-107-0 metaslider metaslider-flex metaslider-605 ml-slider ms-theme-default nav-hidden nav-hidden\" role=\"region\" aria-label=\"Actividades prohibidas en los carritos\" data-height=\"225\" data-width=\"300\">\n    <div id=\"metaslider_container_605\">\n        <div id=\"metaslider_605\">\n            <ul class='slides'>\n                <li style=\"display: block; width: 100%;\" class=\"slide-580 ms-image\" aria-roledescription=\"slide\" data-date=\"2014-10-12 05:36:13\" data-filename=\"Kurs-W\u00f3zek-Wid\u0142owy.jpg\" data-slide-type=\"image\"><img loading=\"lazy\" decoding=\"async\" src=\"https:\/\/szkolenia-udt.pl\/wp-content\/uploads\/2014\/10\/Kurs-W\u00f3zek-Wid\u0142owy.jpg\" height=\"225\" width=\"300\" alt=\"\" class=\"slider-605 slide-580 msDefaultImage\" \/><\/li>\n                <li style=\"display: none; width: 100%;\" class=\"slide-579 ms-image\" aria-roledescription=\"slide\" data-date=\"2014-10-12 05:36:12\" data-filename=\"Szkolenie-W\u00f3zki-wid\u0142owe.jpg\" data-slide-type=\"image\"><img loading=\"lazy\" decoding=\"async\" src=\"https:\/\/szkolenia-udt.pl\/wp-content\/uploads\/2014\/10\/Szkolenie-W\u00f3zki-wid\u0142owe.jpg\" height=\"225\" width=\"300\" alt=\"Entrenamiento de montacargas\" class=\"slider-605 slide-579 msDefaultImage\" \/><\/li>\n                <li style=\"display: none; width: 100%;\" class=\"slide-591 ms-image\" aria-roledescription=\"slide\" data-date=\"2014-10-12 05:43:41\" data-filename=\"Kursy-W\u00f3zki-wid\u0142owe.jpg\" data-slide-type=\"image\"><img loading=\"lazy\" decoding=\"async\" src=\"https:\/\/szkolenia-udt.pl\/wp-content\/uploads\/2014\/10\/Kursy-W\u00f3zki-wid\u0142owe.jpg\" height=\"225\" width=\"300\" alt=\"Un curso para un operador de montacargas\" class=\"slider-605 slide-591 msDefaultImage\" \/><\/li>\n                <li style=\"display: none; width: 100%;\" class=\"slide-594 ms-image\" aria-roledescription=\"slide\" data-date=\"2014-10-12 05:43:43\" data-filename=\"Szkolenia-w\u00f3zki-wid\u0142owe1.jpg\" data-slide-type=\"image\"><img loading=\"lazy\" decoding=\"async\" src=\"https:\/\/szkolenia-udt.pl\/wp-content\/uploads\/2014\/10\/Szkolenia-w\u00f3zki-wid\u0142owe1.jpg\" height=\"225\" width=\"300\" alt=\"\" class=\"slider-605 slide-594 msDefaultImage\" \/><\/li>\n                <li style=\"display: none; width: 100%;\" class=\"slide-1212 ms-image\" aria-roledescription=\"slide\" data-date=\"2014-11-17 21:42:16\" data-filename=\"wozki5a.jpg\" data-slide-type=\"image\"><img loading=\"lazy\" decoding=\"async\" src=\"https:\/\/szkolenia-udt.pl\/wp-content\/uploads\/2014\/11\/wozki5a.jpg\" height=\"225\" width=\"300\" alt=\"\" class=\"slider-605 slide-1212 msDefaultImage\" \/><\/li>\n            <\/ul>\n        <\/div>\n        \n    <\/div>\n<\/div><\/div>\n<p>En nuestro <a href=\"https:\/\/szkolenia-udt.pl\/es\/o-firmie\/\">La estaci\u00f3n<\/a> <a href=\"https:\/\/szkolenia-udt.pl\/es\/kursy\/uprawnienia-udt-tdt-wdt\/wozki-widlowe\/\">curso de montacargas<\/a> incluye instrucciones detalladas para una correcta direcci\u00f3n. No s\u00f3lo impartimos teor\u00eda a nuestros alumnos, sino tambi\u00e9n <a href=\"https:\/\/szkolenia-udt.pl\/es\/kursy\/wozki-widlowe\/\">licencia de montacargas<\/a> eran m\u00e1s f\u00e1ciles de adquirir, dedicamos mucho tiempo a los ejercicios pr\u00e1cticos. Los participantes que decidan presentarse al examen ante la UDT de Varsovia o en nuestros centros de campo deben saber manejar correctamente la carretilla elevadora con y sin carga. La cualificaci\u00f3n UDT obtenida le permite manejar equipos seg\u00fan la categor\u00eda.<\/p>\n<\/div>","protected":false},"excerpt":{"rendered":"<p>Aktualnie z w\u00f3zk\u00f3w wid\u0142owych korzysta si\u0119 powszechnie w centrach logistycznych, halach magazynowych, handlowych, a tak\u017ce produkcyjnych czy przemys\u0142owych. To niezawodne i niezast\u0105pione w transporcie bliskim urz\u0105dzenia, kt\u00f3re pozwalaj\u0105 na szybkie i \u0142atwe przenoszenie \u0142adunk\u00f3w, nawet pomi\u0119dzy w\u0105skimi rega\u0142ami.Aby pracowa\u0107 na stanowisku operatora w\u00f3zka wid\u0142owego, potrzebny jest kurs na w\u00f3zek wid\u0142owy. Dzi\u0119ki niemu mo\u017cna uzyska\u0107 informacje [&hellip;]<\/p>\n","protected":false},"author":3,"featured_media":400,"parent":33,"menu_order":0,"comment_status":"closed","ping_status":"closed","template":"","meta":{"footnotes":""},"class_list":["post-231","page","type-page","status-publish","has-post-thumbnail","hentry"],"aioseo_notices":[],"_links":{"self":[{"href":"https:\/\/szkolenia-udt.pl\/es\/wp-json\/wp\/v2\/pages\/231","targetHints":{"allow":["GET"]}}],"collection":[{"href":"https:\/\/szkolenia-udt.pl\/es\/wp-json\/wp\/v2\/pages"}],"about":[{"href":"https:\/\/szkolenia-udt.pl\/es\/wp-json\/wp\/v2\/types\/page"}],"author":[{"embeddable":true,"href":"https:\/\/szkolenia-udt.pl\/es\/wp-json\/wp\/v2\/users\/3"}],"replies":[{"embeddable":true,"href":"https:\/\/szkolenia-udt.pl\/es\/wp-json\/wp\/v2\/comments?post=231"}],"version-history":[{"count":8,"href":"https:\/\/szkolenia-udt.pl\/es\/wp-json\/wp\/v2\/pages\/231\/revisions"}],"predecessor-version":[{"id":3254,"href":"https:\/\/szkolenia-udt.pl\/es\/wp-json\/wp\/v2\/pages\/231\/revisions\/3254"}],"up":[{"embeddable":true,"href":"https:\/\/szkolenia-udt.pl\/es\/wp-json\/wp\/v2\/pages\/33"}],"wp:featuredmedia":[{"embeddable":true,"href":"https:\/\/szkolenia-udt.pl\/es\/wp-json\/wp\/v2\/media\/400"}],"wp:attachment":[{"href":"https:\/\/szkolenia-udt.pl\/es\/wp-json\/wp\/v2\/media?parent=231"}],"curies":[{"name":"wp","href":"https:\/\/api.w.org\/{rel}","templated":true}]}}